{"id":1111,"date":"2024-01-04T18:01:35","date_gmt":"2024-01-04T23:01:35","guid":{"rendered":"https:\/\/pdlaworlando.com\/pd-law-offices-p-a-tampa\/"},"modified":"2024-01-04T18:24:33","modified_gmt":"2024-01-04T23:24:33","slug":"pd-law-offices-tampa","status":"publish","type":"page","link":"https:\/\/pdlaworlando.com\/es\/pd-law-offices-tampa\/","title":{"rendered":"PD Law Offices P.A. Tampa"},"content":{"rendered":"\n<h2 class=\"wp-block-heading\">Derecho de Inmigraci\u00f3n, Penal, Familiar e Inmobiliario<\/h2>\n\n<p>Somos un distinguido bufete de abogados con sede en la vibrante ciudad de Tampa, Florida, dirigido por el muy estimado y consumado abogado, <a href=\"https:\/\/pdlaworlando.com\/es\/pedro-dearaujo\/\">Pedro Dearaujo<\/a>. Con a\u00f1os de experiencia y un s\u00f3lido historial de \u00e9xitos, nuestro bufete se ha labrado la reputaci\u00f3n de prestar servicios jur\u00eddicos excepcionales a clientes de todas las profesiones y condiciones sociales.<\/p>\n\n<p>En nuestro bufete, nos enorgullecemos de nuestra capacidad multiling\u00fce. Nuestro equipo no s\u00f3lo domina el ingl\u00e9s, sino tambi\u00e9n el espa\u00f1ol y el portugu\u00e9s, lo que garantiza una comunicaci\u00f3n fluida y eficaz con nuestra variada clientela. Esta experiencia ling\u00fc\u00edstica nos permite atender las necesidades de personas de distintos or\u00edgenes culturales, fomentando relaciones s\u00f3lidas y de confianza con nuestros clientes.<\/p>\n\n<div class=\"wp-block-columns is-layout-flex wp-container-core-columns-is-layout-9d6595d7 wp-block-columns-is-layout-flex\">\n<div class=\"wp-block-column is-vertically-aligned-center is-layout-flow wp-block-column-is-layout-flow\">\n<h2 class=\"has-text-align-center wp-block-heading\"><strong>PD Law Tampa<\/strong><\/h2>\n\n\n\n<p class=\"has-text-align-center\">3030 N Rocky Point Dr W Suite 150<br\/>Tampa, FL 33607<br\/><strong>Tel\u00e9fono<\/strong>: 813-833-8650<\/p>\n<\/div>\n\n\n\n<div class=\"wp-block-column is-layout-flow wp-block-column-is-layout-flow\">\n<iframe src=\"https:\/\/www.google.com\/maps\/embed?pb=!1m18!1m12!1m3!1d3523.8190538904396!2d-82.57238862385249!3d27.968827313909046!2m3!1f0!2f0!3f0!3m2!1i1024!2i768!4f13.1!3m3!1m2!1s0x88c2e9d08ae0412d%3A0x726a33072ab5eca2!2s3030%20N%20Rocky%20Point%20Dr%20W%20Suite%20150P%2C%20Tampa%2C%20FL%2033607!5e0!3m2!1sen!2sus!4v1704409796908!5m2!1sen!2sus\" width=\"300\" height=\"300\" style=\"border:0;\" allowfullscreen=\"\" loading=\"lazy\" referrerpolicy=\"no-referrer-when-downgrade\"><\/iframe>\n<\/div>\n<\/div>\n\n<h2 class=\"wp-block-heading\" id=\"h-immigration-law\">Derecho de inmigraci\u00f3n<\/h2>\n\n<p>En PD Law Offices, nos especializamos en una amplia gama de <a href=\"https:\/\/pdlaworlando.com\/es\/inmigracion\/\">servicios de la ley de inmigraci\u00f3n<\/a>, atendiendo a las necesidades \u00fanicas de cada cliente. Con un profundo conocimiento de las complejidades y matices de los procedimientos de inmigraci\u00f3n, nuestro equipo especializado ofrece orientaci\u00f3n y apoyo personalizados a lo largo de todo el proceso.<\/p>\n\n<p>Desde las solicitudes y peticiones iniciales de visado hasta la naturalizaci\u00f3n y la defensa contra la deportaci\u00f3n, nos ocupamos de todos los aspectos de su caso con meticulosa atenci\u00f3n al detalle y la m\u00e1xima diligencia. Nuestros experimentados abogados est\u00e1n comprometidos a ayudar a individuos y familias a alcanzar su sue\u00f1o de vivir y prosperar en los Estados Unidos.<\/p>\n\n<p>Con nuestra amplia gama de servicios, puede confiar en nosotros para navegar por el complejo panorama jur\u00eddico en su nombre, garantizando que su viaje de inmigraci\u00f3n sea fluido y exitoso. P\u00f3ngase en contacto con nosotros hoy mismo para hablar de sus necesidades espec\u00edficas y perm\u00edtanos ayudarle a allanar el camino hacia un futuro mejor en Estados Unidos.<\/p>\n\n<h2 class=\"wp-block-heading\" id=\"h-criminal-law\">Derecho penal<\/h2>\n\n<p>Ser acusado de un delito penal puede ser una experiencia incre\u00edblemente desalentadora y abrumadora. En PD Law Offices, entendemos la gravedad de la situaci\u00f3n y estamos aqu\u00ed para apoyarle en cada paso del camino. Nuestro equipo de <a href=\"https:\/\/pdlaworlando.com\/es\/abogado-penalista\/\">abogados penalistas<\/a> altamente cualificados y experimentados se dedica a proteger sus derechos y a proporcionarle una representaci\u00f3n agresiva y estrat\u00e9gica.<\/p>\n\n<p>Con un historial probado en el manejo de una amplia gama de casos, desde delitos menores a delitos graves, tenemos la experiencia y el conocimiento para navegar por las complejidades del sistema legal. No dejamos piedra sin mover en nuestra b\u00fasqueda de la justicia y trabajamos incansablemente para lograr el mejor resultado posible para nuestros clientes.<\/p>\n\n<p>Tenga la seguridad, cuando usted elige PD Law Offices, usted est\u00e1 eligiendo un equipo que se ha comprometido a luchar por sus derechos, la defensa de sus mejores intereses, y asegurar que usted tiene la defensa m\u00e1s fuerte posible. No tiene por qu\u00e9 enfrentarse solo a esta dif\u00edcil situaci\u00f3n. Perm\u00edtanos estar a su lado y ayudarle a navegar por el proceso legal con confianza.<\/p>\n\n<h2 class=\"wp-block-heading\" id=\"h-family-law\">Derecho de familia<\/h2>\n\n<p>Atravesar cuestiones de Derecho de familia puede ser emocionalmente agotador. En nuestro bufete comprendemos las complejidades y sensibilidades que conllevan estos asuntos. Nuestro experimentado equipo de <a href=\"https:\/\/pdlaworlando.com\/es\/abogado-de-divorcio-en-orlando\/\">abogados de familia<\/a> ofrece asesoramiento legal compasivo y de apoyo en una amplia gama de \u00e1reas, incluyendo el divorcio, custodia de menores, pensi\u00f3n alimenticia, y m\u00e1s. Nos dedicamos a proteger sus intereses y a trabajar para obtener resultados que no s\u00f3lo satisfagan sus necesidades inmediatas, sino que tambi\u00e9n fomenten la armon\u00eda familiar a largo plazo. Con nuestra experiencia y enfoque personalizado, puede confiar en nosotros para guiarle a trav\u00e9s de cada paso del proceso, asegurando que su voz sea escuchada y sus derechos defendidos.<\/p>\n\n<h2 class=\"wp-block-heading\" id=\"h-real-estate-law\">Derecho inmobiliario<\/h2>\n\n<p>Navegar por el siempre cambiante e intrincado panorama inmobiliario puede ser una tarea compleja. En nuestro bufete, ofrecemos una amplia gama de servicios de <a href=\"https:\/\/pdlaworlando.com\/es\/derecho-inmobiliario-y-arrendamiento\/\">derecho<\/a> inmobiliario adaptados a sus necesidades espec\u00edficas. Desde la facilitaci\u00f3n de transacciones inmobiliarias fluidas hasta la resoluci\u00f3n eficaz de problemas entre propietarios e inquilinos y la gesti\u00f3n de litigios, nuestro dedicado equipo se compromete a ofrecerle la m\u00e1xima profesionalidad y experiencia. Con un enfoque inquebrantable en garantizar transacciones fluidas y eficientes, nos esforzamos por superar sus expectativas y ofrecer resultados excepcionales. Conf\u00ede en nosotros para navegar por las complejidades del mundo inmobiliario, para que pueda tomar decisiones informadas con confianza y tranquilidad.<\/p>\n\n<h2 class=\"wp-block-heading\" id=\"h-in-conclusion\">En conclusi\u00f3n<\/h2>\n\n<p>En PD Law Offices P.A., estamos dedicados a proveer servicios legales excepcionales del m\u00e1s alto calibre. Con nuestra amplia experiencia y profundo conocimiento de la ley, nos esforzamos por manejar sus asuntos legales con la mayor profesionalidad y habilidad. Nuestro enfoque compasivo garantiza que no s\u00f3lo abordemos sus preocupaciones, sino que tambi\u00e9n empaticemos con su situaci\u00f3n particular. Puede confiar en que seremos sus defensores inquebrantables, estando a su lado incluso durante las batallas legales m\u00e1s complejas y desafiantes. Tenga la seguridad de que estamos comprometidos a navegar por las complejidades del sistema legal en su nombre y lograr los mejores resultados posibles.<\/p>\n","protected":false},"excerpt":{"rendered":"<p>Derecho de Inmigraci\u00f3n, Penal, Familiar e Inmobiliario Somos un distinguido bufete de abogados con sede en la vibrante ciudad de Tampa, Florida, dirigido por el muy estimado y consumado abogado, Pedro Dearaujo. Con a\u00f1os de experiencia y un s\u00f3lido historial de \u00e9xitos, nuestro bufete se ha labrado la reputaci\u00f3n de prestar servicios jur\u00eddicos excepcionales a clientes de todas las profesiones y condiciones sociales. En nuestro bufete, nos enorgullecemos de nuestra capacidad multiling\u00fce. Nuestro equipo no s\u00f3lo domina el ingl\u00e9s, sino tambi\u00e9n el espa\u00f1ol y el portugu\u00e9s, lo que garantiza una comunicaci\u00f3n fluida y eficaz con nuestra variada clientela. Esta experiencia ling\u00fc\u00edstica nos permite atender las necesidades de personas de distintos or\u00edgenes culturales, fomentando relaciones s\u00f3lidas y de confianza con nuestros clientes. PD Law Tampa 3030 N Rocky Point Dr W Suite 150Tampa, FL 33607Tel\u00e9fono: 813-833-8650 Derecho de inmigraci\u00f3n En PD Law Offices, nos especializamos en una amplia gama de servicios de la ley de inmigraci\u00f3n, atendiendo a las necesidades \u00fanicas de cada cliente. Con un profundo conocimiento de las complejidades y matices de los procedimientos de inmigraci\u00f3n, nuestro equipo especializado ofrece orientaci\u00f3n y apoyo personalizados a lo largo de todo el proceso. Desde las solicitudes y peticiones iniciales de visado hasta la naturalizaci\u00f3n y la defensa contra la deportaci\u00f3n, nos ocupamos de todos los aspectos de su caso con meticulosa atenci\u00f3n al detalle y la m\u00e1xima diligencia. Nuestros experimentados abogados est\u00e1n comprometidos a ayudar a individuos y familias a alcanzar su sue\u00f1o de vivir y prosperar en los Estados Unidos. Con nuestra amplia gama de servicios, puede confiar en nosotros para navegar por el complejo panorama jur\u00eddico en su nombre, garantizando que su viaje de inmigraci\u00f3n sea fluido y exitoso. P\u00f3ngase en contacto con nosotros hoy mismo para hablar de sus necesidades espec\u00edficas y perm\u00edtanos ayudarle a allanar el camino hacia un futuro mejor en Estados Unidos. Derecho penal Ser acusado de un delito penal puede ser una experiencia incre\u00edblemente desalentadora y abrumadora. En PD Law Offices, entendemos la gravedad de la situaci\u00f3n y estamos aqu\u00ed para apoyarle en cada paso del camino. Nuestro equipo de abogados penalistas altamente cualificados y experimentados se dedica a proteger sus derechos y a proporcionarle una representaci\u00f3n agresiva y estrat\u00e9gica. Con un historial probado en el manejo de una amplia gama de casos, desde delitos menores a delitos graves, tenemos la experiencia y el conocimiento para navegar por las complejidades del sistema legal. No dejamos piedra sin mover en nuestra b\u00fasqueda de la justicia y trabajamos incansablemente para lograr el mejor resultado posible para nuestros clientes. Tenga la seguridad, cuando usted elige PD Law Offices, usted est\u00e1 eligiendo un equipo que se ha comprometido a luchar por sus derechos, la defensa de sus mejores intereses, y asegurar que usted tiene la defensa m\u00e1s fuerte posible. No tiene por qu\u00e9 enfrentarse solo a esta dif\u00edcil situaci\u00f3n. Perm\u00edtanos estar a su lado y ayudarle a navegar por el proceso legal con confianza. Derecho de familia Atravesar cuestiones de Derecho de familia puede ser emocionalmente agotador. En nuestro bufete comprendemos las complejidades y sensibilidades que conllevan estos asuntos. Nuestro experimentado equipo de abogados de familia ofrece asesoramiento legal compasivo y de apoyo en una amplia gama de \u00e1reas, incluyendo el divorcio, custodia de menores, pensi\u00f3n alimenticia, y m\u00e1s. Nos dedicamos a proteger sus intereses y a trabajar para obtener resultados que no s\u00f3lo satisfagan sus necesidades inmediatas, sino que tambi\u00e9n fomenten la armon\u00eda familiar a largo plazo. Con nuestra experiencia y enfoque personalizado, puede confiar en nosotros para guiarle a trav\u00e9s de cada paso del proceso, asegurando que su voz sea escuchada y sus derechos defendidos. Derecho inmobiliario Navegar por el siempre cambiante e intrincado panorama inmobiliario puede ser una tarea compleja. En nuestro bufete, ofrecemos una amplia gama de servicios de derecho inmobiliario adaptados a sus necesidades espec\u00edficas. Desde la facilitaci\u00f3n de transacciones inmobiliarias fluidas hasta la resoluci\u00f3n eficaz de problemas entre propietarios e inquilinos y la gesti\u00f3n de litigios, nuestro dedicado equipo se compromete a ofrecerle la m\u00e1xima profesionalidad y experiencia. Con un enfoque inquebrantable en garantizar transacciones fluidas y eficientes, nos esforzamos por superar sus expectativas y ofrecer resultados excepcionales. Conf\u00ede en nosotros para navegar por las complejidades del mundo inmobiliario, para que pueda tomar decisiones informadas con confianza y tranquilidad. En conclusi\u00f3n En PD Law Offices P.A., estamos dedicados a proveer servicios legales excepcionales del m\u00e1s alto calibre. Con nuestra amplia experiencia y profundo conocimiento de la ley, nos esforzamos por manejar sus asuntos legales con la mayor profesionalidad y habilidad. Nuestro enfoque compasivo garantiza que no s\u00f3lo abordemos sus preocupaciones, sino que tambi\u00e9n empaticemos con su situaci\u00f3n particular. Puede confiar en que seremos sus defensores inquebrantables, estando a su lado incluso durante las batallas legales m\u00e1s complejas y desafiantes. Tenga la seguridad de que estamos comprometidos a navegar por las complejidades del sistema legal en su nombre y lograr los mejores resultados posibles.<\/p>\n","protected":false},"author":1,"featured_media":1118,"parent":0,"menu_order":0,"comment_status":"closed","ping_status":"closed","template":"","meta":{"_seopress_robots_primary_cat":"","_seopress_titles_title":"","_seopress_titles_desc":"PD Law Offices P.A., ubicado en Tampa, Florida, ofrece servicios legales integrales en las \u00e1reas de Inmigraci\u00f3n, Penal, Familia y Derecho Inmobiliario.","_seopress_robots_index":"","footnotes":""},"class_list":["post-1111","page","type-page","status-publish","has-post-thumbnail","hentry","entry","post-inner"],"_links":{"self":[{"href":"https:\/\/pdlaworlando.com\/es\/wp-json\/wp\/v2\/pages\/1111","targetHints":{"allow":["GET"]}}],"collection":[{"href":"https:\/\/pdlaworlando.com\/es\/wp-json\/wp\/v2\/pages"}],"about":[{"href":"https:\/\/pdlaworlando.com\/es\/wp-json\/wp\/v2\/types\/page"}],"author":[{"embeddable":true,"href":"https:\/\/pdlaworlando.com\/es\/wp-json\/wp\/v2\/users\/1"}],"replies":[{"embeddable":true,"href":"https:\/\/pdlaworlando.com\/es\/wp-json\/wp\/v2\/comments?post=1111"}],"version-history":[{"count":10,"href":"https:\/\/pdlaworlando.com\/es\/wp-json\/wp\/v2\/pages\/1111\/revisions"}],"predecessor-version":[{"id":1139,"href":"https:\/\/pdlaworlando.com\/es\/wp-json\/wp\/v2\/pages\/1111\/revisions\/1139"}],"wp:featuredmedia":[{"embeddable":true,"href":"https:\/\/pdlaworlando.com\/es\/wp-json\/wp\/v2\/media\/1118"}],"wp:attachment":[{"href":"https:\/\/pdlaworlando.com\/es\/wp-json\/wp\/v2\/media?parent=1111"}],"curies":[{"name":"wp","href":"https:\/\/api.w.org\/{rel}","templated":true}]}}