{"id":1156,"date":"2024-04-09T15:35:39","date_gmt":"2024-04-09T20:35:39","guid":{"rendered":"https:\/\/pdlaworlando.com\/abogado-portugues-brasileno-tampa\/"},"modified":"2024-04-09T15:44:19","modified_gmt":"2024-04-09T20:44:19","slug":"abogado-portugues-brasileno-tampa","status":"publish","type":"page","link":"https:\/\/pdlaworlando.com\/es\/abogado-portugues-brasileno-tampa\/","title":{"rendered":"Abogado portugu\u00e9s brasile\u00f1o Tampa"},"content":{"rendered":"\n<p>Cada vez son m\u00e1s los brasile\u00f1os que han decidido hacer de Florida Central su hogar permanente. Pero si necesita asistencia jur\u00eddica en Tampa, elegir a un profesional que entienda su idioma y su cultura es importante. Pedro Dearaujo, brasile\u00f1o de nacimiento y abogado con experiencia, presta una amplia gama de servicios jur\u00eddicos a la comunidad lus\u00f3fona.<\/p>\n\n<p>\u00bfEst\u00e1 buscando un <a href=\"https:\/\/en.wikipedia.org\/wiki\/Lawyer\">abogado<\/a> brasile\u00f1o en <a href=\"https:\/\/en.wikipedia.org\/wiki\/Tampa,_Florida\">Tampa<\/a>? Llame a The <a href=\"https:\/\/pdlaworlando.com\/es\/pd-law-offices-tampa\/\">PD Law Firm, P.A<\/a>., para reservar una consulta con Pedro Dearaujo. Nuestras \u00e1reas de pr\u00e1ctica incluyen la inmigraci\u00f3n, la defensa penal, derecho de familia, derecho comercial, derecho inmobiliario, y los accidentes de coche.<\/p>\n\n<h2 class=\"wp-block-heading\" id=\"h-why-choose-a-brazilian-attorney\"><strong>\u00bfPor qu\u00e9 elegir un abogado brasile\u00f1o?<\/strong><\/h2>\n\n<p>Contar con un representante que hable su idioma y conozca su cultura puede suponer una gran diferencia a la hora de enfrentarse a problemas legales. Aqu\u00ed hay algunas razones por las que usted debe considerar trabajar con nuestro abogado brasile\u00f1o en Tampa:<\/p>\n\n<ul class=\"wp-block-list\">\n<li><strong>Barrera ling\u00fc\u00edstica<\/strong>: Tratar con asuntos legales ya es estresante, pero se vuelve a\u00fan m\u00e1s dif\u00edcil cuando hablas un idioma diferente al de tu abogado. Pedro Dearaujo habla con fluidez ingl\u00e9s, espa\u00f1ol y portugu\u00e9s. Siempre garantiza una comunicaci\u00f3n clara para evitar malentendidos.<\/li>\n\n\n\n<li><strong>Comprensi\u00f3n cultural<\/strong>: Adem\u00e1s del idioma, las diferencias culturales tambi\u00e9n pueden influir en el tratamiento de los asuntos jur\u00eddicos. Como brasile\u00f1o nativo, Pedro Dearaujo conoce bien las normas y valores culturales de la comunidad lus\u00f3fona. Esto nos permite ofrecer una representaci\u00f3n legal personalizada y culturalmente sensible.  <\/li>\n\n\n\n<li><strong>Familiaridad con el sistema<\/strong> jur\u00eddico brasile\u00f1o: Si se trata de un asunto jur\u00eddico internacional, contar con un abogado que conozca estos sistemas jur\u00eddicos puede ser extremadamente beneficioso. Pedro Dearaujo aporta valiosas ideas y orientaciones sobre c\u00f3mo desenvolverse en ambos sistemas.<\/li>\n<\/ul>\n\n<h2 class=\"wp-block-heading\"><strong>Nuestras \u00e1reas de pr\u00e1ctica<\/strong><\/h2>\n\n<p>En The PD Law Firm, P.A., sabemos que los asuntos legales pueden surgir en varios aspectos de su vida. Ofrecemos una amplia gama de \u00e1reas de pr\u00e1ctica para satisfacer las necesidades de nuestros clientes brasile\u00f1os y portugueses:<\/p>\n\n<ul class=\"wp-block-list\">\n<li><strong>\n  <a href=\"https:\/\/pdlaworlando.com\/es\/inmigracion\/\" target=\"_blank\" rel=\"noreferrer noopener\">Inmigraci\u00f3n<\/a>\n<\/strong>: Trasladarse a un nuevo pa\u00eds es duro. Sin embargo, puede ser un proceso sencillo con la representaci\u00f3n legal adecuada. Pedro Dearaujo sabe c\u00f3mo ayudar con visados y otros asuntos de inmigraci\u00f3n.<\/li>\n\n\n\n<li><strong>\n  <a href=\"https:\/\/pdlaworlando.com\/es\/abogado-penalista\/\">Defensa penal<\/a>\n<\/strong>: Si usted o un ser querido ha sido acusado de un delito, estamos aqu\u00ed para ayudar. Trabajaremos incansablemente para proteger sus derechos y lograr el mejor resultado posible para su caso.<\/li>\n\n\n\n<li><strong>Derecho de familia<\/strong>: Las cuestiones jur\u00eddicas relacionadas con la familia pueden ser emocionalmente agotadoras. Nuestro abogado brasile\u00f1o en Tampa puede proporcionar una representaci\u00f3n compasiva y eficaz en asuntos como el divorcio y la custodia de los hijos.<\/li>\n\n\n\n<li><strong>Derecho empresarial<\/strong>: Crear o gestionar una empresa requiere una orientaci\u00f3n jur\u00eddica adecuada para garantizar el \u00e9xito. Podemos ayudarle con la creaci\u00f3n de empresas, contratos y otros asuntos legales relacionados con su empresa.<\/li>\n\n\n\n<li><strong>Derecho inmobiliario<\/strong>: Inquilinos y propietarios se enfrentan a cuestiones jur\u00eddicas complejas. Pedro Dearaujo tiene una amplia experiencia en derecho de arrendadores e inquilinos, litigios de propiedad y otros asuntos inmobiliarios.<\/li>\n\n\n\n<li><strong>Accidentes<\/strong> de tr\u00e1fico: Si ha sufrido lesiones en un accidente de tr\u00e1fico, lucharemos por la indemnizaci\u00f3n que le corresponde. Tenemos un s\u00f3lido historial de \u00e9xito en la representaci\u00f3n de clientes despu\u00e9s de un accidente.<\/li>\n<\/ul>\n\n<h2 class=\"wp-block-heading\"><strong>Hable con un abogado brasile\u00f1o en Tampa<\/strong><\/h2>\n\n<p>En The PD Law Firm, P.A., estamos encantados de ofrecer servicios legales excepcionales a la comunidad de habla portuguesa en Tampa. Si usted necesita ayuda con la inmigraci\u00f3n, la defensa penal, derecho de familia, derecho comercial, derecho inmobiliario, o accidentes de coche, tenemos la experiencia y la comprensi\u00f3n cultural para ayudar. Llame hoy mismo para reservar una consulta con Pedro Dearaujo. Esperamos poder ayudarle a obtener un resultado favorable.<\/p>\n","protected":false},"excerpt":{"rendered":"<p>Cada vez son m\u00e1s los brasile\u00f1os que han decidido hacer de Florida Central su hogar permanente. Pero si necesita asistencia jur\u00eddica en Tampa, elegir a un profesional que entienda su idioma y su cultura es importante. Pedro Dearaujo, brasile\u00f1o de nacimiento y abogado con experiencia, presta una amplia gama de servicios jur\u00eddicos a la comunidad lus\u00f3fona. \u00bfEst\u00e1 buscando un abogado brasile\u00f1o en Tampa? Llame a The PD Law Firm, P.A., para reservar una consulta con Pedro Dearaujo. Nuestras \u00e1reas de pr\u00e1ctica incluyen la inmigraci\u00f3n, la defensa penal, derecho de familia, derecho comercial, derecho inmobiliario, y los accidentes de coche. \u00bfPor qu\u00e9 elegir un abogado brasile\u00f1o? Contar con un representante que hable su idioma y conozca su cultura puede suponer una gran diferencia a la hora de enfrentarse a problemas legales. Aqu\u00ed hay algunas razones por las que usted debe considerar trabajar con nuestro abogado brasile\u00f1o en Tampa: Nuestras \u00e1reas de pr\u00e1ctica En The PD Law Firm, P.A., sabemos que los asuntos legales pueden surgir en varios aspectos de su vida. Ofrecemos una amplia gama de \u00e1reas de pr\u00e1ctica para satisfacer las necesidades de nuestros clientes brasile\u00f1os y portugueses: Hable con un abogado brasile\u00f1o en Tampa En The PD Law Firm, P.A., estamos encantados de ofrecer servicios legales excepcionales a la comunidad de habla portuguesa en Tampa. Si usted necesita ayuda con la inmigraci\u00f3n, la defensa penal, derecho de familia, derecho comercial, derecho inmobiliario, o accidentes de coche, tenemos la experiencia y la comprensi\u00f3n cultural para ayudar. Llame hoy mismo para reservar una consulta con Pedro Dearaujo. Esperamos poder ayudarle a obtener un resultado favorable.<\/p>\n","protected":false},"author":1,"featured_media":603,"parent":0,"menu_order":0,"comment_status":"closed","ping_status":"closed","template":"","meta":{"_seopress_robots_primary_cat":"","_seopress_titles_title":"","_seopress_titles_desc":"\u00bfBusca un abogado brasile\u00f1o en Tampa? P\u00f3ngase en contacto con The PD Law Firm para servicios legales en inmigraci\u00f3n, derecho de familia y m\u00e1s.","_seopress_robots_index":"","footnotes":""},"class_list":["post-1156","page","type-page","status-publish","has-post-thumbnail","hentry","entry","post-inner"],"_links":{"self":[{"href":"https:\/\/pdlaworlando.com\/es\/wp-json\/wp\/v2\/pages\/1156","targetHints":{"allow":["GET"]}}],"collection":[{"href":"https:\/\/pdlaworlando.com\/es\/wp-json\/wp\/v2\/pages"}],"about":[{"href":"https:\/\/pdlaworlando.com\/es\/wp-json\/wp\/v2\/types\/page"}],"author":[{"embeddable":true,"href":"https:\/\/pdlaworlando.com\/es\/wp-json\/wp\/v2\/users\/1"}],"replies":[{"embeddable":true,"href":"https:\/\/pdlaworlando.com\/es\/wp-json\/wp\/v2\/comments?post=1156"}],"version-history":[{"count":1,"href":"https:\/\/pdlaworlando.com\/es\/wp-json\/wp\/v2\/pages\/1156\/revisions"}],"predecessor-version":[{"id":1157,"href":"https:\/\/pdlaworlando.com\/es\/wp-json\/wp\/v2\/pages\/1156\/revisions\/1157"}],"wp:featuredmedia":[{"embeddable":true,"href":"https:\/\/pdlaworlando.com\/es\/wp-json\/wp\/v2\/media\/603"}],"wp:attachment":[{"href":"https:\/\/pdlaworlando.com\/es\/wp-json\/wp\/v2\/media?parent=1156"}],"curies":[{"name":"wp","href":"https:\/\/api.w.org\/{rel}","templated":true}]}}