{"id":1168,"date":"2024-04-09T17:21:58","date_gmt":"2024-04-09T22:21:58","guid":{"rendered":"https:\/\/pdlaworlando.com\/abogado-de-inmigracion-tampa\/"},"modified":"2024-04-09T17:25:15","modified_gmt":"2024-04-09T22:25:15","slug":"abogado-de-inmigracion-tampa","status":"publish","type":"page","link":"https:\/\/pdlaworlando.com\/es\/abogado-de-inmigracion-tampa\/","title":{"rendered":"Abogado de Inmigraci\u00f3n Tampa"},"content":{"rendered":"\n<p>Estados Unidos es un pa\u00eds construido sobre la inmigraci\u00f3n y acoge a personas de todo el mundo para que vengan a construir una nueva vida. Sin embargo, navegar por las leyes de inmigraci\u00f3n puede ser todo un reto para las familias que desean entrar o permanecer en el pa\u00eds. Un <a href=\"#\">abogado de inmigraci\u00f3n en Tampa,<\/a><a href=\"\/\">FL<\/a>, puede proporcionar un apoyo inestimable para aquellos que est\u00e1n pasando por el proceso. Pedro Dearaujo entiende profundamente <a href=\"https:\/\/www.uscis.gov\/laws-and-policy\">las leyes de inmigraci\u00f3n<\/a> y ha ayudado a innumerables clientes a alcanzar sus objetivos.<\/p>\n\n\n\n<p>Llame a The <a href=\"\/\">PD Law Firm, P.A<\/a>. para reservar una consulta con un abogado de confianza. Nuestro equipo se enorgullece de ofrecer representaci\u00f3n legal compasiva y eficaz.<\/p>\n\n\n\n<h2 class=\"wp-block-heading\" id=\"h-benefits-of-hiring-an-immigration-attorney\"><strong>Ventajas de contratar a un abogado de inmigraci\u00f3n<\/strong><\/h2>\n\n\n\n<p>Algunas personas tratan de manejar los asuntos de inmigraci\u00f3n por su cuenta, pero los beneficios de contratar a un abogado con experiencia no pueden ser exagerados. Aqu\u00ed hay algunas razones para trabajar con The PD Law Firm, P.A.:<\/p>\n\n\n\n<ul class=\"wp-block-list\">\n<li><strong>Conocimientos y experiencia<\/strong>: Las leyes de inmigraci\u00f3n son complicadas y cambian constantemente. Un abogado cualificado como Pedro Dearaujo se mantiene al d\u00eda de las nuevas pol\u00edticas que podr\u00edan afectar a su caso. Tambi\u00e9n conocen a fondo el sistema jur\u00eddico y pueden desenvolverse en \u00e9l con facilidad.<\/li>\n\n\n\n<li><strong>Documentaci\u00f3n adecuada<\/strong>: Un error en una solicitud de inmigraci\u00f3n puede provocar largos retrasos o incluso su denegaci\u00f3n. Un abogado se asegurar\u00e1 de que todos los tr\u00e1mites se completen con precisi\u00f3n y se presenten a tiempo, aumentando las posibilidades de un resultado satisfactorio. Tambi\u00e9n pueden asesorarle sobre qu\u00e9 formularios son necesarios para su caso concreto.  <\/li>\n\n\n\n<li><strong>Orientaci\u00f3n<\/strong>: Solicitar un visado o una tarjeta verde implica muchos pasos y puede resultar abrumador. Un abogado de inmigraci\u00f3n en Tampa, FL, puede guiarlo a trav\u00e9s de cada etapa y hacerle saber qu\u00e9 esperar. Tambi\u00e9n pueden prepararle para las entrevistas y ayudarle a reunir las pruebas necesarias.<\/li>\n\n\n\n<li><strong>Hacer frente a los<\/strong> desaf\u00edos: Si su caso se enfrenta a complicaciones o est\u00e1 siendo impugnado, un abogado puede proporcionarle una s\u00f3lida representaci\u00f3n legal para defender sus derechos. Abogar\u00e1n en su nombre y presentar\u00e1n un caso s\u00f3lido a las autoridades.<\/li>\n<\/ul>\n\n\n\n<h2 class=\"wp-block-heading\"><strong>Conocer sus opciones de inmigraci\u00f3n<\/strong><\/h2>\n\n\n\n<p>Hay muchas v\u00edas diferentes para inmigrar a Estados Unidos, y un abogado de inmigraci\u00f3n puede ayudarle a determinar la mejor opci\u00f3n para su situaci\u00f3n. Tienen experiencia con diversos visados y opciones de tarjeta verde, como visados basados en el empleo, la familia o la asistencia m\u00e9dica. The PD Law Firm, P.A. tambi\u00e9n puede ayudar con las solicitudes de naturalizaci\u00f3n y ciudadan\u00eda.<\/p>\n\n\n\n<p>Adem\u00e1s, si se enfrenta a un procedimiento de deportaci\u00f3n o expulsi\u00f3n, Pedro Dearaujo puede evaluar sus opciones para permanecer en el pa\u00eds. Nuestro personal comprende la importancia de mantener unidas a las familias y trabajar\u00e1 incansablemente para que as\u00ed sea.<\/p>\n\n\n\n<h2 class=\"wp-block-heading\"><strong>Elegir al abogado de inmigraci\u00f3n adecuado<\/strong><\/h2>\n\n\n\n<p>Al buscar un abogado de inmigraci\u00f3n en Tampa, FL, los clientes deben hacer su investigaci\u00f3n para encontrar el m\u00e1s adecuado. He aqu\u00ed algunos factores a tener en cuenta:<\/p>\n\n\n\n<ul class=\"wp-block-list\">\n<li><strong>Cualificaciones<\/strong>: Busque un abogado con licencia para ejercer la abogac\u00eda en Florida y que tenga experiencia espec\u00edficamente en derecho de inmigraci\u00f3n.<\/li>\n\n\n\n<li><strong>Especializaci\u00f3n<\/strong>: El Derecho de inmigraci\u00f3n es un campo en constante evoluci\u00f3n. Lo mejor es trabajar con un abogado especializado en este \u00e1mbito.<\/li>\n\n\n\n<li><strong>Comunicaci\u00f3n<\/strong>: Una comunicaci\u00f3n clara y abierta es esencial en cualquier asunto jur\u00eddico. Elija un abogado que sea receptivo y le haga sentir c\u00f3modo hablando de su caso.<\/li>\n<\/ul>\n\n\n\n<h2 class=\"wp-block-heading\"><strong>Llame a un abogado de inmigraci\u00f3n en Tampa, FL<\/strong><\/h2>\n\n\n\n<p>Si usted o un ser querido necesita ayuda con un asunto de inmigraci\u00f3n en Tampa, FL, no dude en ponerse en contacto con The PD Law Firm, P.A. <a href=\"https:\/\/pdlaworlando.com\/es\/pedro-dearaujo\/\">Pedro Dearaujo<\/a> y su equipo de expertos se dedican a proporcionar una representaci\u00f3n legal eficaz. Tanto si desea reunirse con familiares como si busca oportunidades de empleo, estamos dispuestos a trabajar con usted. Concierte una consulta y explore sus opciones para venir o quedarse en Estados Unidos.  <\/p>\n","protected":false},"excerpt":{"rendered":"<p>Estados Unidos es un pa\u00eds construido sobre la inmigraci\u00f3n y acoge a personas de todo el mundo para que vengan a construir una nueva vida. Sin embargo, navegar por las leyes de inmigraci\u00f3n puede ser todo un reto para las familias que desean entrar o permanecer en el pa\u00eds. Un abogado de inmigraci\u00f3n en Tampa,FL, puede proporcionar un apoyo inestimable para aquellos que est\u00e1n pasando por el proceso. Pedro Dearaujo entiende profundamente las leyes de inmigraci\u00f3n y ha ayudado a innumerables clientes a alcanzar sus objetivos. Llame a The PD Law Firm, P.A. para reservar una consulta con un abogado de confianza. Nuestro equipo se enorgullece de ofrecer representaci\u00f3n legal compasiva y eficaz. Ventajas de contratar a un abogado de inmigraci\u00f3n Algunas personas tratan de manejar los asuntos de inmigraci\u00f3n por su cuenta, pero los beneficios de contratar a un abogado con experiencia no pueden ser exagerados. Aqu\u00ed hay algunas razones para trabajar con The PD Law Firm, P.A.: Conocer sus opciones de inmigraci\u00f3n Hay muchas v\u00edas diferentes para inmigrar a Estados Unidos, y un abogado de inmigraci\u00f3n puede ayudarle a determinar la mejor opci\u00f3n para su situaci\u00f3n. Tienen experiencia con diversos visados y opciones de tarjeta verde, como visados basados en el empleo, la familia o la asistencia m\u00e9dica. The PD Law Firm, P.A. tambi\u00e9n puede ayudar con las solicitudes de naturalizaci\u00f3n y ciudadan\u00eda. Adem\u00e1s, si se enfrenta a un procedimiento de deportaci\u00f3n o expulsi\u00f3n, Pedro Dearaujo puede evaluar sus opciones para permanecer en el pa\u00eds. Nuestro personal comprende la importancia de mantener unidas a las familias y trabajar\u00e1 incansablemente para que as\u00ed sea. Elegir al abogado de inmigraci\u00f3n adecuado Al buscar un abogado de inmigraci\u00f3n en Tampa, FL, los clientes deben hacer su investigaci\u00f3n para encontrar el m\u00e1s adecuado. He aqu\u00ed algunos factores a tener en cuenta: Llame a un abogado de inmigraci\u00f3n en Tampa, FL Si usted o un ser querido necesita ayuda con un asunto de inmigraci\u00f3n en Tampa, FL, no dude en ponerse en contacto con The PD Law Firm, P.A. Pedro Dearaujo y su equipo de expertos se dedican a proporcionar una representaci\u00f3n legal eficaz. Tanto si desea reunirse con familiares como si busca oportunidades de empleo, estamos dispuestos a trabajar con usted. Concierte una consulta y explore sus opciones para venir o quedarse en Estados Unidos.<\/p>\n","protected":false},"author":1,"featured_media":613,"parent":0,"menu_order":0,"comment_status":"closed","ping_status":"closed","template":"","meta":{"_seopress_robots_primary_cat":"","_seopress_titles_title":"","_seopress_titles_desc":"Si usted o un ser querido necesita ayuda con un asunto de inmigraci\u00f3n en Tampa, FL, no dude en ponerse en contacto con The PD Law Firm, P.A. Pedro Dearaujo","_seopress_robots_index":"","footnotes":""},"class_list":["post-1168","page","type-page","status-publish","has-post-thumbnail","hentry","entry","post-inner"],"_links":{"self":[{"href":"https:\/\/pdlaworlando.com\/es\/wp-json\/wp\/v2\/pages\/1168","targetHints":{"allow":["GET"]}}],"collection":[{"href":"https:\/\/pdlaworlando.com\/es\/wp-json\/wp\/v2\/pages"}],"about":[{"href":"https:\/\/pdlaworlando.com\/es\/wp-json\/wp\/v2\/types\/page"}],"author":[{"embeddable":true,"href":"https:\/\/pdlaworlando.com\/es\/wp-json\/wp\/v2\/users\/1"}],"replies":[{"embeddable":true,"href":"https:\/\/pdlaworlando.com\/es\/wp-json\/wp\/v2\/comments?post=1168"}],"version-history":[{"count":3,"href":"https:\/\/pdlaworlando.com\/es\/wp-json\/wp\/v2\/pages\/1168\/revisions"}],"predecessor-version":[{"id":1173,"href":"https:\/\/pdlaworlando.com\/es\/wp-json\/wp\/v2\/pages\/1168\/revisions\/1173"}],"wp:featuredmedia":[{"embeddable":true,"href":"https:\/\/pdlaworlando.com\/es\/wp-json\/wp\/v2\/media\/613"}],"wp:attachment":[{"href":"https:\/\/pdlaworlando.com\/es\/wp-json\/wp\/v2\/media?parent=1168"}],"curies":[{"name":"wp","href":"https:\/\/api.w.org\/{rel}","templated":true}]}}