{"id":1180,"date":"2024-04-09T17:31:27","date_gmt":"2024-04-09T22:31:27","guid":{"rendered":"https:\/\/pdlaworlando.com\/portugues-brasileno-abogado-de-defensa-penal-tampa\/"},"modified":"2024-04-09T17:31:54","modified_gmt":"2024-04-09T22:31:54","slug":"portugues-brasileno-abogado-de-defensa-penal-tampa","status":"publish","type":"page","link":"https:\/\/pdlaworlando.com\/es\/portugues-brasileno-abogado-de-defensa-penal-tampa\/","title":{"rendered":"Portugu\u00e9s Brasile\u00f1o Abogado de Defensa Penal Tampa"},"content":{"rendered":"\n<p>En Estados Unidos viven innumerables personas de diferentes or\u00edgenes y culturas. Entre esta poblaci\u00f3n diversa hay <a href=\"https:\/\/pdlaworlando.com\/es\/abogado-portugues-brasileno-tampa\/\">inmigrantes<\/a> brasile\u00f1os y <a href=\"https:\/\/pdlaworlando.com\/es\/abogado-portugues-brasileno-tampa\/\">portugueses<\/a> que han venido en busca de una vida mejor. Si usted vive en Tampa y se encuentra enfrentando <a href=\"https:\/\/pdlaworlando.com\/es\/abogado-penalista\/\">cargos criminales<\/a>, es importante contar con el apoyo de un abogado de defensa criminal que pueda proporcionarle una representaci\u00f3n efectiva.<\/p>\n\n<p>\u00bfNecesita un abogado brasile\u00f1o de defensa criminal en Tampa? Llame a The <a href=\"\/\">PD Law Firm, P.A.<\/a> para reservar una consulta con <a href=\"https:\/\/pdlaworlando.com\/es\/pedro-dearaujo\/\">Pedro Dearaujo<\/a>. Tenemos a\u00f1os de experiencia defendiendo a clientes y estamos comprometidos a guiarle a trav\u00e9s del complejo sistema legal.<\/p>\n\n<h2 class=\"wp-block-heading\" id=\"h-how-a-criminal-conviction-can-impact-immigrants\"><strong>C\u00f3mo puede afectar a los inmigrantes una condena penal<\/strong><\/h2>\n\n<p>Ser condenado por un delito es grave, pero puede ser especialmente devastador para los inmigrantes. Como brasile\u00f1o residente en Florida Central, su situaci\u00f3n migratoria puede correr peligro si es condenado por determinados delitos. Dependiendo de la gravedad del delito, podr\u00eda enfrentarse a la deportaci\u00f3n, la denegaci\u00f3n de la naturalizaci\u00f3n o la ciudadan\u00eda, e incluso la exclusi\u00f3n permanente de la entrada en el pa\u00eds.<\/p>\n\n<p>Adem\u00e1s, una condena penal puede afectar a sus oportunidades laborales o a su capacidad para conseguir vivienda o pr\u00e9stamos. Tambi\u00e9n puede da\u00f1ar su reputaci\u00f3n dentro de la comunidad y entre familiares y amigos. Por eso es crucial tener un abogado de defensa criminal que pueda luchar por el mejor resultado posible en su caso.  <\/p>\n\n<h2 class=\"wp-block-heading\"><strong>Qu\u00e9 buscar en un abogado de defensa criminal brasile\u00f1o en Tampa<\/strong><\/h2>\n\n<p>Al buscar un abogado de defensa criminal, es esencial encontrar a alguien que entienda las barreras culturales y ling\u00fc\u00edsticas que existen para los inmigrantes. Pedro Dearaujo, de The PD Law Firm, P.A., es brasile\u00f1o de nacimiento y habla portugu\u00e9s con fluidez. \u00c9l tiene conocimiento de primera mano de los problemas comunes que enfrentan los inmigrantes y puede proporcionar una representaci\u00f3n personalizada que tenga en cuenta sus circunstancias \u00fanicas.<\/p>\n\n<h2 class=\"wp-block-heading\"><strong>Nuestras \u00e1reas de pr\u00e1ctica<\/strong><\/h2>\n\n<p>En The PD Law Firm, P.A., hemos defendido con \u00e9xito a clientes que enfrentan una serie de cargos penales. Nuestras \u00e1reas de pr\u00e1ctica incluyen, pero no se limitan a:<\/p>\n\n<ul class=\"wp-block-list\">\n<li>Infracciones de tr\u00e1fico: Si usted recibe una multa o citaci\u00f3n, nuestro equipo puede ayudar a luchar contra los cargos y minimizar el impacto en su historial de conducci\u00f3n.<\/li>\n\n\n\n<li>DUI: Conducir bajo la influencia es grave y puede resultar en multas, una licencia suspendida, e incluso tiempo en la c\u00e1rcel. Trabajaremos para construir una defensa fuerte y proteger sus derechos.<\/li>\n\n\n\n<li>Delitos menores: Los cargos por delitos menores pueden parecer menores, pero a\u00fan as\u00ed conllevan penas significativas. Nuestro equipo luchar\u00e1 para que los cargos sean reducidos o desestimados.  <\/li>\n\n\n\n<li>Delito grave: Los cargos por delitos graves tambi\u00e9n tienen graves consecuencias, incluyendo largas penas de prisi\u00f3n y multas cuantiosas. Tenemos la experiencia y los recursos para manejar casos complicados de delitos graves con eficacia.<\/li>\n<\/ul>\n\n<p>Recuerde que ser acusado de un delito no le convierte autom\u00e1ticamente en culpable. Con la ayuda de un abogado brasile\u00f1o de defensa criminal en Tampa, usted puede luchar por sus derechos y proteger su futuro en los Estados Unidos.<\/p>\n\n<h2 class=\"wp-block-heading\"><strong>No se enfrente solo a cargos penales<\/strong><\/h2>\n\n<p>Usted necesita un abogado experto y dedicado cuando se enfrenta a cargos criminales. El PD Law Firm, P.A. se dedica a proporcionar representaci\u00f3n legal de primera clase a la comunidad local. P\u00f3ngase en contacto con nosotros para reservar una consulta con un abogado brasile\u00f1o de defensa criminal en Tampa y aprender c\u00f3mo Pedro Dearaujo puede ayudar a defender sus derechos. No hay necesidad de enfrentarse a esta dif\u00edcil situaci\u00f3n solo, perm\u00edtanos ser su abogado durante todo el proceso legal.<\/p>\n","protected":false},"excerpt":{"rendered":"<p>En Estados Unidos viven innumerables personas de diferentes or\u00edgenes y culturas. Entre esta poblaci\u00f3n diversa hay inmigrantes brasile\u00f1os y portugueses que han venido en busca de una vida mejor. Si usted vive en Tampa y se encuentra enfrentando cargos criminales, es importante contar con el apoyo de un abogado de defensa criminal que pueda proporcionarle una representaci\u00f3n efectiva. \u00bfNecesita un abogado brasile\u00f1o de defensa criminal en Tampa? Llame a The PD Law Firm, P.A. para reservar una consulta con Pedro Dearaujo. Tenemos a\u00f1os de experiencia defendiendo a clientes y estamos comprometidos a guiarle a trav\u00e9s del complejo sistema legal. C\u00f3mo puede afectar a los inmigrantes una condena penal Ser condenado por un delito es grave, pero puede ser especialmente devastador para los inmigrantes. Como brasile\u00f1o residente en Florida Central, su situaci\u00f3n migratoria puede correr peligro si es condenado por determinados delitos. Dependiendo de la gravedad del delito, podr\u00eda enfrentarse a la deportaci\u00f3n, la denegaci\u00f3n de la naturalizaci\u00f3n o la ciudadan\u00eda, e incluso la exclusi\u00f3n permanente de la entrada en el pa\u00eds. Adem\u00e1s, una condena penal puede afectar a sus oportunidades laborales o a su capacidad para conseguir vivienda o pr\u00e9stamos. Tambi\u00e9n puede da\u00f1ar su reputaci\u00f3n dentro de la comunidad y entre familiares y amigos. Por eso es crucial tener un abogado de defensa criminal que pueda luchar por el mejor resultado posible en su caso. Qu\u00e9 buscar en un abogado de defensa criminal brasile\u00f1o en Tampa Al buscar un abogado de defensa criminal, es esencial encontrar a alguien que entienda las barreras culturales y ling\u00fc\u00edsticas que existen para los inmigrantes. Pedro Dearaujo, de The PD Law Firm, P.A., es brasile\u00f1o de nacimiento y habla portugu\u00e9s con fluidez. \u00c9l tiene conocimiento de primera mano de los problemas comunes que enfrentan los inmigrantes y puede proporcionar una representaci\u00f3n personalizada que tenga en cuenta sus circunstancias \u00fanicas. Nuestras \u00e1reas de pr\u00e1ctica En The PD Law Firm, P.A., hemos defendido con \u00e9xito a clientes que enfrentan una serie de cargos penales. Nuestras \u00e1reas de pr\u00e1ctica incluyen, pero no se limitan a: Recuerde que ser acusado de un delito no le convierte autom\u00e1ticamente en culpable. Con la ayuda de un abogado brasile\u00f1o de defensa criminal en Tampa, usted puede luchar por sus derechos y proteger su futuro en los Estados Unidos. No se enfrente solo a cargos penales Usted necesita un abogado experto y dedicado cuando se enfrenta a cargos criminales. El PD Law Firm, P.A. se dedica a proporcionar representaci\u00f3n legal de primera clase a la comunidad local. P\u00f3ngase en contacto con nosotros para reservar una consulta con un abogado brasile\u00f1o de defensa criminal en Tampa y aprender c\u00f3mo Pedro Dearaujo puede ayudar a defender sus derechos. No hay necesidad de enfrentarse a esta dif\u00edcil situaci\u00f3n solo, perm\u00edtanos ser su abogado durante todo el proceso legal.<\/p>\n","protected":false},"author":1,"featured_media":609,"parent":0,"menu_order":0,"comment_status":"closed","ping_status":"closed","template":"","meta":{"_seopress_robots_primary_cat":"","_seopress_titles_title":"","_seopress_titles_desc":"Necesitas un abogado experto que se enfrente a cargos criminales. El PD Law Firm, P.A. se dedica a proporcionar representaci\u00f3n legal en Tampa","_seopress_robots_index":"","footnotes":""},"class_list":["post-1180","page","type-page","status-publish","has-post-thumbnail","hentry","entry","post-inner"],"_links":{"self":[{"href":"https:\/\/pdlaworlando.com\/es\/wp-json\/wp\/v2\/pages\/1180","targetHints":{"allow":["GET"]}}],"collection":[{"href":"https:\/\/pdlaworlando.com\/es\/wp-json\/wp\/v2\/pages"}],"about":[{"href":"https:\/\/pdlaworlando.com\/es\/wp-json\/wp\/v2\/types\/page"}],"author":[{"embeddable":true,"href":"https:\/\/pdlaworlando.com\/es\/wp-json\/wp\/v2\/users\/1"}],"replies":[{"embeddable":true,"href":"https:\/\/pdlaworlando.com\/es\/wp-json\/wp\/v2\/comments?post=1180"}],"version-history":[{"count":1,"href":"https:\/\/pdlaworlando.com\/es\/wp-json\/wp\/v2\/pages\/1180\/revisions"}],"predecessor-version":[{"id":1181,"href":"https:\/\/pdlaworlando.com\/es\/wp-json\/wp\/v2\/pages\/1180\/revisions\/1181"}],"wp:featuredmedia":[{"embeddable":true,"href":"https:\/\/pdlaworlando.com\/es\/wp-json\/wp\/v2\/media\/609"}],"wp:attachment":[{"href":"https:\/\/pdlaworlando.com\/es\/wp-json\/wp\/v2\/media?parent=1180"}],"curies":[{"name":"wp","href":"https:\/\/api.w.org\/{rel}","templated":true}]}}