{"id":1199,"date":"2024-05-29T15:53:45","date_gmt":"2024-05-29T20:53:45","guid":{"rendered":"https:\/\/pdlaworlando.com\/abogado-de-inmigracion-brasileno-dallas-fort-worth-tx\/"},"modified":"2024-06-29T13:19:16","modified_gmt":"2024-06-29T18:19:16","slug":"abogado-de-inmigracion-brasileno-dallas-fort-worth-tx","status":"publish","type":"page","link":"https:\/\/pdlaworlando.com\/es\/abogado-de-inmigracion-brasileno-dallas-fort-worth-tx\/","title":{"rendered":"Abogado de inmigraci\u00f3n brasile\u00f1o- Dallas\/Fort Worth TX"},"content":{"rendered":"<div class=\"wpb-content-wrapper\">[vc_row][vc_column][vc_column_text]\n<h1> <\/h1>\n<p>No importa de d\u00f3nde seas, mudarse a un nuevo pa\u00eds puede parecer emocionante y abrumador. Muchas personas han elegido Estados Unidos para trabajar, estudiar o reunirse con sus familiares. Si est\u00e1s considerando esta posibilidad, pide consejo a un abogado especializado en <a href=\"https:\/\/en.wikipedia.org\/wiki\/Immigration_law\">derecho de extranjer\u00eda<\/a>.<\/p>\n\n<p>En <a href=\"\/\">The PD Law Firm, P.A<\/a>., nuestro equipo tiene a\u00f1os de experiencia ayudando a la gente a navegar por la inmigraci\u00f3n. Llama ahora para hablar con un abogado de inmigraci\u00f3n brasile\u00f1o que preste sus servicios en <a href=\"https:\/\/en.wikipedia.org\/wiki\/Dallas\">Dallas, TX<\/a> y comienza tu viaje para convertirte en residente. El abogado Pedro Dearaujo puede ayudarte a que tu transici\u00f3n sea lo m\u00e1s suave y libre de estr\u00e9s posible.<\/p>\n<p><br \/>\n<\/p>\n<h2 class=\"wp-block-heading\">\u00bfC\u00f3mo funciona el proceso de inmigraci\u00f3n?<\/h2>\n<p><br \/>\n<div class=\"wp-block-image\"><\/p>\n<figure class=\"alignright size-full is-resized\"><img loading=\"lazy\" decoding=\"async\" width=\"1000\" height=\"667\" class=\"wp-image-1193\" style=\"width: 397px; height: auto;\" src=\"https:\/\/pdlaworlando.com\/wp-content\/uploads\/dallas-fort-worth-immigration-lawyer.jpg\" alt=\"Abogado de inmigraci\u00f3n brasile\u00f1o- Dallas\/Fort Worth TX\" srcset=\"https:\/\/pdlaworlando.com\/wp-content\/uploads\/dallas-fort-worth-immigration-lawyer.jpg 1000w, https:\/\/pdlaworlando.com\/wp-content\/uploads\/dallas-fort-worth-immigration-lawyer-300x200.jpg 300w, https:\/\/pdlaworlando.com\/wp-content\/uploads\/dallas-fort-worth-immigration-lawyer-768x512.jpg 768w\" sizes=\"auto, (max-width: 1000px) 100vw, 1000px\" \/><\/figure>\n<\/div>\n<p>El primer paso en cualquier proceso de inmigraci\u00f3n es comprender las distintas categor\u00edas y requisitos para obtener un visado, que te permite entrar en el pa\u00eds con un fin concreto. Existen distintos tipos de visados en funci\u00f3n de tus circunstancias y de la duraci\u00f3n deseada de tu estancia. <a href=\"https:\/\/pdlaworlando.com\/es\/pd-law-offices-tampa\/\">El abogado Pedro Dearaujo<\/a> puede explicarte estas opciones y ayudarte a determinar la mejor v\u00eda para tu situaci\u00f3n concreta.<\/p>\n\n<p>Una vez en EE.UU., puede que necesites cambiar tu estatus para convertirte en residente permanente. Esto puede hacerse por diversos medios, como el apadrinamiento basado en el empleo o el apadrinamiento familiar. Es crucial trabajar con un abogado brasile\u00f1o experto en inmigraci\u00f3n en Dallas\/Fort Worth que pueda guiarte por los pasos necesarios y ayudarte a evitar los escollos o retrasos m\u00e1s comunes.<\/p>\n\n\n<h3 class=\"wp-block-heading\">Pr\u00f3rroga del visado<\/h3>\n\n<p>Si ya est\u00e1s en Estados Unidos con un <a href=\"https:\/\/pdlaworlando.com\/es\/inmigracion\/extension-de-visa\/\">visado v\u00e1lido<\/a> pero necesitas permanecer m\u00e1s tiempo del autorizado, puedes optar a una pr\u00f3rroga. Este proceso puede ser complicado y tiene plazos estrictos, as\u00ed que recuerda buscar asistencia jur\u00eddica lo antes posible. El abogado Pedro Dearaujo puede evaluar tu situaci\u00f3n y determinar si tienes derecho a una pr\u00f3rroga.<\/p>\n\n\n<h3 class=\"wp-block-heading\">Tarjeta verde<\/h3>\n\n<p>Conseguir la <a href=\"https:\/\/pdlaworlando.com\/es\/\">tarjeta verde<\/a>, tambi\u00e9n llamada residencia permanente, es un hito importante cuando se trata de<\/p>\n\n<p>inmigraci\u00f3n. Te permite vivir y trabajar permanentemente en Estados Unidos. Sin embargo, este proceso puede ser largo debido a los muchos requisitos que conlleva. Un abogado de inmigraci\u00f3n brasile\u00f1o en DFW, puede asegurarse de que tu solicitud est\u00e9 debidamente preparada y se presente a tiempo.<\/p>\n\n\n<h3 class=\"wp-block-heading\">Ciudadan\u00eda<\/h3>\n\n<p><a href=\"https:\/\/pdlaworlando.com\/es\/inmigracion\/ciudadania\/\">Convertirse en ciudadano estadounidense<\/a> suele considerarse el objetivo final de muchos inmigrantes. No s\u00f3lo otorga todos los derechos y privilegios de un ciudadano, sino que tambi\u00e9n proporciona un sentimiento de pertenencia en tu nuevo pa\u00eds de origen. La naturalizaci\u00f3n implica cumplir ciertos criterios de elegibilidad, aprobar un examen de ingl\u00e9s y civismo y asistir a una entrevista. Podemos ayudarte a prepararte para estos requisitos.<\/p>\n\n\n<h2 class=\"wp-block-heading\">\u00bfPor qu\u00e9 elegir The PD Law Firm, P.A.?<\/h2>\n\n<p>En The PD Law Firm, P.A., entendemos que la inmigraci\u00f3n es una decisi\u00f3n profundamente personal y que cambia la vida. Por eso prestamos servicios jur\u00eddicos compasivos y completos. Nuestro equipo tiene amplios conocimientos en todas las \u00e1reas del derecho de extranjer\u00eda. El abogado Pedro Dearaujo tambi\u00e9n tiene un profundo conocimiento de la cultura brasile\u00f1a y puede ayudar con cualquier diferencia cultural que pueda surgir.<\/p>\n\n\n<h2 class=\"wp-block-heading\">As\u00f3ciate con nuestro abogado de inmigraci\u00f3n<\/h2>\n\n<p>Trasladarse a un nuevo pa\u00eds puede ser un reto, pero con la orientaci\u00f3n jur\u00eddica adecuada, tambi\u00e9n puede ser una experiencia gratificante. En The PD Law Firm, P.A., ayudamos a los clientes a alcanzar sus objetivos de inmigraci\u00f3n y a navegar por el proceso con facilidad. Ponte en contacto con nosotros para reservar una consulta con un abogado de inmigraci\u00f3n brasile\u00f1o al servicio del \u00e1rea metropolitana de Dallas\/Fort Worth, Texas. Deja que el abogado de inmigraci\u00f3n Pedro Dearaujo te ayude a hacer realidad tu sue\u00f1o de vivir en Estados Unidos.<\/p>\n\n<p>&nbsp;<\/p>\n<div id=\"gtx-trans\" style=\"position: absolute; left: 129px; top: 291.537px;\">\n<div class=\"gtx-trans-icon\">\u00a0<\/div>\n<\/div>\n[\/vc_column_text][\/vc_column][\/vc_row]\n<\/div>","protected":false},"excerpt":{"rendered":"<p>[vc_row][vc_column][vc_column_text] No importa de d\u00f3nde seas, mudarse a un nuevo pa\u00eds puede parecer emocionante y abrumador. Muchas personas han elegido Estados Unidos para trabajar, estudiar o reunirse con sus familiares. Si est\u00e1s considerando esta posibilidad, pide consejo a un abogado especializado en derecho de extranjer\u00eda. En The PD Law Firm, P.A., nuestro equipo tiene a\u00f1os de experiencia ayudando a la gente a navegar por la inmigraci\u00f3n. Llama ahora para hablar con un abogado de inmigraci\u00f3n brasile\u00f1o que preste sus servicios en Dallas, TX y comienza tu viaje para convertirte en residente. El abogado Pedro Dearaujo puede ayudarte a que tu transici\u00f3n sea lo m\u00e1s suave y libre de estr\u00e9s posible. \u00bfC\u00f3mo funciona el proceso de inmigraci\u00f3n? El primer paso en cualquier proceso de inmigraci\u00f3n es comprender las distintas categor\u00edas y requisitos para obtener un visado, que te permite entrar en el pa\u00eds con un fin concreto. Existen distintos tipos de visados en funci\u00f3n de tus circunstancias y de la duraci\u00f3n deseada de tu estancia. El abogado Pedro Dearaujo puede explicarte estas opciones y ayudarte a determinar la mejor v\u00eda para tu situaci\u00f3n concreta. Una vez en EE.UU., puede que necesites cambiar tu estatus para convertirte en residente permanente. Esto puede hacerse por diversos medios, como el apadrinamiento basado en el empleo o el apadrinamiento familiar. Es crucial trabajar con un abogado brasile\u00f1o experto en inmigraci\u00f3n en Dallas\/Fort Worth que pueda guiarte por los pasos necesarios y ayudarte a evitar los escollos o retrasos m\u00e1s comunes. Pr\u00f3rroga del visado Si ya est\u00e1s en Estados Unidos con un visado v\u00e1lido pero necesitas permanecer m\u00e1s tiempo del autorizado, puedes optar a una pr\u00f3rroga. Este proceso puede ser complicado y tiene plazos estrictos, as\u00ed que recuerda buscar asistencia jur\u00eddica lo antes posible. El abogado Pedro Dearaujo puede evaluar tu situaci\u00f3n y determinar si tienes derecho a una pr\u00f3rroga. Tarjeta verde Conseguir la tarjeta verde, tambi\u00e9n llamada residencia permanente, es un hito importante cuando se trata de inmigraci\u00f3n. Te permite vivir y trabajar permanentemente en Estados Unidos. Sin embargo, este proceso puede ser largo debido a los muchos requisitos que conlleva. Un abogado de inmigraci\u00f3n brasile\u00f1o en DFW, puede asegurarse de que tu solicitud est\u00e9 debidamente preparada y se presente a tiempo. Ciudadan\u00eda Convertirse en ciudadano estadounidense suele considerarse el objetivo final de muchos inmigrantes. No s\u00f3lo otorga todos los derechos y privilegios de un ciudadano, sino que tambi\u00e9n proporciona un sentimiento de pertenencia en tu nuevo pa\u00eds de origen. La naturalizaci\u00f3n implica cumplir ciertos criterios de elegibilidad, aprobar un examen de ingl\u00e9s y civismo y asistir a una entrevista. Podemos ayudarte a prepararte para estos requisitos. \u00bfPor qu\u00e9 elegir The PD Law Firm, P.A.? En The PD Law Firm, P.A., entendemos que la inmigraci\u00f3n es una decisi\u00f3n profundamente personal y que cambia la vida. Por eso prestamos servicios jur\u00eddicos compasivos y completos. Nuestro equipo tiene amplios conocimientos en todas las \u00e1reas del derecho de extranjer\u00eda. El abogado Pedro Dearaujo tambi\u00e9n tiene un profundo conocimiento de la cultura brasile\u00f1a y puede ayudar con cualquier diferencia cultural que pueda surgir. As\u00f3ciate con nuestro abogado de inmigraci\u00f3n Trasladarse a un nuevo pa\u00eds puede ser un reto, pero con la orientaci\u00f3n jur\u00eddica adecuada, tambi\u00e9n puede ser una experiencia gratificante. En The PD Law Firm, P.A., ayudamos a los clientes a alcanzar sus objetivos de inmigraci\u00f3n y a navegar por el proceso con facilidad. Ponte en contacto con nosotros para reservar una consulta con un abogado de inmigraci\u00f3n brasile\u00f1o al servicio del \u00e1rea metropolitana de Dallas\/Fort Worth, Texas. Deja que el abogado de inmigraci\u00f3n Pedro Dearaujo te ayude a hacer realidad tu sue\u00f1o de vivir en Estados Unidos. &nbsp; \u00a0 [\/vc_column_text][\/vc_column][\/vc_row]<\/p>\n","protected":false},"author":1,"featured_media":603,"parent":0,"menu_order":0,"comment_status":"closed","ping_status":"closed","template":"","meta":{"_seopress_robots_primary_cat":"","_seopress_titles_title":"","_seopress_titles_desc":"Elige The PD Law Firm, P.A. para obtener ayuda experta en inmigraci\u00f3n. Habla con el abogado Pedro Dearaujo en Dallas, TX para facilitar tu camino hacia la residencia.","_seopress_robots_index":"","footnotes":""},"class_list":["post-1199","page","type-page","status-publish","has-post-thumbnail","hentry","entry","post-inner"],"_links":{"self":[{"href":"https:\/\/pdlaworlando.com\/es\/wp-json\/wp\/v2\/pages\/1199","targetHints":{"allow":["GET"]}}],"collection":[{"href":"https:\/\/pdlaworlando.com\/es\/wp-json\/wp\/v2\/pages"}],"about":[{"href":"https:\/\/pdlaworlando.com\/es\/wp-json\/wp\/v2\/types\/page"}],"author":[{"embeddable":true,"href":"https:\/\/pdlaworlando.com\/es\/wp-json\/wp\/v2\/users\/1"}],"replies":[{"embeddable":true,"href":"https:\/\/pdlaworlando.com\/es\/wp-json\/wp\/v2\/comments?post=1199"}],"version-history":[{"count":3,"href":"https:\/\/pdlaworlando.com\/es\/wp-json\/wp\/v2\/pages\/1199\/revisions"}],"predecessor-version":[{"id":1262,"href":"https:\/\/pdlaworlando.com\/es\/wp-json\/wp\/v2\/pages\/1199\/revisions\/1262"}],"wp:featuredmedia":[{"embeddable":true,"href":"https:\/\/pdlaworlando.com\/es\/wp-json\/wp\/v2\/media\/603"}],"wp:attachment":[{"href":"https:\/\/pdlaworlando.com\/es\/wp-json\/wp\/v2\/media?parent=1199"}],"curies":[{"name":"wp","href":"https:\/\/api.w.org\/{rel}","templated":true}]}}