{"id":1205,"date":"2024-05-29T16:01:56","date_gmt":"2024-05-29T21:01:56","guid":{"rendered":"https:\/\/pdlaworlando.com\/abogado-brasileno-de-inmigracion-al-servicio-de-boston-y-framingham-ma\/"},"modified":"2024-05-29T16:03:11","modified_gmt":"2024-05-29T21:03:11","slug":"abogado-brasileno-de-inmigracion-al-servicio-de-boston-y-framingham-ma","status":"publish","type":"page","link":"https:\/\/pdlaworlando.com\/es\/abogado-brasileno-de-inmigracion-al-servicio-de-boston-y-framingham-ma\/","title":{"rendered":"Abogado brasile\u00f1o de inmigraci\u00f3n al servicio de Boston y Framingham, MA"},"content":{"rendered":"\n<p>Hay muchas razones por las que podr\u00edas necesitar un <a href=\"https:\/\/en.wikipedia.org\/wiki\/Immigration_law\">abogado de inmigraci\u00f3n brasile\u00f1o<\/a> en <a href=\"https:\/\/en.wikipedia.org\/wiki\/Boston\">Boston<\/a> o Framingham, MA. Tanto si quieres trasladarte a Estados Unidos para trabajar, estudiar o reunirte con tus familiares, navegar por el complejo sistema de inmigraci\u00f3n puede parecer abrumador. Un profesional del derecho puede ayudarte a entender el proceso, reunir los documentos necesarios, representarte ante el tribunal y orientarte en cada paso de tu camino.<\/p>\n\n<p>Llame a The <a href=\"\/\">PD Law Firm, P.A.<\/a> para una consulta y dar un paso hacia la consecuci\u00f3n de tus objetivos de inmigraci\u00f3n. El abogado Pedro Dearaujo se esfuerza por ofrecer soluciones jur\u00eddicas personalizadas y eficaces a nuestros clientes.<\/p>\n\n<h2 class=\"wp-block-heading\">Conocer tu situaci\u00f3n de inmigraci\u00f3n<\/h2>\n<div class=\"wp-block-image\">\n<figure class=\"alignleft size-full is-resized\"><img loading=\"lazy\" decoding=\"async\" width=\"1000\" height=\"667\" src=\"https:\/\/pdlaworlando.com\/wp-content\/uploads\/immigration-attorney-boston.jpg\" alt=\"\" class=\"wp-image-1207\" style=\"width:241px;height:auto\" srcset=\"https:\/\/pdlaworlando.com\/wp-content\/uploads\/immigration-attorney-boston.jpg 1000w, https:\/\/pdlaworlando.com\/wp-content\/uploads\/immigration-attorney-boston-300x200.jpg 300w, https:\/\/pdlaworlando.com\/wp-content\/uploads\/immigration-attorney-boston-768x512.jpg 768w\" sizes=\"auto, (max-width: 1000px) 100vw, 1000px\" \/><\/figure>\n<\/div>\n<p>Tu condici\u00f3n de inmigrante en Estados Unidos determina tus derechos y privilegios en el pa\u00eds. Es importante que conozcas bien tu situaci\u00f3n, tanto si eres residente permanente, titular de un visado o inmigrante indocumentado. Esto te permite tomar decisiones m\u00e1s informadas y evitar posibles complicaciones legales.<\/p>\n\n<p>Si no est\u00e1s seguro de tu situaci\u00f3n, nuestro abogado de inmigraci\u00f3n brasile\u00f1o<a href=\"https:\/\/en.wikipedia.org\/wiki\/Portuguese_language\">(portugu\u00e9s<\/a>) que presta servicios en Boston y Framingham, MA, puede revisar tu caso y proporcionarte la informaci\u00f3n necesaria. Tambi\u00e9n podemos ayudarte a cambiar o ajustar tu situaci\u00f3n, como solicitar la tarjeta verde u obtener la naturalizaci\u00f3n. Y si te enfrentas a la deportaci\u00f3n, The PD Law Firm, P.A. puede ayudarte a proteger tus derechos.<\/p>\n\n<h2 class=\"wp-block-heading\">Visados disponibles para inmigrantes brasile\u00f1os<\/h2>\n\n<p>Dependiendo de tu motivo para emigrar a Estados Unidos, puedes necesitar un <a href=\"https:\/\/pdlaworlando.com\/es\/inmigracion\/visa-eb1-eb2\/\">tipo espec\u00edfico de visado<\/a>. Estos visados pueden ser temporales o permanentes en funci\u00f3n de la finalidad de tu estancia.<\/p>\n\n<p>Algunos tipos comunes de visados son los visados de trabajo, los visados de estudiante y <a href=\"https:\/\/pdlaworlando.com\/es\/inmigracion\/peticiones-familiares\/\">los visados familiares<\/a>. Por ejemplo, si vienes a EE.UU. por motivos laborales, puede que necesites un visado H1B. Si eres estudiante, es posible que necesites un visado F-1.  <\/p>\n\n<h2 class=\"wp-block-heading\">Por qu\u00e9 necesitas un abogado de inmigraci\u00f3n  <\/h2>\n\n<p>La inmigraci\u00f3n puede ser un reto debido a las leyes y normativas en constante cambio, las largas solicitudes e incluso las barreras ling\u00fc\u00edsticas. Un abogado de inmigraci\u00f3n brasile\u00f1o que preste sus servicios en Boston y Framingham, MA, puede ofrecerte los siguientes beneficios:<\/p>\n\n<ul class=\"wp-block-list\">\n<li>Conocimientos y <strong>experiencia<\/strong>: Un abogado debe tener amplios conocimientos y a\u00f1os de experiencia en diversos casos de inmigraci\u00f3n. PD Law Firm, P.A. est\u00e1 al d\u00eda de las \u00faltimas pol\u00edticas y puede ofrecer un asesoramiento jur\u00eddico preciso.<\/li>\n\n\n\n<li><strong>Orientaci\u00f3n a trav\u00e9s de procesos<\/strong> complejos: Solicitar visados, tarjetas de residencia o la ciudadan\u00eda implica mucho papeleo y plazos estrictos. El abogado Pedro Dearaujo puede garantizar que todos los documentos necesarios se presenten correctamente y a tiempo.<\/li>\n\n\n\n<li><strong>Representaci\u00f3n<\/strong> ante los tribunales: Si tu caso llega a los tribunales, nuestro equipo te representar\u00e1 y argumentar\u00e1 en tu favor. Tambi\u00e9n podemos reunir pruebas y elaborar una s\u00f3lida estrategia de defensa para aumentar tus posibilidades de obtener un resultado favorable.<\/li>\n\n\n\n<li><strong>Evitar errores<\/strong>: Un simple error en una solicitud de inmigraci\u00f3n puede provocar retrasos o denegaciones. Pedro Dearaujo puede revisar tus documentos para evitar errores que pondr\u00edan en peligro tu posici\u00f3n.<\/li>\n\n\n\n<li><strong>Tranquilidad<\/strong>: Navegar por el sistema de inmigraci\u00f3n puede ser emocionalmente agotador. Contar con nuestro personal a tu lado significa que recibes un amplio apoyo jur\u00eddico y emocional.<\/li>\n<\/ul>\n\n<h2 class=\"wp-block-heading\">Simplificar el proceso de inmigraci\u00f3n<\/h2>\n\n<p>Inmigrar a Estados Unidos cambia la vida, pero tambi\u00e9n puede ser complicado. Contratar a un abogado de inmigraci\u00f3n brasile\u00f1o que preste sus servicios en Boston y Framingham, MA, puede marcar la diferencia a la hora de conseguir tus objetivos de inmigraci\u00f3n. Ponte en contacto con The PD Law Firm, P.A. para una consulta y da el primer paso para construir tu nueva vida en EE.UU. El abogado Pedro Dearaujo puede hacer que tu inmigraci\u00f3n sea un \u00e9xito.<\/p>\n","protected":false},"excerpt":{"rendered":"<p>Hay muchas razones por las que podr\u00edas necesitar un abogado de inmigraci\u00f3n brasile\u00f1o en Boston o Framingham, MA. Tanto si quieres trasladarte a Estados Unidos para trabajar, estudiar o reunirte con tus familiares, navegar por el complejo sistema de inmigraci\u00f3n puede parecer abrumador. Un profesional del derecho puede ayudarte a entender el proceso, reunir los documentos necesarios, representarte ante el tribunal y orientarte en cada paso de tu camino. Llame a The PD Law Firm, P.A. para una consulta y dar un paso hacia la consecuci\u00f3n de tus objetivos de inmigraci\u00f3n. El abogado Pedro Dearaujo se esfuerza por ofrecer soluciones jur\u00eddicas personalizadas y eficaces a nuestros clientes. Conocer tu situaci\u00f3n de inmigraci\u00f3n Tu condici\u00f3n de inmigrante en Estados Unidos determina tus derechos y privilegios en el pa\u00eds. Es importante que conozcas bien tu situaci\u00f3n, tanto si eres residente permanente, titular de un visado o inmigrante indocumentado. Esto te permite tomar decisiones m\u00e1s informadas y evitar posibles complicaciones legales. Si no est\u00e1s seguro de tu situaci\u00f3n, nuestro abogado de inmigraci\u00f3n brasile\u00f1o(portugu\u00e9s) que presta servicios en Boston y Framingham, MA, puede revisar tu caso y proporcionarte la informaci\u00f3n necesaria. Tambi\u00e9n podemos ayudarte a cambiar o ajustar tu situaci\u00f3n, como solicitar la tarjeta verde u obtener la naturalizaci\u00f3n. Y si te enfrentas a la deportaci\u00f3n, The PD Law Firm, P.A. puede ayudarte a proteger tus derechos. Visados disponibles para inmigrantes brasile\u00f1os Dependiendo de tu motivo para emigrar a Estados Unidos, puedes necesitar un tipo espec\u00edfico de visado. Estos visados pueden ser temporales o permanentes en funci\u00f3n de la finalidad de tu estancia. Algunos tipos comunes de visados son los visados de trabajo, los visados de estudiante y los visados familiares. Por ejemplo, si vienes a EE.UU. por motivos laborales, puede que necesites un visado H1B. Si eres estudiante, es posible que necesites un visado F-1. Por qu\u00e9 necesitas un abogado de inmigraci\u00f3n La inmigraci\u00f3n puede ser un reto debido a las leyes y normativas en constante cambio, las largas solicitudes e incluso las barreras ling\u00fc\u00edsticas. Un abogado de inmigraci\u00f3n brasile\u00f1o que preste sus servicios en Boston y Framingham, MA, puede ofrecerte los siguientes beneficios: Simplificar el proceso de inmigraci\u00f3n Inmigrar a Estados Unidos cambia la vida, pero tambi\u00e9n puede ser complicado. Contratar a un abogado de inmigraci\u00f3n brasile\u00f1o que preste sus servicios en Boston y Framingham, MA, puede marcar la diferencia a la hora de conseguir tus objetivos de inmigraci\u00f3n. Ponte en contacto con The PD Law Firm, P.A. para una consulta y da el primer paso para construir tu nueva vida en EE.UU. El abogado Pedro Dearaujo puede hacer que tu inmigraci\u00f3n sea un \u00e9xito.<\/p>\n","protected":false},"author":1,"featured_media":603,"parent":0,"menu_order":0,"comment_status":"closed","ping_status":"closed","template":"","meta":{"_seopress_robots_primary_cat":"","_seopress_titles_title":"%%title%% %%page%%","_seopress_titles_desc":"\u00bfBuscas un abogado de inmigraci\u00f3n brasile\u00f1o en Boston o Framingham, MA? Llama a The PD Law Firm, P.A. para recibir orientaci\u00f3n experta","_seopress_robots_index":"","footnotes":""},"class_list":["post-1205","page","type-page","status-publish","has-post-thumbnail","hentry","entry","post-inner"],"_links":{"self":[{"href":"https:\/\/pdlaworlando.com\/es\/wp-json\/wp\/v2\/pages\/1205","targetHints":{"allow":["GET"]}}],"collection":[{"href":"https:\/\/pdlaworlando.com\/es\/wp-json\/wp\/v2\/pages"}],"about":[{"href":"https:\/\/pdlaworlando.com\/es\/wp-json\/wp\/v2\/types\/page"}],"author":[{"embeddable":true,"href":"https:\/\/pdlaworlando.com\/es\/wp-json\/wp\/v2\/users\/1"}],"replies":[{"embeddable":true,"href":"https:\/\/pdlaworlando.com\/es\/wp-json\/wp\/v2\/comments?post=1205"}],"version-history":[{"count":2,"href":"https:\/\/pdlaworlando.com\/es\/wp-json\/wp\/v2\/pages\/1205\/revisions"}],"predecessor-version":[{"id":1212,"href":"https:\/\/pdlaworlando.com\/es\/wp-json\/wp\/v2\/pages\/1205\/revisions\/1212"}],"wp:featuredmedia":[{"embeddable":true,"href":"https:\/\/pdlaworlando.com\/es\/wp-json\/wp\/v2\/media\/603"}],"wp:attachment":[{"href":"https:\/\/pdlaworlando.com\/es\/wp-json\/wp\/v2\/media?parent=1205"}],"curies":[{"name":"wp","href":"https:\/\/api.w.org\/{rel}","templated":true}]}}