{"id":1221,"date":"2024-05-29T16:12:37","date_gmt":"2024-05-29T21:12:37","guid":{"rendered":"https:\/\/pdlaworlando.com\/abogado-brasileno-de-inmigracion-houston-texas\/"},"modified":"2024-05-29T16:13:50","modified_gmt":"2024-05-29T21:13:50","slug":"abogado-brasileno-de-inmigracion-houston-texas","status":"publish","type":"page","link":"https:\/\/pdlaworlando.com\/es\/abogado-brasileno-de-inmigracion-houston-texas\/","title":{"rendered":"Abogado Brasile\u00f1o de Inmigraci\u00f3n &#8211; Houston, Texas"},"content":{"rendered":"\n<p>Cuando se trata de inmigrar a EE.UU., navegar por el complejo sistema legal puede resultar abrumador y confuso. Esto es especialmente cierto para los inmigrantes brasile\u00f1os que pueden no estar familiarizados con las leyes y procedimientos estadounidenses. Un <a href=\"https:\/\/en.wikipedia.org\/wiki\/Immigration_law\">abogado<\/a> experto <a href=\"https:\/\/en.wikipedia.org\/wiki\/Immigration_law\">en inmigraci\u00f3n brasile\u00f1a<\/a> que preste sus servicios en <a href=\"https:\/\/en.wikipedia.org\/wiki\/Houston\">Houston,<\/a> Texas, puede proporcionar orientaci\u00f3n y apoyo durante todo el proceso.<\/p>\n\n<p>En <a href=\"\/\">The PD Law Firm, P.A<\/a>., nuestro equipo se dedica a ayudar a personas de todos los or\u00edgenes a alcanzar su sue\u00f1o americano. El abogado, Pedro Dearaujo, comprende los retos \u00fanicos a los que se enfrentan los inmigrantes brasile\u00f1os y se compromete a proporcionar una representaci\u00f3n legal compasiva y eficaz.<\/p>\n\n<h2 class=\"wp-block-heading\">Comprender el sistema de inmigraci\u00f3n de EE.UU.<\/h2>\n<div class=\"wp-block-image\">\n<figure class=\"alignleft size-full is-resized\"><img loading=\"lazy\" decoding=\"async\" width=\"1000\" height=\"561\" src=\"https:\/\/pdlaworlando.com\/wp-content\/uploads\/Brazilian-immigration-attorney-serving-Houston-Texas.jpg\" alt=\"Abogado de inmigraci&#xF3;n brasile&#xF1;o al servicio de Houston, Texas\" class=\"wp-image-1215\" style=\"width:264px;height:auto\" srcset=\"https:\/\/pdlaworlando.com\/wp-content\/uploads\/Brazilian-immigration-attorney-serving-Houston-Texas.jpg 1000w, https:\/\/pdlaworlando.com\/wp-content\/uploads\/Brazilian-immigration-attorney-serving-Houston-Texas-300x168.jpg 300w, https:\/\/pdlaworlando.com\/wp-content\/uploads\/Brazilian-immigration-attorney-serving-Houston-Texas-768x431.jpg 768w\" sizes=\"auto, (max-width: 1000px) 100vw, 1000px\" \/><\/figure>\n<\/div>\n<p>Estados Unidos tiene un sistema de inmigraci\u00f3n que cambia y evoluciona constantemente. El proceso de obtenci\u00f3n de un visado o una tarjeta verde puede ser largo debido a los muchos requisitos y posibles obst\u00e1culos que hay en el camino. Es importante que los inmigrantes brasile\u00f1os conozcan a fondo el sistema para poder desenvolverse con \u00e9xito.<\/p>\n\n<p>Uno de los aspectos m\u00e1s importantes de la ley de inmigraci\u00f3n estadounidense es el concepto de &#8220;estatus legal&#8221;. Se refiere al derecho legal de un inmigrante a vivir y trabajar en el pa\u00eds. Hay distintos tipos de estatus legales, como el de residente permanente (tener una tarjeta verde) y el de visado temporal.<\/p>\n\n<h2 class=\"wp-block-heading\">\u00bfQu\u00e9 tipos de visados est\u00e1n disponibles para los inmigrantes brasile\u00f1os?<\/h2>\n\n<p>Los inmigrantes brasile\u00f1os tienen varias opciones a la hora de <a href=\"https:\/\/pdlaworlando.com\/es\/inmigracion\/visa-eb1-eb2\/\">obtener un visado<\/a> o la residencia permanente en Estados Unidos. Entre ellas est\u00e1n:<\/p>\n\n<ul class=\"wp-block-list\">\n<li><a href=\"https:\/\/pdlaworlando.com\/es\/inmigracion\/empresas\/\">Visados de trabajo<\/a><\/li>\n\n\n\n<li><a href=\"https:\/\/pdlaworlando.com\/es\/inmigracion\/peticiones-familiares\/\">Visados familiares<\/a><\/li>\n\n\n\n<li><a href=\"https:\/\/pdlaworlando.com\/es\/inmigracion\/estudiantes\/\">Visados de estudiante<\/a><\/li>\n<\/ul>\n\n<p>Cada tipo de visado tiene sus propios requisitos y limitaciones. Por ejemplo, los visados basados en el empleo requieren una oferta de trabajo de un empleador estadounidense, mientras que los visados basados en la familia deben contar con el patrocinio de un ciudadano estadounidense o de un familiar residente permanente.<\/p>\n\n<h2 class=\"wp-block-heading\">El papel de un abogado de inmigraci\u00f3n<\/h2>\n\n<p>Un abogado brasile\u00f1o al servicio de la inmigraci\u00f3n en Houston, Texas, puede proporcionar una ayuda inestimable para obtener un estatus legal en EE.UU. En The PD Law Firm, P.A., tenemos un profundo conocimiento de las leyes estadounidenses y podemos ayudar a los inmigrantes a determinar el mejor curso de acci\u00f3n para su situaci\u00f3n. Esto puede incluir determinar la elegibilidad para determinados visados, navegar por el proceso de solicitud y proporcionar representaci\u00f3n ante los tribunales si es necesario.<\/p>\n\n<p>Nuestro abogado puede ayudarte con la autorizaci\u00f3n de empleo, las peticiones basadas en la familia y la naturalizaci\u00f3n (convertirse en ciudadano estadounidense). Tambi\u00e9n podemos ofrecerte orientaci\u00f3n sobre c\u00f3mo mantener la situaci\u00f3n legal y evitar problemas que podr\u00edan poner en peligro tu capacidad para permanecer en el pa\u00eds.<\/p>\n\n<h2 class=\"wp-block-heading\">Navegar por las diferencias culturales<\/h2>\n\n<p>Los inmigrantes brasile\u00f1os pueden enfrentarse a diferencias culturales que dificulten a\u00fan m\u00e1s el proceso. El abogado Pedro Dearaujo est\u00e1 familiarizado con la cultura y el idioma brasile\u00f1os, lo que significa que podemos ayudar a salvar esta distancia y ofrecer una experiencia m\u00e1s c\u00f3moda y personalizada a los clientes.<\/p>\n\n<p>Adem\u00e1s, contar con un abogado de inmigraci\u00f3n brasile\u00f1o en Houston, Texas, que hable portugu\u00e9s puede ser incre\u00edblemente beneficioso para las personas que no se sientan c\u00f3modas comunic\u00e1ndose en ingl\u00e9s durante un proceso tan cr\u00edtico. Podemos explicar conceptos jur\u00eddicos complejos y asegurarnos de que todos los documentos importantes se traducen con precisi\u00f3n.<\/p>\n\n<h2 class=\"wp-block-heading\">Simplifica tu viaje de inmigraci\u00f3n<\/h2>\n\n<p>Inmigrar a EE.UU. puede parecer desalentador y abrumador. Sin embargo, con la ayuda de un abogado de inmigraci\u00f3n brasile\u00f1o de confianza en Houston, Texas, navegar por el sistema legal puede resultar mucho m\u00e1s manejable. En The PD Law Firm, P.A., Pedro Dearaujo se compromete a proporcionar una representaci\u00f3n legal compasiva y eficaz a los clientes. Ponte en contacto con nosotros para una consulta y da el primer paso hoy mismo.<\/p>\n","protected":false},"excerpt":{"rendered":"<p>Cuando se trata de inmigrar a EE.UU., navegar por el complejo sistema legal puede resultar abrumador y confuso. Esto es especialmente cierto para los inmigrantes brasile\u00f1os que pueden no estar familiarizados con las leyes y procedimientos estadounidenses. Un abogado experto en inmigraci\u00f3n brasile\u00f1a que preste sus servicios en Houston, Texas, puede proporcionar orientaci\u00f3n y apoyo durante todo el proceso. En The PD Law Firm, P.A., nuestro equipo se dedica a ayudar a personas de todos los or\u00edgenes a alcanzar su sue\u00f1o americano. El abogado, Pedro Dearaujo, comprende los retos \u00fanicos a los que se enfrentan los inmigrantes brasile\u00f1os y se compromete a proporcionar una representaci\u00f3n legal compasiva y eficaz. Comprender el sistema de inmigraci\u00f3n de EE.UU. Estados Unidos tiene un sistema de inmigraci\u00f3n que cambia y evoluciona constantemente. El proceso de obtenci\u00f3n de un visado o una tarjeta verde puede ser largo debido a los muchos requisitos y posibles obst\u00e1culos que hay en el camino. Es importante que los inmigrantes brasile\u00f1os conozcan a fondo el sistema para poder desenvolverse con \u00e9xito. Uno de los aspectos m\u00e1s importantes de la ley de inmigraci\u00f3n estadounidense es el concepto de &#8220;estatus legal&#8221;. Se refiere al derecho legal de un inmigrante a vivir y trabajar en el pa\u00eds. Hay distintos tipos de estatus legales, como el de residente permanente (tener una tarjeta verde) y el de visado temporal. \u00bfQu\u00e9 tipos de visados est\u00e1n disponibles para los inmigrantes brasile\u00f1os? Los inmigrantes brasile\u00f1os tienen varias opciones a la hora de obtener un visado o la residencia permanente en Estados Unidos. Entre ellas est\u00e1n: Cada tipo de visado tiene sus propios requisitos y limitaciones. Por ejemplo, los visados basados en el empleo requieren una oferta de trabajo de un empleador estadounidense, mientras que los visados basados en la familia deben contar con el patrocinio de un ciudadano estadounidense o de un familiar residente permanente. El papel de un abogado de inmigraci\u00f3n Un abogado brasile\u00f1o al servicio de la inmigraci\u00f3n en Houston, Texas, puede proporcionar una ayuda inestimable para obtener un estatus legal en EE.UU. En The PD Law Firm, P.A., tenemos un profundo conocimiento de las leyes estadounidenses y podemos ayudar a los inmigrantes a determinar el mejor curso de acci\u00f3n para su situaci\u00f3n. Esto puede incluir determinar la elegibilidad para determinados visados, navegar por el proceso de solicitud y proporcionar representaci\u00f3n ante los tribunales si es necesario. Nuestro abogado puede ayudarte con la autorizaci\u00f3n de empleo, las peticiones basadas en la familia y la naturalizaci\u00f3n (convertirse en ciudadano estadounidense). Tambi\u00e9n podemos ofrecerte orientaci\u00f3n sobre c\u00f3mo mantener la situaci\u00f3n legal y evitar problemas que podr\u00edan poner en peligro tu capacidad para permanecer en el pa\u00eds. Navegar por las diferencias culturales Los inmigrantes brasile\u00f1os pueden enfrentarse a diferencias culturales que dificulten a\u00fan m\u00e1s el proceso. El abogado Pedro Dearaujo est\u00e1 familiarizado con la cultura y el idioma brasile\u00f1os, lo que significa que podemos ayudar a salvar esta distancia y ofrecer una experiencia m\u00e1s c\u00f3moda y personalizada a los clientes. Adem\u00e1s, contar con un abogado de inmigraci\u00f3n brasile\u00f1o en Houston, Texas, que hable portugu\u00e9s puede ser incre\u00edblemente beneficioso para las personas que no se sientan c\u00f3modas comunic\u00e1ndose en ingl\u00e9s durante un proceso tan cr\u00edtico. Podemos explicar conceptos jur\u00eddicos complejos y asegurarnos de que todos los documentos importantes se traducen con precisi\u00f3n. Simplifica tu viaje de inmigraci\u00f3n Inmigrar a EE.UU. puede parecer desalentador y abrumador. Sin embargo, con la ayuda de un abogado de inmigraci\u00f3n brasile\u00f1o de confianza en Houston, Texas, navegar por el sistema legal puede resultar mucho m\u00e1s manejable. En The PD Law Firm, P.A., Pedro Dearaujo se compromete a proporcionar una representaci\u00f3n legal compasiva y eficaz a los clientes. Ponte en contacto con nosotros para una consulta y da el primer paso hoy mismo.<\/p>\n","protected":false},"author":1,"featured_media":603,"parent":0,"menu_order":0,"comment_status":"closed","ping_status":"closed","template":"","meta":{"_seopress_robots_primary_cat":"","_seopress_titles_title":"","_seopress_titles_desc":"\u00bfBuscas un abogado de inmigraci\u00f3n brasile\u00f1o en Houston, TX? Llama a The PD Law Firm, P.A. para obtener la ayuda experta del abogado Pedro Dearaujo y alcanzar tu sue\u00f1o americano.","_seopress_robots_index":"","footnotes":""},"class_list":["post-1221","page","type-page","status-publish","has-post-thumbnail","hentry","entry","post-inner"],"_links":{"self":[{"href":"https:\/\/pdlaworlando.com\/es\/wp-json\/wp\/v2\/pages\/1221","targetHints":{"allow":["GET"]}}],"collection":[{"href":"https:\/\/pdlaworlando.com\/es\/wp-json\/wp\/v2\/pages"}],"about":[{"href":"https:\/\/pdlaworlando.com\/es\/wp-json\/wp\/v2\/types\/page"}],"author":[{"embeddable":true,"href":"https:\/\/pdlaworlando.com\/es\/wp-json\/wp\/v2\/users\/1"}],"replies":[{"embeddable":true,"href":"https:\/\/pdlaworlando.com\/es\/wp-json\/wp\/v2\/comments?post=1221"}],"version-history":[{"count":1,"href":"https:\/\/pdlaworlando.com\/es\/wp-json\/wp\/v2\/pages\/1221\/revisions"}],"predecessor-version":[{"id":1222,"href":"https:\/\/pdlaworlando.com\/es\/wp-json\/wp\/v2\/pages\/1221\/revisions\/1222"}],"wp:featuredmedia":[{"embeddable":true,"href":"https:\/\/pdlaworlando.com\/es\/wp-json\/wp\/v2\/media\/603"}],"wp:attachment":[{"href":"https:\/\/pdlaworlando.com\/es\/wp-json\/wp\/v2\/media?parent=1221"}],"curies":[{"name":"wp","href":"https:\/\/api.w.org\/{rel}","templated":true}]}}