{"id":1230,"date":"2024-05-29T16:22:11","date_gmt":"2024-05-29T21:22:11","guid":{"rendered":"https:\/\/pdlaworlando.com\/abogado-de-inmigracion-de-ee-uu-al-servicio-de-rio-de-janeiro-brasil\/"},"modified":"2024-05-29T16:24:36","modified_gmt":"2024-05-29T21:24:36","slug":"abogado-de-inmigracion-de-ee-uu-al-servicio-de-rio-de-janeiro-brasil","status":"publish","type":"page","link":"https:\/\/pdlaworlando.com\/es\/abogado-de-inmigracion-de-ee-uu-al-servicio-de-rio-de-janeiro-brasil\/","title":{"rendered":"Abogado de Inmigraci\u00f3n de EE.UU. al servicio de R\u00edo de Janeiro, Brasil"},"content":{"rendered":"<div class=\"wp-block-image\">\n<figure class=\"alignright size-full is-resized\"><img loading=\"lazy\" decoding=\"async\" width=\"1000\" height=\"662\" src=\"https:\/\/pdlaworlando.com\/wp-content\/uploads\/U.S.-Immigration-Attorney-serving-Rio-de-Janeiro-Brazil-.jpg\" alt=\"Abogado de Inmigraci&#xF3;n de EE.UU. al servicio de R&#xED;o de Janeiro, Brasil  \" class=\"wp-image-1224\" style=\"width:322px;height:auto\" srcset=\"https:\/\/pdlaworlando.com\/wp-content\/uploads\/U.S.-Immigration-Attorney-serving-Rio-de-Janeiro-Brazil-.jpg 1000w, https:\/\/pdlaworlando.com\/wp-content\/uploads\/U.S.-Immigration-Attorney-serving-Rio-de-Janeiro-Brazil--300x199.jpg 300w, https:\/\/pdlaworlando.com\/wp-content\/uploads\/U.S.-Immigration-Attorney-serving-Rio-de-Janeiro-Brazil--768x508.jpg 768w\" sizes=\"auto, (max-width: 1000px) 100vw, 1000px\" \/><\/figure>\n<\/div>\n<p>No importa en qu\u00e9 parte del mundo te encuentres, Estados Unidos es un destino popular para quienes quieren empezar una nueva vida. La diversidad cultural y las abundantes oportunidades la convierten en una opci\u00f3n atractiva para muchas personas. Sin embargo, el proceso de inmigraci\u00f3n puede parecer complicado y abrumador sin la orientaci\u00f3n de un abogado especializado. Un <a href=\"https:\/\/en.wikipedia.org\/wiki\/Immigration_by_country#United_States_2\">abogado de inmigraci\u00f3n<\/a> estadounidense en <a href=\"https:\/\/en.wikipedia.org\/wiki\/Rio_de_Janeiro\">R\u00edo de Janeiro, Brasil<\/a>, puede simplificar el proceso y aumentar tus posibilidades de \u00e9xito.<\/p>\n\n<p>En <a href=\"\/\">The PD Law Firm, P.A<\/a>., conocemos los retos a los que se enfrentan las personas y las familias cuando navegan por el sistema de inmigraci\u00f3n estadounidense. Llama ahora para hablar con el abogado de Estados Unidos Pedro Dearaujo y comprueba por qu\u00e9 tantos clientes han confiado en nosotros para sus necesidades legales.<\/p>\n\n<h2 class=\"wp-block-heading\">Comprender tu situaci\u00f3n de inmigraci\u00f3n<\/h2>\n\n<p>El primer paso en el proceso de inmigraci\u00f3n es determinar tu situaci\u00f3n actual. Esto te ayudar\u00e1 a determinar qu\u00e9 camino debes tomar y qu\u00e9 opciones tienes a tu disposici\u00f3n. Nuestro abogado de inmigraci\u00f3n puede revisar tus documentos y evaluar tu elegibilidad para diversas categor\u00edas de visado. Aqu\u00ed tienes un breve resumen de cada uno de ellos:<\/p>\n\n<ul class=\"wp-block-list\">\n<li><strong>\n  <a href=\"https:\/\/pdlaworlando.com\/es\/inmigracion\/peticiones-familiares\/\">Visados familiares<\/a>\n<\/strong>: Quienes tengan un pariente cercano que sea ciudadano estadounidense o residente permanente pueden optar a un visado basado en la familia.<\/li>\n\n\n\n<li><a href=\"https:\/\/pdlaworlando.com\/es\/inmigracion\/matrimonio-y-prometido\/\">\n  <strong>Peticiones de prometidos<\/strong>\n<\/a>: El visado K1 permite a los ciudadanos estadounidenses traer a su prometido a Estados Unidos con la intenci\u00f3n de casarse en un plazo de 90 d\u00edas.<\/li>\n\n\n\n<li><a href=\"https:\/\/pdlaworlando.com\/es\/inmigracion\/empresas\/\">\n  <strong>Visados de trabajo<\/strong>\n<\/a>: Si tienes una oferta de trabajo de un empleador estadounidense, puedes obtener un visado basado en el empleo.<\/li>\n\n\n\n<li><a href=\"https:\/\/pdlaworlando.com\/es\/inmigracion\/estudiantes\/\">\n  <strong>Visados para estudios<\/strong>\n<\/a>: Si vienes a EE.UU. a estudiar o investigar, existen varias categor\u00edas de visados para estudiantes y visitantes de intercambio.<\/li>\n<\/ul>\n\n<h2 class=\"wp-block-heading\">Navegar por el proceso de inmigraci\u00f3n<\/h2>\n\n<p>Una vez determinado tu estatus e identificada la categor\u00eda de visado adecuada, un abogado de inmigraci\u00f3n estadounidense que preste sus servicios en R\u00edo de Janeiro, Brasil, puede guiarte a trav\u00e9s de la solicitud. Esto incluye rellenar formularios, reunir documentos justificativos y recopilar pruebas para demostrar tu admisibilidad. Pedro Dearaujo puede garantizar que tu solicitud sea correcta y se presente a tiempo.  <\/p>\n\n<h3 class=\"wp-block-heading\">Evitar errores<\/h3>\n\n<p>Incluso un peque\u00f1o error en tu solicitud puede provocar retrasos o incluso la denegaci\u00f3n. Un abogado de inmigraci\u00f3n sabe c\u00f3mo evitar errores comunes que ponen en peligro tus posibilidades de \u00e9xito. Tambi\u00e9n pueden orientarte sobre c\u00f3mo gestionar las solicitudes de informaci\u00f3n adicional o entrevistas del gobierno estadounidense.<\/p>\n\n<h3 class=\"wp-block-heading\">Estar al d\u00eda de los cambios<\/h3>\n\n<p>El sistema de inmigraci\u00f3n de EE.UU. est\u00e1 en constante cambio, con nuevas leyes y pol\u00edticas que se aplican con regularidad. Un abogado de inmigraci\u00f3n estadounidense que preste sus servicios en R\u00edo de Janeiro, Brasil, puede estar al tanto de estos cambios y proporcionar informaci\u00f3n sobre c\u00f3mo pueden afectar a tu caso. Tambi\u00e9n pueden ayudarte con las actualizaciones o ajustes necesarios de tu solicitud, seg\u00fan sea necesario.<\/p>\n\n<h2 class=\"wp-block-heading\">Habla tu idioma<\/h2>\n\n<p>En The PD Law Firm, P.A., comprendemos la importancia de una comunicaci\u00f3n clara. El abogado Pedro Dearaujo habla ingl\u00e9s y portugu\u00e9s con fluidez, lo que garantiza que no haya barreras ling\u00fc\u00edsticas entre t\u00fa y tu representaci\u00f3n legal. Esto tambi\u00e9n puede aliviar cualquier confusi\u00f3n o malentendido que pueda surgir sobre tu caso.<\/p>\n\n<h2 class=\"wp-block-heading\">Consigue tus objetivos de inmigraci\u00f3n<\/h2>\n\n<p>Si est\u00e1s pensando en emigrar a Estados Unidos, no realices el proceso solo. Consultar con un abogado de inmigraci\u00f3n estadounidense que preste sus servicios en R\u00edo de Janeiro, Brasil, puede marcar la diferencia a la hora de conseguir tus objetivos y empezar una nueva vida en EE.UU. Ponte en contacto con The PD Law Firm, P.A. para reservar una consulta con el abogado Pedro Dearaujo y empezar a avanzar hacia un futuro mejor.<\/p>\n","protected":false},"excerpt":{"rendered":"<p>No importa en qu\u00e9 parte del mundo te encuentres, Estados Unidos es un destino popular para quienes quieren empezar una nueva vida. La diversidad cultural y las abundantes oportunidades la convierten en una opci\u00f3n atractiva para muchas personas. Sin embargo, el proceso de inmigraci\u00f3n puede parecer complicado y abrumador sin la orientaci\u00f3n de un abogado especializado. Un abogado de inmigraci\u00f3n estadounidense en R\u00edo de Janeiro, Brasil, puede simplificar el proceso y aumentar tus posibilidades de \u00e9xito. En The PD Law Firm, P.A., conocemos los retos a los que se enfrentan las personas y las familias cuando navegan por el sistema de inmigraci\u00f3n estadounidense. Llama ahora para hablar con el abogado de Estados Unidos Pedro Dearaujo y comprueba por qu\u00e9 tantos clientes han confiado en nosotros para sus necesidades legales. Comprender tu situaci\u00f3n de inmigraci\u00f3n El primer paso en el proceso de inmigraci\u00f3n es determinar tu situaci\u00f3n actual. Esto te ayudar\u00e1 a determinar qu\u00e9 camino debes tomar y qu\u00e9 opciones tienes a tu disposici\u00f3n. Nuestro abogado de inmigraci\u00f3n puede revisar tus documentos y evaluar tu elegibilidad para diversas categor\u00edas de visado. Aqu\u00ed tienes un breve resumen de cada uno de ellos: Navegar por el proceso de inmigraci\u00f3n Una vez determinado tu estatus e identificada la categor\u00eda de visado adecuada, un abogado de inmigraci\u00f3n estadounidense que preste sus servicios en R\u00edo de Janeiro, Brasil, puede guiarte a trav\u00e9s de la solicitud. Esto incluye rellenar formularios, reunir documentos justificativos y recopilar pruebas para demostrar tu admisibilidad. Pedro Dearaujo puede garantizar que tu solicitud sea correcta y se presente a tiempo. Evitar errores Incluso un peque\u00f1o error en tu solicitud puede provocar retrasos o incluso la denegaci\u00f3n. Un abogado de inmigraci\u00f3n sabe c\u00f3mo evitar errores comunes que ponen en peligro tus posibilidades de \u00e9xito. Tambi\u00e9n pueden orientarte sobre c\u00f3mo gestionar las solicitudes de informaci\u00f3n adicional o entrevistas del gobierno estadounidense. Estar al d\u00eda de los cambios El sistema de inmigraci\u00f3n de EE.UU. est\u00e1 en constante cambio, con nuevas leyes y pol\u00edticas que se aplican con regularidad. Un abogado de inmigraci\u00f3n estadounidense que preste sus servicios en R\u00edo de Janeiro, Brasil, puede estar al tanto de estos cambios y proporcionar informaci\u00f3n sobre c\u00f3mo pueden afectar a tu caso. Tambi\u00e9n pueden ayudarte con las actualizaciones o ajustes necesarios de tu solicitud, seg\u00fan sea necesario. Habla tu idioma En The PD Law Firm, P.A., comprendemos la importancia de una comunicaci\u00f3n clara. El abogado Pedro Dearaujo habla ingl\u00e9s y portugu\u00e9s con fluidez, lo que garantiza que no haya barreras ling\u00fc\u00edsticas entre t\u00fa y tu representaci\u00f3n legal. Esto tambi\u00e9n puede aliviar cualquier confusi\u00f3n o malentendido que pueda surgir sobre tu caso. Consigue tus objetivos de inmigraci\u00f3n Si est\u00e1s pensando en emigrar a Estados Unidos, no realices el proceso solo. Consultar con un abogado de inmigraci\u00f3n estadounidense que preste sus servicios en R\u00edo de Janeiro, Brasil, puede marcar la diferencia a la hora de conseguir tus objetivos y empezar una nueva vida en EE.UU. Ponte en contacto con The PD Law Firm, P.A. para reservar una consulta con el abogado Pedro Dearaujo y empezar a avanzar hacia un futuro mejor.<\/p>\n","protected":false},"author":1,"featured_media":1226,"parent":0,"menu_order":0,"comment_status":"closed","ping_status":"closed","template":"","meta":{"_seopress_robots_primary_cat":"","_seopress_titles_title":"","_seopress_titles_desc":"\u00bfNecesitas un abogado de inmigraci\u00f3n de EE.UU. en R\u00edo de Janeiro? Ponte en contacto con The PD Law Firm, P.A. para obtener orientaci\u00f3n experta del abogado Pedro Dearaujo para simplificar tu viaje de inmigraci\u00f3n.","_seopress_robots_index":"","footnotes":""},"class_list":["post-1230","page","type-page","status-publish","has-post-thumbnail","hentry","entry","post-inner"],"_links":{"self":[{"href":"https:\/\/pdlaworlando.com\/es\/wp-json\/wp\/v2\/pages\/1230","targetHints":{"allow":["GET"]}}],"collection":[{"href":"https:\/\/pdlaworlando.com\/es\/wp-json\/wp\/v2\/pages"}],"about":[{"href":"https:\/\/pdlaworlando.com\/es\/wp-json\/wp\/v2\/types\/page"}],"author":[{"embeddable":true,"href":"https:\/\/pdlaworlando.com\/es\/wp-json\/wp\/v2\/users\/1"}],"replies":[{"embeddable":true,"href":"https:\/\/pdlaworlando.com\/es\/wp-json\/wp\/v2\/comments?post=1230"}],"version-history":[{"count":1,"href":"https:\/\/pdlaworlando.com\/es\/wp-json\/wp\/v2\/pages\/1230\/revisions"}],"predecessor-version":[{"id":1231,"href":"https:\/\/pdlaworlando.com\/es\/wp-json\/wp\/v2\/pages\/1230\/revisions\/1231"}],"wp:featuredmedia":[{"embeddable":true,"href":"https:\/\/pdlaworlando.com\/es\/wp-json\/wp\/v2\/media\/1226"}],"wp:attachment":[{"href":"https:\/\/pdlaworlando.com\/es\/wp-json\/wp\/v2\/media?parent=1230"}],"curies":[{"name":"wp","href":"https:\/\/api.w.org\/{rel}","templated":true}]}}