{"id":1394,"date":"2025-12-18T19:10:17","date_gmt":"2025-12-19T00:10:17","guid":{"rendered":"https:\/\/pdlaworlando.com\/abogado-de-inmigracion-en-winter-park\/"},"modified":"2025-12-18T19:18:22","modified_gmt":"2025-12-19T00:18:22","slug":"abogado-de-inmigracion-en-winter-park","status":"publish","type":"page","link":"https:\/\/pdlaworlando.com\/es\/abogado-de-inmigracion-en-winter-park\/","title":{"rendered":"Abogado de Inmigraci\u00f3n en Winter Park"},"content":{"rendered":"\n<h2 class=\"wp-block-heading\">Tu bufete de abogados de inmigraci\u00f3n de Winter Park<\/h2>\n\n<p>Encontrar una representaci\u00f3n legal experimentada para asuntos de inmigraci\u00f3n en <a href=\"https:\/\/cityofwinterpark.org\/\" data-type=\"link\" data-id=\"https:\/\/cityofwinterpark.org\/\">Winter<\/a> Park requiere un abogado que entienda tanto la ley federal de inmigraci\u00f3n como la comunidad local. <strong>PD Law Firm<\/strong>, dirigido por <a href=\"https:\/\/pdlaworlando.com\/es\/pedro-dearaujo\/\" data-type=\"page\" data-id=\"25\">el abogado Pedro Dearaujo<\/a>, ofrece servicios legales integrales de inmigraci\u00f3n a los residentes de Winter Park, familias y propietarios de negocios en todo el Condado de Orange.<\/p>\n\n<p>Winter Park, conocida por sus calles arboladas, su encanto hist\u00f3rico y su proximidad al Rollins College, atrae a profesionales, empresarios y familias de todo el mundo. Tanto si eres empresario en Park Avenue, estudiante en la zona de Rollins o una familia que se instala cerca de <a href=\"https:\/\/shopwinterparkvillage.com\/\" data-type=\"link\" data-id=\"https:\/\/shopwinterparkvillage.com\/\">Winter Park Village<\/a>, nuestro bufete ofrece orientaci\u00f3n personalizada en materia de inmigraci\u00f3n adaptada a tus circunstancias espec\u00edficas. <\/p>\n\n<h2 class=\"wp-block-heading\">Por qu\u00e9 los residentes de Winter Park eligen el bufete PD<\/h2>\n\n<p><strong>El abogado Pedro Dearaujo aporta<\/strong> una perspectiva \u00fanica a la ley de inmigraci\u00f3n. Nacido en Brasil y habiendo navegado \u00e9l mismo por el sistema de inmigraci\u00f3n estadounidense, comprende de primera mano los retos a los que se enfrentan los inmigrantes. Su experiencia en la Oficina del Defensor del Pueblo, donde se ocup\u00f3 de miles de casos y dirigi\u00f3 m\u00e1s de veinte juicios con jurado, perfeccion\u00f3 sus habilidades para litigar y su profundo conocimiento del sistema legal.  <\/p>\n\n<p><strong>Lo que diferencia a nuestra empresa:<\/strong><\/p>\n\n<ul class=\"wp-block-list\">\n<li><strong>Servicios multiling\u00fces:<\/strong> Nos comunicamos en ingl\u00e9s, portugu\u00e9s y espa\u00f1ol, garantizando una comprensi\u00f3n clara a lo largo de todo tu caso.<\/li>\n\n\n\n<li><strong>Experiencia en Derecho Federal:<\/strong> La ley de inmigraci\u00f3n es federal, lo que nos permite representar a clientes en cualquier lugar de Estados Unidos<\/li>\n\n\n\n<li><strong>Historial probado:<\/strong> Experiencia ante el USCIS, los Tribunales de Inmigraci\u00f3n y la Junta de Apelaciones de Inmigraci\u00f3n<\/li>\n\n\n\n<li><strong>Reconocimiento Super Lawyers:<\/strong> Seleccionado para Rising Stars gracias al reconocimiento de sus compa\u00f1eros y a sus logros profesionales<\/li>\n<\/ul>\n\n<h2 class=\"wp-block-heading\">Nuestros servicios de inmigraci\u00f3n<\/h2>\n\n<p>Nuestra pr\u00e1ctica en materia de inmigraci\u00f3n en Winter Park abarca todo el espectro de asuntos de inmigraci\u00f3n. A continuaci\u00f3n se ofrece un resumen de los principales servicios que prestamos a particulares, familias y empresas de la zona de Winter Park. <\/p>\n\n<figure class=\"wp-block-table\"><table class=\"has-fixed-layout\"><thead><tr><th>Categor\u00eda de servicio<\/th><th>Qu\u00e9 gestionamos<\/th><\/tr><\/thead><tbody><tr><td><strong>Inmigraci\u00f3n familiar<\/strong><\/td><td>Peticiones familiares (I-130), visados para c\u00f3nyuges, peticiones para padres e hijos, peticiones para hermanos, visados K-1 para prometidos, tarjetas de residencia por matrimonio<\/td><\/tr><tr><td><strong>Basado en el empleo<\/strong><\/td><td>EB-1 capacidad extraordinaria, EB-2 titulaciones superiores, Exenciones por Inter\u00e9s Nacional (NIW), E-2 visados de inversor, L-1 traslados dentro de una misma empresa<\/td><\/tr><tr><td><strong>Ciudadan\u00eda<\/strong><\/td><td>Solicitudes de naturalizaci\u00f3n (N-400), preparaci\u00f3n del examen de ciudadan\u00eda, orientaci\u00f3n sobre requisitos de residencia, casos de la Ley de Ciudadan\u00eda Infantil<\/td><\/tr><tr><td><strong>Visados de estudiante<\/strong><\/td><td>Visados acad\u00e9micos F-1, visados profesionales M-1, autorizaci\u00f3n de trabajo OPT\/CPT, cambio de estatus, pr\u00f3rrogas STEM<\/td><\/tr><tr><td><strong>Exenciones y exenciones<\/strong><\/td><td>Exenciones I-601, exenciones provisionales I-601A, permiso I-212 para volver a solicitarlo, documentaci\u00f3n sobre dificultades extremas<\/td><\/tr><tr><td><strong>Humanitario<\/strong><\/td><td>Solicitudes de asilo, retenci\u00f3n de expulsi\u00f3n, protecci\u00f3n de la Convenci\u00f3n contra la Tortura (CAT)<\/td><\/tr><\/tbody><\/table><\/figure>\n\n<h2 class=\"wp-block-heading\">Al servicio de la comunidad de Winter Park<\/h2>\n\n<p>El car\u00e1cter internacional de Winter Park hace que albergue una poblaci\u00f3n diversa con distintas necesidades de inmigraci\u00f3n. Desde ejecutivos que se trasladan a trabajar con empresas del cercano Parque de Investigaci\u00f3n de Florida Central hasta familias atra\u00eddas por las excelentes escuelas del condado de Orange, nuestro bufete atiende las necesidades espec\u00edficas de esta comunidad. <\/p>\n\n<p>Los estudiantes que asisten al Rollins College o a la Full Sail University a menudo necesitan orientaci\u00f3n para mantener el estatus F-1, buscar oportunidades de OPT o hacer la transici\u00f3n a visados de trabajo tras la graduaci\u00f3n. Los propietarios de empresas a lo largo de Park Avenue y en el distrito comercial de Winter Park pueden necesitar asistencia para el visado de inversor E-2 o ayuda para patrocinar a empleados clave. <\/p>\n\n<p>Nuestra oficina de Orlando, en 1601 Park Center Drive, est\u00e1 convenientemente situada a pocos minutos de Winter Park por la interestatal 4 o por carreteras locales. Tambi\u00e9n atendemos a los clientes mediante consultas telef\u00f3nicas y por v\u00eddeo para quienes prefieren las reuniones a distancia.<\/p>\n\n<h2 class=\"wp-block-heading\">C\u00f3mo trabajamos contigo<\/h2>\n\n<p>Cada caso de inmigraci\u00f3n comienza con la comprensi\u00f3n de tus objetivos y circunstancias espec\u00edficas. Nuestro enfoque incluye:<\/p>\n\n<ol class=\"wp-block-list\">\n<li><strong>Consulta inicial:<\/strong> Revisamos tu situaci\u00f3n, discutimos tus objetivos de inmigraci\u00f3n e identificamos la mejor v\u00eda legal para avanzar<\/li>\n\n\n\n<li><strong>Estrategia del caso:<\/strong> Desarrollamos un plan a medida basado en tu elegibilidad, requisitos temporales y objetivos a largo plazo.<\/li>\n\n\n\n<li><strong>Preparaci\u00f3n de documentos:<\/strong> Reunimos, organizamos y preparamos todos los formularios, pruebas y documentaci\u00f3n de apoyo necesarios.<\/li>\n\n\n\n<li><strong>Presentaci\u00f3n y seguimiento:<\/strong> Presentamos tus solicitudes y respondemos a cualquier petici\u00f3n de pruebas del USCIS<\/li>\n\n\n\n<li><strong>Preparaci\u00f3n de entrevistas:<\/strong> Te preparamos para las entrevistas con el USCIS y te representamos durante todo el proceso<\/li>\n<\/ol>\n\n<h2 class=\"wp-block-heading\">Preguntas frecuentes<\/h2>\n\n<h3 class=\"wp-block-heading\">\u00bfPuede PD Law Firm llevar mi caso de inmigraci\u00f3n aunque el despacho no est\u00e9 en Winter Park?<\/h3>\n\n<p>S\u00ed. La ley de inmigraci\u00f3n es una ley federal, lo que significa que el abogado Pedro Dearaujo puede representar a clientes en todo Estados Unidos, independientemente de d\u00f3nde se encuentre f\u00edsicamente su oficina. Nuestra oficina de Orlando est\u00e1 a un corto trayecto en coche de Winter Park, y tambi\u00e9n ofrecemos consultas por tel\u00e9fono y v\u00eddeo. Representamos regularmente a clientes en las oficinas del USCIS y en los Tribunales de Inmigraci\u00f3n de todo el pa\u00eds.<\/p>\n\n<h3 class=\"wp-block-heading\">Mi c\u00f3nyuge es de Brasil y habla poco ingl\u00e9s. \u00bfPuedes ayudarnos con el proceso del visado de matrimonio?<\/h3>\n\n<p>Absolutamente. El abogado Pedro Dearaujo habla con fluidez portugu\u00e9s, espa\u00f1ol e ingl\u00e9s. \u00c9l mismo naci\u00f3 en Brasil y comprende los retos culturales y ling\u00fc\u00edsticos a los que se enfrentan los inmigrantes brasile\u00f1os. Podemos comunicarnos con tu c\u00f3nyuge en portugu\u00e9s durante todo el proceso del visado K-1 de prometido o de la tarjeta verde por matrimonio, asegur\u00e1ndonos de que nada se pierda en la traducci\u00f3n.<\/p>\n\n<h3 class=\"wp-block-heading\">\u00bfCu\u00e1nto tiempo suele tardar la obtenci\u00f3n de la tarjeta verde por apadrinamiento familiar?<\/h3>\n\n<p>Los plazos de tramitaci\u00f3n var\u00edan significativamente en funci\u00f3n de tu parentesco con el solicitante y del pa\u00eds de origen. Los familiares directos de ciudadanos estadounidenses (c\u00f3nyuges, hijos solteros menores de 21 a\u00f1os y padres) no tienen periodo de espera para la obtenci\u00f3n del visado. Otras categor\u00edas de preferencia familiar pueden tener tiempos de espera que van de varios meses a varios a\u00f1os. Durante tu consulta, revisaremos los plazos de tramitaci\u00f3n actuales para tu situaci\u00f3n concreta y te ayudaremos a comprender el calendario realista.<\/p>\n\n<h3 class=\"wp-block-heading\">Soy licenciado universitario. \u00bfCu\u00e1les son mis opciones para permanecer en EE.UU. despu\u00e9s de que expire?<\/h3>\n\n<p>Puede haber varias v\u00edas disponibles en funci\u00f3n de tu campo de estudio y situaci\u00f3n laboral. Si tienes un t\u00edtulo STEM, puedes optar a una pr\u00f3rroga OPT STEM de 24 meses. Adem\u00e1s de la OPT, las opciones incluyen los visados H-1B patrocinados por la empresa, los visados O-1 para personas con aptitudes extraordinarias o las tarjetas verdes EB-2\/EB-3 basadas en el empleo. Algunos titulados tambi\u00e9n pueden optar a categor\u00edas de autopetici\u00f3n como la Exenci\u00f3n de Inter\u00e9s Nacional EB-2. Podemos evaluar tus cualificaciones y ayudarte a identificar la mejor estrategia para tus objetivos profesionales.<\/p>\n\n<div style=\"height:74px\" aria-hidden=\"true\" class=\"wp-block-spacer\"><\/div>\n","protected":false},"excerpt":{"rendered":"<p>Tu bufete de abogados de inmigraci\u00f3n de Winter Park Encontrar una representaci\u00f3n legal experimentada para asuntos de inmigraci\u00f3n en Winter Park requiere un abogado que entienda tanto la ley federal de inmigraci\u00f3n como la comunidad local. PD Law Firm, dirigido por el abogado Pedro Dearaujo, ofrece servicios legales integrales de inmigraci\u00f3n a los residentes de Winter Park, familias y propietarios de negocios en todo el Condado de Orange. Winter Park, conocida por sus calles arboladas, su encanto hist\u00f3rico y su proximidad al Rollins College, atrae a profesionales, empresarios y familias de todo el mundo. Tanto si eres empresario en Park Avenue, estudiante en la zona de Rollins o una familia que se instala cerca de Winter Park Village, nuestro bufete ofrece orientaci\u00f3n personalizada en materia de inmigraci\u00f3n adaptada a tus circunstancias espec\u00edficas. Por qu\u00e9 los residentes de Winter Park eligen el bufete PD El abogado Pedro Dearaujo aporta una perspectiva \u00fanica a la ley de inmigraci\u00f3n. Nacido en Brasil y habiendo navegado \u00e9l mismo por el sistema de inmigraci\u00f3n estadounidense, comprende de primera mano los retos a los que se enfrentan los inmigrantes. Su experiencia en la Oficina del Defensor del Pueblo, donde se ocup\u00f3 de miles de casos y dirigi\u00f3 m\u00e1s de veinte juicios con jurado, perfeccion\u00f3 sus habilidades para litigar y su profundo conocimiento del sistema legal. Lo que diferencia a nuestra empresa: Nuestros servicios de inmigraci\u00f3n Nuestra pr\u00e1ctica en materia de inmigraci\u00f3n en Winter Park abarca todo el espectro de asuntos de inmigraci\u00f3n. A continuaci\u00f3n se ofrece un resumen de los principales servicios que prestamos a particulares, familias y empresas de la zona de Winter Park. Categor\u00eda de servicio Qu\u00e9 gestionamos Inmigraci\u00f3n familiar Peticiones familiares (I-130), visados para c\u00f3nyuges, peticiones para padres e hijos, peticiones para hermanos, visados K-1 para prometidos, tarjetas de residencia por matrimonio Basado en el empleo EB-1 capacidad extraordinaria, EB-2 titulaciones superiores, Exenciones por Inter\u00e9s Nacional (NIW), E-2 visados de inversor, L-1 traslados dentro de una misma empresa Ciudadan\u00eda Solicitudes de naturalizaci\u00f3n (N-400), preparaci\u00f3n del examen de ciudadan\u00eda, orientaci\u00f3n sobre requisitos de residencia, casos de la Ley de Ciudadan\u00eda Infantil Visados de estudiante Visados acad\u00e9micos F-1, visados profesionales M-1, autorizaci\u00f3n de trabajo OPT\/CPT, cambio de estatus, pr\u00f3rrogas STEM Exenciones y exenciones Exenciones I-601, exenciones provisionales I-601A, permiso I-212 para volver a solicitarlo, documentaci\u00f3n sobre dificultades extremas Humanitario Solicitudes de asilo, retenci\u00f3n de expulsi\u00f3n, protecci\u00f3n de la Convenci\u00f3n contra la Tortura (CAT) Al servicio de la comunidad de Winter Park El car\u00e1cter internacional de Winter Park hace que albergue una poblaci\u00f3n diversa con distintas necesidades de inmigraci\u00f3n. Desde ejecutivos que se trasladan a trabajar con empresas del cercano Parque de Investigaci\u00f3n de Florida Central hasta familias atra\u00eddas por las excelentes escuelas del condado de Orange, nuestro bufete atiende las necesidades espec\u00edficas de esta comunidad. Los estudiantes que asisten al Rollins College o a la Full Sail University a menudo necesitan orientaci\u00f3n para mantener el estatus F-1, buscar oportunidades de OPT o hacer la transici\u00f3n a visados de trabajo tras la graduaci\u00f3n. Los propietarios de empresas a lo largo de Park Avenue y en el distrito comercial de Winter Park pueden necesitar asistencia para el visado de inversor E-2 o ayuda para patrocinar a empleados clave. Nuestra oficina de Orlando, en 1601 Park Center Drive, est\u00e1 convenientemente situada a pocos minutos de Winter Park por la interestatal 4 o por carreteras locales. Tambi\u00e9n atendemos a los clientes mediante consultas telef\u00f3nicas y por v\u00eddeo para quienes prefieren las reuniones a distancia. C\u00f3mo trabajamos contigo Cada caso de inmigraci\u00f3n comienza con la comprensi\u00f3n de tus objetivos y circunstancias espec\u00edficas. Nuestro enfoque incluye: Preguntas frecuentes \u00bfPuede PD Law Firm llevar mi caso de inmigraci\u00f3n aunque el despacho no est\u00e9 en Winter Park? S\u00ed. La ley de inmigraci\u00f3n es una ley federal, lo que significa que el abogado Pedro Dearaujo puede representar a clientes en todo Estados Unidos, independientemente de d\u00f3nde se encuentre f\u00edsicamente su oficina. Nuestra oficina de Orlando est\u00e1 a un corto trayecto en coche de Winter Park, y tambi\u00e9n ofrecemos consultas por tel\u00e9fono y v\u00eddeo. Representamos regularmente a clientes en las oficinas del USCIS y en los Tribunales de Inmigraci\u00f3n de todo el pa\u00eds. Mi c\u00f3nyuge es de Brasil y habla poco ingl\u00e9s. \u00bfPuedes ayudarnos con el proceso del visado de matrimonio? Absolutamente. El abogado Pedro Dearaujo habla con fluidez portugu\u00e9s, espa\u00f1ol e ingl\u00e9s. \u00c9l mismo naci\u00f3 en Brasil y comprende los retos culturales y ling\u00fc\u00edsticos a los que se enfrentan los inmigrantes brasile\u00f1os. Podemos comunicarnos con tu c\u00f3nyuge en portugu\u00e9s durante todo el proceso del visado K-1 de prometido o de la tarjeta verde por matrimonio, asegur\u00e1ndonos de que nada se pierda en la traducci\u00f3n. \u00bfCu\u00e1nto tiempo suele tardar la obtenci\u00f3n de la tarjeta verde por apadrinamiento familiar? Los plazos de tramitaci\u00f3n var\u00edan significativamente en funci\u00f3n de tu parentesco con el solicitante y del pa\u00eds de origen. Los familiares directos de ciudadanos estadounidenses (c\u00f3nyuges, hijos solteros menores de 21 a\u00f1os y padres) no tienen periodo de espera para la obtenci\u00f3n del visado. Otras categor\u00edas de preferencia familiar pueden tener tiempos de espera que van de varios meses a varios a\u00f1os. Durante tu consulta, revisaremos los plazos de tramitaci\u00f3n actuales para tu situaci\u00f3n concreta y te ayudaremos a comprender el calendario realista. Soy licenciado universitario. \u00bfCu\u00e1les son mis opciones para permanecer en EE.UU. despu\u00e9s de que expire? Puede haber varias v\u00edas disponibles en funci\u00f3n de tu campo de estudio y situaci\u00f3n laboral. Si tienes un t\u00edtulo STEM, puedes optar a una pr\u00f3rroga OPT STEM de 24 meses. Adem\u00e1s de la OPT, las opciones incluyen los visados H-1B patrocinados por la empresa, los visados O-1 para personas con aptitudes extraordinarias o las tarjetas verdes EB-2\/EB-3 basadas en el empleo. Algunos titulados tambi\u00e9n pueden optar a categor\u00edas de autopetici\u00f3n como la Exenci\u00f3n de Inter\u00e9s Nacional EB-2. Podemos evaluar tus cualificaciones y ayudarte a identificar la mejor estrategia para tus objetivos profesionales.<\/p>\n","protected":false},"author":1,"featured_media":1329,"parent":0,"menu_order":0,"comment_status":"closed","ping_status":"closed","template":"","meta":{"_seopress_robots_primary_cat":"","_seopress_titles_title":"Immigration Attorney Winter Park FL | PD Law Firm","_seopress_titles_desc":"Winter Park immigration attorney Pedro Dearaujo provides family visas, green cards & citizenship services. Multilingual firm serving Orange County. Call (407) 490-0696.","_seopress_robots_index":"","footnotes":""},"class_list":["post-1394","page","type-page","status-publish","has-post-thumbnail","hentry","entry","post-inner"],"_links":{"self":[{"href":"https:\/\/pdlaworlando.com\/es\/wp-json\/wp\/v2\/pages\/1394","targetHints":{"allow":["GET"]}}],"collection":[{"href":"https:\/\/pdlaworlando.com\/es\/wp-json\/wp\/v2\/pages"}],"about":[{"href":"https:\/\/pdlaworlando.com\/es\/wp-json\/wp\/v2\/types\/page"}],"author":[{"embeddable":true,"href":"https:\/\/pdlaworlando.com\/es\/wp-json\/wp\/v2\/users\/1"}],"replies":[{"embeddable":true,"href":"https:\/\/pdlaworlando.com\/es\/wp-json\/wp\/v2\/comments?post=1394"}],"version-history":[{"count":2,"href":"https:\/\/pdlaworlando.com\/es\/wp-json\/wp\/v2\/pages\/1394\/revisions"}],"predecessor-version":[{"id":1399,"href":"https:\/\/pdlaworlando.com\/es\/wp-json\/wp\/v2\/pages\/1394\/revisions\/1399"}],"wp:featuredmedia":[{"embeddable":true,"href":"https:\/\/pdlaworlando.com\/es\/wp-json\/wp\/v2\/media\/1329"}],"wp:attachment":[{"href":"https:\/\/pdlaworlando.com\/es\/wp-json\/wp\/v2\/media?parent=1394"}],"curies":[{"name":"wp","href":"https:\/\/api.w.org\/{rel}","templated":true}]}}