{"id":1407,"date":"2025-12-18T19:25:19","date_gmt":"2025-12-19T00:25:19","guid":{"rendered":"https:\/\/pdlaworlando.com\/abogado-de-inmigracion-en-orlovista\/"},"modified":"2025-12-18T19:25:59","modified_gmt":"2025-12-19T00:25:59","slug":"abogado-de-inmigracion-en-orlovista","status":"publish","type":"page","link":"https:\/\/pdlaworlando.com\/es\/abogado-de-inmigracion-en-orlovista\/","title":{"rendered":"Abogado de Inmigraci\u00f3n en Orlovista"},"content":{"rendered":"\n<h2 class=\"wp-block-heading\">Servicios Jur\u00eddicos de Inmigraci\u00f3n para Residentes Orlovenses<\/h2>\n\n<p><strong>PD Law Firm<\/strong> ofrece representaci\u00f3n experimentada en materia de inmigraci\u00f3n a los residentes de Orlovista y las comunidades circundantes del oeste del condado de Orange. <a href=\"https:\/\/pdlaworlando.com\/es\/pedro-dearaujo\/\" data-type=\"page\" data-id=\"25\">El abogado Pedro Dearaujo<\/a> entiende los retos de inmigraci\u00f3n a los que se enfrentan las familias y los trabajadores de este barrio diverso, y ofrece orientaci\u00f3n legal personalizada en ingl\u00e9s, portugu\u00e9s y espa\u00f1ol.<\/p>\n\n<p><a href=\"https:\/\/en.wikipedia.org\/wiki\/Orlo_Vista,_Florida\" data-type=\"link\" data-id=\"https:\/\/en.wikipedia.org\/wiki\/Orlo_Vista,_Florida\">Orlovista<\/a>, un lugar designado por el censo enclavado entre Orlando y Pine Hills a lo largo del corredor Orange Blossom Trail, alberga una vibrante comunidad inmigrante. Muchos residentes trabajan en los sectores cercanos de la hosteler\u00eda, la construcci\u00f3n y los servicios, mientras construyen sus vidas en Florida Central. Nuestro bufete se compromete a ayudar a <strong><em>familias orlovenses a navegar por el complejo sistema de inmigraci\u00f3n de EE.UU.<\/em><\/strong> y alcanzar sus objetivos de <a href=\"https:\/\/pdlaworlando.com\/es\/abogado-de-inmigracion-brasileno-florida\/\" data-type=\"post\" data-id=\"555\">residencia<\/a> permanente y <a href=\"https:\/\/pdlaworlando.com\/es\/inmigracion\/ciudadania\/\" data-type=\"page\" data-id=\"97\">ciudadan\u00eda<\/a>.  <\/p>\n\n<h2 class=\"wp-block-heading\">Por qu\u00e9 las familias orlovenses conf\u00edan en el bufete PD<\/h2>\n\n<p>La trayectoria personal del abogado Pedro Dearaujo en materia de inmigraci\u00f3n determina su enfoque de cada caso. Nacido en Brasil, se traslad\u00f3 a Estados Unidos con su familia cuando era adolescente y experiment\u00f3 el proceso de inmigraci\u00f3n de primera mano. Esta experiencia le da una visi\u00f3n \u00fanica de las preocupaciones y preguntas a las que se enfrentan las familias inmigrantes.  <\/p>\n\n<p>Antes de abrir su bufete privado, el Sr. Dearaujo trabaj\u00f3 en la Oficina del Defensor P\u00fablico, llevando miles de casos y realizando m\u00e1s de veinte juicios con jurado. Esta experiencia en los tribunales resulta inestimable a la hora de representar a clientes en procedimientos ante el Tribunal de Inmigraci\u00f3n o en asuntos complejos ante el USCIS. <\/p>\n\n<p><strong>Nuestro compromiso con los clientes de Orlovista:<\/strong><\/p>\n\n<ul class=\"wp-block-list\">\n<li><strong>Ubicaci\u00f3n accesible:<\/strong> Nuestra oficina de Orlando en 1601 Park Center Drive est\u00e1 a pocos minutos de Orlovista por West Colonial Drive o Pine Hills Road<\/li>\n\n\n\n<li><strong>Servicios ling\u00fc\u00edsticos:<\/strong> Nos comunicamos con fluidez en portugu\u00e9s, espa\u00f1ol e ingl\u00e9s<\/li>\n\n\n\n<li><strong>Consultas flexibles:<\/strong> Citas en persona, por tel\u00e9fono y por v\u00eddeo disponibles<\/li>\n\n\n\n<li><strong>Representaci\u00f3n federal:<\/strong> La ley de inmigraci\u00f3n es federal, lo que nos permite representarte en cualquier lugar de Estados Unidos<\/li>\n<\/ul>\n\n<h2 class=\"wp-block-heading\">Servicios de inmigraci\u00f3n que prestamos<\/h2>\n\n<p>Nuestro bufete se ocupa de toda la gama de asuntos de inmigraci\u00f3n para los residentes orlovacos y sus familias.<\/p>\n\n<figure class=\"wp-block-table\"><table class=\"has-fixed-layout\"><thead><tr><th>\u00c1rea de servicio<\/th><th>C\u00f3mo ayudamos<\/th><\/tr><\/thead><tbody><tr><td><strong>Peticiones familiares<\/strong><\/td><td>Patrocinar a c\u00f3nyuges, hijos, padres y hermanos para obtener la tarjeta verde mediante el formulario I-130<\/td><\/tr><tr><td><strong>Visados de matrimonio y para prometidos<\/strong><\/td><td>Visados K-1 para prometidos, peticiones conyugales, tarjetas de residencia por matrimonio, supresi\u00f3n de condiciones<\/td><\/tr><tr><td><strong>Visa de trabajo<\/strong><\/td><td>EB-1 capacidad extraordinaria, EB-2 titulaciones superiores, exenciones por inter\u00e9s nacional, visados para inversores empresariales<\/td><\/tr><tr><td><strong>Ciudadan\u00eda<\/strong><\/td><td>Solicitudes de naturalizaci\u00f3n (N-400), preparaci\u00f3n del examen de ciudadan\u00eda, casos de la Ley de Ciudadan\u00eda Infantil<\/td><\/tr><tr><td><strong>Renuncias<\/strong><\/td><td>Exenciones I-601, exenciones provisionales de presencia ilegal I-601A, casos de dificultades extremas<\/td><\/tr><tr><td><strong>Asilo<\/strong><\/td><td>Solicitudes de asilo afirmativas y defensivas, retenci\u00f3n de expulsi\u00f3n, protecci\u00f3n CAT<\/td><\/tr><tr><td><strong>Visados de estudiante<\/strong><\/td><td>Visados F-1 y M-1, autorizaci\u00f3n de trabajo OPT\/CPT, cambio de estatus<\/td><\/tr><tr><td><strong>Pr\u00f3rrogas de visado<\/strong><\/td><td>Prorrogar los visados de visitante B-1\/B-2, mantener la situaci\u00f3n legal, evitar la presencia ilegal<\/td><\/tr><\/tbody><\/table><\/figure>\n\n<h2 class=\"wp-block-heading\">Comprender las necesidades de inmigraci\u00f3n de Orlovista<\/h2>\n\n<p>La comunidad orlovista refleja el car\u00e1cter multicultural de Florida Central. Familias de Latinoam\u00e9rica, el Caribe, Brasil y otras regiones han echado ra\u00edces aqu\u00ed, atra\u00eddas por las oportunidades de empleo y la asequibilidad de la zona en comparaci\u00f3n con otros barrios de Orlando. <\/p>\n\n<p>Muchos residentes orlovacos se enfrentan a situaciones de inmigraci\u00f3n comunes de las que nos ocupamos con regularidad. Las familias con estatus mixto a menudo necesitan ayuda para entender c\u00f3mo un hijo o c\u00f3nyuge ciudadano estadounidense puede patrocinar a sus familiares para obtener la tarjeta verde. Los trabajadores que entraron con visados de turista pueden necesitar orientaci\u00f3n para cambiar de estatus o abordar cuestiones de presencia ilegal. Los residentes de larga duraci\u00f3n dispuestos a hacerse ciudadanos necesitan ayuda para prepararse para el proceso de naturalizaci\u00f3n.   <\/p>\n\n<p>La ubicaci\u00f3n de nuestra oficina, cerca de la intersecci\u00f3n de Kirkman Road y Conroy Road, nos sit\u00faa al alcance de Orlovista. Tanto si vienes de la zona de Pine Hills, como si est\u00e1s cerca de Hiawassee Road o en cualquier punto del corredor West Colonial, estamos accesibles y listos para ayudarte. <\/p>\n\n<h2 class=\"wp-block-heading\">El proceso de inmigraci\u00f3n: Qu\u00e9 esperar<\/h2>\n\n<p>Trabajar con el Bufete PD sigue un planteamiento directo dise\u00f1ado para mantenerte informado en cada fase.<\/p>\n\n<ol class=\"wp-block-list\">\n<li><strong>Consulta:<\/strong> Hablamos de tu situaci\u00f3n actual de inmigraci\u00f3n, tu situaci\u00f3n familiar y tus objetivos para identificar las v\u00edas legales disponibles<\/li>\n\n\n\n<li><strong>Evaluaci\u00f3n del caso:<\/strong> Evaluamos los requisitos de elegibilidad, los posibles obst\u00e1culos y los plazos realistas para tu situaci\u00f3n espec\u00edfica<\/li>\n\n\n\n<li><strong>Recopilaci\u00f3n de documentos:<\/strong> Te guiamos en la recopilaci\u00f3n de las pruebas, traducciones y materiales de apoyo necesarios<\/li>\n\n\n\n<li><strong>Preparaci\u00f3n de la solicitud:<\/strong> Rellenamos todos los formularios con precisi\u00f3n y recopilamos un paquete de solicitud exhaustivo<\/li>\n\n\n\n<li><strong>Presentaci\u00f3n y seguimiento:<\/strong> Presentamos tu caso y seguimos su evoluci\u00f3n a trav\u00e9s del USCIS o del sistema del Tribunal de Inmigraci\u00f3n<\/li>\n\n\n\n<li><strong>Apoyo en las entrevistas:<\/strong> Te preparamos para las entrevistas y te acompa\u00f1amos cuando se permite la representaci\u00f3n<\/li>\n<\/ol>\n\n<h2 class=\"wp-block-heading\">Preguntas frecuentes<\/h2>\n\n<h3 class=\"wp-block-heading\">Llevo varios a\u00f1os viviendo en Orlovista sin estatus legal. \u00bfHay alguna opci\u00f3n para obtener la tarjeta verde? <\/h3>\n\n<p>Tus opciones dependen de varios factores, como la forma en que entraste en Estados Unidos, tus relaciones familiares y si tienes alg\u00fan pariente ciudadano estadounidense o residente permanente. Si est\u00e1s casada con un ciudadano estadounidense y entraste con un visado (aunque se haya quedado m\u00e1s tiempo del permitido), es posible que puedas ajustar tu estatus sin salir del pa\u00eds. Si entraste sin inspecci\u00f3n, la exenci\u00f3n provisional I-601A puede reducir el tiempo que pasar\u00edas fuera de EE.UU. durante la tramitaci\u00f3n consular. Podemos evaluar tus circunstancias espec\u00edficas durante una consulta.   <\/p>\n\n<h3 class=\"wp-block-heading\">Mi madre es ciudadana estadounidense. \u00bfCu\u00e1nto tardar\u00e1 en conseguirme la tarjeta verde? <\/h3>\n\n<p>Si no est\u00e1s casado y eres menor de 21 a\u00f1os, puedes considerarte familiar directo sin periodo de espera para el visado: la tramitaci\u00f3n suele durar entre 12 y 18 meses, dependiendo de la carga de trabajo del USCIS. Si tienes m\u00e1s de 21 a\u00f1os o est\u00e1s casado, entras en una categor\u00eda de preferencia con tiempos de espera m\u00e1s largos que var\u00edan seg\u00fan el pa\u00eds de nacimiento. Los ciudadanos brasile\u00f1os, por ejemplo, suelen tener esperas m\u00e1s cortas que los solicitantes de M\u00e9xico o Filipinas. Podemos comprobar las fechas actuales del bolet\u00edn de visados para tu categor\u00eda espec\u00edfica.   <\/p>\n\n<h3 class=\"wp-block-heading\">\u00bfNecesito hablar ingl\u00e9s para ser ciudadano estadounidense?<\/h3>\n\n<p>El examen de naturalizaci\u00f3n incluye un componente de ingl\u00e9s en el que debes demostrar tu capacidad para leer, escribir y hablar ingl\u00e9s b\u00e1sico. Sin embargo, existen exenciones para los solicitantes de 50 a\u00f1os o m\u00e1s que hayan sido residentes permanentes durante al menos 20 a\u00f1os, o para los de 55 a\u00f1os o m\u00e1s con 15 a\u00f1os de residencia permanente. Tambi\u00e9n pueden aplicarse excepciones por discapacidad m\u00e9dica. Si tienes derecho a una exenci\u00f3n, puedes hacer el examen de educaci\u00f3n c\u00edvica en tu lengua materna con un int\u00e9rprete.   <\/p>\n\n<h3 class=\"wp-block-heading\">\u00bfPueden ayudarme si he recibido una notificaci\u00f3n para comparecer ante el Tribunal de Inmigraci\u00f3n?<\/h3>\n\n<p>S\u00ed. El abogado Dearaujo tiene experiencia representando a clientes en procedimientos de expulsi\u00f3n ante los Tribunales de Inmigraci\u00f3n. Si has recibido un Aviso de Comparecencia (NTA), es fundamental que respondas y asistas a todas las vistas. Dependiendo de tu situaci\u00f3n, es posible que podamos solicitar medidas como la cancelaci\u00f3n de la expulsi\u00f3n, el asilo, el ajuste de estatus u otras formas de protecci\u00f3n. Ponte en contacto con nosotros inmediatamente si has recibido documentos del tribunal de inmigraci\u00f3n.   <\/p>\n","protected":false},"excerpt":{"rendered":"<p>Servicios Jur\u00eddicos de Inmigraci\u00f3n para Residentes Orlovenses PD Law Firm ofrece representaci\u00f3n experimentada en materia de inmigraci\u00f3n a los residentes de Orlovista y las comunidades circundantes del oeste del condado de Orange. El abogado Pedro Dearaujo entiende los retos de inmigraci\u00f3n a los que se enfrentan las familias y los trabajadores de este barrio diverso, y ofrece orientaci\u00f3n legal personalizada en ingl\u00e9s, portugu\u00e9s y espa\u00f1ol. Orlovista, un lugar designado por el censo enclavado entre Orlando y Pine Hills a lo largo del corredor Orange Blossom Trail, alberga una vibrante comunidad inmigrante. Muchos residentes trabajan en los sectores cercanos de la hosteler\u00eda, la construcci\u00f3n y los servicios, mientras construyen sus vidas en Florida Central. Nuestro bufete se compromete a ayudar a familias orlovenses a navegar por el complejo sistema de inmigraci\u00f3n de EE.UU. y alcanzar sus objetivos de residencia permanente y ciudadan\u00eda. Por qu\u00e9 las familias orlovenses conf\u00edan en el bufete PD La trayectoria personal del abogado Pedro Dearaujo en materia de inmigraci\u00f3n determina su enfoque de cada caso. Nacido en Brasil, se traslad\u00f3 a Estados Unidos con su familia cuando era adolescente y experiment\u00f3 el proceso de inmigraci\u00f3n de primera mano. Esta experiencia le da una visi\u00f3n \u00fanica de las preocupaciones y preguntas a las que se enfrentan las familias inmigrantes. Antes de abrir su bufete privado, el Sr. Dearaujo trabaj\u00f3 en la Oficina del Defensor P\u00fablico, llevando miles de casos y realizando m\u00e1s de veinte juicios con jurado. Esta experiencia en los tribunales resulta inestimable a la hora de representar a clientes en procedimientos ante el Tribunal de Inmigraci\u00f3n o en asuntos complejos ante el USCIS. Nuestro compromiso con los clientes de Orlovista: Servicios de inmigraci\u00f3n que prestamos Nuestro bufete se ocupa de toda la gama de asuntos de inmigraci\u00f3n para los residentes orlovacos y sus familias. \u00c1rea de servicio C\u00f3mo ayudamos Peticiones familiares Patrocinar a c\u00f3nyuges, hijos, padres y hermanos para obtener la tarjeta verde mediante el formulario I-130 Visados de matrimonio y para prometidos Visados K-1 para prometidos, peticiones conyugales, tarjetas de residencia por matrimonio, supresi\u00f3n de condiciones Visa de trabajo EB-1 capacidad extraordinaria, EB-2 titulaciones superiores, exenciones por inter\u00e9s nacional, visados para inversores empresariales Ciudadan\u00eda Solicitudes de naturalizaci\u00f3n (N-400), preparaci\u00f3n del examen de ciudadan\u00eda, casos de la Ley de Ciudadan\u00eda Infantil Renuncias Exenciones I-601, exenciones provisionales de presencia ilegal I-601A, casos de dificultades extremas Asilo Solicitudes de asilo afirmativas y defensivas, retenci\u00f3n de expulsi\u00f3n, protecci\u00f3n CAT Visados de estudiante Visados F-1 y M-1, autorizaci\u00f3n de trabajo OPT\/CPT, cambio de estatus Pr\u00f3rrogas de visado Prorrogar los visados de visitante B-1\/B-2, mantener la situaci\u00f3n legal, evitar la presencia ilegal Comprender las necesidades de inmigraci\u00f3n de Orlovista La comunidad orlovista refleja el car\u00e1cter multicultural de Florida Central. Familias de Latinoam\u00e9rica, el Caribe, Brasil y otras regiones han echado ra\u00edces aqu\u00ed, atra\u00eddas por las oportunidades de empleo y la asequibilidad de la zona en comparaci\u00f3n con otros barrios de Orlando. Muchos residentes orlovacos se enfrentan a situaciones de inmigraci\u00f3n comunes de las que nos ocupamos con regularidad. Las familias con estatus mixto a menudo necesitan ayuda para entender c\u00f3mo un hijo o c\u00f3nyuge ciudadano estadounidense puede patrocinar a sus familiares para obtener la tarjeta verde. Los trabajadores que entraron con visados de turista pueden necesitar orientaci\u00f3n para cambiar de estatus o abordar cuestiones de presencia ilegal. Los residentes de larga duraci\u00f3n dispuestos a hacerse ciudadanos necesitan ayuda para prepararse para el proceso de naturalizaci\u00f3n. La ubicaci\u00f3n de nuestra oficina, cerca de la intersecci\u00f3n de Kirkman Road y Conroy Road, nos sit\u00faa al alcance de Orlovista. Tanto si vienes de la zona de Pine Hills, como si est\u00e1s cerca de Hiawassee Road o en cualquier punto del corredor West Colonial, estamos accesibles y listos para ayudarte. El proceso de inmigraci\u00f3n: Qu\u00e9 esperar Trabajar con el Bufete PD sigue un planteamiento directo dise\u00f1ado para mantenerte informado en cada fase. Preguntas frecuentes Llevo varios a\u00f1os viviendo en Orlovista sin estatus legal. \u00bfHay alguna opci\u00f3n para obtener la tarjeta verde? Tus opciones dependen de varios factores, como la forma en que entraste en Estados Unidos, tus relaciones familiares y si tienes alg\u00fan pariente ciudadano estadounidense o residente permanente. Si est\u00e1s casada con un ciudadano estadounidense y entraste con un visado (aunque se haya quedado m\u00e1s tiempo del permitido), es posible que puedas ajustar tu estatus sin salir del pa\u00eds. Si entraste sin inspecci\u00f3n, la exenci\u00f3n provisional I-601A puede reducir el tiempo que pasar\u00edas fuera de EE.UU. durante la tramitaci\u00f3n consular. Podemos evaluar tus circunstancias espec\u00edficas durante una consulta. Mi madre es ciudadana estadounidense. \u00bfCu\u00e1nto tardar\u00e1 en conseguirme la tarjeta verde? Si no est\u00e1s casado y eres menor de 21 a\u00f1os, puedes considerarte familiar directo sin periodo de espera para el visado: la tramitaci\u00f3n suele durar entre 12 y 18 meses, dependiendo de la carga de trabajo del USCIS. Si tienes m\u00e1s de 21 a\u00f1os o est\u00e1s casado, entras en una categor\u00eda de preferencia con tiempos de espera m\u00e1s largos que var\u00edan seg\u00fan el pa\u00eds de nacimiento. Los ciudadanos brasile\u00f1os, por ejemplo, suelen tener esperas m\u00e1s cortas que los solicitantes de M\u00e9xico o Filipinas. Podemos comprobar las fechas actuales del bolet\u00edn de visados para tu categor\u00eda espec\u00edfica. \u00bfNecesito hablar ingl\u00e9s para ser ciudadano estadounidense? El examen de naturalizaci\u00f3n incluye un componente de ingl\u00e9s en el que debes demostrar tu capacidad para leer, escribir y hablar ingl\u00e9s b\u00e1sico. Sin embargo, existen exenciones para los solicitantes de 50 a\u00f1os o m\u00e1s que hayan sido residentes permanentes durante al menos 20 a\u00f1os, o para los de 55 a\u00f1os o m\u00e1s con 15 a\u00f1os de residencia permanente. Tambi\u00e9n pueden aplicarse excepciones por discapacidad m\u00e9dica. Si tienes derecho a una exenci\u00f3n, puedes hacer el examen de educaci\u00f3n c\u00edvica en tu lengua materna con un int\u00e9rprete. \u00bfPueden ayudarme si he recibido una notificaci\u00f3n para comparecer ante el Tribunal de Inmigraci\u00f3n? S\u00ed. El abogado Dearaujo tiene experiencia representando a clientes en procedimientos de expulsi\u00f3n ante los Tribunales de Inmigraci\u00f3n. Si has recibido un Aviso de Comparecencia (NTA), es fundamental que respondas y asistas a todas las vistas. Dependiendo de tu situaci\u00f3n, es<\/p>\n","protected":false},"author":1,"featured_media":1329,"parent":0,"menu_order":0,"comment_status":"closed","ping_status":"closed","template":"","meta":{"_seopress_robots_primary_cat":"","_seopress_titles_title":"Immigration Attorney Orlovista FL | PD Law Firm","_seopress_titles_desc":"Orlovista immigration attorney Pedro Dearaujo handles family visas, green cards & citizenship. Portuguese, Spanish & English services.","_seopress_robots_index":"","footnotes":""},"class_list":["post-1407","page","type-page","status-publish","has-post-thumbnail","hentry","entry","post-inner"],"_links":{"self":[{"href":"https:\/\/pdlaworlando.com\/es\/wp-json\/wp\/v2\/pages\/1407","targetHints":{"allow":["GET"]}}],"collection":[{"href":"https:\/\/pdlaworlando.com\/es\/wp-json\/wp\/v2\/pages"}],"about":[{"href":"https:\/\/pdlaworlando.com\/es\/wp-json\/wp\/v2\/types\/page"}],"author":[{"embeddable":true,"href":"https:\/\/pdlaworlando.com\/es\/wp-json\/wp\/v2\/users\/1"}],"replies":[{"embeddable":true,"href":"https:\/\/pdlaworlando.com\/es\/wp-json\/wp\/v2\/comments?post=1407"}],"version-history":[{"count":2,"href":"https:\/\/pdlaworlando.com\/es\/wp-json\/wp\/v2\/pages\/1407\/revisions"}],"predecessor-version":[{"id":1412,"href":"https:\/\/pdlaworlando.com\/es\/wp-json\/wp\/v2\/pages\/1407\/revisions\/1412"}],"wp:featuredmedia":[{"embeddable":true,"href":"https:\/\/pdlaworlando.com\/es\/wp-json\/wp\/v2\/media\/1329"}],"wp:attachment":[{"href":"https:\/\/pdlaworlando.com\/es\/wp-json\/wp\/v2\/media?parent=1407"}],"curies":[{"name":"wp","href":"https:\/\/api.w.org\/{rel}","templated":true}]}}