{"id":1420,"date":"2025-12-18T19:33:52","date_gmt":"2025-12-19T00:33:52","guid":{"rendered":"https:\/\/pdlaworlando.com\/abogado-de-inmigracion-en-pine-hills-florida\/"},"modified":"2025-12-18T19:34:32","modified_gmt":"2025-12-19T00:34:32","slug":"abogado-de-inmigracion-en-pine-hills-florida","status":"publish","type":"page","link":"https:\/\/pdlaworlando.com\/es\/abogado-de-inmigracion-en-pine-hills-florida\/","title":{"rendered":"Abogado de Inmigraci\u00f3n en Pine Hills, Florida"},"content":{"rendered":"\n<h2 class=\"wp-block-heading\">Abogado de inmigraci\u00f3n de confianza al servicio de Pine Hills<\/h2>\n\n<p>PD Law Firm ofrece servicios jur\u00eddicos dedicados a la inmigraci\u00f3n a la comunidad de <a href=\"https:\/\/en.wikipedia.org\/wiki\/Pine_Hills,_Florida\" data-type=\"link\" data-id=\"https:\/\/en.wikipedia.org\/wiki\/Pine_Hills,_Florida\">Pine Hills<\/a> y los barrios circundantes del oeste de Orlando. <a href=\"https:\/\/pdlaworlando.com\/es\/pedro-dearaujo\/\" data-type=\"page\" data-id=\"25\">El abogado Pedro Dearaujo<\/a> representa a familias, trabajadores y empresarios que se enfrentan a todo tipo de asuntos de inmigraci\u00f3n, y ofrece consultas en ingl\u00e9s, portugu\u00e9s y espa\u00f1ol.<\/p>\n\n<p>Pine Hills es una de las comunidades m\u00e1s diversas de Florida Central, hogar de familias de Hait\u00ed, Jamaica, Puerto Rico, Brasil, M\u00e9xico, Centroam\u00e9rica y m\u00e1s all\u00e1. Este vibrante lugar designado por el censo a lo largo de West Colonial Drive ha servido durante mucho tiempo como puerta de entrada para los inmigrantes que establecen sus vidas en la zona de Orlando. Nuestro bufete comprende los retos \u00fanicos a los que se enfrentan los residentes de Pine Hills y se compromete a proporcionar una representaci\u00f3n en materia de inmigraci\u00f3n accesible y eficaz.  <\/p>\n\n<h2 class=\"wp-block-heading\">Sobre el abogado Pedro Dearaujo<\/h2>\n\n<p>El abogado Pedro Dearaujo aporta tanto sus conocimientos profesionales como su experiencia personal a <a href=\"https:\/\/pdlaworlando.com\/es\/inmigracion\/\" data-type=\"page\" data-id=\"81\">la ley de inmigraci\u00f3n<\/a>. Nacido en Brasil, emigr\u00f3 a Estados Unidos con su familia cuando era adolescente, lo que le permite conocer de primera mano el viaje migratorio que muchas familias de Pine Hills est\u00e1n recorriendo. <\/p>\n\n<p>El Sr. Dearaujo se licenci\u00f3 en Derecho por la Facultad de Derecho de la Universidad Estatal de Florida en 2013. Comenz\u00f3 su carrera en la Oficina del Defensor P\u00fablico, donde se ocup\u00f3 de miles de casos y dirigi\u00f3 m\u00e1s de veinte juicios con jurado. Esta amplia experiencia en los tribunales refuerza su capacidad para representar a clientes en el Tribunal de Inmigraci\u00f3n y gestionar casos complejos ante el USCIS.  <\/p>\n\n<p><strong>Por qu\u00e9 los residentes de Pine Hills eligen nuestro bufete:<\/strong><\/p>\n\n<ul class=\"wp-block-list\">\n<li><strong>Equipo multiling\u00fce:<\/strong> Comunicaci\u00f3n fluida en ingl\u00e9s, portugu\u00e9s y espa\u00f1ol<\/li>\n\n\n\n<li><strong>Acceso c\u00f3modo:<\/strong> Nuestra oficina en 1601 Park Center Drive est\u00e1 a pocos minutos de Pine Hills a trav\u00e9s de Silver Star Road o Kirkman Road<\/li>\n\n\n\n<li><strong>Servicios integrales:<\/strong> Inmigraci\u00f3n familiar, visados de trabajo, ciudadan\u00eda, exenciones, asilo y defensa contra la deportaci\u00f3n.<\/li>\n\n\n\n<li><strong>Pr\u00e1ctica federal:<\/strong> Como abogados de inmigraci\u00f3n, representamos a clientes en todo Estados Unidos y en el extranjero<\/li>\n<\/ul>\n\n<h2 class=\"wp-block-heading\">Servicios de inmigraci\u00f3n para familias de Pine Hills<\/h2>\n\n<p>Nos ocupamos de todo el espectro de casos de inmigraci\u00f3n que afectan a los residentes de Pine Hills.<\/p>\n\n<figure class=\"wp-block-table\"><table class=\"has-fixed-layout\"><thead><tr><th>Necesidad de inmigraci\u00f3n<\/th><th>Nuestros servicios<\/th><\/tr><\/thead><tbody><tr><td><strong>Tarjetas verdes familiares<\/strong><\/td><td>Peticiones I-130 para c\u00f3nyuges, hijos, padres y hermanos de ciudadanos estadounidenses y residentes permanentes.<\/td><\/tr><tr><td><strong>Visados de matrimonio<\/strong><\/td><td>Visados de prometido K-1, visados de c\u00f3nyuge CR-1\/IR-1, eliminaci\u00f3n de condiciones (I-751), defensa contra el fraude matrimonial<\/td><\/tr><tr><td><strong>Autorizaci\u00f3n de trabajo<\/strong><\/td><td>Documentos de autorizaci\u00f3n de empleo (EAD), cambio de estatus, pr\u00f3rrogas de visado<\/td><\/tr><tr><td><strong>Visa de trabajo<\/strong><\/td><td>Categor\u00edas EB-1, EB-2, EB-3, Exenciones por Inter\u00e9s Nacional, visados de inversor E-2, traslados L-1<\/td><\/tr><tr><td><strong>Ciudadan\u00eda estadounidense<\/strong><\/td><td>Naturalizaci\u00f3n (N-400), preparaci\u00f3n del examen de ciudadan\u00eda, ciudadan\u00eda derivada, certificados de ciudadan\u00eda<\/td><\/tr><tr><td><strong>Renuncias<\/strong><\/td><td>Exenciones I-601 de inadmisibilidad, exenciones provisionales I-601A, permiso I-212 para volver a solicitarlo tras la expulsi\u00f3n<\/td><\/tr><tr><td><strong>Ayuda humanitaria<\/strong><\/td><td>Asilo, retenci\u00f3n de expulsi\u00f3n, Convenci\u00f3n contra la Tortura, visados U para v\u00edctimas de delitos, peticiones VAWA<\/td><\/tr><tr><td><strong>Defensa contra la deportaci\u00f3n<\/strong><\/td><td>Procedimientos de expulsi\u00f3n, cancelaci\u00f3n de expulsi\u00f3n, audiencias de fianza, recursos ante la BIA<\/td><\/tr><\/tbody><\/table><\/figure>\n\n<h2 class=\"wp-block-heading\">Al servicio de la diversa comunidad de Pine Hills<\/h2>\n\n<p>Pine Hills refleja la rica diversidad que define la Florida Central moderna. La poblaci\u00f3n del barrio incluye importantes comunidades del Caribe, Latinoam\u00e9rica y m\u00e1s all\u00e1, cada una con pautas de inmigraci\u00f3n y necesidades distintas. <\/p>\n\n<ul class=\"wp-block-list\">\n<li><strong>Las familias haitianas y caribe\u00f1as<\/strong> suelen solicitar peticiones basadas en la familia, con ciudadanos estadounidenses que patrocinan a padres, hermanos e hijos adultos. Ayudamos a navegar por los tiempos de espera de la categor\u00eda de preferencia y preparamos documentaci\u00f3n exhaustiva para la tramitaci\u00f3n consular. <\/li>\n\n\n\n<li><strong>Los residentes brasile\u00f1os<\/strong> se benefician de la fluidez y comprensi\u00f3n cultural del portugu\u00e9s nativo del abogado Dearaujo. Muchos clientes brasile\u00f1os de Pine Hills buscan ayuda en casos de matrimonio, pr\u00f3rrogas de visados de visitante y exploraci\u00f3n de v\u00edas para pasar del estatus temporal al permanente. <\/li>\n\n\n\n<li><strong>Las familias centroamericanas y mexicanas<\/strong> suelen necesitar ayuda para la reunificaci\u00f3n familiar, la renovaci\u00f3n de la DACA, la solicitud de asilo y la resoluci\u00f3n de la presencia ilegal mediante solicitudes de exenci\u00f3n.<\/li>\n<\/ul>\n\n<p>La ubicaci\u00f3n de nuestra oficina, cerca de la intersecci\u00f3n de Kirkman Road y Conroy Road, facilita el acceso desde Pine Hills. Si est\u00e1s cerca del corredor West Colonial, de Silver Star Road o de la zona de Hiawassee, estamos a un corto trayecto en coche. <\/p>\n\n<h2 class=\"wp-block-heading\">Situaciones comunes de inmigraci\u00f3n en Pine Hills<\/h2>\n\n<p>Muchos residentes de Pine Hills comparten circunstancias de inmigraci\u00f3n similares. Comprender tus opciones es el primer paso para lograr tus objetivos. <\/p>\n\n<ul class=\"wp-block-list\">\n<li><strong>Familias de estatus mixto:<\/strong> Cuando algunos miembros de la familia tienen estatus legal y otros no, es esencial una planificaci\u00f3n cuidadosa. Un c\u00f3nyuge ciudadano estadounidense o un hijo mayor de 21 a\u00f1os pueden apadrinar a familiares indocumentados, aunque el proceso var\u00eda en funci\u00f3n de c\u00f3mo entr\u00f3 la persona en el pa\u00eds. <\/li>\n\n\n\n<li><strong>Residentes de larga duraci\u00f3n que buscan la ciudadan\u00eda:<\/strong> Si has sido titular de una tarjeta verde durante cinco a\u00f1os (o tres a\u00f1os si est\u00e1s casado con un ciudadano estadounidense), puedes optar a la naturalizaci\u00f3n. Te guiamos a trav\u00e9s de los requisitos de residencia, el examen de civismo y el proceso de entrevista. <\/li>\n\n\n\n<li><strong>Rebasamiento del visado:<\/strong> Permanecer m\u00e1s all\u00e1 de tu estancia autorizada crea complicaciones, pero pueden existir opciones. Dependiendo de tus relaciones y circunstancias, las solicitudes de ajuste de estatus o de exenci\u00f3n podr\u00edan ofrecerte un camino a seguir. <\/li>\n\n\n\n<li><strong>Trabajadores sin estatus:<\/strong> Aunque las opciones son limitadas, determinadas circunstancias -como ser v\u00edctima de un delito (visado U) o superviviente de violencia dom\u00e9stica (VAWA)- pueden proporcionar alivio independientemente de c\u00f3mo hayas entrado.<\/li>\n<\/ul>\n\n<h2 class=\"wp-block-heading\">Nuestro proceso<\/h2>\n\n<p>Trabajar con el Bufete PD es sencillo y transparente.<\/p>\n\n<ol class=\"wp-block-list\">\n<li><strong>Consulta inicial:<\/strong> Revisamos tu historial de inmigraci\u00f3n, tu situaci\u00f3n familiar y tus objetivos para comprender tu caso en su totalidad<\/li>\n\n\n\n<li><strong>An\u00e1lisis de elegibilidad:<\/strong> Identificamos las prestaciones de inmigraci\u00f3n a las que puedes optar y te explicamos plazos realistas<\/li>\n\n\n\n<li><strong>Desarrollo de estrategias:<\/strong> Creamos un plan personalizado que aborde cualquier obst\u00e1culo como la presencia ilegal, expulsiones anteriores o antecedentes penales<\/li>\n\n\n\n<li><strong>Preparaci\u00f3n de documentos:<\/strong> Recopilamos todos los formularios necesarios, pruebas justificativas, traducciones y declaraciones juradas.<\/li>\n\n\n\n<li><strong>Presentaci\u00f3n y seguimiento:<\/strong> Presentamos tu solicitud y supervisamos su progreso, respondiendo con prontitud a cualquier solicitud del USCIS<\/li>\n\n\n\n<li><strong>Preparaci\u00f3n para la entrevista:<\/strong> Te preparamos a fondo para las entrevistas y te acompa\u00f1amos cuando se nos permite<\/li>\n<\/ol>\n\n<h2 class=\"wp-block-heading\">Preguntas frecuentes<\/h2>\n\n<h3 class=\"wp-block-heading\">Llegu\u00e9 a EE.UU. sin papeles hace muchos a\u00f1os y ahora vivo en Pine Hills. Mi hija es ciudadana estadounidense y mayor de 21 a\u00f1os. \u00bfPuede ayudarme a conseguir la tarjeta verde?  <\/h3>\n\n<p>S\u00ed, tu hija ciudadana estadounidense puede presentar una petici\u00f3n en tu nombre utilizando el formulario I-130. Sin embargo, como entraste sin inspecci\u00f3n, generalmente no puedes ajustar tu estatus dentro de Estados Unidos. Tendr\u00eda que acudir a una entrevista consular en el extranjero, lo que activa los l\u00edmites de la presencia ilegal (3 \u00f3 10 a\u00f1os seg\u00fan el tiempo que hayas estado aqu\u00ed sin estatus). La buena noticia es que la exenci\u00f3n provisional I-601A te permite solicitar el perd\u00f3n de la presencia ilegal antes de marcharte, lo que reduce significativamente el tiempo separado de tu familia. Podemos evaluar si re\u00fanes los requisitos y ayudarte a construir un caso s\u00f3lido de dificultades extremas.    <\/p>\n\n<h3 class=\"wp-block-heading\">\u00bfCu\u00e1nto cuesta solicitar la nacionalidad y pueden ayudarme a preparar el examen?<\/h3>\n\n<p>Las tasas de presentaci\u00f3n del USCIS para la naturalizaci\u00f3n (Formulario N-400) ascienden actualmente a 710 $, lo que incluye la tasa biom\u00e9trica. Puede haber exenciones de tasas o tasas reducidas si tienes ingresos limitados. Adem\u00e1s de presentar la solicitud, nuestro bufete ofrece servicios integrales de ciudadan\u00eda, que incluyen la revisi\u00f3n de tu idoneidad, la cumplimentaci\u00f3n precisa de la solicitud y la preparaci\u00f3n para las partes de ingl\u00e9s y c\u00edvica del examen. Podemos realizar entrevistas de pr\u00e1ctica para que sepas exactamente qu\u00e9 esperar.   <\/p>\n\n<h3 class=\"wp-block-heading\">Mi hermano de Hait\u00ed lleva a\u00f1os esperando su visado. \u00bfHay algo que pueda acelerar el proceso? <\/h3>\n\n<p>Por desgracia, la categor\u00eda de hermanos (F4) tiene algunos de los tiempos de espera m\u00e1s largos del sistema de preferencia familiar: actualmente m\u00e1s de 14 a\u00f1os para la mayor\u00eda de los pa\u00edses e incluso m\u00e1s para determinadas nacionalidades. Aunque no podemos acelerar el movimiento de los boletines de visado, podemos asegurarnos de que el caso de tu hermano se mantiene adecuadamente, actualizar al USCIS con cualquier cambio de direcci\u00f3n o de situaci\u00f3n, y prepararlo minuciosamente para cuando su fecha de prioridad se actualice. Si las circunstancias han cambiado (como que t\u00fa te hayas nacionalizado o tu hermano se haya casado), debemos revisar si su categor\u00eda ha cambiado.  <\/p>\n\n<h3 class=\"wp-block-heading\">He recibido una carta diciendo que tengo que ir al Tribunal de Inmigraci\u00f3n de Orlando. \u00bfQu\u00e9 debo hacer? <\/h3>\n\n<p>T\u00f3matelo en serio y ponte en contacto con un abogado inmediatamente. Un Aviso de Comparecencia (NTA) inicia el procedimiento de expulsi\u00f3n, y faltar a una vista puede dar lugar a una orden de expulsi\u00f3n autom\u00e1tica. El abogado Dearaujo tiene experiencia representando a clientes en el Tribunal de Inmigraci\u00f3n y puede evaluar tus opciones de reparaci\u00f3n. Dependiendo de tu situaci\u00f3n, puedes optar a la cancelaci\u00f3n de la expulsi\u00f3n, el asilo, el ajuste de estatus a trav\u00e9s de un familiar u otras formas de protecci\u00f3n. Trae todos tus documentos de inmigraci\u00f3n a la consulta para que podamos evaluar tu caso a fondo.    <\/p>\n","protected":false},"excerpt":{"rendered":"<p>Abogado de inmigraci\u00f3n de confianza al servicio de Pine Hills PD Law Firm ofrece servicios jur\u00eddicos dedicados a la inmigraci\u00f3n a la comunidad de Pine Hills y los barrios circundantes del oeste de Orlando. El abogado Pedro Dearaujo representa a familias, trabajadores y empresarios que se enfrentan a todo tipo de asuntos de inmigraci\u00f3n, y ofrece consultas en ingl\u00e9s, portugu\u00e9s y espa\u00f1ol. Pine Hills es una de las comunidades m\u00e1s diversas de Florida Central, hogar de familias de Hait\u00ed, Jamaica, Puerto Rico, Brasil, M\u00e9xico, Centroam\u00e9rica y m\u00e1s all\u00e1. Este vibrante lugar designado por el censo a lo largo de West Colonial Drive ha servido durante mucho tiempo como puerta de entrada para los inmigrantes que establecen sus vidas en la zona de Orlando. Nuestro bufete comprende los retos \u00fanicos a los que se enfrentan los residentes de Pine Hills y se compromete a proporcionar una representaci\u00f3n en materia de inmigraci\u00f3n accesible y eficaz. Sobre el abogado Pedro Dearaujo El abogado Pedro Dearaujo aporta tanto sus conocimientos profesionales como su experiencia personal a la ley de inmigraci\u00f3n. Nacido en Brasil, emigr\u00f3 a Estados Unidos con su familia cuando era adolescente, lo que le permite conocer de primera mano el viaje migratorio que muchas familias de Pine Hills est\u00e1n recorriendo. El Sr. Dearaujo se licenci\u00f3 en Derecho por la Facultad de Derecho de la Universidad Estatal de Florida en 2013. Comenz\u00f3 su carrera en la Oficina del Defensor P\u00fablico, donde se ocup\u00f3 de miles de casos y dirigi\u00f3 m\u00e1s de veinte juicios con jurado. Esta amplia experiencia en los tribunales refuerza su capacidad para representar a clientes en el Tribunal de Inmigraci\u00f3n y gestionar casos complejos ante el USCIS. Por qu\u00e9 los residentes de Pine Hills eligen nuestro bufete: Servicios de inmigraci\u00f3n para familias de Pine Hills Nos ocupamos de todo el espectro de casos de inmigraci\u00f3n que afectan a los residentes de Pine Hills. Necesidad de inmigraci\u00f3n Nuestros servicios Tarjetas verdes familiares Peticiones I-130 para c\u00f3nyuges, hijos, padres y hermanos de ciudadanos estadounidenses y residentes permanentes. Visados de matrimonio Visados de prometido K-1, visados de c\u00f3nyuge CR-1\/IR-1, eliminaci\u00f3n de condiciones (I-751), defensa contra el fraude matrimonial Autorizaci\u00f3n de trabajo Documentos de autorizaci\u00f3n de empleo (EAD), cambio de estatus, pr\u00f3rrogas de visado Visa de trabajo Categor\u00edas EB-1, EB-2, EB-3, Exenciones por Inter\u00e9s Nacional, visados de inversor E-2, traslados L-1 Ciudadan\u00eda estadounidense Naturalizaci\u00f3n (N-400), preparaci\u00f3n del examen de ciudadan\u00eda, ciudadan\u00eda derivada, certificados de ciudadan\u00eda Renuncias Exenciones I-601 de inadmisibilidad, exenciones provisionales I-601A, permiso I-212 para volver a solicitarlo tras la expulsi\u00f3n Ayuda humanitaria Asilo, retenci\u00f3n de expulsi\u00f3n, Convenci\u00f3n contra la Tortura, visados U para v\u00edctimas de delitos, peticiones VAWA Defensa contra la deportaci\u00f3n Procedimientos de expulsi\u00f3n, cancelaci\u00f3n de expulsi\u00f3n, audiencias de fianza, recursos ante la BIA Al servicio de la diversa comunidad de Pine Hills Pine Hills refleja la rica diversidad que define la Florida Central moderna. La poblaci\u00f3n del barrio incluye importantes comunidades del Caribe, Latinoam\u00e9rica y m\u00e1s all\u00e1, cada una con pautas de inmigraci\u00f3n y necesidades distintas. La ubicaci\u00f3n de nuestra oficina, cerca de la intersecci\u00f3n de Kirkman Road y Conroy Road, facilita el acceso desde Pine Hills. Si est\u00e1s cerca del corredor West Colonial, de Silver Star Road o de la zona de Hiawassee, estamos a un corto trayecto en coche. Situaciones comunes de inmigraci\u00f3n en Pine Hills Muchos residentes de Pine Hills comparten circunstancias de inmigraci\u00f3n similares. Comprender tus opciones es el primer paso para lograr tus objetivos. Nuestro proceso Trabajar con el Bufete PD es sencillo y transparente. Preguntas frecuentes Llegu\u00e9 a EE.UU. sin papeles hace muchos a\u00f1os y ahora vivo en Pine Hills. Mi hija es ciudadana estadounidense y mayor de 21 a\u00f1os. \u00bfPuede ayudarme a conseguir la tarjeta verde? S\u00ed, tu hija ciudadana estadounidense puede presentar una petici\u00f3n en tu nombre utilizando el formulario I-130. Sin embargo, como entraste sin inspecci\u00f3n, generalmente no puedes ajustar tu estatus dentro de Estados Unidos. Tendr\u00eda que acudir a una entrevista consular en el extranjero, lo que activa los l\u00edmites de la presencia ilegal (3 \u00f3 10 a\u00f1os seg\u00fan el tiempo que hayas estado aqu\u00ed sin estatus). La buena noticia es que la exenci\u00f3n provisional I-601A te permite solicitar el perd\u00f3n de la presencia ilegal antes de marcharte, lo que reduce significativamente el tiempo separado de tu familia. Podemos evaluar si re\u00fanes los requisitos y ayudarte a construir un caso s\u00f3lido de dificultades extremas. \u00bfCu\u00e1nto cuesta solicitar la nacionalidad y pueden ayudarme a preparar el examen? Las tasas de presentaci\u00f3n del USCIS para la naturalizaci\u00f3n (Formulario N-400) ascienden actualmente a 710 $, lo que incluye la tasa biom\u00e9trica. Puede haber exenciones de tasas o tasas reducidas si tienes ingresos limitados. Adem\u00e1s de presentar la solicitud, nuestro bufete ofrece servicios integrales de ciudadan\u00eda, que incluyen la revisi\u00f3n de tu idoneidad, la cumplimentaci\u00f3n precisa de la solicitud y la preparaci\u00f3n para las partes de ingl\u00e9s y c\u00edvica del examen. Podemos realizar entrevistas de pr\u00e1ctica para que sepas exactamente qu\u00e9 esperar. Mi hermano de Hait\u00ed lleva a\u00f1os esperando su visado. \u00bfHay algo que pueda acelerar el proceso? Por desgracia, la categor\u00eda de hermanos (F4) tiene algunos de los tiempos de espera m\u00e1s largos del sistema de preferencia familiar: actualmente m\u00e1s de 14 a\u00f1os para la mayor\u00eda de los pa\u00edses e incluso m\u00e1s para determinadas nacionalidades. Aunque no podemos acelerar el movimiento de los boletines de visado, podemos asegurarnos de que el caso de tu hermano se mantiene adecuadamente, actualizar al USCIS con cualquier cambio de direcci\u00f3n o de situaci\u00f3n, y prepararlo minuciosamente para cuando su fecha de prioridad se actualice. Si las circunstancias han cambiado (como que t\u00fa te hayas nacionalizado o tu hermano se haya casado), debemos revisar si su categor\u00eda ha cambiado. He recibido una carta diciendo que tengo que ir al Tribunal de Inmigraci\u00f3n de Orlando. \u00bfQu\u00e9 debo hacer? T\u00f3matelo en serio y ponte en contacto con un abogado inmediatamente. Un Aviso de Comparecencia (NTA) inicia el procedimiento de expulsi\u00f3n, y faltar a una vista puede dar lugar a una orden de expulsi\u00f3n autom\u00e1tica. El abogado Dearaujo tiene experiencia representando<\/p>\n","protected":false},"author":1,"featured_media":1329,"parent":0,"menu_order":0,"comment_status":"closed","ping_status":"closed","template":"","meta":{"_seopress_robots_primary_cat":"","_seopress_titles_title":"Abogado Inmigracion Pine Hills FL | PD Law Firm","_seopress_titles_desc":"El abogado de inmigraci\u00f3n de Pine Hills, Pedro Dearaujo, ayuda a las familias con las tarjetas verdes, los visados y la ciudadan\u00eda. Hablamos Espa\u00f1ol. Falamos Portugu\u00eas. Llama al (407) 490-0696.   ","_seopress_robots_index":"","footnotes":""},"class_list":["post-1420","page","type-page","status-publish","has-post-thumbnail","hentry","entry","post-inner"],"_links":{"self":[{"href":"https:\/\/pdlaworlando.com\/es\/wp-json\/wp\/v2\/pages\/1420","targetHints":{"allow":["GET"]}}],"collection":[{"href":"https:\/\/pdlaworlando.com\/es\/wp-json\/wp\/v2\/pages"}],"about":[{"href":"https:\/\/pdlaworlando.com\/es\/wp-json\/wp\/v2\/types\/page"}],"author":[{"embeddable":true,"href":"https:\/\/pdlaworlando.com\/es\/wp-json\/wp\/v2\/users\/1"}],"replies":[{"embeddable":true,"href":"https:\/\/pdlaworlando.com\/es\/wp-json\/wp\/v2\/comments?post=1420"}],"version-history":[{"count":1,"href":"https:\/\/pdlaworlando.com\/es\/wp-json\/wp\/v2\/pages\/1420\/revisions"}],"predecessor-version":[{"id":1421,"href":"https:\/\/pdlaworlando.com\/es\/wp-json\/wp\/v2\/pages\/1420\/revisions\/1421"}],"wp:featuredmedia":[{"embeddable":true,"href":"https:\/\/pdlaworlando.com\/es\/wp-json\/wp\/v2\/media\/1329"}],"wp:attachment":[{"href":"https:\/\/pdlaworlando.com\/es\/wp-json\/wp\/v2\/media?parent=1420"}],"curies":[{"name":"wp","href":"https:\/\/api.w.org\/{rel}","templated":true}]}}