{"id":672,"date":"2017-02-01T16:30:30","date_gmt":"2017-02-01T21:30:30","guid":{"rendered":"https:\/\/pdlaworlando.com\/acerca-de\/"},"modified":"2025-02-10T14:42:43","modified_gmt":"2025-02-10T19:42:43","slug":"pedro-dearaujo","status":"publish","type":"page","link":"https:\/\/pdlaworlando.com\/es\/pedro-dearaujo\/","title":{"rendered":"Acerca de"},"content":{"rendered":"<div class=\"wpb-content-wrapper\">[vc_row][vc_column width=&#8221;1\/3&#8243;][vc_single_image image=&#8221;1311&#8243; img_size=&#8221;full&#8221; alignment=&#8221;center&#8221; style=&#8221;vc_box_shadow_3d&#8221; css_animation=&#8221;slideInLeft&#8221; css=&#8221;&#8221;][vc_single_image image=&#8221;1145&#8243; img_size=&#8221;full&#8221; alignment=&#8221;center&#8221; css_animation=&#8221;slideInLeft&#8221; css=&#8221;.vc_custom_1706541284733{margin-top: 40px !important;}&#8221;][\/vc_column][vc_column width=&#8221;2\/3&#8243;][vc_column_text]\n<h2>Abogado Pedro Dearaujo<\/h2>\n<p style=\"font-weight: 400;\">El abogado Pedro Dearaujo se especializa en inmigraci\u00f3n y derecho penal.<\/p>\n<p style=\"font-weight: 400;\">El Sr. Dearaujo comenz\u00f3 su carrera legal en la Oficina del Defensor P\u00fablico, donde manej\u00f3 miles de casos y llev\u00f3 a cabo m\u00e1s de veinte juicios con jurado. En la pr\u00e1ctica privada, el abogado Pedro Dearaujo se enfoca en inmigraci\u00f3n familiar y comercial al representar a clientes ante los Servicios de Ciudadan\u00eda e Inmigraci\u00f3n de los EE. UU., Tribunales de Inmigraci\u00f3n y la Junta Ejecutiva de Revisi\u00f3n de Inmigraci\u00f3n y ha representado a numerosos clientes en casos penales, incluidos hurto menor, conducir sin una licencia v\u00e1lida y DUI. El Sr. Dearaujo tambi\u00e9n ha representado a clientes en transacciones comerciales, tanto como demandante como demandado, incluidas transacciones inmobiliarias, disputas contractuales, da\u00f1os a la propiedad y casos laborales.<\/p>\n<p style=\"font-weight: 400;\">El Sr. Dearaujo naci\u00f3 en Brasil y se mud\u00f3 a los Estados Unidos con su familia cuando era adolescente en 1996. Despu\u00e9s de graduarse de la escuela secundaria en Virginia, asisti\u00f3 a la Universidad George Mason en el \u00e1rea de Washington D.C., donde obtuvo una licenciatura en Gobierno y Pol\u00edtica Internacional. Se mud\u00f3 a Florida en 2006 y se gradu\u00f3 en Derecho por la Florida State University.<\/p>\n<p style=\"font-weight: 400;\">El abogado Pedro Dearaujo es un profesional dedicado y comprometido con los casos de sus clientes. Entiende que sus clientes acuden a \u00e9l con problemas que afectan profundamente sus vidas y su futuro. El Sr. Dearaujo defender\u00e1 firmemente a sus clientes, pero cree que la civilidad es el camino hacia los mejores resultados.<\/p>\n<p style=\"font-weight: 400;\">Afiliaci\u00f3nes:<\/p>\n<ul>\n<li>Florida Bar &#8211; Corte Suprema del Estado de Florida<\/li>\n<li>AILA &#8211; Asociaci\u00f3n Estadounidense de Abogados de Inmigraci\u00f3n<\/li>\n<li>OCBA &#8211; Asociaci\u00f3n de Abogados del Condado de Orange<\/li>\n<\/ul>\n[\/vc_column_text][\/vc_column][\/vc_row]\n<\/div>","protected":false},"excerpt":{"rendered":"<p>[vc_row][vc_column width=&#8221;1\/3&#8243;][vc_single_image image=&#8221;1311&#8243; img_size=&#8221;full&#8221; alignment=&#8221;center&#8221; style=&#8221;vc_box_shadow_3d&#8221; css_animation=&#8221;slideInLeft&#8221; css=&#8221;&#8221;][vc_single_image image=&#8221;1145&#8243; img_size=&#8221;full&#8221; alignment=&#8221;center&#8221; css_animation=&#8221;slideInLeft&#8221; css=&#8221;.vc_custom_1706541284733{margin-top: 40px !important;}&#8221;][\/vc_column][vc_column width=&#8221;2\/3&#8243;][vc_column_text] Abogado Pedro Dearaujo El abogado Pedro Dearaujo se especializa en inmigraci\u00f3n y derecho penal. El Sr. Dearaujo comenz\u00f3 su carrera legal en la Oficina del Defensor P\u00fablico, donde manej\u00f3 miles de casos y llev\u00f3 a cabo m\u00e1s de veinte juicios con jurado. En la pr\u00e1ctica privada, el abogado Pedro Dearaujo se enfoca en inmigraci\u00f3n familiar y comercial al representar a clientes ante los Servicios de Ciudadan\u00eda e Inmigraci\u00f3n de los EE. UU., Tribunales de Inmigraci\u00f3n y la Junta Ejecutiva de Revisi\u00f3n de Inmigraci\u00f3n y ha representado a numerosos clientes en casos penales, incluidos hurto menor, conducir sin una licencia v\u00e1lida y DUI. El Sr. Dearaujo tambi\u00e9n ha representado a clientes en transacciones comerciales, tanto como demandante como demandado, incluidas transacciones inmobiliarias, disputas contractuales, da\u00f1os a la propiedad y casos laborales. El Sr. Dearaujo naci\u00f3 en Brasil y se mud\u00f3 a los Estados Unidos con su familia cuando era adolescente en 1996. Despu\u00e9s de graduarse de la escuela secundaria en Virginia, asisti\u00f3 a la Universidad George Mason en el \u00e1rea de Washington D.C., donde obtuvo una licenciatura en Gobierno y Pol\u00edtica Internacional. Se mud\u00f3 a Florida en 2006 y se gradu\u00f3 en Derecho por la Florida State University. El abogado Pedro Dearaujo es un profesional dedicado y comprometido con los casos de sus clientes. Entiende que sus clientes acuden a \u00e9l con problemas que afectan profundamente sus vidas y su futuro. El Sr. Dearaujo defender\u00e1 firmemente a sus clientes, pero cree que la civilidad es el camino hacia los mejores resultados. Afiliaci\u00f3nes: Florida Bar &#8211; Corte Suprema del Estado de Florida AILA &#8211; Asociaci\u00f3n Estadounidense de Abogados de Inmigraci\u00f3n OCBA &#8211; Asociaci\u00f3n de Abogados del Condado de Orange [\/vc_column_text][\/vc_column][\/vc_row]<\/p>\n","protected":false},"author":1,"featured_media":603,"parent":0,"menu_order":0,"comment_status":"closed","ping_status":"closed","template":"","meta":{"_seopress_robots_primary_cat":"","_seopress_titles_title":"%%title%% Pedro Dearaujo %%page%% %%sep%% %%sitename%%","_seopress_titles_desc":"Pedro Dearaujo se centra en inmigraci\u00f3n, derecho penal y litigios mercantiles. Propietario de PD Law Abogados En Orlando","_seopress_robots_index":"","footnotes":""},"class_list":["post-672","page","type-page","status-publish","has-post-thumbnail","hentry","entry","post-inner"],"_links":{"self":[{"href":"https:\/\/pdlaworlando.com\/es\/wp-json\/wp\/v2\/pages\/672","targetHints":{"allow":["GET"]}}],"collection":[{"href":"https:\/\/pdlaworlando.com\/es\/wp-json\/wp\/v2\/pages"}],"about":[{"href":"https:\/\/pdlaworlando.com\/es\/wp-json\/wp\/v2\/types\/page"}],"author":[{"embeddable":true,"href":"https:\/\/pdlaworlando.com\/es\/wp-json\/wp\/v2\/users\/1"}],"replies":[{"embeddable":true,"href":"https:\/\/pdlaworlando.com\/es\/wp-json\/wp\/v2\/comments?post=672"}],"version-history":[{"count":13,"href":"https:\/\/pdlaworlando.com\/es\/wp-json\/wp\/v2\/pages\/672\/revisions"}],"predecessor-version":[{"id":1323,"href":"https:\/\/pdlaworlando.com\/es\/wp-json\/wp\/v2\/pages\/672\/revisions\/1323"}],"wp:featuredmedia":[{"embeddable":true,"href":"https:\/\/pdlaworlando.com\/es\/wp-json\/wp\/v2\/media\/603"}],"wp:attachment":[{"href":"https:\/\/pdlaworlando.com\/es\/wp-json\/wp\/v2\/media?parent=672"}],"curies":[{"name":"wp","href":"https:\/\/api.w.org\/{rel}","templated":true}]}}