{"id":674,"date":"2017-02-03T12:02:04","date_gmt":"2017-02-03T17:02:04","guid":{"rendered":"https:\/\/pdlaworlando.com\/formacion-de-empresas\/"},"modified":"2023-08-17T19:37:13","modified_gmt":"2023-08-18T00:37:13","slug":"formacion-de-empresas","status":"publish","type":"page","link":"https:\/\/pdlaworlando.com\/es\/formacion-de-empresas\/","title":{"rendered":"Formaci\u00f3n de empresas"},"content":{"rendered":"<div class=\"wpb-content-wrapper\">[vc_row][vc_column][vc_column_text]\n<p>La estructura que elija para formar su empresa tendr\u00e1 un gran impacto en el futuro de la misma. Las diferentes estructuras afectar\u00e1n a los impuestos pagados, la responsabilidad y el control general de la empresa.<\/p>\n<p>En PD Law Firm, P.A. podemos guiarle a trav\u00e9s del proceso de registro, formaci\u00f3n y organizaci\u00f3n de su empresa que mejor se adapte a sus objetivos generales. Trabajamos con profesionales en las \u00e1reas de contabilidad y consultor\u00eda empresarial para ayudarle a iniciar su negocio de la manera correcta.<\/p>\n<p>The PD Law Firm, P.A. le ayudar\u00e1 a elegir el tipo de entidad comercial (LLC, corporaci\u00f3n, sociedad, s-corp, c-corp, etc.). Tambi\u00e9n redactamos estatutos, actas constitutivas y acuerdos de funcionamiento que mejor se adapten a sus necesidades.<\/p>\n<p>P\u00f3ngase en contacto con PD Law Firm, P.A. para que le ayudemos a poner en marcha su empresa y a prepararla para el \u00e9xito. P\u00f3ngase en contacto con nosotros en el (407) 490-0696 o utilizando el formulario de la derecha para una consulta para discutir la formaci\u00f3n de empresas.<\/p>\n[\/vc_column_text][\/vc_column][\/vc_row]\n<\/div>","protected":false},"excerpt":{"rendered":"<p>[vc_row][vc_column][vc_column_text] La estructura que elija para formar su empresa tendr\u00e1 un gran impacto en el futuro de la misma. Las diferentes estructuras afectar\u00e1n a los impuestos pagados, la responsabilidad y el control general de la empresa. En PD Law Firm, P.A. podemos guiarle a trav\u00e9s del proceso de registro, formaci\u00f3n y organizaci\u00f3n de su empresa que mejor se adapte a sus objetivos generales. Trabajamos con profesionales en las \u00e1reas de contabilidad y consultor\u00eda empresarial para ayudarle a iniciar su negocio de la manera correcta. The PD Law Firm, P.A. le ayudar\u00e1 a elegir el tipo de entidad comercial (LLC, corporaci\u00f3n, sociedad, s-corp, c-corp, etc.). Tambi\u00e9n redactamos estatutos, actas constitutivas y acuerdos de funcionamiento que mejor se adapten a sus necesidades. P\u00f3ngase en contacto con PD Law Firm, P.A. para que le ayudemos a poner en marcha su empresa y a prepararla para el \u00e9xito. P\u00f3ngase en contacto con nosotros en el (407) 490-0696 o utilizando el formulario de la derecha para una consulta para discutir la formaci\u00f3n de empresas. [\/vc_column_text][\/vc_column][\/vc_row]<\/p>\n","protected":false},"author":1,"featured_media":605,"parent":0,"menu_order":1,"comment_status":"closed","ping_status":"closed","template":"","meta":{"_seopress_robots_primary_cat":"","_seopress_titles_title":"Formaci\u00f3n y Estructura Empresarial en Orlando - PD Law Firm, P.A","_seopress_titles_desc":"Creaci\u00f3n y Estructura Empresarial con PD Law Firm, P.A.: Asesoramiento Integral y Personalizado para el \u00c9xito de su Empresa en Orlando","_seopress_robots_index":"","footnotes":""},"class_list":["post-674","page","type-page","status-publish","has-post-thumbnail","hentry","entry","post-inner"],"_links":{"self":[{"href":"https:\/\/pdlaworlando.com\/es\/wp-json\/wp\/v2\/pages\/674","targetHints":{"allow":["GET"]}}],"collection":[{"href":"https:\/\/pdlaworlando.com\/es\/wp-json\/wp\/v2\/pages"}],"about":[{"href":"https:\/\/pdlaworlando.com\/es\/wp-json\/wp\/v2\/types\/page"}],"author":[{"embeddable":true,"href":"https:\/\/pdlaworlando.com\/es\/wp-json\/wp\/v2\/users\/1"}],"replies":[{"embeddable":true,"href":"https:\/\/pdlaworlando.com\/es\/wp-json\/wp\/v2\/comments?post=674"}],"version-history":[{"count":4,"href":"https:\/\/pdlaworlando.com\/es\/wp-json\/wp\/v2\/pages\/674\/revisions"}],"predecessor-version":[{"id":1050,"href":"https:\/\/pdlaworlando.com\/es\/wp-json\/wp\/v2\/pages\/674\/revisions\/1050"}],"wp:featuredmedia":[{"embeddable":true,"href":"https:\/\/pdlaworlando.com\/es\/wp-json\/wp\/v2\/media\/605"}],"wp:attachment":[{"href":"https:\/\/pdlaworlando.com\/es\/wp-json\/wp\/v2\/media?parent=674"}],"curies":[{"name":"wp","href":"https:\/\/api.w.org\/{rel}","templated":true}]}}