{"id":677,"date":"2017-02-03T12:02:36","date_gmt":"2017-02-03T17:02:36","guid":{"rendered":"https:\/\/pdlaworlando.com\/redaccion-revision-de-contratos\/"},"modified":"2023-08-17T19:38:33","modified_gmt":"2023-08-18T00:38:33","slug":"redaccion-revision-de-contratos","status":"publish","type":"page","link":"https:\/\/pdlaworlando.com\/es\/redaccion-revision-de-contratos\/","title":{"rendered":"Redacci\u00f3n \/ Revisi\u00f3n de Contratos"},"content":{"rendered":"<div class=\"wpb-content-wrapper\">[vc_row][vc_column][vc_column_text]Los contratos son documentos importantes que vinculan a las partes en un acuerdo. Personas y empresas firman contratos todos los d\u00edas. En PD Law Firm, P.A. entendemos que las personas y las empresas no son todas iguales y que los contratos de &#8220;talla \u00fanica&#8221; no siempre funcionan. The PD Law Firm, P.A. puede ayudarle a usted o a su empresa a redactar contratos para cualquier transacci\u00f3n o a revisar los contratos ya existentes.<\/p>\n<p>En caso de que surjan disputas contractuales, PD Law Firm, P.A. tiene los conocimientos y la experiencia para ayudarle a obtener los mejores resultados. Podemos explorar que las posibles soluciones en casos de incumplimiento de contrato:<\/p>\n<ul>\n<li><strong>Da\u00f1os y perjuicios monetarios<\/strong>: la parte perjudicada puede reclamar da\u00f1os y perjuicios monetarios en caso de incumplimiento de contrato. Las indemnizaciones pecuniarias pretenden situar a la parte perjudicada en la posici\u00f3n en la que habr\u00eda estado de haberse cumplido el contrato. Los da\u00f1os monetarios incluyen los sufridos por el incumplimiento del contrato.<\/li>\n<li><strong>Indemnizaci\u00f3n por da\u00f1os y perjuicios<\/strong>: Los da\u00f1os liquidados son los acordados en el contrato en caso de incumplimiento. A menudo, los contratos incluyen una cl\u00e1usula que especifica una cantidad en concepto de da\u00f1os y perjuicios que debe pagarse a la parte perjudicada en caso de incumplimiento.<\/li>\n<\/ul>\n<ul>\n<li><strong>Cumplimiento espec\u00edfico<\/strong>: En determinadas situaciones, los da\u00f1os monetarios o liquidados no remediar\u00edan el incumplimiento. El cumplimiento espec\u00edfico exigir\u00e1 la ejecuci\u00f3n del contrato y tratar\u00e1 de situar a la parte perjudicada en la posici\u00f3n en la que se habr\u00eda encontrado de haberse cumplido el contrato. El cumplimiento espec\u00edfico suele ser el remedio en los contratos que implican la venta de objetos \u00fanicos que no pueden sustituirse, como obras de arte y bienes inmuebles, pero no en un contrato de servicios.<\/li>\n<\/ul>\n<p>P\u00f3ngase en contacto con nosotros en el (407) 490-0696 o utilizando el formulario de la derecha para una consulta para discutir la redacci\u00f3n y revisi\u00f3n de contratos.[\/vc_column_text][\/vc_column][\/vc_row]\n<\/div>","protected":false},"excerpt":{"rendered":"<p>[vc_row][vc_column][vc_column_text]Los contratos son documentos importantes que vinculan a las partes en un acuerdo. Personas y empresas firman contratos todos los d\u00edas. En PD Law Firm, P.A. entendemos que las personas y las empresas no son todas iguales y que los contratos de &#8220;talla \u00fanica&#8221; no siempre funcionan. The PD Law Firm, P.A. puede ayudarle a usted o a su empresa a redactar contratos para cualquier transacci\u00f3n o a revisar los contratos ya existentes. En caso de que surjan disputas contractuales, PD Law Firm, P.A. tiene los conocimientos y la experiencia para ayudarle a obtener los mejores resultados. Podemos explorar que las posibles soluciones en casos de incumplimiento de contrato: Da\u00f1os y perjuicios monetarios: la parte perjudicada puede reclamar da\u00f1os y perjuicios monetarios en caso de incumplimiento de contrato. Las indemnizaciones pecuniarias pretenden situar a la parte perjudicada en la posici\u00f3n en la que habr\u00eda estado de haberse cumplido el contrato. Los da\u00f1os monetarios incluyen los sufridos por el incumplimiento del contrato. Indemnizaci\u00f3n por da\u00f1os y perjuicios: Los da\u00f1os liquidados son los acordados en el contrato en caso de incumplimiento. A menudo, los contratos incluyen una cl\u00e1usula que especifica una cantidad en concepto de da\u00f1os y perjuicios que debe pagarse a la parte perjudicada en caso de incumplimiento. Cumplimiento espec\u00edfico: En determinadas situaciones, los da\u00f1os monetarios o liquidados no remediar\u00edan el incumplimiento. El cumplimiento espec\u00edfico exigir\u00e1 la ejecuci\u00f3n del contrato y tratar\u00e1 de situar a la parte perjudicada en la posici\u00f3n en la que se habr\u00eda encontrado de haberse cumplido el contrato. El cumplimiento espec\u00edfico suele ser el remedio en los contratos que implican la venta de objetos \u00fanicos que no pueden sustituirse, como obras de arte y bienes inmuebles, pero no en un contrato de servicios. P\u00f3ngase en contacto con nosotros en el (407) 490-0696 o utilizando el formulario de la derecha para una consulta para discutir la redacci\u00f3n y revisi\u00f3n de contratos.[\/vc_column_text][\/vc_column][\/vc_row]<\/p>\n","protected":false},"author":1,"featured_media":605,"parent":0,"menu_order":2,"comment_status":"closed","ping_status":"closed","template":"","meta":{"_seopress_robots_primary_cat":"","_seopress_titles_title":"Redacci\u00f3n y revisi\u00f3n de contratos %%sep%% %%sitename%%","_seopress_titles_desc":"Los contratos son documentos importantes que vinculan a las partes en un acuerdo. Personas y empresas firman contratos todos los d\u00edas. En el PD Law Firm, P.A.","_seopress_robots_index":"","footnotes":""},"class_list":["post-677","page","type-page","status-publish","has-post-thumbnail","hentry","entry","post-inner"],"_links":{"self":[{"href":"https:\/\/pdlaworlando.com\/es\/wp-json\/wp\/v2\/pages\/677","targetHints":{"allow":["GET"]}}],"collection":[{"href":"https:\/\/pdlaworlando.com\/es\/wp-json\/wp\/v2\/pages"}],"about":[{"href":"https:\/\/pdlaworlando.com\/es\/wp-json\/wp\/v2\/types\/page"}],"author":[{"embeddable":true,"href":"https:\/\/pdlaworlando.com\/es\/wp-json\/wp\/v2\/users\/1"}],"replies":[{"embeddable":true,"href":"https:\/\/pdlaworlando.com\/es\/wp-json\/wp\/v2\/comments?post=677"}],"version-history":[{"count":4,"href":"https:\/\/pdlaworlando.com\/es\/wp-json\/wp\/v2\/pages\/677\/revisions"}],"predecessor-version":[{"id":1052,"href":"https:\/\/pdlaworlando.com\/es\/wp-json\/wp\/v2\/pages\/677\/revisions\/1052"}],"wp:featuredmedia":[{"embeddable":true,"href":"https:\/\/pdlaworlando.com\/es\/wp-json\/wp\/v2\/media\/605"}],"wp:attachment":[{"href":"https:\/\/pdlaworlando.com\/es\/wp-json\/wp\/v2\/media?parent=677"}],"curies":[{"name":"wp","href":"https:\/\/api.w.org\/{rel}","templated":true}]}}