{"id":695,"date":"2017-01-31T17:16:40","date_gmt":"2017-01-31T22:16:40","guid":{"rendered":"https:\/\/pdlaworlando.com\/inicio\/"},"modified":"2024-06-30T11:01:00","modified_gmt":"2024-06-30T16:01:00","slug":"inicio","status":"publish","type":"page","link":"https:\/\/pdlaworlando.com\/es\/","title":{"rendered":"Inicio"},"content":{"rendered":"<div class=\"wpb-content-wrapper\">[vc_row][vc_column][vc_column_text css=&#8221;.vc_custom_1719763249815{margin-bottom: 50px !important;padding-right: 20px !important;padding-left: 20px !important;}&#8221;]\n<div dir=\"ltr\" style=\"font-size: 18px; line-height: 36px;\">\n<p><strong>El PD Law Firm, P.A<\/strong>. est\u00e1 listo para manejar sus <a href=\"https:\/\/pdlaworlando.com\/es\/accidentes-de-trafico\/\">casos<\/a> de <a href=\"https:\/\/pdlaworlando.com\/es\/inmigracion\/peticiones-familiares\/\">inmigraci\u00f3n<\/a>, <a href=\"https:\/\/pdlaworlando.com\/es\/criminal\/\">criminales<\/a>, o <a href=\"https:\/\/pdlaworlando.com\/es\/abogado-de-divorcio-en-orlando\/\">derecho de familia<\/a>.\u00a0Se beneficiar\u00e1 de nuestra experiencia y pr\u00e1ctica en varias \u00e1reas del Derecho.<\/p>\n<p>Si usted tiene una pregunta de inmigraci\u00f3n, un asunto penal, o ha estado en un accidente de coche, el PD Law Firm, P.A. puede guiarle a trav\u00e9s del proceso y ayudar a proteger sus derechos.<\/p>\n<h2>Abogado de Inmigraci\u00f3n en Orlando<\/h2>\n<p><img loading=\"lazy\" decoding=\"async\" class=\"wp-image-461 alignleft\" src=\"https:\/\/pdlaworlando.com\/wp-content\/uploads\/Brazilian-Immigration-Attorney-in-Kissimmee-300x200.jpg\" alt=\"Abogado de Inmigraci\u00f3n de Brasil en Kissimmee\" width=\"362\" height=\"241\" srcset=\"https:\/\/pdlaworlando.com\/wp-content\/uploads\/Brazilian-Immigration-Attorney-in-Kissimmee-300x200.jpg 300w, https:\/\/pdlaworlando.com\/wp-content\/uploads\/Brazilian-Immigration-Attorney-in-Kissimmee-768x512.jpg 768w, https:\/\/pdlaworlando.com\/wp-content\/uploads\/Brazilian-Immigration-Attorney-in-Kissimmee.jpg 1000w\" sizes=\"auto, (max-width: 362px) 100vw, 362px\" \/><\/p>\n<p>Hay muchas complejidades en el procedimiento de inmigraci\u00f3n, sobre todo para quienes tienen un bajo nivel de ingl\u00e9s o acaban de llegar a una nueva naci\u00f3n. A mucha gente le resulta dif\u00edcil de entender y frustrante. Si eres inmigrante indocumentado, trabajar en Estados Unidos puede ponerte en riesgo de deportaci\u00f3n. Apostar por lo que se puede y no se puede hacer en Estados Unidos es, como poco, arriesgado. Las personas con problemas de inmigraci\u00f3n est\u00e1n pasando por un momento realmente estresante en este momento, especialmente si est\u00e1s tratando de navegar por el complicado sistema de inmigraci\u00f3n por tu cuenta. Para <strong>PD<\/strong> Law, es nuestra misi\u00f3n no s\u00f3lo informar a nuestros clientes acerca de su estatus legal en este momento de incertidumbre, sino tambi\u00e9n ayudarles en sus esfuerzos para obtener un estatus de inmigraci\u00f3n de su elecci\u00f3n a trav\u00e9s del proceso de solicitud.<\/p>\n<p>Inmigrar a Estados Unidos puede ser un proceso complicado, y muchas personas no est\u00e1n seguras de qu\u00e9 pasos deben dar para convertirse en residentes legales. El abogado de inmigraci\u00f3n Pedro Dearaujo lleva m\u00e1s de diez a\u00f1os ayudando a personas y familias a inmigrar con \u00e9xito desde Brasil y otros pa\u00edses sudamericanos. Si usted requiere una visa temporal, tarjeta verde, o la ciudadan\u00eda completa, nuestros profesionales de confianza en <a href=\"https:\/\/pdlaworlando.com\/es\/\">The PD Law Firm, P.A.<\/a> puede ayudarle en el proceso de principio a fin.<\/p>\n<p>Tras licenciarse en Gobierno y Pol\u00edtica Internacional en Washington D.C., Pedro Dearaujo se traslad\u00f3 a Florida en 2006 y se licenci\u00f3 en Derecho por la Florida State University College of Law. Como abogado brasile\u00f1o de inmigraci\u00f3n en Orlando, Pedro Dearaujo proporciona atenci\u00f3n personalizada y cuidado a los clientes. Obtenga m\u00e1s informaci\u00f3n explorando nuestro sitio web y consultando cualquier duda que pueda tener.<\/p>\n<h2><strong>Inmigraci\u00f3n matrimonial<\/strong><\/h2>\n<p>El matrimonio con un ciudadano estadounidense o un residente permanente es una de las v\u00edas m\u00e1s comunes para obtener la ciudadan\u00eda, pero el proceso puede resultar abrumador si no se cuenta con orientaci\u00f3n profesional. Pedro Dearaujo se dedica a ayudar a las parejas que desean residir juntas a construir unos cimientos s\u00f3lidos. Tambi\u00e9n hemos ayudado a muchas familias a traer con \u00e9xito a sus seres queridos a Orlando, y estaremos encantados de hacer lo mismo por usted.<\/p>\n<h2><strong>Visa temporales y permanentes<\/strong><\/h2>\n<p>\u00bfQuiere trabajar, estudiar o viajar a Estados Unidos? Es importante trabajar con un abogado de inmigraci\u00f3n brasile\u00f1o en Orlando. The PD Law Firm, P.A. asiste regularmente a individuos en la obtenci\u00f3n de todos los visa necesarios. Estamos preparados para ayudarle con lo siguiente:<\/p>\n<ul>\n<li><strong>Trabajo<\/strong>: Muchas empresas de Estados Unidos buscan personas trabajadoras para incorporarse a sus equipos, pero la contrataci\u00f3n de trabajadores extranjeros exige una amplia documentaci\u00f3n. Ayudamos a personas con talento a obtener visa de trabajo que les permitan vivir y trabajar en Estados Unidos.<\/li>\n<li><strong>Estudiar<\/strong>: Muchos j\u00f3venes sue\u00f1an con ir a la universidad o estudiar en el extranjero, pero primero hay que presentar solicitudes completas para tener las m\u00e1ximas posibilidades de ser aceptado. Podr\u00e1s vivir y estudiar con \u00e9xito como estudiante a tiempo completo despu\u00e9s de trabajar con nuestro equipo.<\/li>\n<li><strong>Visa de turismo<\/strong>: Viajar es una forma estupenda de explorar nuevas culturas e intereses, pero tambi\u00e9n puede ser dif\u00edcil. Ayudamos regularmente a turistas de todas las edades a realizar el proceso de visa para que puedan disfrutar de su estancia en Orlando y de todas las atracciones que esta zona ofrece.<\/li>\n<li><strong>Atenci\u00f3n m\u00e9dica<\/strong>: Mucha gente acude a los hospitales y centros m\u00e9dicos de Estados Unidos en busca de atenci\u00f3n de primera clase. El abogado de inmigraci\u00f3n brasile\u00f1o Pedro Dearaujo puede guiarle a trav\u00e9s del complejo proceso de solicitud de visa para que su familia tenga acceso a todos los tratamientos m\u00e9dicos que necesite.<\/li>\n<\/ul>\n<h2><strong>Emigrar con \u00e9xito<\/strong><\/h2>\n<p>Una vez que haya sido residente permanente durante cinco a\u00f1os continuos o est\u00e9 casado con un ciudadano estadounidense, pregunte a The PD Law Firm, P.A. sobre<\/p>\n<p><img loading=\"lazy\" decoding=\"async\" class=\"size-medium wp-image-464 alignright\" src=\"https:\/\/pdlaworlando.com\/wp-content\/uploads\/Brazilian-Immigration-Attorney-in-Windermere-300x200.jpg\" alt=\"Abogado de Inmigraci\u00f3n en Windermere\" width=\"300\" height=\"200\" srcset=\"https:\/\/pdlaworlando.com\/wp-content\/uploads\/Brazilian-Immigration-Attorney-in-Windermere-300x200.jpg 300w, https:\/\/pdlaworlando.com\/wp-content\/uploads\/Brazilian-Immigration-Attorney-in-Windermere-768x512.jpg 768w, https:\/\/pdlaworlando.com\/wp-content\/uploads\/Brazilian-Immigration-Attorney-in-Windermere.jpg 1000w\" sizes=\"auto, (max-width: 300px) 100vw, 300px\" \/><\/p>\n<p>pasar por el proceso de naturalizaci\u00f3n. Nuestro equipo se enorgullece de haber ayudado a familias de toda Am\u00e9rica Central y del Sur con este objetivo. Si necesita un visa temporal u otro servicio, tambi\u00e9n podemos colaborar con usted.<\/p>\n<p>Pedro Dearaujo cree que todo el mundo tiene derecho a vivir y perseguir el sue\u00f1o americano, y estamos dispuestos a ayudarle en todo lo que podamos. Llame hoy mismo a un abogado de inmigraci\u00f3n brasile\u00f1o cualificado en Orlando para obtener m\u00e1s informaci\u00f3n.<\/p>\n<\/div>\n[\/vc_column_text][vc_cta h2=&#8221;FALAMOS PORTUGU\u00caS &#8211; HABLAMOS ESPA\u00d1OL&#8221; txt_align=&#8221;center&#8221; shape=&#8221;square&#8221; add_icon=&#8221;left&#8221; i_icon_fontawesome=&#8221;fa fa-info-circle&#8221; i_color=&#8221;custom&#8221; i_background_style=&#8221;rounded&#8221; css_animation=&#8221;fadeInUp&#8221; i_custom_color=&#8221;#212121&#8243; css=&#8221;.vc_custom_1551485636080{margin-top: 40px !important;}&#8221;][\/vc_cta][\/vc_column][\/vc_row]\n<\/div>","protected":false},"excerpt":{"rendered":"<p>[vc_row][vc_column][vc_column_text css=&#8221;.vc_custom_1719763249815{margin-bottom: 50px !important;padding-right: 20px !important;padding-left: 20px !important;}&#8221;] El PD Law Firm, P.A. est\u00e1 listo para manejar sus casos de inmigraci\u00f3n, criminales, o derecho de familia.\u00a0Se beneficiar\u00e1 de nuestra experiencia y pr\u00e1ctica en varias \u00e1reas del Derecho. Si usted tiene una pregunta de inmigraci\u00f3n, un asunto penal, o ha estado en un accidente de coche, el PD Law Firm, P.A. puede guiarle a trav\u00e9s del proceso y ayudar a proteger sus derechos. Abogado de Inmigraci\u00f3n en Orlando Hay muchas complejidades en el procedimiento de inmigraci\u00f3n, sobre todo para quienes tienen un bajo nivel de ingl\u00e9s o acaban de llegar a una nueva naci\u00f3n. A mucha gente le resulta dif\u00edcil de entender y frustrante. Si eres inmigrante indocumentado, trabajar en Estados Unidos puede ponerte en riesgo de deportaci\u00f3n. Apostar por lo que se puede y no se puede hacer en Estados Unidos es, como poco, arriesgado. Las personas con problemas de inmigraci\u00f3n est\u00e1n pasando por un momento realmente estresante en este momento, especialmente si est\u00e1s tratando de navegar por el complicado sistema de inmigraci\u00f3n por tu cuenta. Para PD Law, es nuestra misi\u00f3n no s\u00f3lo informar a nuestros clientes acerca de su estatus legal en este momento de incertidumbre, sino tambi\u00e9n ayudarles en sus esfuerzos para obtener un estatus de inmigraci\u00f3n de su elecci\u00f3n a trav\u00e9s del proceso de solicitud. Inmigrar a Estados Unidos puede ser un proceso complicado, y muchas personas no est\u00e1n seguras de qu\u00e9 pasos deben dar para convertirse en residentes legales. El abogado de inmigraci\u00f3n Pedro Dearaujo lleva m\u00e1s de diez a\u00f1os ayudando a personas y familias a inmigrar con \u00e9xito desde Brasil y otros pa\u00edses sudamericanos. Si usted requiere una visa temporal, tarjeta verde, o la ciudadan\u00eda completa, nuestros profesionales de confianza en The PD Law Firm, P.A. puede ayudarle en el proceso de principio a fin. Tras licenciarse en Gobierno y Pol\u00edtica Internacional en Washington D.C., Pedro Dearaujo se traslad\u00f3 a Florida en 2006 y se licenci\u00f3 en Derecho por la Florida State University College of Law. Como abogado brasile\u00f1o de inmigraci\u00f3n en Orlando, Pedro Dearaujo proporciona atenci\u00f3n personalizada y cuidado a los clientes. Obtenga m\u00e1s informaci\u00f3n explorando nuestro sitio web y consultando cualquier duda que pueda tener. Inmigraci\u00f3n matrimonial El matrimonio con un ciudadano estadounidense o un residente permanente es una de las v\u00edas m\u00e1s comunes para obtener la ciudadan\u00eda, pero el proceso puede resultar abrumador si no se cuenta con orientaci\u00f3n profesional. Pedro Dearaujo se dedica a ayudar a las parejas que desean residir juntas a construir unos cimientos s\u00f3lidos. Tambi\u00e9n hemos ayudado a muchas familias a traer con \u00e9xito a sus seres queridos a Orlando, y estaremos encantados de hacer lo mismo por usted. Visa temporales y permanentes \u00bfQuiere trabajar, estudiar o viajar a Estados Unidos? Es importante trabajar con un abogado de inmigraci\u00f3n brasile\u00f1o en Orlando. The PD Law Firm, P.A. asiste regularmente a individuos en la obtenci\u00f3n de todos los visa necesarios. Estamos preparados para ayudarle con lo siguiente: Trabajo: Muchas empresas de Estados Unidos buscan personas trabajadoras para incorporarse a sus equipos, pero la contrataci\u00f3n de trabajadores extranjeros exige una amplia documentaci\u00f3n. Ayudamos a personas con talento a obtener visa de trabajo que les permitan vivir y trabajar en Estados Unidos. Estudiar: Muchos j\u00f3venes sue\u00f1an con ir a la universidad o estudiar en el extranjero, pero primero hay que presentar solicitudes completas para tener las m\u00e1ximas posibilidades de ser aceptado. Podr\u00e1s vivir y estudiar con \u00e9xito como estudiante a tiempo completo despu\u00e9s de trabajar con nuestro equipo. Visa de turismo: Viajar es una forma estupenda de explorar nuevas culturas e intereses, pero tambi\u00e9n puede ser dif\u00edcil. Ayudamos regularmente a turistas de todas las edades a realizar el proceso de visa para que puedan disfrutar de su estancia en Orlando y de todas las atracciones que esta zona ofrece. Atenci\u00f3n m\u00e9dica: Mucha gente acude a los hospitales y centros m\u00e9dicos de Estados Unidos en busca de atenci\u00f3n de primera clase. El abogado de inmigraci\u00f3n brasile\u00f1o Pedro Dearaujo puede guiarle a trav\u00e9s del complejo proceso de solicitud de visa para que su familia tenga acceso a todos los tratamientos m\u00e9dicos que necesite. Emigrar con \u00e9xito Una vez que haya sido residente permanente durante cinco a\u00f1os continuos o est\u00e9 casado con un ciudadano estadounidense, pregunte a The PD Law Firm, P.A. sobre pasar por el proceso de naturalizaci\u00f3n. Nuestro equipo se enorgullece de haber ayudado a familias de toda Am\u00e9rica Central y del Sur con este objetivo. Si necesita un visa temporal u otro servicio, tambi\u00e9n podemos colaborar con usted. Pedro Dearaujo cree que todo el mundo tiene derecho a vivir y perseguir el sue\u00f1o americano, y estamos dispuestos a ayudarle en todo lo que podamos. Llame hoy mismo a un abogado de inmigraci\u00f3n brasile\u00f1o cualificado en Orlando para obtener m\u00e1s informaci\u00f3n. [\/vc_column_text][vc_cta h2=&#8221;FALAMOS PORTUGU\u00caS &#8211; HABLAMOS ESPA\u00d1OL&#8221; txt_align=&#8221;center&#8221; shape=&#8221;square&#8221; add_icon=&#8221;left&#8221; i_icon_fontawesome=&#8221;fa fa-info-circle&#8221; i_color=&#8221;custom&#8221; i_background_style=&#8221;rounded&#8221; css_animation=&#8221;fadeInUp&#8221; i_custom_color=&#8221;#212121&#8243; css=&#8221;.vc_custom_1551485636080{margin-top: 40px !important;}&#8221;][\/vc_cta][\/vc_column][\/vc_row]<\/p>\n","protected":false},"author":1,"featured_media":0,"parent":0,"menu_order":0,"comment_status":"closed","ping_status":"closed","template":"","meta":{"_seopress_robots_primary_cat":"","_seopress_titles_title":"Abogado de Inmigraci\u00f3n en Orlando FL | PD Law Firm, P.A","_seopress_titles_desc":"Abogado de Inmigraci\u00f3n en Orlando, el PD Law Firm, P.A. puede guiarlo a trav\u00e9s del proceso y ayudar a proteger sus derechos.","_seopress_robots_index":"","footnotes":""},"class_list":["post-695","page","type-page","status-publish","hentry","entry","post-inner"],"_links":{"self":[{"href":"https:\/\/pdlaworlando.com\/es\/wp-json\/wp\/v2\/pages\/695","targetHints":{"allow":["GET"]}}],"collection":[{"href":"https:\/\/pdlaworlando.com\/es\/wp-json\/wp\/v2\/pages"}],"about":[{"href":"https:\/\/pdlaworlando.com\/es\/wp-json\/wp\/v2\/types\/page"}],"author":[{"embeddable":true,"href":"https:\/\/pdlaworlando.com\/es\/wp-json\/wp\/v2\/users\/1"}],"replies":[{"embeddable":true,"href":"https:\/\/pdlaworlando.com\/es\/wp-json\/wp\/v2\/comments?post=695"}],"version-history":[{"count":7,"href":"https:\/\/pdlaworlando.com\/es\/wp-json\/wp\/v2\/pages\/695\/revisions"}],"predecessor-version":[{"id":1279,"href":"https:\/\/pdlaworlando.com\/es\/wp-json\/wp\/v2\/pages\/695\/revisions\/1279"}],"wp:attachment":[{"href":"https:\/\/pdlaworlando.com\/es\/wp-json\/wp\/v2\/media?parent=695"}],"curies":[{"name":"wp","href":"https:\/\/api.w.org\/{rel}","templated":true}]}}