{"id":696,"date":"2017-02-01T16:31:45","date_gmt":"2017-02-01T21:31:45","guid":{"rendered":"https:\/\/pdlaworlando.com\/preguntas-frecuentes\/"},"modified":"2024-06-29T12:42:31","modified_gmt":"2024-06-29T17:42:31","slug":"preguntas-frecuentes","status":"publish","type":"page","link":"https:\/\/pdlaworlando.com\/es\/preguntas-frecuentes\/","title":{"rendered":"PREGUNTAS FRECUENTES"},"content":{"rendered":"<div class=\"wpb-content-wrapper\">[vc_row][vc_column width=&#8221;1\/2&#8243;][vc_column_text css=&#8221;.vc_custom_1488485461394{margin-bottom: 10px !important;}&#8221;]\n<h2>Criminal<\/h2>\n[\/vc_column_text][vc_tta_accordion spacing=&#8221;2&#8243; gap=&#8221;25&#8243; active_section=&#8221;&#8221; collapsible_all=&#8221;true&#8221;][vc_tta_section title=&#8221;\u00bfQu\u00e9 ocurre tras la detenci\u00f3n?&#8221; tab_id=&#8221;1488484872008-c2181651-d9ff&#8221;][vc_column_text]La polic\u00eda lleva a cabo una investigaci\u00f3n, redacta un informe y remite el caso al fiscal del estado para su enjuiciamiento. Los fiscales analizan el caso y deciden acusar o no a la persona de un delito. El fiscal tambi\u00e9n tiene discrecionalidad para decidir c\u00f3mo imputar el caso: delito menor o grave y qu\u00e9 cargos presentar.[\/vc_column_text][\/vc_tta_section][vc_tta_section title=&#8221;\u00bfNecesito un abogado penalista?&#8221; tab_id=&#8221;1488484872040-a1701ff0-e702&#8243;][vc_column_text]Un abogado de defensa criminal puede hacer una gran diferencia en su caso. Un abogado con experiencia analizar\u00e1 los hechos de su caso y encontrar\u00e1 defensas que quiz\u00e1 usted no sepa que son posibles. Un abogado tambi\u00e9n puede presentar mociones para excluir ciertas pruebas si la polic\u00eda no sigui\u00f3 ciertas reglas establecidas por la Constituci\u00f3n de los Estados Unidos. Toda persona est\u00e1 protegida contra registros ilegales y un abogado penalista puede ayudarle a hacer valer sus derechos.[\/vc_column_text][\/vc_tta_section][vc_tta_section title=&#8221;La persona que llam\u00f3 a la polic\u00eda no quiere denunciar, \u00bfnecesito un abogado?&#8221; tab_id=&#8221;1488485141534-7f7ac5ef-3ba4&#8243;][vc_column_text]En algunos casos, s\u00ed. El Estado puede procesar un caso aunque la &#8220;v\u00edctima&#8221; no quiera procesarlo. El estado puede creer que tiene suficientes pruebas para condenarle y seguir\u00e1 adelante con la esperanza de que usted llegue a un acuerdo. En determinados casos, el Estado tambi\u00e9n puede obligar a una persona a declarar aunque no desee hacerlo.[\/vc_column_text][\/vc_tta_section][vc_tta_section title=&#8221;\u00bfNecesito un abogado si me detienen por conducir bajo los efectos del alcohol?&#8221; tab_id=&#8221;1488485181833-0a5db976-0e73&#8243;][vc_column_text]En Florida, los DUIs conllevan sanciones severas incluyendo, c\u00e1rcel, libertad condicional y muchas sanciones financieras. Un abogado con experiencia en DUI puede ayudarle haciendo valer sus derechos. Las leyes de DUI son complejas y un abogado capacitado conoce los matices de las leyes y puede ayudarle a defenderse mejor.[\/vc_column_text][\/vc_tta_section][vc_tta_section title=&#8221;Si el acusado no es ciudadano estadounidense, \u00bfc\u00f3mo se ver\u00e1 afectada su situaci\u00f3n migratoria por una detenci\u00f3n?&#8221; tab_id=&#8221;1488485236162-220af383-d5dc&#8221;][vc_column_text]Desde la elecci\u00f3n de Donald Trump como presidente, cualquier condena penal puede exponer a un no ciudadano a consecuencias migratorias. Algunas condenas penales pueden tener consecuencias directas para la inmigraci\u00f3n. y graves consecuencias para la situaci\u00f3n migratoria de una persona, que a menudo desembocan en un procedimiento de deportaci\u00f3n. Un abogado formado en leyes de inmigraci\u00f3n, as\u00ed como en derecho penal, puede ayudarle a protegerse mejor de las posibles consecuencias de la inmigraci\u00f3n.[\/vc_column_text][\/vc_tta_section][vc_tta_section title=&#8221;\u00bfC\u00f3mo puedo aclarar una orden de detenci\u00f3n?&#8221; tab_id=&#8221;1488485239110-acb887e0-7587&#8243;][vc_column_text]Aclarar una orden de detenci\u00f3n puede hacerse de una manera: compareciendo ante el tribunal que emiti\u00f3 la orden. Mientras la orden est\u00e9 en el sistema, la persona puede ser detenida por ello en cualquier estado, en cualquier contacto con la polic\u00eda o agencia gubernamental, e incluso entrando en Estados Unidos en el aeropuerto. La mejor manera de abordar este problema jur\u00eddico es actuar de inmediato para aclarar la orden de detenci\u00f3n. Acudir voluntariamente al juzgado puede evitar a menudo el ingreso posterior en prisi\u00f3n si la persona es efectivamente detenida en virtud de la orden de detenci\u00f3n.[\/vc_column_text][\/vc_tta_section][vc_tta_section title=&#8221;\u00bfServir\u00e1 cualquier abogado?&#8221; tab_id=&#8221;1488485304475-e5dee66a-2531&#8243;][vc_column_text]No todos los abogados son iguales. En el PD Law Firm, P.A. tenemos a\u00f1os de experiencia representando a miles de clientes en casos criminales. Nuestros abogados entienden que las consecuencias de una condena penal afectan mucho m\u00e1s que al acusado. Las condenas penales afectan a las familias, las perspectivas laborales, la vivienda, etc. Para los no ciudadanos, es muy importante contratar a un abogado que entienda tanto de inmigraci\u00f3n como de derecho penal para evitar consecuencias no deseadas. En el PD Law Firm, P.A. tenemos la experiencia en inmigraci\u00f3n y derecho penal necesaria para representar a aquellos que enfrentan cargos criminales.[\/vc_column_text][\/vc_tta_section][\/vc_tta_accordion][\/vc_column][vc_column width=&#8221;1\/2&#8243;][vc_column_text css=&#8221;.vc_custom_1488485524282{margin-bottom: 10px !important;}&#8221;]\n<h2>Inmigraci\u00f3n<\/h2>\n[\/vc_column_text][vc_tta_accordion spacing=&#8221;2&#8243; gap=&#8221;25&#8243; active_section=&#8221;&#8221; collapsible_all=&#8221;true&#8221;][vc_tta_section title=&#8221;\u00bfNecesito un abogado de inmigraci\u00f3n?&#8221; tab_id=&#8221;1488485529062-ab3dc727-0fdc&#8221;][vc_column_text]Las leyes de inmigraci\u00f3n de Estados Unidos son muy complejas y puede resultar dif\u00edcil saber cu\u00e1l es el mejor visado o permiso para solicitarlo. Desde que Donald Trump fue elegido presidente, las regulaciones de inmigraci\u00f3n cambian r\u00e1pidamente y a menudo son impredecibles. Un abogado puede analizar su caso para decidir el mejor enfoque, lo que puede ahorrarle dinero y tiempo. Solicitar el visado equivocado, rellenar incorrectamente los formularios y no aportar la documentaci\u00f3n necesaria puede provocar graves retrasos e incluso denegaciones.[\/vc_column_text][\/vc_tta_section][vc_tta_section title=&#8221;\u00bfPor qu\u00e9 abogados y no asesores de inmigraci\u00f3n?&#8221; tab_id=&#8221;1488485529163-0dca3f9f-ac33&#8243;][vc_column_text]Los procesos de inmigraci\u00f3n pueden tener consecuencias que van m\u00e1s all\u00e1 del \u00e1mbito de la propia inmigraci\u00f3n. La inmigraci\u00f3n puede afectar y afecta a la familia, las finanzas, el empleo, la salud, los negocios, etc. Los abogados de PD Law Firm, P.A. tienen licencia completa para ejercer la abogac\u00eda y est\u00e1n capacitados en otras \u00e1reas de la ley, adem\u00e1s de la inmigraci\u00f3n.<\/p>\n<p>Muchas personas que contrataron a &#8220;notarios&#8221; y asesores acuden a nosotros para solucionar problemas causados por solicitudes y documentaci\u00f3n presentadas incorrectamente. En PD Law Firm, P.A. estamos capacitados en las leyes de inmigraci\u00f3n y entendemos que no todas las situaciones son iguales. Atendemos a cada cliente individualmente, comunic\u00e1ndonos y comprendiendo su situaci\u00f3n.[\/vc_column_text][\/vc_tta_section][vc_tta_section title=&#8221;\u00bfPueden garantizarme que mi solicitud ser\u00e1 aceptada?&#8221; tab_id=&#8221;1488485529270-81c1b167-47be&#8221;][vc_column_text]No. Ning\u00fan abogado honesto puede ofrecer este tipo de garant\u00eda. Tenemos una tasa muy alta de \u00e9xito con nuestras solicitudes y podemos prometerle que trabajaremos muy duro en su caso.[\/vc_column_text][\/vc_tta_section][\/vc_tta_accordion][\/vc_column][\/vc_row]\n<\/div>","protected":false},"excerpt":{"rendered":"<p>[vc_row][vc_column width=&#8221;1\/2&#8243;][vc_column_text css=&#8221;.vc_custom_1488485461394{margin-bottom: 10px !important;}&#8221;] Criminal [\/vc_column_text][vc_tta_accordion spacing=&#8221;2&#8243; gap=&#8221;25&#8243; active_section=&#8221;&#8221; collapsible_all=&#8221;true&#8221;][vc_tta_section title=&#8221;\u00bfQu\u00e9 ocurre tras la detenci\u00f3n?&#8221; tab_id=&#8221;1488484872008-c2181651-d9ff&#8221;][vc_column_text]La polic\u00eda lleva a cabo una investigaci\u00f3n, redacta un informe y remite el caso al fiscal del estado para su enjuiciamiento. Los fiscales analizan el caso y deciden acusar o no a la persona de un delito. El fiscal tambi\u00e9n tiene discrecionalidad para decidir c\u00f3mo imputar el caso: delito menor o grave y qu\u00e9 cargos presentar.[\/vc_column_text][\/vc_tta_section][vc_tta_section title=&#8221;\u00bfNecesito un abogado penalista?&#8221; tab_id=&#8221;1488484872040-a1701ff0-e702&#8243;][vc_column_text]Un abogado de defensa criminal puede hacer una gran diferencia en su caso. Un abogado con experiencia analizar\u00e1 los hechos de su caso y encontrar\u00e1 defensas que quiz\u00e1 usted no sepa que son posibles. Un abogado tambi\u00e9n puede presentar mociones para excluir ciertas pruebas si la polic\u00eda no sigui\u00f3 ciertas reglas establecidas por la Constituci\u00f3n de los Estados Unidos. Toda persona est\u00e1 protegida contra registros ilegales y un abogado penalista puede ayudarle a hacer valer sus derechos.[\/vc_column_text][\/vc_tta_section][vc_tta_section title=&#8221;La persona que llam\u00f3 a la polic\u00eda no quiere denunciar, \u00bfnecesito un abogado?&#8221; tab_id=&#8221;1488485141534-7f7ac5ef-3ba4&#8243;][vc_column_text]En algunos casos, s\u00ed. El Estado puede procesar un caso aunque la &#8220;v\u00edctima&#8221; no quiera procesarlo. El estado puede creer que tiene suficientes pruebas para condenarle y seguir\u00e1 adelante con la esperanza de que usted llegue a un acuerdo. En determinados casos, el Estado tambi\u00e9n puede obligar a una persona a declarar aunque no desee hacerlo.[\/vc_column_text][\/vc_tta_section][vc_tta_section title=&#8221;\u00bfNecesito un abogado si me detienen por conducir bajo los efectos del alcohol?&#8221; tab_id=&#8221;1488485181833-0a5db976-0e73&#8243;][vc_column_text]En Florida, los DUIs conllevan sanciones severas incluyendo, c\u00e1rcel, libertad condicional y muchas sanciones financieras. Un abogado con experiencia en DUI puede ayudarle haciendo valer sus derechos. Las leyes de DUI son complejas y un abogado capacitado conoce los matices de las leyes y puede ayudarle a defenderse mejor.[\/vc_column_text][\/vc_tta_section][vc_tta_section title=&#8221;Si el acusado no es ciudadano estadounidense, \u00bfc\u00f3mo se ver\u00e1 afectada su situaci\u00f3n migratoria por una detenci\u00f3n?&#8221; tab_id=&#8221;1488485236162-220af383-d5dc&#8221;][vc_column_text]Desde la elecci\u00f3n de Donald Trump como presidente, cualquier condena penal puede exponer a un no ciudadano a consecuencias migratorias. Algunas condenas penales pueden tener consecuencias directas para la inmigraci\u00f3n. y graves consecuencias para la situaci\u00f3n migratoria de una persona, que a menudo desembocan en un procedimiento de deportaci\u00f3n. Un abogado formado en leyes de inmigraci\u00f3n, as\u00ed como en derecho penal, puede ayudarle a protegerse mejor de las posibles consecuencias de la inmigraci\u00f3n.[\/vc_column_text][\/vc_tta_section][vc_tta_section title=&#8221;\u00bfC\u00f3mo puedo aclarar una orden de detenci\u00f3n?&#8221; tab_id=&#8221;1488485239110-acb887e0-7587&#8243;][vc_column_text]Aclarar una orden de detenci\u00f3n puede hacerse de una manera: compareciendo ante el tribunal que emiti\u00f3 la orden. Mientras la orden est\u00e9 en el sistema, la persona puede ser detenida por ello en cualquier estado, en cualquier contacto con la polic\u00eda o agencia gubernamental, e incluso entrando en Estados Unidos en el aeropuerto. La mejor manera de abordar este problema jur\u00eddico es actuar de inmediato para aclarar la orden de detenci\u00f3n. Acudir voluntariamente al juzgado puede evitar a menudo el ingreso posterior en prisi\u00f3n si la persona es efectivamente detenida en virtud de la orden de detenci\u00f3n.[\/vc_column_text][\/vc_tta_section][vc_tta_section title=&#8221;\u00bfServir\u00e1 cualquier abogado?&#8221; tab_id=&#8221;1488485304475-e5dee66a-2531&#8243;][vc_column_text]No todos los abogados son iguales. En el PD Law Firm, P.A. tenemos a\u00f1os de experiencia representando a miles de clientes en casos criminales. Nuestros abogados entienden que las consecuencias de una condena penal afectan mucho m\u00e1s que al acusado. Las condenas penales afectan a las familias, las perspectivas laborales, la vivienda, etc. Para los no ciudadanos, es muy importante contratar a un abogado que entienda tanto de inmigraci\u00f3n como de derecho penal para evitar consecuencias no deseadas. En el PD Law Firm, P.A. tenemos la experiencia en inmigraci\u00f3n y derecho penal necesaria para representar a aquellos que enfrentan cargos criminales.[\/vc_column_text][\/vc_tta_section][\/vc_tta_accordion][\/vc_column][vc_column width=&#8221;1\/2&#8243;][vc_column_text css=&#8221;.vc_custom_1488485524282{margin-bottom: 10px !important;}&#8221;] Inmigraci\u00f3n [\/vc_column_text][vc_tta_accordion spacing=&#8221;2&#8243; gap=&#8221;25&#8243; active_section=&#8221;&#8221; collapsible_all=&#8221;true&#8221;][vc_tta_section title=&#8221;\u00bfNecesito un abogado de inmigraci\u00f3n?&#8221; tab_id=&#8221;1488485529062-ab3dc727-0fdc&#8221;][vc_column_text]Las leyes de inmigraci\u00f3n de Estados Unidos son muy complejas y puede resultar dif\u00edcil saber cu\u00e1l es el mejor visado o permiso para solicitarlo. Desde que Donald Trump fue elegido presidente, las regulaciones de inmigraci\u00f3n cambian r\u00e1pidamente y a menudo son impredecibles. Un abogado puede analizar su caso para decidir el mejor enfoque, lo que puede ahorrarle dinero y tiempo. Solicitar el visado equivocado, rellenar incorrectamente los formularios y no aportar la documentaci\u00f3n necesaria puede provocar graves retrasos e incluso denegaciones.[\/vc_column_text][\/vc_tta_section][vc_tta_section title=&#8221;\u00bfPor qu\u00e9 abogados y no asesores de inmigraci\u00f3n?&#8221; tab_id=&#8221;1488485529163-0dca3f9f-ac33&#8243;][vc_column_text]Los procesos de inmigraci\u00f3n pueden tener consecuencias que van m\u00e1s all\u00e1 del \u00e1mbito de la propia inmigraci\u00f3n. La inmigraci\u00f3n puede afectar y afecta a la familia, las finanzas, el empleo, la salud, los negocios, etc. Los abogados de PD Law Firm, P.A. tienen licencia completa para ejercer la abogac\u00eda y est\u00e1n capacitados en otras \u00e1reas de la ley, adem\u00e1s de la inmigraci\u00f3n. Muchas personas que contrataron a &#8220;notarios&#8221; y asesores acuden a nosotros para solucionar problemas causados por solicitudes y documentaci\u00f3n presentadas incorrectamente. En PD Law Firm, P.A. estamos capacitados en las leyes de inmigraci\u00f3n y entendemos que no todas las situaciones son iguales. Atendemos a cada cliente individualmente, comunic\u00e1ndonos y comprendiendo su situaci\u00f3n.[\/vc_column_text][\/vc_tta_section][vc_tta_section title=&#8221;\u00bfPueden garantizarme que mi solicitud ser\u00e1 aceptada?&#8221; tab_id=&#8221;1488485529270-81c1b167-47be&#8221;][vc_column_text]No. Ning\u00fan abogado honesto puede ofrecer este tipo de garant\u00eda. Tenemos una tasa muy alta de \u00e9xito con nuestras solicitudes y podemos prometerle que trabajaremos muy duro en su caso.[\/vc_column_text][\/vc_tta_section][\/vc_tta_accordion][\/vc_column][\/vc_row]<\/p>\n","protected":false},"author":1,"featured_media":611,"parent":0,"menu_order":0,"comment_status":"closed","ping_status":"closed","template":"","meta":{"_seopress_robots_primary_cat":"","_seopress_titles_title":"","_seopress_titles_desc":"Find answers to common legal questions with PD Law Firm's FAQ section. Our experienced attorneys provide clear and helpful information. Visit us today!","_seopress_robots_index":"","footnotes":""},"class_list":["post-696","page","type-page","status-publish","has-post-thumbnail","hentry","entry","post-inner"],"_links":{"self":[{"href":"https:\/\/pdlaworlando.com\/es\/wp-json\/wp\/v2\/pages\/696","targetHints":{"allow":["GET"]}}],"collection":[{"href":"https:\/\/pdlaworlando.com\/es\/wp-json\/wp\/v2\/pages"}],"about":[{"href":"https:\/\/pdlaworlando.com\/es\/wp-json\/wp\/v2\/types\/page"}],"author":[{"embeddable":true,"href":"https:\/\/pdlaworlando.com\/es\/wp-json\/wp\/v2\/users\/1"}],"replies":[{"embeddable":true,"href":"https:\/\/pdlaworlando.com\/es\/wp-json\/wp\/v2\/comments?post=696"}],"version-history":[{"count":2,"href":"https:\/\/pdlaworlando.com\/es\/wp-json\/wp\/v2\/pages\/696\/revisions"}],"predecessor-version":[{"id":703,"href":"https:\/\/pdlaworlando.com\/es\/wp-json\/wp\/v2\/pages\/696\/revisions\/703"}],"wp:featuredmedia":[{"embeddable":true,"href":"https:\/\/pdlaworlando.com\/es\/wp-json\/wp\/v2\/media\/611"}],"wp:attachment":[{"href":"https:\/\/pdlaworlando.com\/es\/wp-json\/wp\/v2\/media?parent=696"}],"curies":[{"name":"wp","href":"https:\/\/api.w.org\/{rel}","templated":true}]}}