{"id":700,"date":"2017-02-03T17:26:58","date_gmt":"2017-02-03T22:26:58","guid":{"rendered":"https:\/\/pdlaworlando.com\/peticiones-familiares\/"},"modified":"2023-08-17T19:49:26","modified_gmt":"2023-08-18T00:49:26","slug":"peticiones-familiares","status":"publish","type":"page","link":"https:\/\/pdlaworlando.com\/es\/inmigracion\/peticiones-familiares\/","title":{"rendered":"Peticiones familiares"},"content":{"rendered":"<div class=\"wpb-content-wrapper\">[vc_row][vc_column][vc_column_text]\n<h2>Peticiones familiares en el \u00e1mbito de inmigraci\u00f3n<\/h2>\n<p>Los ciudadanos estadounidenses y los residentes permanentes pueden<a href=\"https:\/\/www.uscis.gov\/i-130\" target=\"_blank\" rel=\"noopener\"> solicitar la residencia permanente para sus familiares que re\u00fanan los requisitos<\/a>. Deben cumplirse los siguientes criterios para poder optar a la ayuda:<\/p>\n<ul>\n<li>El solicitante debe ser ciudadano de Estados Unidos o residente permanente (titular de una tarjeta verde) y demostrar su parentesco con el extranjero. Pueden aplicarse las siguientes categor\u00edas:<\/li>\n<\/ul>\n<ol>\n<li style=\"list-style-type: none;\">\n<ul>\n<li>Menor de 21 a\u00f1os<\/li>\n<li>Hijo o hija soltero\/a mayor de 21 a\u00f1os<\/li>\n<li>Hijo o hija casados<\/li>\n<li>Hermano o hermana de ciudadano estadounidense<\/li>\n<li>Padre o madre de ciudadano estadounidense<\/li>\n<\/ul>\n<\/li>\n<\/ol>\n<ul>\n<li>El solicitante debe demostrar ingresos que sean iguales o excedan el 125% del l\u00edmite de pobreza para poder ser patrocinador. Si es necesario, se puede usar un copatrocinador para cumplir con este requisito.<\/li>\n<\/ul>\n<h3>Requisitos Preferentes:<\/h3>\n<p>Las peticiones de familiares que re\u00fanen los requisitos se dividen en <em>categor\u00edas de preferencia<\/em>. Cada nivel de preferencia est\u00e1 limitado a una determinada cantidad al a\u00f1o. Estas categor\u00edas de preferencia dictar\u00e1n cu\u00e1nto tiempo debe esperar un solicitante concreto para obtener un visado de inmigrante.<\/p>\n<p>El proceso de inmigraci\u00f3n familiar puede ser largo y complicado. Nuestros abogados le explicar\u00e1n c\u00f3mo funciona el proceso y le guiar\u00e1n en cada paso. Entendemos lo importante que es mantener unidas a las familias. Tenemos los conocimientos y la experiencia necesarios para lograr el \u00e9xito y proporcionar una representaci\u00f3n legal de calidad.<\/p>\n<p>Por favor, p\u00f3ngase en contacto con nosotros en (407) 490-0696 o utilizando el formulario de la derecha para una consulta para discutir las peticiones de la familia.[\/vc_column_text][\/vc_column][\/vc_row]\n<\/div>","protected":false},"excerpt":{"rendered":"<p>[vc_row][vc_column][vc_column_text] Peticiones familiares en el \u00e1mbito de inmigraci\u00f3n Los ciudadanos estadounidenses y los residentes permanentes pueden solicitar la residencia permanente para sus familiares que re\u00fanan los requisitos. Deben cumplirse los siguientes criterios para poder optar a la ayuda: El solicitante debe ser ciudadano de Estados Unidos o residente permanente (titular de una tarjeta verde) y demostrar su parentesco con el extranjero. Pueden aplicarse las siguientes categor\u00edas: Menor de 21 a\u00f1os Hijo o hija soltero\/a mayor de 21 a\u00f1os Hijo o hija casados Hermano o hermana de ciudadano estadounidense Padre o madre de ciudadano estadounidense El solicitante debe demostrar ingresos que sean iguales o excedan el 125% del l\u00edmite de pobreza para poder ser patrocinador. Si es necesario, se puede usar un copatrocinador para cumplir con este requisito. Requisitos Preferentes: Las peticiones de familiares que re\u00fanen los requisitos se dividen en categor\u00edas de preferencia. Cada nivel de preferencia est\u00e1 limitado a una determinada cantidad al a\u00f1o. Estas categor\u00edas de preferencia dictar\u00e1n cu\u00e1nto tiempo debe esperar un solicitante concreto para obtener un visado de inmigrante. El proceso de inmigraci\u00f3n familiar puede ser largo y complicado. Nuestros abogados le explicar\u00e1n c\u00f3mo funciona el proceso y le guiar\u00e1n en cada paso. Entendemos lo importante que es mantener unidas a las familias. Tenemos los conocimientos y la experiencia necesarios para lograr el \u00e9xito y proporcionar una representaci\u00f3n legal de calidad. Por favor, p\u00f3ngase en contacto con nosotros en (407) 490-0696 o utilizando el formulario de la derecha para una consulta para discutir las peticiones de la familia.[\/vc_column_text][\/vc_column][\/vc_row]<\/p>\n","protected":false},"author":1,"featured_media":613,"parent":709,"menu_order":0,"comment_status":"closed","ping_status":"closed","template":"","meta":{"_seopress_robots_primary_cat":"","_seopress_titles_title":"Orlando Abogado de Inmigraci\u00f3n - %%title%% %%page%% %%sep%% %%sitename%%","_seopress_titles_desc":"Los ciudadanos estadounidenses y los residentes permanentes pueden solicitar la residencia permanente para sus familiares que re\u00fanan los requisitos. P\u00f3ngase en contacto con nosotros en el (407) 490-0696","_seopress_robots_index":"","footnotes":""},"class_list":["post-700","page","type-page","status-publish","has-post-thumbnail","hentry","entry","post-inner"],"_links":{"self":[{"href":"https:\/\/pdlaworlando.com\/es\/wp-json\/wp\/v2\/pages\/700","targetHints":{"allow":["GET"]}}],"collection":[{"href":"https:\/\/pdlaworlando.com\/es\/wp-json\/wp\/v2\/pages"}],"about":[{"href":"https:\/\/pdlaworlando.com\/es\/wp-json\/wp\/v2\/types\/page"}],"author":[{"embeddable":true,"href":"https:\/\/pdlaworlando.com\/es\/wp-json\/wp\/v2\/users\/1"}],"replies":[{"embeddable":true,"href":"https:\/\/pdlaworlando.com\/es\/wp-json\/wp\/v2\/comments?post=700"}],"version-history":[{"count":5,"href":"https:\/\/pdlaworlando.com\/es\/wp-json\/wp\/v2\/pages\/700\/revisions"}],"predecessor-version":[{"id":1024,"href":"https:\/\/pdlaworlando.com\/es\/wp-json\/wp\/v2\/pages\/700\/revisions\/1024"}],"up":[{"embeddable":true,"href":"https:\/\/pdlaworlando.com\/es\/wp-json\/wp\/v2\/pages\/709"}],"wp:featuredmedia":[{"embeddable":true,"href":"https:\/\/pdlaworlando.com\/es\/wp-json\/wp\/v2\/media\/613"}],"wp:attachment":[{"href":"https:\/\/pdlaworlando.com\/es\/wp-json\/wp\/v2\/media?parent=700"}],"curies":[{"name":"wp","href":"https:\/\/api.w.org\/{rel}","templated":true}]}}