{"id":715,"date":"2017-02-03T17:25:06","date_gmt":"2017-02-03T22:25:06","guid":{"rendered":"https:\/\/pdlaworlando.com\/dui\/"},"modified":"2023-08-17T19:25:15","modified_gmt":"2023-08-18T00:25:15","slug":"casos-de-dui","status":"publish","type":"page","link":"https:\/\/pdlaworlando.com\/es\/criminal\/casos-de-dui\/","title":{"rendered":"Casos de DUI"},"content":{"rendered":"<div class=\"wpb-content-wrapper\">[vc_row][vc_column][vc_column_text]\n<h2>Conozca Sus Derechos en Casos de DUI<\/h2>\n<p>Ser acusado por conducir bajo la influencia del alcohol puede llegar a ser una experiencia devastadora. Las consecuencias de un delito por DUI pueden afectar su vida personal y financiera de muchas maneras. Pero es esencial saber cu\u00e1les son sus derechos cuando se trata de arrestos de DUI en Orlando. En PD Law le ayudaremos a comprender mejor estos derechos y c\u00f3mo puede protegerse en caso de ser acusado de DUI.<\/p>\n<h3>No Est\u00e1 Obligado a Declararse Culpable<\/h3>\n<p>El primero y m\u00e1s importante de sus derechos es que no tiene la obligaci\u00f3n de emitir una declaraci\u00f3n de culpabilidad en ninguna fase del proceso del DUI. Desde que una persona es parada en un control de tr\u00e1fico, un oficial de polic\u00eda necesita informarle de sus derechos, tambi\u00e9n conocidos como los derechos Miranda. Estos incluyen el derecho a permanecer en silencio y tener un abogado presente durante las preguntas y el interrogatorio. Pero muchas personas no saben que tienen el derecho de negarse a realizar pruebas de alcoholemia, an\u00e1lisis de sangre y orina, y\/o ejercicios de sobriedad sin su consentimiento.<\/p>\n<h3>Pruebas Forzadas Pueden Ser Inv\u00e1lidas<\/h3>\n<p>En segundo lugar, cualquier prueba realizada contra su voluntad no es leg\u00edtima, y su evidencia se limita o incluso se anula en muchos casos. Por supuesto, hay ciertas consecuencias por esta decisi\u00f3n, como la suspensi\u00f3n de su licencia de conducir y multas, pero siempre es su derecho tomar una decisi\u00f3n informada y adecuada.<\/p>\n<h3>Derecho a Asesor\u00eda Legal<\/h3>\n<h4>Solicite un Abogado Antes de Declarar en Casos de DUI<\/h4>\n<p>En tercer lugar, siempre tiene derecho a un abogado. Esencialmente, si es arrestado por DUI, debe buscar asesoramiento legal lo antes posible. Si es detenido y no tiene acceso a un abogado, debe esperar y pedir su presencia antes de emitir una declaraci\u00f3n sobre cualquier cosa relacionada con el caso.<\/p>\n<p>Adem\u00e1s, si su caso llega a un juicio, los fiscales deben presentar pruebas concretas para probar su culpabilidad m\u00e1s all\u00e1 de una duda razonable. Si bien las autoridades pueden usar sus apariencias y comportamientos para justificar un juicio, deben tener pruebas claras y contundentes para demostrar la culpabilidad.<\/p>\n<h3><strong>Defienda sus Derechos en Casos de DUI<\/strong>: Silencio, Representaci\u00f3n Legal y Elecci\u00f3n de Pruebas. PD Law Firm, P.A. en Orlando le Asiste.<\/h3>\n<p>En resumen, si es acusado de DUI, es su derecho mantener el silencio y solicitar la presencia de un abogado. Tambi\u00e9n tiene derecho a negarse a someterse a pruebas de alcoholemia y otros tipos de prueba. Recuerde: Estos son sus derechos, y usted siempre debe buscar la mejor orientaci\u00f3n legal posible para minimizar las consecuencias que pueden impactar su vida a largo plazo. PD Law Firm, P.A. puede ayudarlo en un caso de DUI en Orlando. No dude en comunicarse con nosotros para obtener m\u00e1s informaci\u00f3n.<\/p>\n[\/vc_column_text][\/vc_column][\/vc_row]\n<\/div>","protected":false},"excerpt":{"rendered":"<p>[vc_row][vc_column][vc_column_text] Conozca Sus Derechos en Casos de DUI Ser acusado por conducir bajo la influencia del alcohol puede llegar a ser una experiencia devastadora. Las consecuencias de un delito por DUI pueden afectar su vida personal y financiera de muchas maneras. Pero es esencial saber cu\u00e1les son sus derechos cuando se trata de arrestos de DUI en Orlando. En PD Law le ayudaremos a comprender mejor estos derechos y c\u00f3mo puede protegerse en caso de ser acusado de DUI. No Est\u00e1 Obligado a Declararse Culpable El primero y m\u00e1s importante de sus derechos es que no tiene la obligaci\u00f3n de emitir una declaraci\u00f3n de culpabilidad en ninguna fase del proceso del DUI. Desde que una persona es parada en un control de tr\u00e1fico, un oficial de polic\u00eda necesita informarle de sus derechos, tambi\u00e9n conocidos como los derechos Miranda. Estos incluyen el derecho a permanecer en silencio y tener un abogado presente durante las preguntas y el interrogatorio. Pero muchas personas no saben que tienen el derecho de negarse a realizar pruebas de alcoholemia, an\u00e1lisis de sangre y orina, y\/o ejercicios de sobriedad sin su consentimiento. Pruebas Forzadas Pueden Ser Inv\u00e1lidas En segundo lugar, cualquier prueba realizada contra su voluntad no es leg\u00edtima, y su evidencia se limita o incluso se anula en muchos casos. Por supuesto, hay ciertas consecuencias por esta decisi\u00f3n, como la suspensi\u00f3n de su licencia de conducir y multas, pero siempre es su derecho tomar una decisi\u00f3n informada y adecuada. Derecho a Asesor\u00eda Legal Solicite un Abogado Antes de Declarar en Casos de DUI En tercer lugar, siempre tiene derecho a un abogado. Esencialmente, si es arrestado por DUI, debe buscar asesoramiento legal lo antes posible. Si es detenido y no tiene acceso a un abogado, debe esperar y pedir su presencia antes de emitir una declaraci\u00f3n sobre cualquier cosa relacionada con el caso. Adem\u00e1s, si su caso llega a un juicio, los fiscales deben presentar pruebas concretas para probar su culpabilidad m\u00e1s all\u00e1 de una duda razonable. Si bien las autoridades pueden usar sus apariencias y comportamientos para justificar un juicio, deben tener pruebas claras y contundentes para demostrar la culpabilidad. Defienda sus Derechos en Casos de DUI: Silencio, Representaci\u00f3n Legal y Elecci\u00f3n de Pruebas. PD Law Firm, P.A. en Orlando le Asiste. En resumen, si es acusado de DUI, es su derecho mantener el silencio y solicitar la presencia de un abogado. Tambi\u00e9n tiene derecho a negarse a someterse a pruebas de alcoholemia y otros tipos de prueba. Recuerde: Estos son sus derechos, y usted siempre debe buscar la mejor orientaci\u00f3n legal posible para minimizar las consecuencias que pueden impactar su vida a largo plazo. PD Law Firm, P.A. puede ayudarlo en un caso de DUI en Orlando. No dude en comunicarse con nosotros para obtener m\u00e1s informaci\u00f3n. [\/vc_column_text][\/vc_column][\/vc_row]<\/p>\n","protected":false},"author":1,"featured_media":609,"parent":740,"menu_order":0,"comment_status":"closed","ping_status":"closed","template":"","meta":{"_seopress_robots_primary_cat":"","_seopress_titles_title":"Derechos en Casos de DUI en Orlando %%sep%% %%sitename%%","_seopress_titles_desc":"Derechos en Casos de DUI en Orlando: PD Law Firm especializado en defensa y asesor\u00eda. Conozca sus opciones y proteja su futuro.","_seopress_robots_index":"","footnotes":""},"class_list":["post-715","page","type-page","status-publish","has-post-thumbnail","hentry","entry","post-inner"],"_links":{"self":[{"href":"https:\/\/pdlaworlando.com\/es\/wp-json\/wp\/v2\/pages\/715","targetHints":{"allow":["GET"]}}],"collection":[{"href":"https:\/\/pdlaworlando.com\/es\/wp-json\/wp\/v2\/pages"}],"about":[{"href":"https:\/\/pdlaworlando.com\/es\/wp-json\/wp\/v2\/types\/page"}],"author":[{"embeddable":true,"href":"https:\/\/pdlaworlando.com\/es\/wp-json\/wp\/v2\/users\/1"}],"replies":[{"embeddable":true,"href":"https:\/\/pdlaworlando.com\/es\/wp-json\/wp\/v2\/comments?post=715"}],"version-history":[{"count":4,"href":"https:\/\/pdlaworlando.com\/es\/wp-json\/wp\/v2\/pages\/715\/revisions"}],"predecessor-version":[{"id":1041,"href":"https:\/\/pdlaworlando.com\/es\/wp-json\/wp\/v2\/pages\/715\/revisions\/1041"}],"up":[{"embeddable":true,"href":"https:\/\/pdlaworlando.com\/es\/wp-json\/wp\/v2\/pages\/740"}],"wp:featuredmedia":[{"embeddable":true,"href":"https:\/\/pdlaworlando.com\/es\/wp-json\/wp\/v2\/media\/609"}],"wp:attachment":[{"href":"https:\/\/pdlaworlando.com\/es\/wp-json\/wp\/v2\/media?parent=715"}],"curies":[{"name":"wp","href":"https:\/\/api.w.org\/{rel}","templated":true}]}}