{"id":737,"date":"2017-02-03T17:25:31","date_gmt":"2017-02-03T22:25:31","guid":{"rendered":"https:\/\/pdlaworlando.com\/delito-menor\/"},"modified":"2023-08-17T19:22:40","modified_gmt":"2023-08-18T00:22:40","slug":"delito-menor","status":"publish","type":"page","link":"https:\/\/pdlaworlando.com\/es\/criminal\/delito-menor\/","title":{"rendered":"Defensa De Delitos Menores en Orlando"},"content":{"rendered":"<div class=\"wpb-content-wrapper\">[vc_row][vc_column][vc_column_text]\n<h2>Abogado De Delitos Menores<\/h2>\n<h3>Conozca las Categor\u00edas y C\u00f3mo PD Law Firm, P.A. Puede Representarle<\/h3>\n<h4>Delitos menores de primer y segundo grado en Florida<\/h4>\n<p>La ley de Florida establece delitos menores de primer y segundo grado que, aunque menos graves que los delitos graves, pueden tener consecuencias graves. Las condenas por delitos menores conllevan multas, c\u00e1rcel y libertad condicional. Si se enfrenta a cargos por delitos menores, es importante que conozca sus derechos y busque ayuda legal. En este art\u00edculo, el PD Law Firm, P.A. le informa sobre los delitos menores que podemos representar y le ofrece informaci\u00f3n clave para entender los cargos de delitos menores en Florida.<\/p>\n<h3>En Florida, existen muchos delitos menores que pueden llevar a cargos criminales.<\/h3>\n<p>PD Law Firm, P.A. puede representarle en una amplia variedad de delitos menores, incluyendo crueldad contra los animales, asalto, bater\u00eda, porte oculto, delitos de da\u00f1os, conducta desordenada, intoxicaci\u00f3n desordenada y bater\u00eda dom\u00e9stica. Tambi\u00e9n podemos representarlo en casos de DUI\/DWI, conducci\u00f3n con permiso suspendido o caducado, posesi\u00f3n de drogas y exposici\u00f3n indecente.<\/p>\n<h3>Consecuencias<\/h3>\n<p>Si se enfrenta a cargos por un delito menor, es importante que entienda las posibles consecuencias. Por ejemplo, una condena por un delito menor de primer grado puede resultar en una multa de hasta $1,000 y\/o una sentencia de c\u00e1rcel de hasta un a\u00f1o. Las condenas por delitos menores de segundo grado pueden resultar en multas de hasta $500 y\/o una sentencia de c\u00e1rcel de hasta 60 d\u00edas. Tambi\u00e9n puede estar sujeto a libertad condicional y tener antecedentes penales.<\/p>\n<p>Adem\u00e1s de las posibles consecuencias legales, una condena por un delito menor puede tener consecuencias a largo plazo. Puede perder oportunidades de trabajo, becas y otros beneficios. Es posible que tambi\u00e9n le denieguen la licencia de conducir y que tenga que instalar un dispositivo de bloqueo de alcohol en su veh\u00edculo.<\/p>\n<p>Si necesita ayuda legal, es importante que se ponga en contacto con un abogado experimentado en defensa criminal. El PD Law Firm, P.A. tiene una amplia experiencia en la representaci\u00f3n de clientes en casos de delitos menores. Nosotros luchamos por nuestros clientes y nos aseguramos de que sus derechos sean protegidos.<\/p>\n<h3>Representaci\u00f3n Legal<\/h3>\n<p>Los cargos de delitos menores pueden ser serios, incluso si son menos graves que los delitos graves. Si se enfrenta a cargos por delitos menores en Florida, es importante que se comunique con un abogado con experiencia en defensa criminal para proteger sus derechos y para entender las posibles consecuencias. PD Law Firm, P.A. est\u00e1 aqu\u00ed para ayudarlo en su defensa y ofrecer una representaci\u00f3n legal s\u00f3lida. \u00a1Ll\u00e1menos hoy mismo para una consulta!<\/p>\n<p>PD Law Firm, P.A. puede representarle con los delitos menores siguientes:<\/p>\n<ul>\n<li>Crueldad contra los animales<\/li>\n<li>Asalto<\/li>\n<li>Bater\u00eda<\/li>\n<li>Porte oculto<\/li>\n<li>Delito de da\u00f1os<\/li>\n<li>Conducta desordenada<\/li>\n<li>Intoxicaci\u00f3n desordenada<\/li>\n<li>Bater\u00eda dom\u00e9stica<\/li>\n<li>DUI \/ DWI<\/li>\n<li>Conducir con el permiso suspendido o caducado<\/li>\n<li>Posesi\u00f3n de drogas<\/li>\n<li>Exposici\u00f3n indecente<\/li>\n<li>Abandonar la escena<\/li>\n<li>Actos lascivos<\/li>\n<li>Merodear y merodear<\/li>\n<li>Violaci\u00f3n de la libertad condicional<\/li>\n<li>Descarga p\u00fablica de un arma de fuego<\/li>\n<li>Conducci\u00f3n temeraria<\/li>\n<li>Resistir sin violencia<\/li>\n<li>Violaci\u00f3n de la orden de alejamiento<\/li>\n<li>Solicitaci\u00f3n de prostituci\u00f3n<\/li>\n<li>Acoso<\/li>\n<li>Infracciones de tr\u00e1fico<\/li>\n<li>Allanamiento de morada<\/li>\n<\/ul>\n<p>P\u00f3ngase en contacto con nosotros al (407) 490-0696 o utilizando el formulario de la derecha para una consulta para discutir los cargos de delitos menores.<\/p>\n<p>&nbsp;<\/p>\n<p>&nbsp;<\/p>\n[\/vc_column_text][\/vc_column][\/vc_row]\n<\/div>","protected":false},"excerpt":{"rendered":"<p>[vc_row][vc_column][vc_column_text] Abogado De Delitos Menores Conozca las Categor\u00edas y C\u00f3mo PD Law Firm, P.A. Puede Representarle Delitos menores de primer y segundo grado en Florida La ley de Florida establece delitos menores de primer y segundo grado que, aunque menos graves que los delitos graves, pueden tener consecuencias graves. Las condenas por delitos menores conllevan multas, c\u00e1rcel y libertad condicional. Si se enfrenta a cargos por delitos menores, es importante que conozca sus derechos y busque ayuda legal. En este art\u00edculo, el PD Law Firm, P.A. le informa sobre los delitos menores que podemos representar y le ofrece informaci\u00f3n clave para entender los cargos de delitos menores en Florida. En Florida, existen muchos delitos menores que pueden llevar a cargos criminales. PD Law Firm, P.A. puede representarle en una amplia variedad de delitos menores, incluyendo crueldad contra los animales, asalto, bater\u00eda, porte oculto, delitos de da\u00f1os, conducta desordenada, intoxicaci\u00f3n desordenada y bater\u00eda dom\u00e9stica. Tambi\u00e9n podemos representarlo en casos de DUI\/DWI, conducci\u00f3n con permiso suspendido o caducado, posesi\u00f3n de drogas y exposici\u00f3n indecente. Consecuencias Si se enfrenta a cargos por un delito menor, es importante que entienda las posibles consecuencias. Por ejemplo, una condena por un delito menor de primer grado puede resultar en una multa de hasta $1,000 y\/o una sentencia de c\u00e1rcel de hasta un a\u00f1o. Las condenas por delitos menores de segundo grado pueden resultar en multas de hasta $500 y\/o una sentencia de c\u00e1rcel de hasta 60 d\u00edas. Tambi\u00e9n puede estar sujeto a libertad condicional y tener antecedentes penales. Adem\u00e1s de las posibles consecuencias legales, una condena por un delito menor puede tener consecuencias a largo plazo. Puede perder oportunidades de trabajo, becas y otros beneficios. Es posible que tambi\u00e9n le denieguen la licencia de conducir y que tenga que instalar un dispositivo de bloqueo de alcohol en su veh\u00edculo. Si necesita ayuda legal, es importante que se ponga en contacto con un abogado experimentado en defensa criminal. El PD Law Firm, P.A. tiene una amplia experiencia en la representaci\u00f3n de clientes en casos de delitos menores. Nosotros luchamos por nuestros clientes y nos aseguramos de que sus derechos sean protegidos. Representaci\u00f3n Legal Los cargos de delitos menores pueden ser serios, incluso si son menos graves que los delitos graves. Si se enfrenta a cargos por delitos menores en Florida, es importante que se comunique con un abogado con experiencia en defensa criminal para proteger sus derechos y para entender las posibles consecuencias. PD Law Firm, P.A. est\u00e1 aqu\u00ed para ayudarlo en su defensa y ofrecer una representaci\u00f3n legal s\u00f3lida. \u00a1Ll\u00e1menos hoy mismo para una consulta! PD Law Firm, P.A. puede representarle con los delitos menores siguientes: Crueldad contra los animales Asalto Bater\u00eda Porte oculto Delito de da\u00f1os Conducta desordenada Intoxicaci\u00f3n desordenada Bater\u00eda dom\u00e9stica DUI \/ DWI Conducir con el permiso suspendido o caducado Posesi\u00f3n de drogas Exposici\u00f3n indecente Abandonar la escena Actos lascivos Merodear y merodear Violaci\u00f3n de la libertad condicional Descarga p\u00fablica de un arma de fuego Conducci\u00f3n temeraria Resistir sin violencia Violaci\u00f3n de la orden de alejamiento Solicitaci\u00f3n de prostituci\u00f3n Acoso Infracciones de tr\u00e1fico Allanamiento de morada P\u00f3ngase en contacto con nosotros al (407) 490-0696 o utilizando el formulario de la derecha para una consulta para discutir los cargos de delitos menores. &nbsp; &nbsp; [\/vc_column_text][\/vc_column][\/vc_row]<\/p>\n","protected":false},"author":1,"featured_media":609,"parent":740,"menu_order":1,"comment_status":"closed","ping_status":"closed","template":"","meta":{"_seopress_robots_primary_cat":"","_seopress_titles_title":"Defensa De Delitos Menores en Orlando %%sep%% %%sitename%% Abogados","_seopress_titles_desc":"Defensa en Delitos Menores en Florida: PD Law Firm, P.A. Protege Sus Derechos y Ofrece Representaci\u00f3n Legal Experienciada","_seopress_robots_index":"","footnotes":""},"class_list":["post-737","page","type-page","status-publish","has-post-thumbnail","hentry","entry","post-inner"],"_links":{"self":[{"href":"https:\/\/pdlaworlando.com\/es\/wp-json\/wp\/v2\/pages\/737","targetHints":{"allow":["GET"]}}],"collection":[{"href":"https:\/\/pdlaworlando.com\/es\/wp-json\/wp\/v2\/pages"}],"about":[{"href":"https:\/\/pdlaworlando.com\/es\/wp-json\/wp\/v2\/types\/page"}],"author":[{"embeddable":true,"href":"https:\/\/pdlaworlando.com\/es\/wp-json\/wp\/v2\/users\/1"}],"replies":[{"embeddable":true,"href":"https:\/\/pdlaworlando.com\/es\/wp-json\/wp\/v2\/comments?post=737"}],"version-history":[{"count":6,"href":"https:\/\/pdlaworlando.com\/es\/wp-json\/wp\/v2\/pages\/737\/revisions"}],"predecessor-version":[{"id":1045,"href":"https:\/\/pdlaworlando.com\/es\/wp-json\/wp\/v2\/pages\/737\/revisions\/1045"}],"up":[{"embeddable":true,"href":"https:\/\/pdlaworlando.com\/es\/wp-json\/wp\/v2\/pages\/740"}],"wp:featuredmedia":[{"embeddable":true,"href":"https:\/\/pdlaworlando.com\/es\/wp-json\/wp\/v2\/media\/609"}],"wp:attachment":[{"href":"https:\/\/pdlaworlando.com\/es\/wp-json\/wp\/v2\/media?parent=737"}],"curies":[{"name":"wp","href":"https:\/\/api.w.org\/{rel}","templated":true}]}}