{"id":740,"date":"2017-02-03T17:24:12","date_gmt":"2017-02-03T22:24:12","guid":{"rendered":"https:\/\/pdlaworlando.com\/criminal\/"},"modified":"2024-06-29T13:20:33","modified_gmt":"2024-06-29T18:20:33","slug":"criminal","status":"publish","type":"page","link":"https:\/\/pdlaworlando.com\/es\/criminal\/","title":{"rendered":"Criminal"},"content":{"rendered":"<h1> <\/h1>\n","protected":false},"excerpt":{"rendered":"","protected":false},"author":1,"featured_media":609,"parent":0,"menu_order":0,"comment_status":"closed","ping_status":"closed","template":"","meta":{"_seopress_robots_primary_cat":"","_seopress_titles_title":"","_seopress_titles_desc":"Conf\u00eda en PD Law Firm para una defensa penal experta. Nuestros experimentados abogados ofrecen una s\u00f3lida representaci\u00f3n para proteger tus derechos. Ponte en contacto con nosotros hoy mismo para obtener asistencia jur\u00eddica.","_seopress_robots_index":"","footnotes":""},"class_list":["post-740","page","type-page","status-publish","has-post-thumbnail","hentry","entry","post-inner"],"_links":{"self":[{"href":"https:\/\/pdlaworlando.com\/es\/wp-json\/wp\/v2\/pages\/740","targetHints":{"allow":["GET"]}}],"collection":[{"href":"https:\/\/pdlaworlando.com\/es\/wp-json\/wp\/v2\/pages"}],"about":[{"href":"https:\/\/pdlaworlando.com\/es\/wp-json\/wp\/v2\/types\/page"}],"author":[{"embeddable":true,"href":"https:\/\/pdlaworlando.com\/es\/wp-json\/wp\/v2\/users\/1"}],"replies":[{"embeddable":true,"href":"https:\/\/pdlaworlando.com\/es\/wp-json\/wp\/v2\/comments?post=740"}],"version-history":[{"count":2,"href":"https:\/\/pdlaworlando.com\/es\/wp-json\/wp\/v2\/pages\/740\/revisions"}],"predecessor-version":[{"id":1263,"href":"https:\/\/pdlaworlando.com\/es\/wp-json\/wp\/v2\/pages\/740\/revisions\/1263"}],"wp:featuredmedia":[{"embeddable":true,"href":"https:\/\/pdlaworlando.com\/es\/wp-json\/wp\/v2\/media\/609"}],"wp:attachment":[{"href":"https:\/\/pdlaworlando.com\/es\/wp-json\/wp\/v2\/media?parent=740"}],"curies":[{"name":"wp","href":"https:\/\/api.w.org\/{rel}","templated":true}]}}