{"id":757,"date":"2017-02-03T17:28:46","date_gmt":"2017-02-03T22:28:46","guid":{"rendered":"https:\/\/pdlaworlando.com\/inmigracion\/renuncias\/"},"modified":"2023-08-17T20:08:03","modified_gmt":"2023-08-18T01:08:03","slug":"renuncias","status":"publish","type":"page","link":"https:\/\/pdlaworlando.com\/es\/inmigracion\/renuncias\/","title":{"rendered":"Renuncias"},"content":{"rendered":"<div class=\"wpb-content-wrapper\">[vc_row][vc_column][vc_column_text]\n<h2>Exenci\u00f3n por presencia ilegal<\/h2>\n<p>Algunos solicitantes pueden optar a una dispensa para evitar la separaci\u00f3n y las dificultades de sus familiares ciudadanos o residentes en Estados Unidos. Las exenciones por presencia ilegal permiten a los solicitantes obtener un &#8220;indulto&#8221; provisional <em>antes de<\/em> acudir a una entrevista en un consulado en el extranjero y poder regresar a EE.UU. Este proceso de exenci\u00f3n permite regularizar su situaci\u00f3n migratoria a quienes hayan rebasado el periodo de validez de sus visados o hayan entrado sin visado.<\/p>\n<p>Para obtener una dispensa por presencia ilegal hay que:<\/p>\n<ul>\n<li>Estar f\u00edsicamente presente en EE.UU. en el momento de cumplimentar la renuncia.<\/li>\n<li>Tener una petici\u00f3n aprobada por un familiar directo ciudadano estadounidense o residente permanente.<\/li>\n<li>Demostrar dificultades extremas para el familiar directo ciudadano estadounidense o residente permanente.<\/li>\n<\/ul>\n<p>P\u00f3ngase en contacto con nosotros en el (407) 490-0696 o utilizando el formulario de la derecha para una consulta para discutir las renuncias.[\/vc_column_text][\/vc_column][\/vc_row]\n<\/div>","protected":false},"excerpt":{"rendered":"<p>[vc_row][vc_column][vc_column_text] Exenci\u00f3n por presencia ilegal Algunos solicitantes pueden optar a una dispensa para evitar la separaci\u00f3n y las dificultades de sus familiares ciudadanos o residentes en Estados Unidos. Las exenciones por presencia ilegal permiten a los solicitantes obtener un &#8220;indulto&#8221; provisional antes de acudir a una entrevista en un consulado en el extranjero y poder regresar a EE.UU. Este proceso de exenci\u00f3n permite regularizar su situaci\u00f3n migratoria a quienes hayan rebasado el periodo de validez de sus visados o hayan entrado sin visado. Para obtener una dispensa por presencia ilegal hay que: Estar f\u00edsicamente presente en EE.UU. en el momento de cumplimentar la renuncia. Tener una petici\u00f3n aprobada por un familiar directo ciudadano estadounidense o residente permanente. Demostrar dificultades extremas para el familiar directo ciudadano estadounidense o residente permanente. P\u00f3ngase en contacto con nosotros en el (407) 490-0696 o utilizando el formulario de la derecha para una consulta para discutir las renuncias.[\/vc_column_text][\/vc_column][\/vc_row]<\/p>\n","protected":false},"author":1,"featured_media":613,"parent":709,"menu_order":5,"comment_status":"closed","ping_status":"closed","template":"","meta":{"_seopress_robots_primary_cat":"","_seopress_titles_title":"Orlando Abogados de Inmigraci\u00f3n - Exenci\u00f3n de Presencia Il\u00edcita %%page%% %%sep%% %%sitename%%","_seopress_titles_desc":"Algunos solicitantes pueden optar a una dispensa para evitar la separaci\u00f3n y las dificultades de sus familiares ciudadanos o residentes en Estados Unidos.","_seopress_robots_index":"","footnotes":""},"class_list":["post-757","page","type-page","status-publish","has-post-thumbnail","hentry","entry","post-inner"],"_links":{"self":[{"href":"https:\/\/pdlaworlando.com\/es\/wp-json\/wp\/v2\/pages\/757","targetHints":{"allow":["GET"]}}],"collection":[{"href":"https:\/\/pdlaworlando.com\/es\/wp-json\/wp\/v2\/pages"}],"about":[{"href":"https:\/\/pdlaworlando.com\/es\/wp-json\/wp\/v2\/types\/page"}],"author":[{"embeddable":true,"href":"https:\/\/pdlaworlando.com\/es\/wp-json\/wp\/v2\/users\/1"}],"replies":[{"embeddable":true,"href":"https:\/\/pdlaworlando.com\/es\/wp-json\/wp\/v2\/comments?post=757"}],"version-history":[{"count":2,"href":"https:\/\/pdlaworlando.com\/es\/wp-json\/wp\/v2\/pages\/757\/revisions"}],"predecessor-version":[{"id":764,"href":"https:\/\/pdlaworlando.com\/es\/wp-json\/wp\/v2\/pages\/757\/revisions\/764"}],"up":[{"embeddable":true,"href":"https:\/\/pdlaworlando.com\/es\/wp-json\/wp\/v2\/pages\/709"}],"wp:featuredmedia":[{"embeddable":true,"href":"https:\/\/pdlaworlando.com\/es\/wp-json\/wp\/v2\/media\/613"}],"wp:attachment":[{"href":"https:\/\/pdlaworlando.com\/es\/wp-json\/wp\/v2\/media?parent=757"}],"curies":[{"name":"wp","href":"https:\/\/api.w.org\/{rel}","templated":true}]}}