{"id":770,"date":"2017-02-03T17:29:20","date_gmt":"2017-02-03T22:29:20","guid":{"rendered":"https:\/\/pdlaworlando.com\/inmigracion\/estudiantes\/"},"modified":"2023-08-17T20:10:27","modified_gmt":"2023-08-18T01:10:27","slug":"estudiantes","status":"publish","type":"page","link":"https:\/\/pdlaworlando.com\/es\/inmigracion\/estudiantes\/","title":{"rendered":"Estudiantes"},"content":{"rendered":"<div class=\"wpb-content-wrapper\">[vc_row][vc_column][vc_column_text]\n<h2><strong>Visas Estudiantiles<\/strong>: Formaci\u00f3n Acad\u00e9mica en los Estados Unidos.<\/h2>\n<p>Los visados de estudiante permiten a los extranjeros estudiar en los Estados Unidos como estudiantes a tiempo completo o en programas de formaci\u00f3n ling\u00fc\u00edstica. Hay dos categor\u00edas de visados de estudiante: F-1 y M1.<\/p>\n<p>Los visados F-1 permiten a una persona entrar en EE.UU. como estudiante a tiempo completo en una instituci\u00f3n acad\u00e9mica autorizada en un programa conducente a la obtenci\u00f3n de un t\u00edtulo o certificado. Los visados M-1 est\u00e1n disponibles para quienes se matriculan en programas de formaci\u00f3n profesional. Estos son los requisitos para optar a la ayuda:<\/p>\n<ul>\n<li>Debe estar matriculado en un programa educativo &#8220;acad\u00e9mico&#8221;, un programa de formaci\u00f3n ling\u00fc\u00edstica o un programa de formaci\u00f3n profesional<\/li>\n<li>Su centro de ense\u00f1anza debe estar autorizado por el Programa de Estudiantes y Visitantes de Intercambio del Servicio de Inmigraci\u00f3n y Control de Aduanas.<\/li>\n<li>Debes estar matriculado como estudiante a tiempo completo en la instituci\u00f3n<\/li>\n<li>Debe dominar el ingl\u00e9s o estar matriculado en cursos conducentes al dominio de este idioma<\/li>\n<li>Debe disponer de fondos suficientes para mantenerse a s\u00ed mismo durante todo el curso de estudios propuesto<\/li>\n<li>Debe mantener una residencia en el extranjero a la que no tenga intenci\u00f3n de renunciar.<\/li>\n<\/ul>\n<p>Los estudiantes F-1 no pueden trabajar mientras est\u00e9n en el programa, pero pueden aceptar ciertos tipos de empleo en el campus. Los estudiantes de M-1 pueden realizar pr\u00e1cticas despu\u00e9s de graduarse.<\/p>\n<p>Los estudiantes F-1 y M-1 pueden traer a su esposa e hijos, pero estos dependientes no podr\u00e1n trabajar mientras est\u00e9n en EE.UU.<\/p>\n<p>P\u00f3ngase en contacto con nosotros en el (407) 490-0696 o utilizando el formulario de la derecha para una consulta para discutir visas de estudiante.[\/vc_column_text][\/vc_column][\/vc_row]\n<\/div>","protected":false},"excerpt":{"rendered":"<p>[vc_row][vc_column][vc_column_text] Visas Estudiantiles: Formaci\u00f3n Acad\u00e9mica en los Estados Unidos. Los visados de estudiante permiten a los extranjeros estudiar en los Estados Unidos como estudiantes a tiempo completo o en programas de formaci\u00f3n ling\u00fc\u00edstica. Hay dos categor\u00edas de visados de estudiante: F-1 y M1. Los visados F-1 permiten a una persona entrar en EE.UU. como estudiante a tiempo completo en una instituci\u00f3n acad\u00e9mica autorizada en un programa conducente a la obtenci\u00f3n de un t\u00edtulo o certificado. Los visados M-1 est\u00e1n disponibles para quienes se matriculan en programas de formaci\u00f3n profesional. Estos son los requisitos para optar a la ayuda: Debe estar matriculado en un programa educativo &#8220;acad\u00e9mico&#8221;, un programa de formaci\u00f3n ling\u00fc\u00edstica o un programa de formaci\u00f3n profesional Su centro de ense\u00f1anza debe estar autorizado por el Programa de Estudiantes y Visitantes de Intercambio del Servicio de Inmigraci\u00f3n y Control de Aduanas. Debes estar matriculado como estudiante a tiempo completo en la instituci\u00f3n Debe dominar el ingl\u00e9s o estar matriculado en cursos conducentes al dominio de este idioma Debe disponer de fondos suficientes para mantenerse a s\u00ed mismo durante todo el curso de estudios propuesto Debe mantener una residencia en el extranjero a la que no tenga intenci\u00f3n de renunciar. Los estudiantes F-1 no pueden trabajar mientras est\u00e9n en el programa, pero pueden aceptar ciertos tipos de empleo en el campus. Los estudiantes de M-1 pueden realizar pr\u00e1cticas despu\u00e9s de graduarse. Los estudiantes F-1 y M-1 pueden traer a su esposa e hijos, pero estos dependientes no podr\u00e1n trabajar mientras est\u00e9n en EE.UU. P\u00f3ngase en contacto con nosotros en el (407) 490-0696 o utilizando el formulario de la derecha para una consulta para discutir visas de estudiante.[\/vc_column_text][\/vc_column][\/vc_row]<\/p>\n","protected":false},"author":1,"featured_media":613,"parent":709,"menu_order":7,"comment_status":"closed","ping_status":"closed","template":"","meta":{"_seopress_robots_primary_cat":"","_seopress_titles_title":"Visa de Estudiante Abogado en Orlando %%page%% %%sep%% %%sitename%%","_seopress_titles_desc":"Las Visas de estudiante permiten a los extranjeros estudiar en los EE.UU. como estudiante a tiempo completo, Llame al 407-490-0696","_seopress_robots_index":"","footnotes":""},"class_list":["post-770","page","type-page","status-publish","has-post-thumbnail","hentry","entry","post-inner"],"_links":{"self":[{"href":"https:\/\/pdlaworlando.com\/es\/wp-json\/wp\/v2\/pages\/770","targetHints":{"allow":["GET"]}}],"collection":[{"href":"https:\/\/pdlaworlando.com\/es\/wp-json\/wp\/v2\/pages"}],"about":[{"href":"https:\/\/pdlaworlando.com\/es\/wp-json\/wp\/v2\/types\/page"}],"author":[{"embeddable":true,"href":"https:\/\/pdlaworlando.com\/es\/wp-json\/wp\/v2\/users\/1"}],"replies":[{"embeddable":true,"href":"https:\/\/pdlaworlando.com\/es\/wp-json\/wp\/v2\/comments?post=770"}],"version-history":[{"count":8,"href":"https:\/\/pdlaworlando.com\/es\/wp-json\/wp\/v2\/pages\/770\/revisions"}],"predecessor-version":[{"id":1061,"href":"https:\/\/pdlaworlando.com\/es\/wp-json\/wp\/v2\/pages\/770\/revisions\/1061"}],"up":[{"embeddable":true,"href":"https:\/\/pdlaworlando.com\/es\/wp-json\/wp\/v2\/pages\/709"}],"wp:featuredmedia":[{"embeddable":true,"href":"https:\/\/pdlaworlando.com\/es\/wp-json\/wp\/v2\/media\/613"}],"wp:attachment":[{"href":"https:\/\/pdlaworlando.com\/es\/wp-json\/wp\/v2\/media?parent=770"}],"curies":[{"name":"wp","href":"https:\/\/api.w.org\/{rel}","templated":true}]}}