{"id":772,"date":"2017-02-03T17:29:56","date_gmt":"2017-02-03T22:29:56","guid":{"rendered":"https:\/\/pdlaworlando.com\/inmigracion\/prorroga-del-visado\/"},"modified":"2023-08-17T20:11:26","modified_gmt":"2023-08-18T01:11:26","slug":"extension-de-visa","status":"publish","type":"page","link":"https:\/\/pdlaworlando.com\/es\/inmigracion\/extension-de-visa\/","title":{"rendered":"Extensi\u00f3n de Visa"},"content":{"rendered":"<div class=\"wpb-content-wrapper\">[vc_row][vc_column][vc_column_text]\n<h2>Abogado de Extensi\u00f3n de Visa en Orlando<\/h2>\n<p>Todos los visados para no inmigrantes tienen una duraci\u00f3n limitada. Expiran tras un periodo de tiempo predeterminado, y el inmigrante debe regresar a su pa\u00eds de origen. En algunos casos, puede que el inmigrante no haya terminado sus obligaciones en Estados Unidos o que simplemente desee prolongar su estancia en el pa\u00eds. En muchas circunstancias, se puede utilizar un formulario I-539, Solicitud de pr\u00f3rroga\/cambio de estatus de no inmigrante, para solucionar este problema.<\/p>\n<h3>\u00bfNecesita prolongar su estancia?<\/h3>\n<p>Quienes deseen prolongar su estancia en Estados Unidos deben presentar una solicitud de pr\u00f3rroga de visado ante el Servicio de Ciudadan\u00eda e Inmigraci\u00f3n de Estados Unidos. Hay que solicitar una pr\u00f3rroga del visado antes de que expire su estatus actual o enfrentarse a posibles impedimentos para entrar en EE.UU. Deben cumplirse los siguientes requisitos:<\/p>\n<ul>\n<li>Ha sido admitido legalmente en Estados Unidos con un visado de no inmigrante<\/li>\n<li>Su visado de no inmigrante sigue siendo v\u00e1lido<\/li>\n<li>No ha cometido ning\u00fan delito que le impida obtener un visado<\/li>\n<li>No ha incumplido las condiciones de su admisi\u00f3n<\/li>\n<li>Su pasaporte es v\u00e1lido y seguir\u00e1 si\u00e9ndolo durante su estancia<\/li>\n<\/ul>\n<p>P\u00f3ngase en contacto con nosotros en el (407) 490-0696 o utilizando el formulario de la derecha para una consulta para discutir las extensiones de visa.[\/vc_column_text][\/vc_column][\/vc_row]\n<\/div>","protected":false},"excerpt":{"rendered":"<p>[vc_row][vc_column][vc_column_text] Abogado de Extensi\u00f3n de Visa en Orlando Todos los visados para no inmigrantes tienen una duraci\u00f3n limitada. Expiran tras un periodo de tiempo predeterminado, y el inmigrante debe regresar a su pa\u00eds de origen. En algunos casos, puede que el inmigrante no haya terminado sus obligaciones en Estados Unidos o que simplemente desee prolongar su estancia en el pa\u00eds. En muchas circunstancias, se puede utilizar un formulario I-539, Solicitud de pr\u00f3rroga\/cambio de estatus de no inmigrante, para solucionar este problema. \u00bfNecesita prolongar su estancia? Quienes deseen prolongar su estancia en Estados Unidos deben presentar una solicitud de pr\u00f3rroga de visado ante el Servicio de Ciudadan\u00eda e Inmigraci\u00f3n de Estados Unidos. Hay que solicitar una pr\u00f3rroga del visado antes de que expire su estatus actual o enfrentarse a posibles impedimentos para entrar en EE.UU. Deben cumplirse los siguientes requisitos: Ha sido admitido legalmente en Estados Unidos con un visado de no inmigrante Su visado de no inmigrante sigue siendo v\u00e1lido No ha cometido ning\u00fan delito que le impida obtener un visado No ha incumplido las condiciones de su admisi\u00f3n Su pasaporte es v\u00e1lido y seguir\u00e1 si\u00e9ndolo durante su estancia P\u00f3ngase en contacto con nosotros en el (407) 490-0696 o utilizando el formulario de la derecha para una consulta para discutir las extensiones de visa.[\/vc_column_text][\/vc_column][\/vc_row]<\/p>\n","protected":false},"author":1,"featured_media":613,"parent":709,"menu_order":8,"comment_status":"closed","ping_status":"closed","template":"","meta":{"_seopress_robots_primary_cat":"","_seopress_titles_title":"Orlando %%title%% Abogado %%page%% %%sep%% %%sitename%%","_seopress_titles_desc":"\u00bfNecesita prorrogar su visado? En PD Law Firm podemos ayudarle con el proceso de una extensi\u00f3n de visa de EE.UU., Ll\u00e1menos al (407) 490-0696","_seopress_robots_index":"","footnotes":""},"class_list":["post-772","page","type-page","status-publish","has-post-thumbnail","hentry","entry","post-inner"],"_links":{"self":[{"href":"https:\/\/pdlaworlando.com\/es\/wp-json\/wp\/v2\/pages\/772","targetHints":{"allow":["GET"]}}],"collection":[{"href":"https:\/\/pdlaworlando.com\/es\/wp-json\/wp\/v2\/pages"}],"about":[{"href":"https:\/\/pdlaworlando.com\/es\/wp-json\/wp\/v2\/types\/page"}],"author":[{"embeddable":true,"href":"https:\/\/pdlaworlando.com\/es\/wp-json\/wp\/v2\/users\/1"}],"replies":[{"embeddable":true,"href":"https:\/\/pdlaworlando.com\/es\/wp-json\/wp\/v2\/comments?post=772"}],"version-history":[{"count":3,"href":"https:\/\/pdlaworlando.com\/es\/wp-json\/wp\/v2\/pages\/772\/revisions"}],"predecessor-version":[{"id":1062,"href":"https:\/\/pdlaworlando.com\/es\/wp-json\/wp\/v2\/pages\/772\/revisions\/1062"}],"up":[{"embeddable":true,"href":"https:\/\/pdlaworlando.com\/es\/wp-json\/wp\/v2\/pages\/709"}],"wp:featuredmedia":[{"embeddable":true,"href":"https:\/\/pdlaworlando.com\/es\/wp-json\/wp\/v2\/media\/613"}],"wp:attachment":[{"href":"https:\/\/pdlaworlando.com\/es\/wp-json\/wp\/v2\/media?parent=772"}],"curies":[{"name":"wp","href":"https:\/\/api.w.org\/{rel}","templated":true}]}}