{"id":780,"date":"2017-02-03T17:27:24","date_gmt":"2017-02-03T22:27:24","guid":{"rendered":"https:\/\/pdlaworlando.com\/inmigracion\/matrimonio-y-prometido\/"},"modified":"2023-08-17T20:05:52","modified_gmt":"2023-08-18T01:05:52","slug":"matrimonio-y-prometido","status":"publish","type":"page","link":"https:\/\/pdlaworlando.com\/es\/inmigracion\/matrimonio-y-prometido\/","title":{"rendered":"Matrimonio y prometido"},"content":{"rendered":"<div class=\"wpb-content-wrapper\">[vc_row][vc_column][vc_column_text]\n<h2>Peticiones de Matrimonio y Prometido<\/h2>\n<p>Nuestra firma de abogados de inmigraci\u00f3n puede asistirle en tr\u00e1mites para c\u00f3nyuges o prometidos, ya sea que se encuentren dentro de Estados Unidos o en otros pa\u00edses.<\/p>\n<h3>Peticiones de Matrimonio<\/h3>\n<p>Los ciudadanos y residentes permanentes de Estados Unidos pueden solicitar la residencia permanente (tarjeta verde) para sus c\u00f3nyuges. Se pueden presentar peticiones de matrimonio para c\u00f3nyuges fuera de Estados Unidos o para los que ya est\u00e1n en el pa\u00eds.<\/p>\n<p>Para poder optar a la ayuda deben cumplirse los siguientes requisitos:<\/p>\n<ul>\n<li>El solicitante debe ser ciudadano estadounidense o residente permanente (titular de la tarjeta verde)<\/li>\n<li>Deben estar legalmente casados en Estados Unidos o en otro pa\u00eds<\/li>\n<li>Debe ser un matrimonio de buena fe<\/li>\n<\/ul>\n<h3>Peticiones de Novios &#8211; Visa K1<\/h3>\n<p>Los ciudadanos estadounidenses pueden traer a sus prometidas extranjeras a Estados Unidos para casarse. Deben cumplirse los siguientes criterios:<\/p>\n<ul>\n<li>El solicitante debe ser ciudadano de EE.UU.<\/li>\n<li>Tiene intenci\u00f3n de casarse en los 90 d\u00edas siguientes a la llegada del prometido<\/li>\n<li>El peticionario y el prometido son libres de contraer matrimonio: no est\u00e1n casados actualmente en ninguna jurisdicci\u00f3n<\/li>\n<li>Peticionario y prometido se conocieron en los 2 a\u00f1os siguientes a la presentaci\u00f3n de la petici\u00f3n (hay excepciones a esta regla).<\/li>\n<\/ul>\n<p>Los hijos de c\u00f3nyuges y prometidos tambi\u00e9n pueden optar a la ayuda.<\/p>\n<p>P\u00f3ngase en contacto con nosotros en el (407) 490-0696 o utilizando el formulario de la derecha para una consulta para discutir el matrimonio o visas de novio.[\/vc_column_text][\/vc_column][\/vc_row]\n<\/div>","protected":false},"excerpt":{"rendered":"<p>[vc_row][vc_column][vc_column_text] Peticiones de Matrimonio y Prometido Nuestra firma de abogados de inmigraci\u00f3n puede asistirle en tr\u00e1mites para c\u00f3nyuges o prometidos, ya sea que se encuentren dentro de Estados Unidos o en otros pa\u00edses. Peticiones de Matrimonio Los ciudadanos y residentes permanentes de Estados Unidos pueden solicitar la residencia permanente (tarjeta verde) para sus c\u00f3nyuges. Se pueden presentar peticiones de matrimonio para c\u00f3nyuges fuera de Estados Unidos o para los que ya est\u00e1n en el pa\u00eds. Para poder optar a la ayuda deben cumplirse los siguientes requisitos: El solicitante debe ser ciudadano estadounidense o residente permanente (titular de la tarjeta verde) Deben estar legalmente casados en Estados Unidos o en otro pa\u00eds Debe ser un matrimonio de buena fe Peticiones de Novios &#8211; Visa K1 Los ciudadanos estadounidenses pueden traer a sus prometidas extranjeras a Estados Unidos para casarse. Deben cumplirse los siguientes criterios: El solicitante debe ser ciudadano de EE.UU. Tiene intenci\u00f3n de casarse en los 90 d\u00edas siguientes a la llegada del prometido El peticionario y el prometido son libres de contraer matrimonio: no est\u00e1n casados actualmente en ninguna jurisdicci\u00f3n Peticionario y prometido se conocieron en los 2 a\u00f1os siguientes a la presentaci\u00f3n de la petici\u00f3n (hay excepciones a esta regla). Los hijos de c\u00f3nyuges y prometidos tambi\u00e9n pueden optar a la ayuda. P\u00f3ngase en contacto con nosotros en el (407) 490-0696 o utilizando el formulario de la derecha para una consulta para discutir el matrimonio o visas de novio.[\/vc_column_text][\/vc_column][\/vc_row]<\/p>\n","protected":false},"author":1,"featured_media":613,"parent":709,"menu_order":1,"comment_status":"closed","ping_status":"closed","template":"","meta":{"_seopress_robots_primary_cat":"","_seopress_titles_title":"Abogado Inmigraci\u00f3n Orlando - Peticiones de Matrimonio","_seopress_titles_desc":"PD Law Abogado Inmigraci\u00f3n en Orlando puede ayudarle con peticiones para esposos o prometidos. P\u00f3ngase en contacto (407) 490-0696","_seopress_robots_index":"","footnotes":""},"class_list":["post-780","page","type-page","status-publish","has-post-thumbnail","hentry","entry","post-inner"],"_links":{"self":[{"href":"https:\/\/pdlaworlando.com\/es\/wp-json\/wp\/v2\/pages\/780","targetHints":{"allow":["GET"]}}],"collection":[{"href":"https:\/\/pdlaworlando.com\/es\/wp-json\/wp\/v2\/pages"}],"about":[{"href":"https:\/\/pdlaworlando.com\/es\/wp-json\/wp\/v2\/types\/page"}],"author":[{"embeddable":true,"href":"https:\/\/pdlaworlando.com\/es\/wp-json\/wp\/v2\/users\/1"}],"replies":[{"embeddable":true,"href":"https:\/\/pdlaworlando.com\/es\/wp-json\/wp\/v2\/comments?post=780"}],"version-history":[{"count":9,"href":"https:\/\/pdlaworlando.com\/es\/wp-json\/wp\/v2\/pages\/780\/revisions"}],"predecessor-version":[{"id":1028,"href":"https:\/\/pdlaworlando.com\/es\/wp-json\/wp\/v2\/pages\/780\/revisions\/1028"}],"up":[{"embeddable":true,"href":"https:\/\/pdlaworlando.com\/es\/wp-json\/wp\/v2\/pages\/709"}],"wp:featuredmedia":[{"embeddable":true,"href":"https:\/\/pdlaworlando.com\/es\/wp-json\/wp\/v2\/media\/613"}],"wp:attachment":[{"href":"https:\/\/pdlaworlando.com\/es\/wp-json\/wp\/v2\/media?parent=780"}],"curies":[{"name":"wp","href":"https:\/\/api.w.org\/{rel}","templated":true}]}}