{"id":781,"date":"2017-02-03T17:29:02","date_gmt":"2017-02-03T22:29:02","guid":{"rendered":"https:\/\/pdlaworlando.com\/inmigracion\/asilo\/"},"modified":"2023-08-17T20:08:33","modified_gmt":"2023-08-18T01:08:33","slug":"asilo","status":"publish","type":"page","link":"https:\/\/pdlaworlando.com\/es\/inmigracion\/asilo\/","title":{"rendered":"Asilo"},"content":{"rendered":"<div class=\"wpb-content-wrapper\">[vc_row][vc_column][vc_column_text]\n<h2>Solicitud de asilo<\/h2>\n<p>El asilo puede concederse a quienes llegan a Estados Unidos huyendo de la persecuci\u00f3n por motivos de raza, religi\u00f3n, nacionalidad, opini\u00f3n pol\u00edtica o por formar parte de un determinado grupo social. Los solicitantes de asilo deben demostrar un temor fundado a sufrir persecuci\u00f3n si regresan a sus pa\u00edses de origen.<\/p>\n<p>A quienes re\u00fanen los requisitos para obtener asilo se les permite permanecer en Estados Unidos y trabajar, incluidos su esposa e hijos menores de 21 a\u00f1os. Se puede solicitar asilo al llegar a Estados Unidos o tras permanecer en el pa\u00eds hasta un a\u00f1o (pueden aplicarse excepciones).<\/p>\n<p>En PD Law Firm, P.A. le guiaremos a trav\u00e9s del proceso. P\u00f3ngase en contacto con nosotros en el (407) 490-0696 o utilizando el formulario de la derecha para una consulta para discutir el asilo.[\/vc_column_text][\/vc_column][\/vc_row]\n<\/div>","protected":false},"excerpt":{"rendered":"<p>[vc_row][vc_column][vc_column_text] Solicitud de asilo El asilo puede concederse a quienes llegan a Estados Unidos huyendo de la persecuci\u00f3n por motivos de raza, religi\u00f3n, nacionalidad, opini\u00f3n pol\u00edtica o por formar parte de un determinado grupo social. Los solicitantes de asilo deben demostrar un temor fundado a sufrir persecuci\u00f3n si regresan a sus pa\u00edses de origen. A quienes re\u00fanen los requisitos para obtener asilo se les permite permanecer en Estados Unidos y trabajar, incluidos su esposa e hijos menores de 21 a\u00f1os. Se puede solicitar asilo al llegar a Estados Unidos o tras permanecer en el pa\u00eds hasta un a\u00f1o (pueden aplicarse excepciones). En PD Law Firm, P.A. le guiaremos a trav\u00e9s del proceso. P\u00f3ngase en contacto con nosotros en el (407) 490-0696 o utilizando el formulario de la derecha para una consulta para discutir el asilo.[\/vc_column_text][\/vc_column][\/vc_row]<\/p>\n","protected":false},"author":1,"featured_media":613,"parent":709,"menu_order":6,"comment_status":"closed","ping_status":"closed","template":"","meta":{"_seopress_robots_primary_cat":"","_seopress_titles_title":"%%title%% Abogado de Inmigraci\u00f3n Orlando %%page%% %%sep%% %%sitename%%","_seopress_titles_desc":"El asilo puede concederse a las personas que llegan a EE.UU. huyendo de la persecuci\u00f3n por motivos de raza, religi\u00f3n, nacionalidad, opini\u00f3n pol\u00edtica o nacionalidad.","_seopress_robots_index":"","footnotes":""},"class_list":["post-781","page","type-page","status-publish","has-post-thumbnail","hentry","entry","post-inner"],"_links":{"self":[{"href":"https:\/\/pdlaworlando.com\/es\/wp-json\/wp\/v2\/pages\/781","targetHints":{"allow":["GET"]}}],"collection":[{"href":"https:\/\/pdlaworlando.com\/es\/wp-json\/wp\/v2\/pages"}],"about":[{"href":"https:\/\/pdlaworlando.com\/es\/wp-json\/wp\/v2\/types\/page"}],"author":[{"embeddable":true,"href":"https:\/\/pdlaworlando.com\/es\/wp-json\/wp\/v2\/users\/1"}],"replies":[{"embeddable":true,"href":"https:\/\/pdlaworlando.com\/es\/wp-json\/wp\/v2\/comments?post=781"}],"version-history":[{"count":5,"href":"https:\/\/pdlaworlando.com\/es\/wp-json\/wp\/v2\/pages\/781\/revisions"}],"predecessor-version":[{"id":810,"href":"https:\/\/pdlaworlando.com\/es\/wp-json\/wp\/v2\/pages\/781\/revisions\/810"}],"up":[{"embeddable":true,"href":"https:\/\/pdlaworlando.com\/es\/wp-json\/wp\/v2\/pages\/709"}],"wp:featuredmedia":[{"embeddable":true,"href":"https:\/\/pdlaworlando.com\/es\/wp-json\/wp\/v2\/media\/613"}],"wp:attachment":[{"href":"https:\/\/pdlaworlando.com\/es\/wp-json\/wp\/v2\/media?parent=781"}],"curies":[{"name":"wp","href":"https:\/\/api.w.org\/{rel}","templated":true}]}}