{"id":784,"date":"2017-02-03T17:28:26","date_gmt":"2017-02-03T22:28:26","guid":{"rendered":"https:\/\/pdlaworlando.com\/inmigracion\/ciudadania\/"},"modified":"2023-08-17T20:07:32","modified_gmt":"2023-08-18T01:07:32","slug":"ciudadania","status":"publish","type":"page","link":"https:\/\/pdlaworlando.com\/es\/inmigracion\/ciudadania\/","title":{"rendered":"Ciudadan\u00eda"},"content":{"rendered":"<div class=\"wpb-content-wrapper\">[vc_row][vc_column][vc_column_text]\n<h2>Convi\u00e9rtase en ciudadano estadounidense<\/h2>\n<p>Hay 3 formas de obtener la nacionalidad estadounidense:<\/p>\n<ul>\n<li>De nacimiento. Se es autom\u00e1ticamente ciudadano estadounidense si se nace en Estados Unidos o si se nace en el extranjero de padre o madre ciudadano estadounidense si se dan ciertas condiciones;<\/li>\n<li>Cumplir los requisitos de la <a href=\"https:\/\/travel.state.gov\/content\/travel\/en\/Intercountry-Adoption\/adopt_ref\/adoption-FAQs\/child-citizenship-act-of-2000.html\">Ley de Ciudadan\u00eda Infantil<\/a>. ni\u00f1o puede adquirir autom\u00e1ticamente la nacionalidad, pero se recomienda obtener un certificado de ciudadan\u00eda.<\/li>\n<li>Proceso por el que los no ciudadanos pueden convertirse en ciudadanos estadounidenses.<\/li>\n<\/ul>\n<p>Se puede optar a la naturalizaci\u00f3n si se ha sido residente permanente (tarjeta verde) durante 5 a\u00f1os o si se ha sido residente permanente durante 3 a\u00f1os y se es c\u00f3nyuge de un ciudadano estadounidense.<\/p>\n<p>Para ser ciudadano estadounidense hay que tener 18 a\u00f1os, demostrar buena moral, cumplir los requisitos de residencia, saber leer y escribir en ingl\u00e9s y aprobar un examen de civismo estadounidense.<\/p>\n<p>Los abogados de naturalizaci\u00f3n de PD Law Firm, P.A. pueden guiarlo a trav\u00e9s de los requisitos de residencia y buen car\u00e1cter moral y ayudarlo a estar listo para el examen c\u00edvico.<\/p>\n<p>P\u00f3ngase en contacto con nosotros en (407) 490-0696 o utilizando el formulario de la derecha para una consulta para discutir la naturalizaci\u00f3n o la ciudadan\u00eda.[\/vc_column_text][\/vc_column][\/vc_row]\n<\/div>","protected":false},"excerpt":{"rendered":"<p>[vc_row][vc_column][vc_column_text] Convi\u00e9rtase en ciudadano estadounidense Hay 3 formas de obtener la nacionalidad estadounidense: De nacimiento. Se es autom\u00e1ticamente ciudadano estadounidense si se nace en Estados Unidos o si se nace en el extranjero de padre o madre ciudadano estadounidense si se dan ciertas condiciones; Cumplir los requisitos de la Ley de Ciudadan\u00eda Infantil. ni\u00f1o puede adquirir autom\u00e1ticamente la nacionalidad, pero se recomienda obtener un certificado de ciudadan\u00eda. Proceso por el que los no ciudadanos pueden convertirse en ciudadanos estadounidenses. Se puede optar a la naturalizaci\u00f3n si se ha sido residente permanente (tarjeta verde) durante 5 a\u00f1os o si se ha sido residente permanente durante 3 a\u00f1os y se es c\u00f3nyuge de un ciudadano estadounidense. Para ser ciudadano estadounidense hay que tener 18 a\u00f1os, demostrar buena moral, cumplir los requisitos de residencia, saber leer y escribir en ingl\u00e9s y aprobar un examen de civismo estadounidense. Los abogados de naturalizaci\u00f3n de PD Law Firm, P.A. pueden guiarlo a trav\u00e9s de los requisitos de residencia y buen car\u00e1cter moral y ayudarlo a estar listo para el examen c\u00edvico. P\u00f3ngase en contacto con nosotros en (407) 490-0696 o utilizando el formulario de la derecha para una consulta para discutir la naturalizaci\u00f3n o la ciudadan\u00eda.[\/vc_column_text][\/vc_column][\/vc_row]<\/p>\n","protected":false},"author":1,"featured_media":613,"parent":709,"menu_order":4,"comment_status":"closed","ping_status":"closed","template":"","meta":{"_seopress_robots_primary_cat":"","_seopress_titles_title":"Orlando Abogado de Inmigraci\u00f3n - Obtener EE.UU. %%title%% %%page%% %%sep%% %%sitename%%.","_seopress_titles_desc":"\u00bfQuiere obtener la nacionalidad estadounidense? PD Law Orlando&#039;s premier immigration attroney puede ayudar, Llame al (407) 490-0696","_seopress_robots_index":"","footnotes":""},"class_list":["post-784","page","type-page","status-publish","has-post-thumbnail","hentry","entry","post-inner"],"_links":{"self":[{"href":"https:\/\/pdlaworlando.com\/es\/wp-json\/wp\/v2\/pages\/784","targetHints":{"allow":["GET"]}}],"collection":[{"href":"https:\/\/pdlaworlando.com\/es\/wp-json\/wp\/v2\/pages"}],"about":[{"href":"https:\/\/pdlaworlando.com\/es\/wp-json\/wp\/v2\/types\/page"}],"author":[{"embeddable":true,"href":"https:\/\/pdlaworlando.com\/es\/wp-json\/wp\/v2\/users\/1"}],"replies":[{"embeddable":true,"href":"https:\/\/pdlaworlando.com\/es\/wp-json\/wp\/v2\/comments?post=784"}],"version-history":[{"count":5,"href":"https:\/\/pdlaworlando.com\/es\/wp-json\/wp\/v2\/pages\/784\/revisions"}],"predecessor-version":[{"id":818,"href":"https:\/\/pdlaworlando.com\/es\/wp-json\/wp\/v2\/pages\/784\/revisions\/818"}],"up":[{"embeddable":true,"href":"https:\/\/pdlaworlando.com\/es\/wp-json\/wp\/v2\/pages\/709"}],"wp:featuredmedia":[{"embeddable":true,"href":"https:\/\/pdlaworlando.com\/es\/wp-json\/wp\/v2\/media\/613"}],"wp:attachment":[{"href":"https:\/\/pdlaworlando.com\/es\/wp-json\/wp\/v2\/media?parent=784"}],"curies":[{"name":"wp","href":"https:\/\/api.w.org\/{rel}","templated":true}]}}