{"id":823,"date":"2022-01-25T10:21:08","date_gmt":"2022-01-25T15:21:08","guid":{"rendered":"https:\/\/pdlaworlando.com\/abogado-de-inmigracion-en-kissimmee\/"},"modified":"2024-06-30T11:07:59","modified_gmt":"2024-06-30T16:07:59","slug":"abogado-de-inmigracion-en-kissimmee","status":"publish","type":"page","link":"https:\/\/pdlaworlando.com\/es\/abogado-de-inmigracion-en-kissimmee\/","title":{"rendered":"Abogado de Inmigraci\u00f3n en Kissimmee"},"content":{"rendered":"<div class=\"wp-block-image\">\n<figure class=\"alignleft size-full is-resized\"><img loading=\"lazy\" decoding=\"async\" width=\"1000\" height=\"667\" src=\"https:\/\/pdlaworlando.com\/wp-content\/uploads\/Brazilian-Immigration-Attorney-in-Kissimmee.jpg\" alt=\"Abogado de Inmigraci\u00f3n en Kissimmee\" class=\"wp-image-461\" style=\"width:237px;height:157px\" srcset=\"https:\/\/pdlaworlando.com\/wp-content\/uploads\/Brazilian-Immigration-Attorney-in-Kissimmee.jpg 1000w, https:\/\/pdlaworlando.com\/wp-content\/uploads\/Brazilian-Immigration-Attorney-in-Kissimmee-300x200.jpg 300w, https:\/\/pdlaworlando.com\/wp-content\/uploads\/Brazilian-Immigration-Attorney-in-Kissimmee-768x512.jpg 768w\" sizes=\"auto, (max-width: 1000px) 100vw, 1000px\" \/><figcaption class=\"wp-element-caption\">Abogado de Inmigraci\u00f3n en Kissimmee<\/figcaption><\/figure>\n<\/div>\n\n\n<p>La inmigraci\u00f3n puede ser complicada para cualquiera que no est\u00e9 familiarizado con el proceso, y tambi\u00e9n es un momento emotivo y dif\u00edcil para muchas personas. Si necesita un visado temporal o una tarjeta verde, lo mejor es buscar la ayuda de un abogado de inmigraci\u00f3n brasile\u00f1o en <a href=\"https:\/\/en.wikipedia.org\/wiki\/Buenaventura_Lakes,_Florida\">Buenaventura Lakes<\/a>, <a href=\"https:\/\/www.hunterscreek.net\/\">Hunters Creek<\/a> y <a href=\"https:\/\/www.kissimmee.gov\/\">Kissimmee <\/a>que entienda perfectamente el sistema. Trabajar con un profesional puede mejorar sus posibilidades de \u00e9xito.<\/p>\n\n\n\n<p>Pedro Dearaujo comenz\u00f3 su carrera jur\u00eddica en la Oficina del Defensor P\u00fablico y ha representado a numerosos clientes con una amplia gama de necesidades y antecedentes. Todo nuestro equipo en <a href=\"\/\">The PD Law Firm, P.A.<\/a> tambi\u00e9n colabora estrechamente con clientes de Sudam\u00e9rica para garantizar que se atienden sus preocupaciones. Siga leyendo para conocer nuestros servicios o llame para concertar una consulta.<\/p>\n\n\n\n<h2 class=\"wp-block-heading\" id=\"h-visa-de-trabajo-estudios-y-turismo\"><strong>Visa de trabajo, estudios y turismo<\/strong><\/h2>\n\n\n\n<p>Nosotros podemos ayudarle a obtener una visa temporal o permanente dependiendo del motivo de su viaje. PD Law Firm, P.A. puede ayudar a las personas a completar con \u00e9xito sus solicitudes y asegurarse de que todo est\u00e1 en orden. P\u00f3ngase en contacto con nosotros para obtener m\u00e1s informaci\u00f3n:<\/p>\n\n\n\n<ul class=\"wp-block-list\">\n<li><strong>Visa de Trabajo<\/strong>: Es habitual que las empresas contraten a trabajadores extranjeros por su formaci\u00f3n y conocimientos especiales. Conseguir el visado adecuado para trabajar en Estados Unidos puede ser complicado si no se sabe lo que se hace. Nuestro bufete archiva todos los documentos necesarios para que usted pueda volver a centrarse en el trabajo.<\/li>\n\n\n\n<li><strong>Visa para Estudiar<\/strong>: Si quiere estudiar en Buenaventura Lakes, Hunters Creek y Kissimmee, nuestro bufete puede ayudarle. Estamos familiarizados con el proceso de solicitud de ingreso en las universidades estadounidenses y podemos ayudarle en todo lo posible. Nos aseguraremos de que todo se haga a tiempo para que su educaci\u00f3n pueda continuar sin interrupci\u00f3n.<\/li>\n\n\n\n<li><strong>Visa para Viajar<\/strong>: Si est\u00e1 pensando en visitar Florida, debe tener el visado adecuado para entrar en el pa\u00eds. Nuestro bufete puede ayudarle a solicitar un visado de turista para que sus vacaciones sean agradables y memorables. Trabajamos sin descanso para asegurarnos de que el proceso se desarrolle sin contratiempos y usted pueda disfrutar de su viaje.<\/li>\n\n\n\n<li><strong>Atenci\u00f3n m\u00e9dica<\/strong>: Estados Unidos tiene una de las mejores atenciones m\u00e9dicas del mundo, pero para recibir tratamiento m\u00e9dico hay que tener un visado v\u00e1lido. The PD Law Firm, P.A. ha ayudado a muchos clientes satisfechos que necesitaban visados para recibir atenci\u00f3n m\u00e9dica.<\/li>\n<\/ul>\n\n\n\n<p>Adem\u00e1s de visados, Pedro Dearaujo puede ayudar a los residentes permanentes que han vivido en EE.UU. durante cinco a\u00f1os continuos a solicitar el proceso de naturalizaci\u00f3n. Cons\u00faltenos sobre los requisitos y pasos a seguir.<\/p>\n\n\n\n<h2 class=\"wp-block-heading\" id=\"h-inmigracion-familiar\"><strong>Inmigraci\u00f3n familiar  <\/strong><\/h2>\n\n\n\n<p>Muchos conocen a sus c\u00f3nyuges mientras viven en Sudam\u00e9rica, pero otros encuentran el amor en Estados Unidos cuando vienen a trabajar o estudiar. Si usted y su pareja est\u00e1n planeando casarse, The PD Law Firm, P.A. puede ayudarle a navegar por el sistema y obtener el visado adecuado para su prometido o c\u00f3nyuge. Nuestra empresa prepara todo el papeleo y responde a cualquier pregunta que pueda tener para que no haya sorpresas en el futuro.<\/p>\n\n\n\n<h2 class=\"wp-block-heading\" id=\"h-su-socio-en-inmigracion\"><strong>Su socio en inmigraci\u00f3n  <\/strong><\/h2>\n\n\n\n<p>Pedro Dearaujo es licenciado en Gobierno y Pol\u00edtica Internacional y se gradu\u00f3 en la Facultad de Derecho de la Universidad Estatal de Florida. P\u00f3ngase en contacto con nuestro bufete si desea hablar con un abogado con experiencia en Buenaventura Lakes, Hunters Creek y Kissimmee. Estamos deseosos de ayudarle a iniciar su nueva vida en los EE.UU. y nos dedicamos a ayudarle a tener \u00e9xito en su viaje.<\/p>\n","protected":false},"excerpt":{"rendered":"<p>La inmigraci\u00f3n puede ser complicada para cualquiera que no est\u00e9 familiarizado con el proceso, y tambi\u00e9n es un momento emotivo y dif\u00edcil para muchas personas. Si necesita un visado temporal o una tarjeta verde, lo mejor es buscar la ayuda de un abogado de inmigraci\u00f3n brasile\u00f1o en Buenaventura Lakes, Hunters Creek y Kissimmee que entienda perfectamente el sistema. Trabajar con un profesional puede mejorar sus posibilidades de \u00e9xito. Pedro Dearaujo comenz\u00f3 su carrera jur\u00eddica en la Oficina del Defensor P\u00fablico y ha representado a numerosos clientes con una amplia gama de necesidades y antecedentes. Todo nuestro equipo en The PD Law Firm, P.A. tambi\u00e9n colabora estrechamente con clientes de Sudam\u00e9rica para garantizar que se atienden sus preocupaciones. Siga leyendo para conocer nuestros servicios o llame para concertar una consulta. Visa de trabajo, estudios y turismo Nosotros podemos ayudarle a obtener una visa temporal o permanente dependiendo del motivo de su viaje. PD Law Firm, P.A. puede ayudar a las personas a completar con \u00e9xito sus solicitudes y asegurarse de que todo est\u00e1 en orden. P\u00f3ngase en contacto con nosotros para obtener m\u00e1s informaci\u00f3n: Adem\u00e1s de visados, Pedro Dearaujo puede ayudar a los residentes permanentes que han vivido en EE.UU. durante cinco a\u00f1os continuos a solicitar el proceso de naturalizaci\u00f3n. Cons\u00faltenos sobre los requisitos y pasos a seguir. Inmigraci\u00f3n familiar Muchos conocen a sus c\u00f3nyuges mientras viven en Sudam\u00e9rica, pero otros encuentran el amor en Estados Unidos cuando vienen a trabajar o estudiar. Si usted y su pareja est\u00e1n planeando casarse, The PD Law Firm, P.A. puede ayudarle a navegar por el sistema y obtener el visado adecuado para su prometido o c\u00f3nyuge. Nuestra empresa prepara todo el papeleo y responde a cualquier pregunta que pueda tener para que no haya sorpresas en el futuro. Su socio en inmigraci\u00f3n Pedro Dearaujo es licenciado en Gobierno y Pol\u00edtica Internacional y se gradu\u00f3 en la Facultad de Derecho de la Universidad Estatal de Florida. P\u00f3ngase en contacto con nuestro bufete si desea hablar con un abogado con experiencia en Buenaventura Lakes, Hunters Creek y Kissimmee. Estamos deseosos de ayudarle a iniciar su nueva vida en los EE.UU. y nos dedicamos a ayudarle a tener \u00e9xito en su viaje.<\/p>\n","protected":false},"author":1,"featured_media":653,"parent":0,"menu_order":0,"comment_status":"closed","ping_status":"closed","template":"","meta":{"_seopress_robots_primary_cat":"","_seopress_titles_title":"","_seopress_titles_desc":"Si usted requiere una visa o tarjeta verde, The PD Law Firm, P.A abogado de inmigraci\u00f3n brasile\u00f1o en Buenaventura Lakes, Hunters Creek, y Kissimmee","_seopress_robots_index":"","footnotes":""},"class_list":["post-823","page","type-page","status-publish","has-post-thumbnail","hentry","entry","post-inner"],"_links":{"self":[{"href":"https:\/\/pdlaworlando.com\/es\/wp-json\/wp\/v2\/pages\/823","targetHints":{"allow":["GET"]}}],"collection":[{"href":"https:\/\/pdlaworlando.com\/es\/wp-json\/wp\/v2\/pages"}],"about":[{"href":"https:\/\/pdlaworlando.com\/es\/wp-json\/wp\/v2\/types\/page"}],"author":[{"embeddable":true,"href":"https:\/\/pdlaworlando.com\/es\/wp-json\/wp\/v2\/users\/1"}],"replies":[{"embeddable":true,"href":"https:\/\/pdlaworlando.com\/es\/wp-json\/wp\/v2\/comments?post=823"}],"version-history":[{"count":3,"href":"https:\/\/pdlaworlando.com\/es\/wp-json\/wp\/v2\/pages\/823\/revisions"}],"predecessor-version":[{"id":1280,"href":"https:\/\/pdlaworlando.com\/es\/wp-json\/wp\/v2\/pages\/823\/revisions\/1280"}],"wp:featuredmedia":[{"embeddable":true,"href":"https:\/\/pdlaworlando.com\/es\/wp-json\/wp\/v2\/media\/653"}],"wp:attachment":[{"href":"https:\/\/pdlaworlando.com\/es\/wp-json\/wp\/v2\/media?parent=823"}],"curies":[{"name":"wp","href":"https:\/\/api.w.org\/{rel}","templated":true}]}}