{"id":827,"date":"2018-03-15T11:59:54","date_gmt":"2018-03-15T16:59:54","guid":{"rendered":"https:\/\/pdlaworlando.com\/accidentes-de-trafico\/"},"modified":"2023-08-17T19:44:59","modified_gmt":"2023-08-18T00:44:59","slug":"accidentes-de-trafico","status":"publish","type":"page","link":"https:\/\/pdlaworlando.com\/es\/accidentes-de-trafico\/","title":{"rendered":"Accidentes de Tr\u00e1fico"},"content":{"rendered":"<div class=\"wpb-content-wrapper\">[vc_row][vc_column]\n[vc_cta h2=&#8221;No pague nada hasta que reciba compensaci\u00f3n por sus lesiones.&#8221; txt_align=&#8221;center&#8221; shape=&#8221;square&#8221; style=&#8221;custom&#8221; css=&#8221;.vc_custom_1521141978314{margin-bottom: 30px !important;}&#8221; custom_background=&#8221;#92741f&#8221; custom_text=&#8221;#ffffff&#8221;][\/vc_cta][vc_tta_accordion shape=&#8221;square&#8221; gap=&#8221;20&#8243; active_section=&#8221;1&#8243; collapsible_all=&#8221;true&#8221;][vc_tta_section title=&#8221;\u00bfPOR QU\u00c9 CONTRATAR A UN ABOGADO DE ACCIDENTES DE TR\u00c1FICO?&#8221; tab_id=&#8221;1521139370787-76f67571-8d43&#8243;][vc_column_text]Si usted est\u00e1 lesionado o involucrado en un accidente de auto en el \u00e1rea de Orlando como resultado de un conductor negligente, es imperativo ponerse en contacto con un buen abogado de lesiones personales tan pronto como sea posible. Tanto si eras el conductor, el pasajero o incluso el peat\u00f3n, tienes derechos legales que merece la pena proteger.<\/p>\n<p>Conducir es cada d\u00eda m\u00e1s peligroso. Si ha sufrido alg\u00fan grado de lesi\u00f3n, es posible que podamos ayudarle a presentar una demanda judicial para reclamar una indemnizaci\u00f3n superior a la que le proporciona el seguro.<\/p>\n<p>Existen normas y reglamentos espec\u00edficos que pueden complicar las reclamaciones al seguro y el cobro de da\u00f1os y perjuicios adicionales, como el dolor y el sufrimiento. Podemos luchar en su nombre para obtener la m\u00e1xima indemnizaci\u00f3n disponible para cubrir sus gastos m\u00e9dicos, p\u00e9rdida de ingresos, y todos sus otros costos relacionados con el accidente de coche y da\u00f1os y perjuicios.<\/p>\n<p>Si usted ha estado en un accidente automovil\u00edstico, debe ponerse en contacto con PD Law Firm tan pronto como sea posible. Existe un plazo limitado para presentar una reclamaci\u00f3n ante un abogado, as\u00ed que act\u00fae lo antes posible.[\/vc_column_text][\/vc_tta_section][vc_tta_section title=&#8221;LOS ABOGADOS DE ACCIDENTES PUEDEN AYUDARLE EN LAS TRES ETAPAS DE LAS RECLAMACIONES POR DA\u00d1OS PERSONALES&#8221; tab_id=&#8221;1521139370790-04578eff-3a7c&#8221;][vc_column_text]Aunque cada caso es diferente, la mayor\u00eda de las demandas por lesiones personales derivadas de accidentes de tr\u00e1fico se tramitan en dos o tres fases:<\/p>\n<ul>\n<li><strong>La investigaci\u00f3n:<\/strong> En primer lugar, nos reunimos con usted para una consulta inicial gratuita y establecer los hechos. Determinamos si tiene motivos para presentar una demanda por lesiones personales y si las pruebas son suficientes para demostrar su reclamaci\u00f3n. Si mutuamente acordamos trabajar juntos en su caso, determinaremos exactamente lo que ocurri\u00f3, reuniremos y examinaremos las pruebas e interrogaremos a los testigos.<\/li>\n<li><strong>Negociaciones extrajudiciales:<\/strong> Nuestro objetivo siempre es resolver cada caso de accidente de tr\u00e1fico de la forma m\u00e1s r\u00e1pida y econ\u00f3mica posible. La inmensa mayor\u00eda de los casos de lesiones personales se resuelven antes de que se celebre el juicio, cuando los abogados de ambas partes negocian en privado fuera de la sala del tribunal. Durante estas negociaciones, puede confiar en que Pedro Dearaujo luchar\u00e1 en su nombre para conseguir la m\u00e1xima indemnizaci\u00f3n posible.<\/li>\n<li><strong>Juicio:<\/strong> En los raros casos en los que no se pueda llegar a un acuerdo de forma privada, Pedro Dearaujo llevar\u00e1 su demanda a juicio y explicar\u00e1 con precisi\u00f3n lo sucedido ante un jurado de sus iguales. Puede estar seguro de que su versi\u00f3n de los hechos se explicar\u00e1 a fondo y se entender\u00e1 perfectamente. En los casos m\u00e1s graves de lesiones por accidente de tr\u00e1fico, las lesiones son incapacitantes y permanentes. Pedro Dearaujo luchar\u00e1 por el tratamiento m\u00e9dico, la rehabilitaci\u00f3n y la terapia que necesite durante todo el tiempo que lo necesite, y por los recursos para pagarlos.<\/li>\n<\/ul>\n[\/vc_column_text][\/vc_tta_section][vc_tta_section title=&#8221;ACUDA AL M\u00c9DICO INMEDIATAMENTE DESPU\u00c9S DE UN ACCIDENTE DE TR\u00c1FICO&#8221; tab_id=&#8221;1521139566910-cc57e438-0037&#8243;][vc_column_text]Las lesiones medulares y las lesiones cerebrales traum\u00e1ticas sufridas en accidentes de tr\u00e1fico son a veces discapacitantes permanentes. Algunas lesiones que pueden parecer intrascendentes pueden convertirse m\u00e1s tarde en graves afecciones m\u00e9dicas. A veces, hay algo m\u00e1s que da\u00f1os f\u00edsicos, especialmente si la v\u00edctima se ha visto implicada en un accidente traum\u00e1tico que le ha causado lesiones graves. Tras cualquier colisi\u00f3n automovil\u00edstica, busque atenci\u00f3n m\u00e9dica en primer lugar y de inmediato. Las lesiones internas pueden quedar enmascaradas por el shock. Recibir atenci\u00f3n m\u00e9dica inmediata tras el accidente ayuda a identificar cualquier complicaci\u00f3n subyacente y a tratarla de inmediato. Esto es especialmente cierto para las lesiones que no son inmediatamente visibles. Conserve todos los historiales m\u00e9dicos y facturas que vaya acumulando a lo largo de su recuperaci\u00f3n. Estos registros y los informes de tratamiento m\u00e9dico pueden utilizarse posteriormente para verificar su reclamaci\u00f3n por lesiones personales. Tambi\u00e9n le ayudar\u00e1n a calcular y determinar lo que se le debe conceder como indemnizaci\u00f3n.[\/vc_column_text][\/vc_tta_section][vc_tta_section title=&#8221;NO HABLE CON UNA COMPA\u00d1\u00cdA DE SEGUROS ANTES DE HABLAR CON UN ABOGADO&#8221; tab_id=&#8221;1521139598725-b1d468a9-6a30&#8243;][vc_column_text]Al igual que otras empresas, a las compa\u00f1\u00edas de seguros de autom\u00f3viles les gusta limitar sus p\u00e9rdidas. Despu\u00e9s de haber sufrido lesiones, es probable que reciba una oferta de acuerdo r\u00e1pida, e incluso puede parecer la opci\u00f3n m\u00e1s conveniente. Los abogados especializados en lesiones personales le aconsejan que no acepte este acuerdo. Ni siquiera hables con la compa\u00f1\u00eda de seguros ni respondas a ninguna pregunta hasta que hayas hablado con un abogado. Probablemente le ofrecer\u00e1n una cantidad muy inferior al valor de su reclamaci\u00f3n por lesiones. Deje que PD Law Firm se encargue de la compa\u00f1\u00eda de seguros y negocie en su nombre.[\/vc_column_text][\/vc_tta_section][vc_tta_section title=&#8221;\u00bfCU\u00c1NTO DINERO SE PUEDE CONSEGUIR EN UN JUICIO?&#8221; tab_id=&#8221;1521139630946-c5e4cf22-28d7&#8243;][vc_column_text]Una pregunta importante para los lesionados en un accidente de tr\u00e1fico es &#8220;\u00bfCu\u00e1nto dinero puedo conseguir en una demanda por accidente de tr\u00e1fico?&#8221; Esto se debe a que las facturas m\u00e9dicas se acumulan y si est\u00e1s demasiado lesionado para trabajar, eso puede formar una combinaci\u00f3n inmanejable. Aunque pueda trabajar, es posible que tenga que hacer frente a facturas m\u00e9dicas que no dejan de aumentar.<\/p>\n<p>Dado que cada accidente es diferente, el alcance de las lesiones sufridas variar\u00e1 de un caso a otro y, por tanto, dictar\u00e1 diferentes resultados a la hora de obtener una indemnizaci\u00f3n. Si vives en un estado sin culpa y est\u00e1s sujeto al PIP, los costes del tratamiento de las lesiones sufridas no estar\u00e1n cubiertos por el seguro PIP y requerir\u00e1n litigios o negociaciones adicionales.[\/vc_column_text][\/vc_tta_section][\/vc_tta_accordion][vc_btn title=&#8221;Llame ahora para una consulta gratuita: 407-490-0696&#8243; style=&#8221;custom&#8221; custom_background=&#8221;#92741f&#8221; custom_text=&#8221;#ffffff&#8221; shape=&#8221;square&#8221; size=&#8221;lg&#8221; align=&#8221;center&#8221; i_icon_fontawesome=&#8221;fa fa-volume-control-phone&#8221; add_icon=&#8221;true&#8221; link=&#8221;url:tel%3A4074900696|&#8221; css=&#8221;.vc_custom_1521142522387{margin-top: 30px !important;}&#8221;][\/vc_column][\/vc_row][vc_row][vc_column][\/vc_column][\/vc_row]\n<\/div>","protected":false},"excerpt":{"rendered":"<p>[vc_row][vc_column] [vc_cta h2=&#8221;No pague nada hasta que reciba compensaci\u00f3n por sus lesiones.&#8221; txt_align=&#8221;center&#8221; shape=&#8221;square&#8221; style=&#8221;custom&#8221; css=&#8221;.vc_custom_1521141978314{margin-bottom: 30px !important;}&#8221; custom_background=&#8221;#92741f&#8221; custom_text=&#8221;#ffffff&#8221;][\/vc_cta][vc_tta_accordion shape=&#8221;square&#8221; gap=&#8221;20&#8243; active_section=&#8221;1&#8243; collapsible_all=&#8221;true&#8221;][vc_tta_section title=&#8221;\u00bfPOR QU\u00c9 CONTRATAR A UN ABOGADO DE ACCIDENTES DE TR\u00c1FICO?&#8221; tab_id=&#8221;1521139370787-76f67571-8d43&#8243;][vc_column_text]Si usted est\u00e1 lesionado o involucrado en un accidente de auto en el \u00e1rea de Orlando como resultado de un conductor negligente, es imperativo ponerse en contacto con un buen abogado de lesiones personales tan pronto como sea posible. Tanto si eras el conductor, el pasajero o incluso el peat\u00f3n, tienes derechos legales que merece la pena proteger. Conducir es cada d\u00eda m\u00e1s peligroso. Si ha sufrido alg\u00fan grado de lesi\u00f3n, es posible que podamos ayudarle a presentar una demanda judicial para reclamar una indemnizaci\u00f3n superior a la que le proporciona el seguro. Existen normas y reglamentos espec\u00edficos que pueden complicar las reclamaciones al seguro y el cobro de da\u00f1os y perjuicios adicionales, como el dolor y el sufrimiento. Podemos luchar en su nombre para obtener la m\u00e1xima indemnizaci\u00f3n disponible para cubrir sus gastos m\u00e9dicos, p\u00e9rdida de ingresos, y todos sus otros costos relacionados con el accidente de coche y da\u00f1os y perjuicios. Si usted ha estado en un accidente automovil\u00edstico, debe ponerse en contacto con PD Law Firm tan pronto como sea posible. Existe un plazo limitado para presentar una reclamaci\u00f3n ante un abogado, as\u00ed que act\u00fae lo antes posible.[\/vc_column_text][\/vc_tta_section][vc_tta_section title=&#8221;LOS ABOGADOS DE ACCIDENTES PUEDEN AYUDARLE EN LAS TRES ETAPAS DE LAS RECLAMACIONES POR DA\u00d1OS PERSONALES&#8221; tab_id=&#8221;1521139370790-04578eff-3a7c&#8221;][vc_column_text]Aunque cada caso es diferente, la mayor\u00eda de las demandas por lesiones personales derivadas de accidentes de tr\u00e1fico se tramitan en dos o tres fases: La investigaci\u00f3n: En primer lugar, nos reunimos con usted para una consulta inicial gratuita y establecer los hechos. Determinamos si tiene motivos para presentar una demanda por lesiones personales y si las pruebas son suficientes para demostrar su reclamaci\u00f3n. Si mutuamente acordamos trabajar juntos en su caso, determinaremos exactamente lo que ocurri\u00f3, reuniremos y examinaremos las pruebas e interrogaremos a los testigos. Negociaciones extrajudiciales: Nuestro objetivo siempre es resolver cada caso de accidente de tr\u00e1fico de la forma m\u00e1s r\u00e1pida y econ\u00f3mica posible. La inmensa mayor\u00eda de los casos de lesiones personales se resuelven antes de que se celebre el juicio, cuando los abogados de ambas partes negocian en privado fuera de la sala del tribunal. Durante estas negociaciones, puede confiar en que Pedro Dearaujo luchar\u00e1 en su nombre para conseguir la m\u00e1xima indemnizaci\u00f3n posible. Juicio: En los raros casos en los que no se pueda llegar a un acuerdo de forma privada, Pedro Dearaujo llevar\u00e1 su demanda a juicio y explicar\u00e1 con precisi\u00f3n lo sucedido ante un jurado de sus iguales. Puede estar seguro de que su versi\u00f3n de los hechos se explicar\u00e1 a fondo y se entender\u00e1 perfectamente. En los casos m\u00e1s graves de lesiones por accidente de tr\u00e1fico, las lesiones son incapacitantes y permanentes. Pedro Dearaujo luchar\u00e1 por el tratamiento m\u00e9dico, la rehabilitaci\u00f3n y la terapia que necesite durante todo el tiempo que lo necesite, y por los recursos para pagarlos. [\/vc_column_text][\/vc_tta_section][vc_tta_section title=&#8221;ACUDA AL M\u00c9DICO INMEDIATAMENTE DESPU\u00c9S DE UN ACCIDENTE DE TR\u00c1FICO&#8221; tab_id=&#8221;1521139566910-cc57e438-0037&#8243;][vc_column_text]Las lesiones medulares y las lesiones cerebrales traum\u00e1ticas sufridas en accidentes de tr\u00e1fico son a veces discapacitantes permanentes. Algunas lesiones que pueden parecer intrascendentes pueden convertirse m\u00e1s tarde en graves afecciones m\u00e9dicas. A veces, hay algo m\u00e1s que da\u00f1os f\u00edsicos, especialmente si la v\u00edctima se ha visto implicada en un accidente traum\u00e1tico que le ha causado lesiones graves. Tras cualquier colisi\u00f3n automovil\u00edstica, busque atenci\u00f3n m\u00e9dica en primer lugar y de inmediato. Las lesiones internas pueden quedar enmascaradas por el shock. Recibir atenci\u00f3n m\u00e9dica inmediata tras el accidente ayuda a identificar cualquier complicaci\u00f3n subyacente y a tratarla de inmediato. Esto es especialmente cierto para las lesiones que no son inmediatamente visibles. Conserve todos los historiales m\u00e9dicos y facturas que vaya acumulando a lo largo de su recuperaci\u00f3n. Estos registros y los informes de tratamiento m\u00e9dico pueden utilizarse posteriormente para verificar su reclamaci\u00f3n por lesiones personales. Tambi\u00e9n le ayudar\u00e1n a calcular y determinar lo que se le debe conceder como indemnizaci\u00f3n.[\/vc_column_text][\/vc_tta_section][vc_tta_section title=&#8221;NO HABLE CON UNA COMPA\u00d1\u00cdA DE SEGUROS ANTES DE HABLAR CON UN ABOGADO&#8221; tab_id=&#8221;1521139598725-b1d468a9-6a30&#8243;][vc_column_text]Al igual que otras empresas, a las compa\u00f1\u00edas de seguros de autom\u00f3viles les gusta limitar sus p\u00e9rdidas. Despu\u00e9s de haber sufrido lesiones, es probable que reciba una oferta de acuerdo r\u00e1pida, e incluso puede parecer la opci\u00f3n m\u00e1s conveniente. Los abogados especializados en lesiones personales le aconsejan que no acepte este acuerdo. Ni siquiera hables con la compa\u00f1\u00eda de seguros ni respondas a ninguna pregunta hasta que hayas hablado con un abogado. Probablemente le ofrecer\u00e1n una cantidad muy inferior al valor de su reclamaci\u00f3n por lesiones. Deje que PD Law Firm se encargue de la compa\u00f1\u00eda de seguros y negocie en su nombre.[\/vc_column_text][\/vc_tta_section][vc_tta_section title=&#8221;\u00bfCU\u00c1NTO DINERO SE PUEDE CONSEGUIR EN UN JUICIO?&#8221; tab_id=&#8221;1521139630946-c5e4cf22-28d7&#8243;][vc_column_text]Una pregunta importante para los lesionados en un accidente de tr\u00e1fico es &#8220;\u00bfCu\u00e1nto dinero puedo conseguir en una demanda por accidente de tr\u00e1fico?&#8221; Esto se debe a que las facturas m\u00e9dicas se acumulan y si est\u00e1s demasiado lesionado para trabajar, eso puede formar una combinaci\u00f3n inmanejable. Aunque pueda trabajar, es posible que tenga que hacer frente a facturas m\u00e9dicas que no dejan de aumentar. Dado que cada accidente es diferente, el alcance de las lesiones sufridas variar\u00e1 de un caso a otro y, por tanto, dictar\u00e1 diferentes resultados a la hora de obtener una indemnizaci\u00f3n. Si vives en un estado sin culpa y est\u00e1s sujeto al PIP, los costes del tratamiento de las lesiones sufridas no estar\u00e1n cubiertos por el seguro PIP y requerir\u00e1n litigios o negociaciones adicionales.[\/vc_column_text][\/vc_tta_section][\/vc_tta_accordion][vc_btn title=&#8221;Llame ahora para una consulta gratuita: 407-490-0696&#8243; style=&#8221;custom&#8221; custom_background=&#8221;#92741f&#8221; custom_text=&#8221;#ffffff&#8221; shape=&#8221;square&#8221; size=&#8221;lg&#8221; align=&#8221;center&#8221; i_icon_fontawesome=&#8221;fa fa-volume-control-phone&#8221; add_icon=&#8221;true&#8221; link=&#8221;url:tel%3A4074900696|&#8221; css=&#8221;.vc_custom_1521142522387{margin-top: 30px !important;}&#8221;][\/vc_column][\/vc_row][vc_row][vc_column][\/vc_column][\/vc_row]<\/p>\n","protected":false},"author":1,"featured_media":629,"parent":0,"menu_order":0,"comment_status":"closed","ping_status":"closed","template":"","meta":{"_seopress_robots_primary_cat":"","_seopress_titles_title":"Abogado de Accidentes de Tr\u00e1fico en Orlando %%sep%% %%sitename%%","_seopress_titles_desc":"&quot;Expertos en Accidentes de Tr\u00e1fico en Orlando: PD Law Firm le ofrece representaci\u00f3n legal especializada y defensa eficaz.","_seopress_robots_index":"","footnotes":""},"class_list":["post-827","page","type-page","status-publish","has-post-thumbnail","hentry","entry","post-inner"],"_links":{"self":[{"href":"https:\/\/pdlaworlando.com\/es\/wp-json\/wp\/v2\/pages\/827","targetHints":{"allow":["GET"]}}],"collection":[{"href":"https:\/\/pdlaworlando.com\/es\/wp-json\/wp\/v2\/pages"}],"about":[{"href":"https:\/\/pdlaworlando.com\/es\/wp-json\/wp\/v2\/types\/page"}],"author":[{"embeddable":true,"href":"https:\/\/pdlaworlando.com\/es\/wp-json\/wp\/v2\/users\/1"}],"replies":[{"embeddable":true,"href":"https:\/\/pdlaworlando.com\/es\/wp-json\/wp\/v2\/comments?post=827"}],"version-history":[{"count":12,"href":"https:\/\/pdlaworlando.com\/es\/wp-json\/wp\/v2\/pages\/827\/revisions"}],"predecessor-version":[{"id":1055,"href":"https:\/\/pdlaworlando.com\/es\/wp-json\/wp\/v2\/pages\/827\/revisions\/1055"}],"wp:featuredmedia":[{"embeddable":true,"href":"https:\/\/pdlaworlando.com\/es\/wp-json\/wp\/v2\/media\/629"}],"wp:attachment":[{"href":"https:\/\/pdlaworlando.com\/es\/wp-json\/wp\/v2\/media?parent=827"}],"curies":[{"name":"wp","href":"https:\/\/api.w.org\/{rel}","templated":true}]}}