{"id":839,"date":"2021-11-17T10:49:33","date_gmt":"2021-11-17T15:49:33","guid":{"rendered":"https:\/\/pdlaworlando.com\/politica-de-accesibilidad\/"},"modified":"2024-06-29T13:29:45","modified_gmt":"2024-06-29T18:29:45","slug":"politica-de-accesibilidad","status":"publish","type":"page","link":"https:\/\/pdlaworlando.com\/es\/politica-de-accesibilidad\/","title":{"rendered":"Pol\u00edtica de accesibilidad"},"content":{"rendered":"\n\n<h1 class=\"wp-block-heading\" style=\"font-size: 25px; color: black; text-shadow: none; text-align: none; \">  \nPOL\u00cdTICA DE ACCESIBILIDAD\n<\/h1>\n\n<p>Intentamos constantemente mejorar la accesibilidad de nuestro sitio web para todos nuestros visitantes, incluidos los discapacitados. Nuestro objetivo es ofrecer igualdad de oportunidades a todos los visitantes para que participen y se beneficien de toda la informaci\u00f3n, productos y ofertas de servicios.<\/p>\n\n<p>Si utiliza tecnolog\u00eda de asistencia y el formato de cualquier contenido de este sitio web interfiere con su capacidad para acceder a la informaci\u00f3n y\/o tiene sugerencias sobre c\u00f3mo podemos mejorar nuestro sitio web, no dude en llamarnos al <strong>(407) 490-0696<\/strong>.<\/p>\n\n<p>Para que podamos responderle de forma r\u00e1pida y eficaz, ind\u00edquenos la naturaleza de su problema de accesibilidad, la direcci\u00f3n de la p\u00e1gina web del contenido solicitado y sus datos de contacto.<\/p>\n\n<p>Sus comentarios son importantes para nosotros y haremos todo lo posible por resolver sus dudas lo antes posible.<\/p>\n\n<p><strong>Asistencia inmediataSi<\/strong>necesita asistencia inmediata para alguno de nuestros productos o servicios, ll\u00e1menos al <strong>(407) 490-0696<\/strong>.<\/p>\n","protected":false},"excerpt":{"rendered":"<p>POL\u00cdTICA DE ACCESIBILIDAD Intentamos constantemente mejorar la accesibilidad de nuestro sitio web para todos nuestros visitantes, incluidos los discapacitados. Nuestro objetivo es ofrecer igualdad de oportunidades a todos los visitantes para que participen y se beneficien de toda la informaci\u00f3n, productos y ofertas de servicios. Si utiliza tecnolog\u00eda de asistencia y el formato de cualquier contenido de este sitio web interfiere con su capacidad para acceder a la informaci\u00f3n y\/o tiene sugerencias sobre c\u00f3mo podemos mejorar nuestro sitio web, no dude en llamarnos al (407) 490-0696. Para que podamos responderle de forma r\u00e1pida y eficaz, ind\u00edquenos la naturaleza de su problema de accesibilidad, la direcci\u00f3n de la p\u00e1gina web del contenido solicitado y sus datos de contacto. Sus comentarios son importantes para nosotros y haremos todo lo posible por resolver sus dudas lo antes posible. Asistencia inmediataSinecesita asistencia inmediata para alguno de nuestros productos o servicios, ll\u00e1menos al (407) 490-0696.<\/p>\n","protected":false},"author":1,"featured_media":0,"parent":0,"menu_order":0,"comment_status":"closed","ping_status":"closed","template":"","meta":{"_seopress_robots_primary_cat":"","_seopress_titles_title":"","_seopress_titles_desc":"","_seopress_robots_index":"","footnotes":""},"class_list":["post-839","page","type-page","status-publish","hentry","entry","post-inner"],"_links":{"self":[{"href":"https:\/\/pdlaworlando.com\/es\/wp-json\/wp\/v2\/pages\/839","targetHints":{"allow":["GET"]}}],"collection":[{"href":"https:\/\/pdlaworlando.com\/es\/wp-json\/wp\/v2\/pages"}],"about":[{"href":"https:\/\/pdlaworlando.com\/es\/wp-json\/wp\/v2\/types\/page"}],"author":[{"embeddable":true,"href":"https:\/\/pdlaworlando.com\/es\/wp-json\/wp\/v2\/users\/1"}],"replies":[{"embeddable":true,"href":"https:\/\/pdlaworlando.com\/es\/wp-json\/wp\/v2\/comments?post=839"}],"version-history":[{"count":3,"href":"https:\/\/pdlaworlando.com\/es\/wp-json\/wp\/v2\/pages\/839\/revisions"}],"predecessor-version":[{"id":1268,"href":"https:\/\/pdlaworlando.com\/es\/wp-json\/wp\/v2\/pages\/839\/revisions\/1268"}],"wp:attachment":[{"href":"https:\/\/pdlaworlando.com\/es\/wp-json\/wp\/v2\/media?parent=839"}],"curies":[{"name":"wp","href":"https:\/\/api.w.org\/{rel}","templated":true}]}}