{"id":840,"date":"2023-05-09T07:27:57","date_gmt":"2023-05-09T12:27:57","guid":{"rendered":"https:\/\/pdlaworlando.com\/derecho-inmobiliario-y-arrendamiento\/"},"modified":"2023-08-17T19:48:56","modified_gmt":"2023-08-18T00:48:56","slug":"derecho-inmobiliario-y-arrendamiento","status":"publish","type":"page","link":"https:\/\/pdlaworlando.com\/es\/derecho-inmobiliario-y-arrendamiento\/","title":{"rendered":"Derecho inmobiliario y arrendamiento"},"content":{"rendered":"\n<h2 class=\"wp-block-heading\" id=\"h-orlando-real-estate-landlord-attorney\">Orlando Inmobiliaria y Arrendador Abogado<\/h2>\n\n\n<div class=\"wp-block-image\">\n<figure class=\"alignleft size-full is-resized\"><img loading=\"lazy\" decoding=\"async\" src=\"https:\/\/pdlaworlando.com\/wp-content\/uploads\/judge-gavel-key-chain-shape-two-splitted-part-house-wooden-background-concept-real-estate-auction-dividing-house-when-divorce-division-property-real-estate-law-system.jpg\" alt=\"Orlando Inmobiliaria y Arrendador Abogado\" class=\"wp-image-592\" width=\"323\" height=\"215\" srcset=\"https:\/\/pdlaworlando.com\/wp-content\/uploads\/judge-gavel-key-chain-shape-two-splitted-part-house-wooden-background-concept-real-estate-auction-dividing-house-when-divorce-division-property-real-estate-law-system.jpg 1000w, https:\/\/pdlaworlando.com\/wp-content\/uploads\/judge-gavel-key-chain-shape-two-splitted-part-house-wooden-background-concept-real-estate-auction-dividing-house-when-divorce-division-property-real-estate-law-system-300x200.jpg 300w, https:\/\/pdlaworlando.com\/wp-content\/uploads\/judge-gavel-key-chain-shape-two-splitted-part-house-wooden-background-concept-real-estate-auction-dividing-house-when-divorce-division-property-real-estate-law-system-768x512.jpg 768w\" sizes=\"auto, (max-width: 323px) 100vw, 323px\" \/><\/figure>\n<\/div>\n\n\n<p>Aportamos una d\u00e9cada de experiencia en diversas \u00e1reas del Derecho Inmobiliario y de Propietarios-Inquilinos, tanto si tiene una disputa sobre alquileres como sobre bienes inmuebles.  <\/p>\n\n\n\n<h2 class=\"wp-block-heading\"><strong>Disputas entre propietarios e inquilinos<\/strong><\/h2>\n\n\n\n<p>En Florida, la ley de arrendamientos se rige por unos estatutos que establecen unos requisitos de notificaci\u00f3n y plazos muy espec\u00edficos. Tanto para los Propietarios como para los Inquilinos es muy importante elaborar las notificaciones necesarias y seguir los procedimientos en el tiempo y forma especificados por la Ley de Florida. Estas son algunas de las situaciones que podemos ayudarle a resolver:  <\/p>\n\n\n\n<ul class=\"wp-block-list\">\n<li>Rescisiones y no renovaciones de contrato<\/li>\n\n\n\n<li>Desahucios de inquilinos y defensa contra desahucios<\/li>\n\n\n\n<li>Notificaciones para subsanar o poner fin a las infracciones del contrato de arrendamiento<\/li>\n\n\n\n<li>Demandas para subsanar pr\u00e1cticas prohibidas, como cierres patronales y cortes de servicios p\u00fablicos  <\/li>\n<\/ul>\n\n\n\n<p>Adem\u00e1s de las situaciones entre propietario e inquilino, podemos ayudarle en situaciones en las que deba tratar con ocupantes ilegales, personas que reclaman un derecho sobre su propiedad, invitados no autorizados o invitados que se niegan a abandonar su propiedad. Estas situaciones pueden implicar procesos denominados <strong>Retenciones ilegales<\/strong> y <strong>Expulsiones, <\/strong>que son distintos de los desahucios y tienen una serie de requisitos diferentes para prosperar.  <\/p>\n\n\n\n<p>Tenemos la experiencia para determinar qu\u00e9 tipo de servicios necesita para proteger sus derechos y la posesi\u00f3n de la propiedad. P\u00f3ngase en contacto con nosotros hoy mismo para una consulta.  <\/p>\n\n\n\n<h2 class=\"wp-block-heading\"><strong>Derecho inmobiliario<\/strong><\/h2>\n\n\n\n<p>Contamos con una amplia experiencia en el tratamiento de una gran variedad de acuerdos y litigios relacionados con la propiedad inmobiliaria. Podemos asistirle en cada paso del proceso de compraventa de bienes inmuebles, y podemos ayudarle a subsanar defectos y disputas que puedan surgir durante o despu\u00e9s de la compraventa de bienes inmuebles.  <\/p>\n\n\n\n<p>Entre las \u00e1reas en las que podemos ayudarle se incluyen:  <\/p>\n\n\n\n<ul class=\"wp-block-list\">\n<li>Preparaci\u00f3n y registro de escrituras<\/li>\n\n\n\n<li>Redacci\u00f3n y revisi\u00f3n de contratos de compraventa, hipotecas, pagar\u00e9s y documentos de cierre.<\/li>\n\n\n\n<li>Acciones relacionadas con el fraude en las escrituras<\/li>\n\n\n\n<li>Reforma de los actos<\/li>\n\n\n\n<li>Ejecuci\u00f3n hipotecaria y defensa contra la ejecuci\u00f3n hipotecaria<\/li>\n<\/ul>\n\n\n\n<p>Si usted se encuentra en una disputa de bienes ra\u00edces o en necesidad de orientaci\u00f3n en la transferencia, venta o compra de la propiedad en contacto con nosotros hoy para una consulta.  <\/p>\n","protected":false},"excerpt":{"rendered":"<p>Orlando Inmobiliaria y Arrendador Abogado Aportamos una d\u00e9cada de experiencia en diversas \u00e1reas del Derecho Inmobiliario y de Propietarios-Inquilinos, tanto si tiene una disputa sobre alquileres como sobre bienes inmuebles. Disputas entre propietarios e inquilinos En Florida, la ley de arrendamientos se rige por unos estatutos que establecen unos requisitos de notificaci\u00f3n y plazos muy espec\u00edficos. Tanto para los Propietarios como para los Inquilinos es muy importante elaborar las notificaciones necesarias y seguir los procedimientos en el tiempo y forma especificados por la Ley de Florida. Estas son algunas de las situaciones que podemos ayudarle a resolver: Adem\u00e1s de las situaciones entre propietario e inquilino, podemos ayudarle en situaciones en las que deba tratar con ocupantes ilegales, personas que reclaman un derecho sobre su propiedad, invitados no autorizados o invitados que se niegan a abandonar su propiedad. Estas situaciones pueden implicar procesos denominados Retenciones ilegales y Expulsiones, que son distintos de los desahucios y tienen una serie de requisitos diferentes para prosperar. Tenemos la experiencia para determinar qu\u00e9 tipo de servicios necesita para proteger sus derechos y la posesi\u00f3n de la propiedad. P\u00f3ngase en contacto con nosotros hoy mismo para una consulta. Derecho inmobiliario Contamos con una amplia experiencia en el tratamiento de una gran variedad de acuerdos y litigios relacionados con la propiedad inmobiliaria. Podemos asistirle en cada paso del proceso de compraventa de bienes inmuebles, y podemos ayudarle a subsanar defectos y disputas que puedan surgir durante o despu\u00e9s de la compraventa de bienes inmuebles. Entre las \u00e1reas en las que podemos ayudarle se incluyen: Si usted se encuentra en una disputa de bienes ra\u00edces o en necesidad de orientaci\u00f3n en la transferencia, venta o compra de la propiedad en contacto con nosotros hoy para una consulta.<\/p>\n","protected":false},"author":1,"featured_media":671,"parent":0,"menu_order":0,"comment_status":"closed","ping_status":"closed","template":"","meta":{"_seopress_robots_primary_cat":"","_seopress_titles_title":"Orlando Real Estate &amp; Landlord Attorney %%sep%% %%sitename%%","_seopress_titles_desc":"Experiencia en diversas \u00e1reas del Derecho Inmobiliario y de Arrendamiento-Inquilino, tanto si se trata de un litigio sobre alquileres como de un litigio sobre bienes inmuebles.","_seopress_robots_index":"","footnotes":""},"class_list":["post-840","page","type-page","status-publish","has-post-thumbnail","hentry","entry","post-inner"],"_links":{"self":[{"href":"https:\/\/pdlaworlando.com\/es\/wp-json\/wp\/v2\/pages\/840","targetHints":{"allow":["GET"]}}],"collection":[{"href":"https:\/\/pdlaworlando.com\/es\/wp-json\/wp\/v2\/pages"}],"about":[{"href":"https:\/\/pdlaworlando.com\/es\/wp-json\/wp\/v2\/types\/page"}],"author":[{"embeddable":true,"href":"https:\/\/pdlaworlando.com\/es\/wp-json\/wp\/v2\/users\/1"}],"replies":[{"embeddable":true,"href":"https:\/\/pdlaworlando.com\/es\/wp-json\/wp\/v2\/comments?post=840"}],"version-history":[{"count":2,"href":"https:\/\/pdlaworlando.com\/es\/wp-json\/wp\/v2\/pages\/840\/revisions"}],"predecessor-version":[{"id":1058,"href":"https:\/\/pdlaworlando.com\/es\/wp-json\/wp\/v2\/pages\/840\/revisions\/1058"}],"wp:featuredmedia":[{"embeddable":true,"href":"https:\/\/pdlaworlando.com\/es\/wp-json\/wp\/v2\/media\/671"}],"wp:attachment":[{"href":"https:\/\/pdlaworlando.com\/es\/wp-json\/wp\/v2\/media?parent=840"}],"curies":[{"name":"wp","href":"https:\/\/api.w.org\/{rel}","templated":true}]}}