{"id":846,"date":"2022-01-25T10:26:07","date_gmt":"2022-01-25T15:26:07","guid":{"rendered":"https:\/\/pdlaworlando.com\/abogado-de-inmigracion-en-windermere\/"},"modified":"2023-08-17T20:12:15","modified_gmt":"2023-08-18T01:12:15","slug":"abogado-de-inmigracion-en-windermere","status":"publish","type":"page","link":"https:\/\/pdlaworlando.com\/es\/abogado-de-inmigracion-en-windermere\/","title":{"rendered":"Abogado de Inmigraci\u00f3n en Windermere"},"content":{"rendered":"<div class=\"wp-block-image\">\n<figure class=\"alignleft size-full is-resized\"><img loading=\"lazy\" decoding=\"async\" src=\"https:\/\/pdlaworlando.com\/wp-content\/uploads\/Brazilian-Immigration-Attorney-in-Windermere.jpg\" alt=\"Abogado de Inmigraci\u00f3n en Windermere\" class=\"wp-image-464\" width=\"243\" height=\"162\" srcset=\"https:\/\/pdlaworlando.com\/wp-content\/uploads\/Brazilian-Immigration-Attorney-in-Windermere.jpg 1000w, https:\/\/pdlaworlando.com\/wp-content\/uploads\/Brazilian-Immigration-Attorney-in-Windermere-300x200.jpg 300w, https:\/\/pdlaworlando.com\/wp-content\/uploads\/Brazilian-Immigration-Attorney-in-Windermere-768x512.jpg 768w\" sizes=\"auto, (max-width: 243px) 100vw, 243px\" \/><\/figure>\n<\/div>\n\n\n<p>Son muchos los factores que pueden afectar al proceso de inmigraci\u00f3n, y sabemos que puede resultar dif\u00edcil abordar estas cuestiones por su cuenta. Por eso es importante contratar a un profesional con experiencia que est\u00e9 familiarizado con el proceso. <a href=\"https:\/\/pdlaworlando.com\/es\/inmigracion\/\">El abogado de inmigraci\u00f3n Pedro Dearaujo<\/a> se enorgullece de ser confiable y conocedor de todas las \u00e1reas de la ley de inmigraci\u00f3n.<\/p>\n\n\n\n<p>En The <a href=\"\/\">PD Law Firm, P.A<\/a>., ayudamos a clientes con visas de matrimonio, permisos de trabajo, y otros requisitos al entrar a los Estados Unidos. Nuestro bufete ha asistido a muchos clientes de Sudam\u00e9rica a trav\u00e9s del complicado sistema con resultados satisfactorios. Obtenga m\u00e1s informaci\u00f3n llamando a una consulta en <a href=\"https:\/\/town.windermere.fl.us\/\">Windermere<\/a>. Nuestro objetivo es hacer que el proceso de inmigraci\u00f3n sea lo m\u00e1s fluido y menos estresante posible.<\/p>\n\n\n\n<h2 class=\"wp-block-heading\" id=\"h-visas-de-trabajo-estudios-y-turismo\"><strong>Visa<\/strong>s<strong> de trabajo, estudios y turismo<\/strong><\/h2>\n\n\n\n<p>\u00bfEs usted un ciudadano de Am\u00e9rica del Sur interesado en trabajar, continuar su educaci\u00f3n o explorar Estados Unidos como turista? Un abogado de inmigraci\u00f3n brasile\u00f1o en Windermere puede determinar qu\u00e9 visado es el adecuado para sus necesidades espec\u00edficas durante una simple consulta. Estos son algunos de los visados m\u00e1s comunes que nos preguntan en nuestro bufete:<\/p>\n\n\n\n<ul class=\"wp-block-list\">\n<li><strong>Trabajo<\/strong>: Muchas empresas estadounidenses est\u00e1n contratando a personas de talento con una amplia gama de especialidades y trayectorias. Podemos ayudarle a obtener un visado para seguir trabajando.<\/li>\n\n\n\n<li><strong>Educaci\u00f3n<\/strong>: Asistir a una universidad o colegio universitario es una forma estupenda de mejorar tu formaci\u00f3n y entablar relaciones para toda la vida. Nuestro bufete puede ayudarle con el proceso de solicitud de visado, asegur\u00e1ndose de que no haya problemas por el camino.<\/li>\n\n\n\n<li><strong>Turismo<\/strong>: Visitar Estados Unidos de vacaciones es una experiencia \u00fanica. The PD Law Firm, P.A. puede preparar un visado de turista para que su estancia en el pa\u00eds sea divertida, sin estr\u00e9s y memorable.<\/li>\n\n\n\n<li><strong>M\u00e9dico<\/strong>: \u00bfTiene alguna enfermedad debilitante que requiera tratamiento? Los Estados Unidos cuenta con algunos de los servicios m\u00e9dicos m\u00e1s solicitados del mundo. Nuestro equipo trabaja con rapidez para garantizar un resultado positivo para su caso.<\/li>\n<\/ul>\n\n\n\n<p>Algunos clientes est\u00e1n interesados en el proceso de naturalizaci\u00f3n, que est\u00e1 disponible para las personas de Am\u00e9rica del Sur que han sido residentes permanentes durante cinco a\u00f1os continuos o m\u00e1s. Nuestro bufete puede ayudarle a determinar la forma correcta de avanzar en esta situaci\u00f3n concreta.<\/p>\n\n\n\n<h2 class=\"wp-block-heading\" id=\"h-sobre-la-inmigracion-por-matrimonio\"><strong>Sobre la inmigraci\u00f3n por matrimonio<\/strong><\/h2>\n\n\n\n<p>La inmigraci\u00f3n basada en el matrimonio es una de las formas m\u00e1s comunes que tienen los ciudadanos sudamericanos de obtener la residencia o la ciudadan\u00eda estadounidense. Sin embargo, es importante rellenar los papeles correctamente y asegurarse de que todos los detalles est\u00e1n completos de antemano. Nuestro bufete puede ayudarle a evitar los escollos m\u00e1s comunes y asegurarse de que su tiempo, energ\u00eda y recursos se emplean correctamente. Tambi\u00e9n ayudamos a parejas y familias a construir una vida en com\u00fan con solicitudes de inmigraci\u00f3n y ciudadan\u00eda exitosas.<\/p>\n\n\n\n<h2 class=\"wp-block-heading\" id=\"h-completar-su-viaje-de-inmigracion\"><strong>Completar su viaje de inmigraci\u00f3n  <\/strong><\/h2>\n\n\n\n<p>El viaje de la inmigraci\u00f3n puede ser desalentador para muchos. El PD Law Firm, P.A. har\u00e1 todo lo posible para guiarle a trav\u00e9s del proceso para que se sienta c\u00f3modo y confiado. Le proporcionamos un asesoramiento jur\u00eddico de calidad que se traduce en resultados positivos en cada paso del camino.<\/p>\n\n\n\n<p>Pedro Dearaujo representa a clientes ante el Servicio de Ciudadan\u00eda e Inmigraci\u00f3n de Estados Unidos, los tribunales de inmigraci\u00f3n y la Junta Ejecutiva de Revisi\u00f3n de Inmigraci\u00f3n. Si est\u00e1 listo para empezar, llame a un miembro de nuestro equipo en la zona de Windermere. Trabajamos duro para lograr los mejores resultados posibles para su caso \u00fanico.<\/p>\n","protected":false},"excerpt":{"rendered":"<p>Son muchos los factores que pueden afectar al proceso de inmigraci\u00f3n, y sabemos que puede resultar dif\u00edcil abordar estas cuestiones por su cuenta. Por eso es importante contratar a un profesional con experiencia que est\u00e9 familiarizado con el proceso. El abogado de inmigraci\u00f3n Pedro Dearaujo se enorgullece de ser confiable y conocedor de todas las \u00e1reas de la ley de inmigraci\u00f3n. En The PD Law Firm, P.A., ayudamos a clientes con visas de matrimonio, permisos de trabajo, y otros requisitos al entrar a los Estados Unidos. Nuestro bufete ha asistido a muchos clientes de Sudam\u00e9rica a trav\u00e9s del complicado sistema con resultados satisfactorios. Obtenga m\u00e1s informaci\u00f3n llamando a una consulta en Windermere. Nuestro objetivo es hacer que el proceso de inmigraci\u00f3n sea lo m\u00e1s fluido y menos estresante posible. Visas de trabajo, estudios y turismo \u00bfEs usted un ciudadano de Am\u00e9rica del Sur interesado en trabajar, continuar su educaci\u00f3n o explorar Estados Unidos como turista? Un abogado de inmigraci\u00f3n brasile\u00f1o en Windermere puede determinar qu\u00e9 visado es el adecuado para sus necesidades espec\u00edficas durante una simple consulta. Estos son algunos de los visados m\u00e1s comunes que nos preguntan en nuestro bufete: Algunos clientes est\u00e1n interesados en el proceso de naturalizaci\u00f3n, que est\u00e1 disponible para las personas de Am\u00e9rica del Sur que han sido residentes permanentes durante cinco a\u00f1os continuos o m\u00e1s. Nuestro bufete puede ayudarle a determinar la forma correcta de avanzar en esta situaci\u00f3n concreta. Sobre la inmigraci\u00f3n por matrimonio La inmigraci\u00f3n basada en el matrimonio es una de las formas m\u00e1s comunes que tienen los ciudadanos sudamericanos de obtener la residencia o la ciudadan\u00eda estadounidense. Sin embargo, es importante rellenar los papeles correctamente y asegurarse de que todos los detalles est\u00e1n completos de antemano. Nuestro bufete puede ayudarle a evitar los escollos m\u00e1s comunes y asegurarse de que su tiempo, energ\u00eda y recursos se emplean correctamente. Tambi\u00e9n ayudamos a parejas y familias a construir una vida en com\u00fan con solicitudes de inmigraci\u00f3n y ciudadan\u00eda exitosas. Completar su viaje de inmigraci\u00f3n El viaje de la inmigraci\u00f3n puede ser desalentador para muchos. El PD Law Firm, P.A. har\u00e1 todo lo posible para guiarle a trav\u00e9s del proceso para que se sienta c\u00f3modo y confiado. Le proporcionamos un asesoramiento jur\u00eddico de calidad que se traduce en resultados positivos en cada paso del camino. Pedro Dearaujo representa a clientes ante el Servicio de Ciudadan\u00eda e Inmigraci\u00f3n de Estados Unidos, los tribunales de inmigraci\u00f3n y la Junta Ejecutiva de Revisi\u00f3n de Inmigraci\u00f3n. Si est\u00e1 listo para empezar, llame a un miembro de nuestro equipo en la zona de Windermere. Trabajamos duro para lograr los mejores resultados posibles para su caso \u00fanico.<\/p>\n","protected":false},"author":1,"featured_media":655,"parent":0,"menu_order":0,"comment_status":"closed","ping_status":"closed","template":"","meta":{"_seopress_robots_primary_cat":"","_seopress_titles_title":"","_seopress_titles_desc":"En The PD Law Firm, P.A., ayudamos a clientes con visas de matrimonio, permisos de trabajo, y otros requisitos sirviendo Windermere FL","_seopress_robots_index":"","footnotes":""},"class_list":["post-846","page","type-page","status-publish","has-post-thumbnail","hentry","entry","post-inner"],"_links":{"self":[{"href":"https:\/\/pdlaworlando.com\/es\/wp-json\/wp\/v2\/pages\/846","targetHints":{"allow":["GET"]}}],"collection":[{"href":"https:\/\/pdlaworlando.com\/es\/wp-json\/wp\/v2\/pages"}],"about":[{"href":"https:\/\/pdlaworlando.com\/es\/wp-json\/wp\/v2\/types\/page"}],"author":[{"embeddable":true,"href":"https:\/\/pdlaworlando.com\/es\/wp-json\/wp\/v2\/users\/1"}],"replies":[{"embeddable":true,"href":"https:\/\/pdlaworlando.com\/es\/wp-json\/wp\/v2\/comments?post=846"}],"version-history":[{"count":2,"href":"https:\/\/pdlaworlando.com\/es\/wp-json\/wp\/v2\/pages\/846\/revisions"}],"predecessor-version":[{"id":1019,"href":"https:\/\/pdlaworlando.com\/es\/wp-json\/wp\/v2\/pages\/846\/revisions\/1019"}],"wp:featuredmedia":[{"embeddable":true,"href":"https:\/\/pdlaworlando.com\/es\/wp-json\/wp\/v2\/media\/655"}],"wp:attachment":[{"href":"https:\/\/pdlaworlando.com\/es\/wp-json\/wp\/v2\/media?parent=846"}],"curies":[{"name":"wp","href":"https:\/\/api.w.org\/{rel}","templated":true}]}}