{"id":854,"date":"2023-05-09T07:01:40","date_gmt":"2023-05-09T12:01:40","guid":{"rendered":"https:\/\/pdlaworlando.com\/derecho-de-familia\/"},"modified":"2023-08-17T19:47:50","modified_gmt":"2023-08-18T00:47:50","slug":"abogado-de-divorcio-en-orlando","status":"publish","type":"page","link":"https:\/\/pdlaworlando.com\/es\/abogado-de-divorcio-en-orlando\/","title":{"rendered":"Abogado de Divorcio en Orlando"},"content":{"rendered":"\n<h2 class=\"wp-block-heading\">Divorcio<\/h2>\n\n\n\n<p>El divorcio puede ser un proceso estresante y contencioso que afecta a sus hijos, sus bienes y sus relaciones. Nuestro trabajo consiste en desmitificar el proceso de divorcio y ayudarle en cada paso para que pueda protegerse y obtener tranquilidad.  <\/p>\n\n\n\n<p>La ley de <a href=\"https:\/\/www.floridabar.org\/public\/consumer\/pamphlet010\/\" target=\"_blank\" rel=\"noreferrer noopener\">Florida<\/a> distingue entre diferentes tipos de divorcio, denominados por la ley como tipos de &#8220;disoluci\u00f3n del matrimonio&#8221;.<\/p>\n\n\n\n<h2 class=\"wp-block-heading\">Disoluci\u00f3n simplificada del matrimonio<\/h2>\n\n\n\n<p>Esta es la forma m\u00e1s sencilla y f\u00e1cil de obtener un divorcio en Florida. Es un procedimiento no impugnado y se admite si:<\/p>\n\n\n\n<ol class=\"wp-block-list\">\n<li>No hay bienes de propiedad conjunta, como viviendas o coches;<\/li>\n\n\n\n<li>No hay hijos y la mujer no est\u00e1 embarazada;<\/li>\n\n\n\n<li>No existen pasivos conjuntos, como pr\u00e9stamos bancarios;<\/li>\n\n\n\n<li>Ambas partes se comprometen a firmar un acuerdo y comparecer ante el tribunal.<\/li>\n<\/ol>\n\n\n\n<h2 class=\"wp-block-heading\">Disoluci\u00f3n del matrimonio &#8211; Impugnada frente a no impugnada  <\/h2>\n\n\n\n<p>Otros tipos de disoluci\u00f3n del matrimonio tienen que ver con los hijos, el embarazo, los bienes comunes, la propiedad o la responsabilidad conjunta.<\/p>\n\n\n\n<p>Estos divorcios tardan m\u00e1s en resolverse porque las partes deben hacer declaraciones financieras y llegar a una resoluci\u00f3n sobre c\u00f3mo se dividir\u00e1n los bienes y las obligaciones, c\u00f3mo piensan los padres repartirse el tiempo con los hijos y otros temas m\u00e1s complejos como la pensi\u00f3n alimenticia y la manutenci\u00f3n de los hijos.  <\/p>\n\n\n\n<p>La disoluci\u00f3n del matrimonio puede ser impugnada o no impugnada. En las disoluciones impugnadas las partes no se ponen de acuerdo sobre c\u00f3mo se repartir\u00e1n los derechos y responsabilidades mencionados y normalmente deben pasar por una mediaci\u00f3n y, a veces, por un juicio. En un divorcio de mutuo acuerdo las partes pueden llegar a un acuerdo y no necesitan que un juez decida el resultado del divorcio.  <\/p>\n\n\n\n<p>Para todos los tipos de disoluci\u00f3n, al menos una de las partes debe haber residido en Florida durante al menos 6 meses antes de solicitar el divorcio.  <\/p>\n\n\n\n<p>Trabajaremos para identificar el mejor camino a seguir con usted y proporcionarle representaci\u00f3n durante este dif\u00edcil proceso. P\u00f3ngase en contacto con nosotros para una primera consulta.<\/p>\n\n\n\n<h3 class=\"wp-block-heading\">Custodia temporal<\/h3>\n\n\n\n<p>A menudo, los ni\u00f1os deben vivir con miembros de la familia extensa, ya sea porque uno de los progenitores no est\u00e1 disponible o no es apto para criar al ni\u00f1o. Esos miembros de la familia extensa deben poder cuidar del ni\u00f1o como si fueran sus padres y acceder a los historiales m\u00e9dicos, matricularlo en la escuela y en actividades, etc.  <\/p>\n\n\n\n<p>La Custodia Temporal es un recurso contemplado en la Ley de Florida que otorga a los miembros de la familia extensa la facultad de cuidar del menor como si fueran sus padres, aunque sea de forma temporal.  <\/p>\n\n\n\n<p>La custodia temporal no tiene una duraci\u00f3n determinada y puede rescindirse cuando se devuelve la custodia al progenitor, o \u00e9ste puede demostrar al tribunal que la rescisi\u00f3n de la orden de custodia temporal redunda en el inter\u00e9s superior del menor.  <\/p>\n\n\n\n<p>La custodia temporal puede obtenerse con el consentimiento de los padres, en circunstancias en las que uno de los progenitores haya abandonado al ni\u00f1o, o cuando uno de los progenitores no sea apto o no pueda ser padre por otras razones.  <\/p>\n\n\n\n<p>P\u00f3ngase en contacto con nosotros para que le ayudemos a determinar si la Custodia Temporal es la mejor opci\u00f3n para usted. Podemos ayudarle a reunir las pruebas necesarias y representarle a trav\u00e9s del proceso de Custodia Temporal.  <\/p>\n\n\n\n<h3 class=\"wp-block-heading\">Adopci\u00f3n<\/h3>\n\n\n\n<p>Ayudamos a los padrastros y a los familiares, lo que se conoce como adopciones por familiares, en situaciones en las que los padres biol\u00f3gicos dan su consentimiento o se dan ciertas circunstancias especiales en las que la adopci\u00f3n se convierte en un resultado deseable para una familia.  <\/p>\n\n\n\n<h3 class=\"wp-block-heading\">Adopci\u00f3n por padrastro o madrastra<\/h3>\n\n\n\n<p>Un padrastro o madrastra puede adoptar a un ni\u00f1o en Florida en las siguientes circunstancias:  <\/p>\n\n\n\n<ul class=\"wp-block-list\">\n<li>El padrastro o la madrastra es capaz de mantener econ\u00f3mica y moralmente al ni\u00f1o<\/li>\n\n\n\n<li>El c\u00f3nyuge se une a la petici\u00f3n de adopci\u00f3n,  <\/li>\n\n\n\n<li>Los padres biol\u00f3gicos ajenos al matrimonio consienten la adopci\u00f3n o no est\u00e1n obligados a consentirla.<\/li>\n\n\n\n<li>Si el menor tiene 12 a\u00f1os o m\u00e1s, debe dar su consentimiento a la adopci\u00f3n.  <\/li>\n<\/ul>\n\n\n\n<p>Si se cumplen todos los requisitos, el tribunal pondr\u00e1 fin a los derechos del progenitor biol\u00f3gico y declarar\u00e1 la adopci\u00f3n a favor del padrastro o la madrastra. Entonces podr\u00e1 obtenerse un nuevo certificado de nacimiento y el antiguo ser\u00e1 sellado por el secretario judicial.  <\/p>\n\n\n\n<h3 class=\"wp-block-heading\">Adopci\u00f3n por familiares<\/h3>\n\n\n\n<p>Ciertos miembros de la familia, como los abuelos, tienen un camino m\u00e1s f\u00e1cil para la adopci\u00f3n en Florida. Si un tribunal ha puesto fin a los derechos del progenitor, los padres dan su consentimiento o se dan otras circunstancias determinadas, un abuelo y ciertos familiares pueden obtener una adopci\u00f3n mediante procedimientos acelerados.  <\/p>\n\n\n\n<p>Le ayudaremos a determinar si re\u00fane los requisitos para adoptar un ni\u00f1o en virtud de esta ley y le representaremos a lo largo del proceso de adopci\u00f3n.  <\/p>\n","protected":false},"excerpt":{"rendered":"<p>Divorcio El divorcio puede ser un proceso estresante y contencioso que afecta a sus hijos, sus bienes y sus relaciones. Nuestro trabajo consiste en desmitificar el proceso de divorcio y ayudarle en cada paso para que pueda protegerse y obtener tranquilidad. La ley de Florida distingue entre diferentes tipos de divorcio, denominados por la ley como tipos de &#8220;disoluci\u00f3n del matrimonio&#8221;. Disoluci\u00f3n simplificada del matrimonio Esta es la forma m\u00e1s sencilla y f\u00e1cil de obtener un divorcio en Florida. Es un procedimiento no impugnado y se admite si: Disoluci\u00f3n del matrimonio &#8211; Impugnada frente a no impugnada Otros tipos de disoluci\u00f3n del matrimonio tienen que ver con los hijos, el embarazo, los bienes comunes, la propiedad o la responsabilidad conjunta. Estos divorcios tardan m\u00e1s en resolverse porque las partes deben hacer declaraciones financieras y llegar a una resoluci\u00f3n sobre c\u00f3mo se dividir\u00e1n los bienes y las obligaciones, c\u00f3mo piensan los padres repartirse el tiempo con los hijos y otros temas m\u00e1s complejos como la pensi\u00f3n alimenticia y la manutenci\u00f3n de los hijos. La disoluci\u00f3n del matrimonio puede ser impugnada o no impugnada. En las disoluciones impugnadas las partes no se ponen de acuerdo sobre c\u00f3mo se repartir\u00e1n los derechos y responsabilidades mencionados y normalmente deben pasar por una mediaci\u00f3n y, a veces, por un juicio. En un divorcio de mutuo acuerdo las partes pueden llegar a un acuerdo y no necesitan que un juez decida el resultado del divorcio. Para todos los tipos de disoluci\u00f3n, al menos una de las partes debe haber residido en Florida durante al menos 6 meses antes de solicitar el divorcio. Trabajaremos para identificar el mejor camino a seguir con usted y proporcionarle representaci\u00f3n durante este dif\u00edcil proceso. P\u00f3ngase en contacto con nosotros para una primera consulta. Custodia temporal A menudo, los ni\u00f1os deben vivir con miembros de la familia extensa, ya sea porque uno de los progenitores no est\u00e1 disponible o no es apto para criar al ni\u00f1o. Esos miembros de la familia extensa deben poder cuidar del ni\u00f1o como si fueran sus padres y acceder a los historiales m\u00e9dicos, matricularlo en la escuela y en actividades, etc. La Custodia Temporal es un recurso contemplado en la Ley de Florida que otorga a los miembros de la familia extensa la facultad de cuidar del menor como si fueran sus padres, aunque sea de forma temporal. La custodia temporal no tiene una duraci\u00f3n determinada y puede rescindirse cuando se devuelve la custodia al progenitor, o \u00e9ste puede demostrar al tribunal que la rescisi\u00f3n de la orden de custodia temporal redunda en el inter\u00e9s superior del menor. La custodia temporal puede obtenerse con el consentimiento de los padres, en circunstancias en las que uno de los progenitores haya abandonado al ni\u00f1o, o cuando uno de los progenitores no sea apto o no pueda ser padre por otras razones. P\u00f3ngase en contacto con nosotros para que le ayudemos a determinar si la Custodia Temporal es la mejor opci\u00f3n para usted. Podemos ayudarle a reunir las pruebas necesarias y representarle a trav\u00e9s del proceso de Custodia Temporal. Adopci\u00f3n Ayudamos a los padrastros y a los familiares, lo que se conoce como adopciones por familiares, en situaciones en las que los padres biol\u00f3gicos dan su consentimiento o se dan ciertas circunstancias especiales en las que la adopci\u00f3n se convierte en un resultado deseable para una familia. Adopci\u00f3n por padrastro o madrastra Un padrastro o madrastra puede adoptar a un ni\u00f1o en Florida en las siguientes circunstancias: Si se cumplen todos los requisitos, el tribunal pondr\u00e1 fin a los derechos del progenitor biol\u00f3gico y declarar\u00e1 la adopci\u00f3n a favor del padrastro o la madrastra. Entonces podr\u00e1 obtenerse un nuevo certificado de nacimiento y el antiguo ser\u00e1 sellado por el secretario judicial. Adopci\u00f3n por familiares Ciertos miembros de la familia, como los abuelos, tienen un camino m\u00e1s f\u00e1cil para la adopci\u00f3n en Florida. Si un tribunal ha puesto fin a los derechos del progenitor, los padres dan su consentimiento o se dan otras circunstancias determinadas, un abuelo y ciertos familiares pueden obtener una adopci\u00f3n mediante procedimientos acelerados. Le ayudaremos a determinar si re\u00fane los requisitos para adoptar un ni\u00f1o en virtud de esta ley y le representaremos a lo largo del proceso de adopci\u00f3n.<\/p>\n","protected":false},"author":1,"featured_media":665,"parent":0,"menu_order":0,"comment_status":"closed","ping_status":"closed","template":"","meta":{"_seopress_robots_primary_cat":"","_seopress_titles_title":"Abogado de Divorcio en Orlando %%sep%% %%sitename%%","_seopress_titles_desc":"El divorcio puede ser un proceso estresante y contencioso que afecta a sus hijos, sus bienes y sus relaciones. Llame hoy a PD Law","_seopress_robots_index":"","footnotes":""},"class_list":["post-854","page","type-page","status-publish","has-post-thumbnail","hentry","entry","post-inner"],"_links":{"self":[{"href":"https:\/\/pdlaworlando.com\/es\/wp-json\/wp\/v2\/pages\/854","targetHints":{"allow":["GET"]}}],"collection":[{"href":"https:\/\/pdlaworlando.com\/es\/wp-json\/wp\/v2\/pages"}],"about":[{"href":"https:\/\/pdlaworlando.com\/es\/wp-json\/wp\/v2\/types\/page"}],"author":[{"embeddable":true,"href":"https:\/\/pdlaworlando.com\/es\/wp-json\/wp\/v2\/users\/1"}],"replies":[{"embeddable":true,"href":"https:\/\/pdlaworlando.com\/es\/wp-json\/wp\/v2\/comments?post=854"}],"version-history":[{"count":2,"href":"https:\/\/pdlaworlando.com\/es\/wp-json\/wp\/v2\/pages\/854\/revisions"}],"predecessor-version":[{"id":1057,"href":"https:\/\/pdlaworlando.com\/es\/wp-json\/wp\/v2\/pages\/854\/revisions\/1057"}],"wp:featuredmedia":[{"embeddable":true,"href":"https:\/\/pdlaworlando.com\/es\/wp-json\/wp\/v2\/media\/665"}],"wp:attachment":[{"href":"https:\/\/pdlaworlando.com\/es\/wp-json\/wp\/v2\/media?parent=854"}],"curies":[{"name":"wp","href":"https:\/\/api.w.org\/{rel}","templated":true}]}}