{"id":861,"date":"2022-01-25T10:12:10","date_gmt":"2022-01-25T15:12:10","guid":{"rendered":"https:\/\/pdlaworlando.com\/abogado-de-inmigracion-en-metro-west-orlando\/"},"modified":"2025-02-10T14:40:37","modified_gmt":"2025-02-10T19:40:37","slug":"abogado-de-inmigracion-en-metro-west-orlando","status":"publish","type":"page","link":"https:\/\/pdlaworlando.com\/es\/abogado-de-inmigracion-en-metro-west-orlando\/","title":{"rendered":"Abogado de Inmigraci\u00f3n en Metro West Orlando"},"content":{"rendered":"<div class=\"wpb-content-wrapper\">[vc_row][vc_column][vc_column_text css=&#8221;&#8221;]<div class=\"wp-block-image\"><\/p>\n<figure class=\"alignleft size-full is-resized\"><img loading=\"lazy\" decoding=\"async\" class=\"alignnone wp-image-1315 size-medium\" style=\"width: 203px; height: 300px; padding-right: 10px;\" src=\"https:\/\/pdlaworlando.com\/wp-content\/uploads\/portrait3-203x300.jpg\" alt=\"\" width=\"203\" height=\"300\" srcset=\"https:\/\/pdlaworlando.com\/wp-content\/uploads\/portrait3-203x300.jpg 203w, https:\/\/pdlaworlando.com\/wp-content\/uploads\/portrait3.jpg 524w\" sizes=\"auto, (max-width: 203px) 100vw, 203px\" \/><\/p>\n<figcaption class=\"wp-element-caption\"><em>Pedro Dearaujo<\/em><\/figcaption>\n<\/figure>\n<\/div>\n<p>La inmigraci\u00f3n a Estados Unidos es muy com\u00fan entre los sudamericanos. Muchas personas quieren obtener el estatuto de residente permanente para poder disfrutar de ventajas como la ciudadan\u00eda y la posibilidad de votar. Un abogado de inmigraci\u00f3n brasile\u00f1o con experiencia en <a href=\"https:\/\/www.metrowestcommunity.com\/\">Metro West Orlando<\/a> puede ayudar a las personas a navegar por el complejo sistema de inmigraci\u00f3n y maximizar sus posibilidades de ser aprobado. Pedro Dearaujo tiene a\u00f1os de experiencia en este campo puede asegurar que ninguna piedra se deja sin remover.<\/p>\n\n<p>El proceso de inmigraci\u00f3n puede verse afectado por una serie de factores, muchos de ellos muy subjetivos. Los profesionales de<a href=\"\/\"> The PD Law Firm, P.A<\/a>. proporcionan orientaci\u00f3n legal compasiva si usted necesita una visa temporal, tarjeta verde, o la ciudadan\u00eda estadounidense completa.<\/p>\n\n<p>Pedro Dearaujo naci\u00f3 en Brasil y se traslad\u00f3 a Estados Unidos con su familia cuando era adolescente. Se traslad\u00f3 a Florida en 2006 y se licenci\u00f3 en Derecho por la Florida State University College of Law. Obtenga m\u00e1s informaci\u00f3n sobre nuestros servicios consultando nuestro sitio web o llam\u00e1ndonos por tel\u00e9fono. Estamos orgullosos de servir a clientes con una amplia gama de necesidades y objetivos.<\/p>\n\n<p>&nbsp;<\/p>\n\n<h2 id=\"h-visa-de-matrimonio\" class=\"wp-block-heading\">Visa de Matrimonio<\/h2>\n\n<p>Es posible obtener una visa si eres el prometido o el c\u00f3nyuge de un ciudadano estadounidense. Tanto si es brasile\u00f1o y desea traer a su pareja con usted, como si es ciudadano estadounidense y desea casarse con alguien de Sudam\u00e9rica, nuestro bufete puede ayudarle. Nuestro objetivo es que el proceso sea lo m\u00e1s f\u00e1cil y menos estresante posible. Ofrecemos servicios jur\u00eddicos personalizados y adaptamos nuestro enfoque a las necesidades \u00fanicas de cada cliente.<\/p>\n\n<p>&nbsp;<\/p>\n\n<h2 id=\"h-opciones-para-la-visa\" class=\"wp-block-heading\"><strong>Opciones Para la Visa<\/strong><\/h2>\n\n<p>Tambi\u00e9n es posible obtener visados temporales y permanentes para visitar Estados Unidos. Cada visa tiene requisitos y beneficios espec\u00edficos, por lo que es importante trabajar con un abogado de inmigraci\u00f3n brasile\u00f1o en Metro West Orlando. Pedro Dearaujo est\u00e1 totalmente preparado para ayudarle con lo siguiente:<\/p>\n\n<p>&nbsp;<\/p>\n\n<ul class=\"wp-block-list\">\n<li style=\"list-style-type: none;\">\n<ul>\n<li style=\"list-style-type: none;\">\n<ul><\/p>\n<li><strong>Trabajo<\/strong>: Cada vez m\u00e1s empresas estadounidenses buscan trabajadores con talento de todo el mundo. Si tiene formaci\u00f3n especializada o conocimientos en un campo t\u00e9cnico, podemos ayudarle a solicitar un visado para vivir y trabajar en Estados Unidos.<\/li>\n<\/ul>\n<\/li>\n<\/ul>\n<br \/>\n<ul>\n<li style=\"list-style-type: none;\">\n<ul>\n<li><strong>Educaci\u00f3n<\/strong>: Muchos estudiantes brasile\u00f1os desean estudiar en una universidad estadounidense. Un t\u00edtulo es una excelente manera de progresar y mejorar tus oportunidades profesionales. Podemos ayudarte con todos los tr\u00e1mites para que puedas cursar estudios.<\/li>\n<\/ul>\n<\/li>\n<\/ul>\n<br \/>\n<ul>\n<li style=\"list-style-type: none;\">\n<ul>\n<li><strong>Turismo<\/strong>: Florida es un popular destino tur\u00edstico para muchas familias de Sudam\u00e9rica. Un visado de viaje temporal es perfecto para hacer turismo o visitar a la familia.<\/li>\n<\/ul>\n<\/li>\n<\/ul>\n<br \/>\n<ul>\n<li><strong>Medicina<\/strong>: Estados Unidos cuenta con algunos de los mejores centros m\u00e9dicos del mundo. Un abogado de inmigraci\u00f3n brasile\u00f1o puede ayudarle a obtener un visado temporal si necesita tratamiento m\u00e9dico para usted o un familiar.<\/li>\n<\/ul>\n<\/li>\n<\/ul>\n\n<p>&nbsp;<\/p>\n\n<h2 id=\"h-hable-con-un-abogado-de-inmigracion\" class=\"wp-block-heading\"><strong>Hable con un abogado de inmigraci\u00f3n<\/strong><\/h2>\n\n<p>Adem\u00e1s de todos nuestros otros servicios, Nosotros podemos ayudarle a trav\u00e9s del proceso de naturalizaci\u00f3n. Este proceso est\u00e1 disponible para cualquier persona que haya sido residente permanente en EE.UU. durante al menos cinco a\u00f1os ininterrumpidos. Los requisitos son amplios, pero Pedro Dearaujo puede ayudarle a preparar la entrevista y a presentar toda la documentaci\u00f3n necesaria.<\/p>\n\n<p>\u00bfEst\u00e1 interesado en emigrar de Brasil? \u00bfNecesita ayuda con un visa o tiene un caso de inmigraci\u00f3n especialmente dif\u00edcil? No dude en ponerse en contacto con The PD Law Firm, P.A. para obtener m\u00e1s informaci\u00f3n. Estamos orgullosos de servir a clientes de toda Sudam\u00e9rica.<\/p>\n<p>\u00a0<\/p>\n[\/vc_column_text][\/vc_column][\/vc_row]\n<\/div>","protected":false},"excerpt":{"rendered":"<p>[vc_row][vc_column][vc_column_text css=&#8221;&#8221;] La inmigraci\u00f3n a Estados Unidos es muy com\u00fan entre los sudamericanos. Muchas personas quieren obtener el estatuto de residente permanente para poder disfrutar de ventajas como la ciudadan\u00eda y la posibilidad de votar. Un abogado de inmigraci\u00f3n brasile\u00f1o con experiencia en Metro West Orlando puede ayudar a las personas a navegar por el complejo sistema de inmigraci\u00f3n y maximizar sus posibilidades de ser aprobado. Pedro Dearaujo tiene a\u00f1os de experiencia en este campo puede asegurar que ninguna piedra se deja sin remover. El proceso de inmigraci\u00f3n puede verse afectado por una serie de factores, muchos de ellos muy subjetivos. Los profesionales de The PD Law Firm, P.A. proporcionan orientaci\u00f3n legal compasiva si usted necesita una visa temporal, tarjeta verde, o la ciudadan\u00eda estadounidense completa. Pedro Dearaujo naci\u00f3 en Brasil y se traslad\u00f3 a Estados Unidos con su familia cuando era adolescente. Se traslad\u00f3 a Florida en 2006 y se licenci\u00f3 en Derecho por la Florida State University College of Law. Obtenga m\u00e1s informaci\u00f3n sobre nuestros servicios consultando nuestro sitio web o llam\u00e1ndonos por tel\u00e9fono. Estamos orgullosos de servir a clientes con una amplia gama de necesidades y objetivos. &nbsp; Visa de Matrimonio Es posible obtener una visa si eres el prometido o el c\u00f3nyuge de un ciudadano estadounidense. Tanto si es brasile\u00f1o y desea traer a su pareja con usted, como si es ciudadano estadounidense y desea casarse con alguien de Sudam\u00e9rica, nuestro bufete puede ayudarle. Nuestro objetivo es que el proceso sea lo m\u00e1s f\u00e1cil y menos estresante posible. Ofrecemos servicios jur\u00eddicos personalizados y adaptamos nuestro enfoque a las necesidades \u00fanicas de cada cliente. &nbsp; Opciones Para la Visa Tambi\u00e9n es posible obtener visados temporales y permanentes para visitar Estados Unidos. Cada visa tiene requisitos y beneficios espec\u00edficos, por lo que es importante trabajar con un abogado de inmigraci\u00f3n brasile\u00f1o en Metro West Orlando. Pedro Dearaujo est\u00e1 totalmente preparado para ayudarle con lo siguiente: &nbsp; &nbsp; Hable con un abogado de inmigraci\u00f3n Adem\u00e1s de todos nuestros otros servicios, Nosotros podemos ayudarle a trav\u00e9s del proceso de naturalizaci\u00f3n. Este proceso est\u00e1 disponible para cualquier persona que haya sido residente permanente en EE.UU. durante al menos cinco a\u00f1os ininterrumpidos. Los requisitos son amplios, pero Pedro Dearaujo puede ayudarle a preparar la entrevista y a presentar toda la documentaci\u00f3n necesaria. \u00bfEst\u00e1 interesado en emigrar de Brasil? \u00bfNecesita ayuda con un visa o tiene un caso de inmigraci\u00f3n especialmente dif\u00edcil? No dude en ponerse en contacto con The PD Law Firm, P.A. para obtener m\u00e1s informaci\u00f3n. Estamos orgullosos de servir a clientes de toda Sudam\u00e9rica. \u00a0 [\/vc_column_text][\/vc_column][\/vc_row]<\/p>\n","protected":false},"author":1,"featured_media":649,"parent":0,"menu_order":0,"comment_status":"closed","ping_status":"closed","template":"","meta":{"_seopress_robots_primary_cat":"","_seopress_titles_title":"","_seopress_titles_desc":"","_seopress_robots_index":"","footnotes":""},"class_list":["post-861","page","type-page","status-publish","has-post-thumbnail","hentry","entry","post-inner"],"_links":{"self":[{"href":"https:\/\/pdlaworlando.com\/es\/wp-json\/wp\/v2\/pages\/861","targetHints":{"allow":["GET"]}}],"collection":[{"href":"https:\/\/pdlaworlando.com\/es\/wp-json\/wp\/v2\/pages"}],"about":[{"href":"https:\/\/pdlaworlando.com\/es\/wp-json\/wp\/v2\/types\/page"}],"author":[{"embeddable":true,"href":"https:\/\/pdlaworlando.com\/es\/wp-json\/wp\/v2\/users\/1"}],"replies":[{"embeddable":true,"href":"https:\/\/pdlaworlando.com\/es\/wp-json\/wp\/v2\/comments?post=861"}],"version-history":[{"count":7,"href":"https:\/\/pdlaworlando.com\/es\/wp-json\/wp\/v2\/pages\/861\/revisions"}],"predecessor-version":[{"id":1321,"href":"https:\/\/pdlaworlando.com\/es\/wp-json\/wp\/v2\/pages\/861\/revisions\/1321"}],"wp:featuredmedia":[{"embeddable":true,"href":"https:\/\/pdlaworlando.com\/es\/wp-json\/wp\/v2\/media\/649"}],"wp:attachment":[{"href":"https:\/\/pdlaworlando.com\/es\/wp-json\/wp\/v2\/media?parent=861"}],"curies":[{"name":"wp","href":"https:\/\/api.w.org\/{rel}","templated":true}]}}