{"id":864,"date":"2022-06-18T13:43:10","date_gmt":"2022-06-18T18:43:10","guid":{"rendered":"https:\/\/pdlaworlando.com\/criminal\/conduccion-infracciones-de-trafico\/"},"modified":"2023-08-17T19:24:22","modified_gmt":"2023-08-18T00:24:22","slug":"conduccion-infracciones-de-trafico","status":"publish","type":"page","link":"https:\/\/pdlaworlando.com\/es\/criminal\/conduccion-infracciones-de-trafico\/","title":{"rendered":"Conducci\u00f3n &#8211; Infracciones de tr\u00e1fico"},"content":{"rendered":"<div class=\"wpb-content-wrapper\">[vc_row][vc_column][vc_column_text]\n<h2>Infracciones de tr\u00e1fico en Orlando<\/h2>\n<h3>Conducir sin carn\u00e9 en Florida<\/h3>\n<p>Muchos creen que ser acusado de conducir sin licencia, licencia suspendida o vencida en la Florida no es grave. Sin embargo, puede ser castigado con multas, libertad condicional e incluso penas de c\u00e1rcel. Quienes no sean ciudadanos de Estados Unidos pueden sufrir consecuencias en materia de inmigraci\u00f3n. Es ilegal conducir en Florida sin un permiso de conducir v\u00e1lido (Fla, Stat. 322).<\/p>\n<h3>Conducir sin carn\u00e9 y conducir con el carn\u00e9 caducado tienen elementos diferentes.<\/h3>\n<p>Conducir sin licencia es para aquellos que nunca han tenido una licencia de conducir v\u00e1lida, mientras que los que conducen con una licencia caducada es para aquellos que ten\u00edan una licencia de conducir v\u00e1lida de Florida, pero caduc\u00f3. Conducir con una licencia suspendida implica conducir mientras sus privilegios de conducir en Florida han sido suspendidos por cualquier n\u00famero de razones.<\/p>\n<h3>Los titulares de permisos de conducir de otros pa\u00edses pueden conducir en Florida durante un tiempo limitado.<\/h3>\n<p>De acuerdo con las leyes de Florida, una vez que una persona se convierte en residente del estado (independientemente de su estatus migratorio), debe obtener una licencia de conducir v\u00e1lida en Florida. Es importante destacar que es posible ser considerado residente del estado de Florida aunque uno se encuentre en EE.UU. con un estatus v\u00e1lido de turista.<\/p>\n<p>Cuando alguien es acusado de conducir sin licencia o con una licencia de conducir vencida su caso ir\u00e1 ante un juez penal del condado, y tendr\u00e1 que comparecer ante el tribunal. Un abogado puede guiarle a trav\u00e9s del caso y utilizar sus conocimientos jur\u00eddicos para garantizar un mejor resultado. No comprender el procedimiento penal y la jerga jur\u00eddica puede llevar a no entender los resultados, lo que puede acarrear graves consecuencias. Adem\u00e1s, un abogado puede comparecer en su nombre en la mayor\u00eda de las vistas penales. Es importante contratar a un abogado con experiencia para que pueda estar seguro de que puede obtener la mejor resoluci\u00f3n posible y entender la disposici\u00f3n de su caso.<\/p>\n<p>Por favor, p\u00f3ngase en contacto con nosotros al (407) 490-0696 o utilizando el formulario de la derecha para una consulta para discutir los cargos de delitos menores.[\/vc_column_text][\/vc_column][\/vc_row]\n<\/div>","protected":false},"excerpt":{"rendered":"<p>[vc_row][vc_column][vc_column_text] Infracciones de tr\u00e1fico en Orlando Conducir sin carn\u00e9 en Florida Muchos creen que ser acusado de conducir sin licencia, licencia suspendida o vencida en la Florida no es grave. Sin embargo, puede ser castigado con multas, libertad condicional e incluso penas de c\u00e1rcel. Quienes no sean ciudadanos de Estados Unidos pueden sufrir consecuencias en materia de inmigraci\u00f3n. Es ilegal conducir en Florida sin un permiso de conducir v\u00e1lido (Fla, Stat. 322). Conducir sin carn\u00e9 y conducir con el carn\u00e9 caducado tienen elementos diferentes. Conducir sin licencia es para aquellos que nunca han tenido una licencia de conducir v\u00e1lida, mientras que los que conducen con una licencia caducada es para aquellos que ten\u00edan una licencia de conducir v\u00e1lida de Florida, pero caduc\u00f3. Conducir con una licencia suspendida implica conducir mientras sus privilegios de conducir en Florida han sido suspendidos por cualquier n\u00famero de razones. Los titulares de permisos de conducir de otros pa\u00edses pueden conducir en Florida durante un tiempo limitado. De acuerdo con las leyes de Florida, una vez que una persona se convierte en residente del estado (independientemente de su estatus migratorio), debe obtener una licencia de conducir v\u00e1lida en Florida. Es importante destacar que es posible ser considerado residente del estado de Florida aunque uno se encuentre en EE.UU. con un estatus v\u00e1lido de turista. Cuando alguien es acusado de conducir sin licencia o con una licencia de conducir vencida su caso ir\u00e1 ante un juez penal del condado, y tendr\u00e1 que comparecer ante el tribunal. Un abogado puede guiarle a trav\u00e9s del caso y utilizar sus conocimientos jur\u00eddicos para garantizar un mejor resultado. No comprender el procedimiento penal y la jerga jur\u00eddica puede llevar a no entender los resultados, lo que puede acarrear graves consecuencias. Adem\u00e1s, un abogado puede comparecer en su nombre en la mayor\u00eda de las vistas penales. Es importante contratar a un abogado con experiencia para que pueda estar seguro de que puede obtener la mejor resoluci\u00f3n posible y entender la disposici\u00f3n de su caso. Por favor, p\u00f3ngase en contacto con nosotros al (407) 490-0696 o utilizando el formulario de la derecha para una consulta para discutir los cargos de delitos menores.[\/vc_column_text][\/vc_column][\/vc_row]<\/p>\n","protected":false},"author":1,"featured_media":609,"parent":740,"menu_order":0,"comment_status":"closed","ping_status":"closed","template":"","meta":{"_seopress_robots_primary_cat":"","_seopress_titles_title":"Infracciones de Tr\u00e1fico en Orlando %%sep%% PD Law Abogados","_seopress_titles_desc":"Infracciones de tr\u00e1fico en Orlando: PD Law Abogados expertos en defensa de multas y violaciones viales. \u00a1Prot\u00e9gete ahora!","_seopress_robots_index":"","footnotes":""},"class_list":["post-864","page","type-page","status-publish","has-post-thumbnail","hentry","entry","post-inner"],"_links":{"self":[{"href":"https:\/\/pdlaworlando.com\/es\/wp-json\/wp\/v2\/pages\/864","targetHints":{"allow":["GET"]}}],"collection":[{"href":"https:\/\/pdlaworlando.com\/es\/wp-json\/wp\/v2\/pages"}],"about":[{"href":"https:\/\/pdlaworlando.com\/es\/wp-json\/wp\/v2\/types\/page"}],"author":[{"embeddable":true,"href":"https:\/\/pdlaworlando.com\/es\/wp-json\/wp\/v2\/users\/1"}],"replies":[{"embeddable":true,"href":"https:\/\/pdlaworlando.com\/es\/wp-json\/wp\/v2\/comments?post=864"}],"version-history":[{"count":3,"href":"https:\/\/pdlaworlando.com\/es\/wp-json\/wp\/v2\/pages\/864\/revisions"}],"predecessor-version":[{"id":1039,"href":"https:\/\/pdlaworlando.com\/es\/wp-json\/wp\/v2\/pages\/864\/revisions\/1039"}],"up":[{"embeddable":true,"href":"https:\/\/pdlaworlando.com\/es\/wp-json\/wp\/v2\/pages\/740"}],"wp:featuredmedia":[{"embeddable":true,"href":"https:\/\/pdlaworlando.com\/es\/wp-json\/wp\/v2\/media\/609"}],"wp:attachment":[{"href":"https:\/\/pdlaworlando.com\/es\/wp-json\/wp\/v2\/media?parent=864"}],"curies":[{"name":"wp","href":"https:\/\/api.w.org\/{rel}","templated":true}]}}