{"id":873,"date":"2022-06-23T13:49:44","date_gmt":"2022-06-23T18:49:44","guid":{"rendered":"https:\/\/pdlaworlando.com\/abogado-penalista\/"},"modified":"2024-06-30T11:51:50","modified_gmt":"2024-06-30T16:51:50","slug":"abogado-penalista","status":"publish","type":"page","link":"https:\/\/pdlaworlando.com\/es\/abogado-penalista\/","title":{"rendered":"Abogado penalista"},"content":{"rendered":"<div class=\"wp-block-image\">\n<figure class=\"alignleft size-large is-resized\"><img loading=\"lazy\" decoding=\"async\" width=\"1024\" height=\"1021\" src=\"https:\/\/pdlaworlando.com\/wp-content\/uploads\/Criminal-Defense-Attorney-in-Orlando-1024x1021.jpg\" alt=\"\" class=\"wp-image-521\" style=\"width:263px;height:262px\" srcset=\"https:\/\/pdlaworlando.com\/wp-content\/uploads\/Criminal-Defense-Attorney-in-Orlando-1024x1021.jpg 1024w, https:\/\/pdlaworlando.com\/wp-content\/uploads\/Criminal-Defense-Attorney-in-Orlando-300x300.jpg 300w, https:\/\/pdlaworlando.com\/wp-content\/uploads\/Criminal-Defense-Attorney-in-Orlando-150x150.jpg 150w, https:\/\/pdlaworlando.com\/wp-content\/uploads\/Criminal-Defense-Attorney-in-Orlando-768x766.jpg 768w, https:\/\/pdlaworlando.com\/wp-content\/uploads\/Criminal-Defense-Attorney-in-Orlando-1536x1532.jpg 1536w, https:\/\/pdlaworlando.com\/wp-content\/uploads\/Criminal-Defense-Attorney-in-Orlando.jpg 1920w\" sizes=\"auto, (max-width: 1024px) 100vw, 1024px\" \/><figcaption class=\"wp-element-caption\">Pedro Dearaujo &#8211; <em>Abogado Penalista en Orlando FL<\/em><\/figcaption><\/figure>\n<\/div>\n\n\n<p>Es importante para cualquier persona que enfrenta cargos criminales tener un <a href=\"#\">abogado<\/a> con experiencia en <a href=\"#\">defensa criminal<\/a> en Orlando de su lado. El PD Law Firm, P.A. puede asegurar que sus derechos sean protegidos y ayudarle a obtener el mejor resultado posible para su caso. Si usted se enfrenta a cargos de <a href=\"#driving-without-a-license\">conducir sin licencia<\/a>, conducir con una licencia vencida o suspendida, o <a href=\"#shoplifting-charge\">hurto<\/a>, nuestra empresa puede proporcionar la defensa agresiva que necesita en Orlando y los condados de Orange y Osceola.<\/p>\n\n\n\n<p>Nuestro abogado de defensa criminal puede ayudar a las personas con una amplia gama de necesidades y antecedentes. Abogado de Orlando, Pedro Dearaujo, es un abogado de defensa criminal de habla portuguesa brasile\u00f1a con una s\u00f3lida formaci\u00f3n en inmigraci\u00f3n y derecho penal. Llame para una consulta legal completa y descubra c\u00f3mo podemos ayudarle.<\/p>\n\n\n\n<h2 class=\"wp-block-heading\" id=\"h-how-criminal-convictions-affect-your-life\"><strong>C\u00f3mo afectan las condenas penales a su vida<\/strong><\/h2>\n\n\n\n<p>Una condena penal puede tener repercusiones graves y duraderas en su vida. Puede enfrentarse a penas de c\u00e1rcel, multas y antecedentes penales. Los antecedentes penales pueden dificultar la b\u00fasqueda de empleo o de una vivienda adecuada para la familia. Si no es ciudadano legal de Estados Unidos, una condena penal puede incluso conducir a la deportaci\u00f3n.<\/p>\n\n\n\n<p>Usted necesita un abogado de defensa criminal bien informado que pueda ayudarle a evitar estas consecuencias que alteran la vida. Nuestro equipo en el PD Law Firm, P.A., trabaja incansablemente para proteger sus derechos y desarrolla la mejor defensa posible para su caso para conseguir que su vida vuelva a la pista.<\/p>\n\n\n\n<h2 class=\"wp-block-heading\" id=\"driving-without-a-license\"><strong>Conducir sin carn\u00e9<\/strong><\/h2>\n\n\n\n<p>Se considera un delito conducir sin un permiso de conducir v\u00e1lido en el estado de Florida. Dependiendo de la situaci\u00f3n, esta infracci\u00f3n puede imputarse como delito menor. Sin embargo, <a href=\"https:\/\/pdlaworlando.com\/es\/criminal\/conduccion-infracciones-de-trafico\/\">conducir sin carn\u00e9<\/a> puede acarrear una fuerte multa o incluso penas de c\u00e1rcel. Es posible que se desestimen los cargos y se eliminen de su expediente. Un abogado de defensa criminal en Orlando puede examinar su caso y determinar el mejor curso de acci\u00f3n.<\/p>\n\n\n\n<h2 class=\"wp-block-heading\"><strong>  Conducir con el permiso caducado o suspendido<\/strong><\/h2>\n\n\n\n<p>Los que son sorprendidos conduciendo con un permiso caducado o suspendido pueden enfrentarse a consecuencias m\u00e1s graves. Esta infracci\u00f3n puede ser el resultado de tener demasiados puntos en el carn\u00e9 o de no haber pagado una multa de tr\u00e1fico anterior. No importa la raz\u00f3n, es importante tener un <a href=\"https:\/\/pdlaworlando.com\/es\/criminal\/conduccion-infracciones-de-trafico\/\">abogado con experiencia<\/a> de su lado que pueda ayudarle a evitar las sanciones asociadas con este cargo.<\/p>\n\n\n\n<h2 class=\"wp-block-heading\" id=\"shoplifting-charge\"><strong>Robo en tiendas<\/strong><\/h2>\n\n\n\n<p>El hurto es un robo que se produce cuando alguien se lleva mercanc\u00eda de una tienda sin pagar. En Florida, el <a href=\"https:\/\/pdlaworlando.com\/es\/delito-menor\/\">hurto en tiendas<\/a> se suele considerar un delito menor. Sin embargo, este delito puede ser considerado delito grave en funci\u00f3n del valor de la mercanc\u00eda. The PD Law Firm, P.A., sabe como manejar estos casos y puede ayudarle a evitar una condena.<\/p>\n\n\n\n<h2 class=\"wp-block-heading\"><strong>Trabajar con nuestro abogado de defensa criminal<\/strong><\/h2>\n\n\n\n<p>Pedro Dearaujo es un abogado brasile\u00f1o de habla portuguesa con s\u00f3lidos conocimientos tanto de inmigraci\u00f3n como de derecho penal. El <a href=\"https:\/\/pdlaworlando.com\/es\/\">PD Law Firm, P.A<\/a>., ha manejado innumerables casos exitosos en Orlando y sabe lo que se necesita para obtener los mejores resultados posibles. Nuestro talentoso equipo trabajar\u00e1 incansablemente en su nombre para conseguir que los cargos en su contra sean desestimados o reducidos.  <\/p>\n\n\n\n<h2 class=\"wp-block-heading\"><strong>P\u00f3ngase en contacto con The PD Law Firm, PA<\/strong><\/h2>\n\n\n\n<p>Una condena penal tiene graves consecuencias que duran toda la vida. Nadie deber\u00eda tener que pasar solo por el sistema de justicia penal. No corra riesgos con su futuro; llame a PD Law Firm, P.A., para programar una consulta con un miembro del equipo hoy mismo. <a href=\"https:\/\/www.floridabar.org\/about\/section\/profile\/?num=105845\" target=\"_blank\" rel=\"noreferrer noopener\">Pedro Dearaujo<\/a> revisar\u00e1 su caso y determinar\u00e1 el mejor curso de acci\u00f3n a seguir. Trabajamos con clientes de habla inglesa y portuguesa.<\/p>\n\n\n\n<div class=\"wp-block-columns is-layout-flex wp-container-core-columns-is-layout-9d6595d7 wp-block-columns-is-layout-flex\">\n<div class=\"wp-block-column is-layout-flow wp-block-column-is-layout-flow\">\n<div class=\"wp-block-yoast-seo-local-address\">[wpseo_address id=&#8221;0&#8243; hide_name=&#8221;false&#8221; hide_address=&#8221;false&#8221; oneline=&#8221;false&#8221; show_state=&#8221;true&#8221; show_country=&#8221;false&#8221; show_phone=&#8221;true&#8221; show_phone_2=&#8221;true&#8221; show_fax=&#8221;true&#8221; show_email=&#8221;true&#8221; show_url=&#8221;false&#8221; show_vat=&#8221;false&#8221; show_tax=&#8221;false&#8221; show_coc=&#8221;false&#8221; show_price_range=&#8221;false&#8221; show_logo=&#8221;false&#8221; show_opening_hours=&#8221;false&#8221; hide_closed=&#8221;false&#8221;]<\/div>\n<\/div>\n\n\n\n<div class=\"wp-block-column is-layout-flow wp-block-column-is-layout-flow\">\n<div class=\"wp-block-yoast-seo-local-opening-hours\">[wpseo_opening_hours id=&#8221;0&#8243; show_days=&#8221;monday,tuesday,wednesday,thursday,friday,saturday,sunday&#8221; show_open_label=&#8221;false&#8221;]<\/div>\n<\/div>\n<\/div>\n","protected":false},"excerpt":{"rendered":"<p>Es importante para cualquier persona que enfrenta cargos criminales tener un abogado con experiencia en defensa criminal en Orlando de su lado. El PD Law Firm, P.A. puede asegurar que sus derechos sean protegidos y ayudarle a obtener el mejor resultado posible para su caso. Si usted se enfrenta a cargos de conducir sin licencia, conducir con una licencia vencida o suspendida, o hurto, nuestra empresa puede proporcionar la defensa agresiva que necesita en Orlando y los condados de Orange y Osceola. Nuestro abogado de defensa criminal puede ayudar a las personas con una amplia gama de necesidades y antecedentes. Abogado de Orlando, Pedro Dearaujo, es un abogado de defensa criminal de habla portuguesa brasile\u00f1a con una s\u00f3lida formaci\u00f3n en inmigraci\u00f3n y derecho penal. Llame para una consulta legal completa y descubra c\u00f3mo podemos ayudarle. C\u00f3mo afectan las condenas penales a su vida Una condena penal puede tener repercusiones graves y duraderas en su vida. Puede enfrentarse a penas de c\u00e1rcel, multas y antecedentes penales. Los antecedentes penales pueden dificultar la b\u00fasqueda de empleo o de una vivienda adecuada para la familia. Si no es ciudadano legal de Estados Unidos, una condena penal puede incluso conducir a la deportaci\u00f3n. Usted necesita un abogado de defensa criminal bien informado que pueda ayudarle a evitar estas consecuencias que alteran la vida. Nuestro equipo en el PD Law Firm, P.A., trabaja incansablemente para proteger sus derechos y desarrolla la mejor defensa posible para su caso para conseguir que su vida vuelva a la pista. Conducir sin carn\u00e9 Se considera un delito conducir sin un permiso de conducir v\u00e1lido en el estado de Florida. Dependiendo de la situaci\u00f3n, esta infracci\u00f3n puede imputarse como delito menor. Sin embargo, conducir sin carn\u00e9 puede acarrear una fuerte multa o incluso penas de c\u00e1rcel. Es posible que se desestimen los cargos y se eliminen de su expediente. Un abogado de defensa criminal en Orlando puede examinar su caso y determinar el mejor curso de acci\u00f3n. Conducir con el permiso caducado o suspendido Los que son sorprendidos conduciendo con un permiso caducado o suspendido pueden enfrentarse a consecuencias m\u00e1s graves. Esta infracci\u00f3n puede ser el resultado de tener demasiados puntos en el carn\u00e9 o de no haber pagado una multa de tr\u00e1fico anterior. No importa la raz\u00f3n, es importante tener un abogado con experiencia de su lado que pueda ayudarle a evitar las sanciones asociadas con este cargo. Robo en tiendas El hurto es un robo que se produce cuando alguien se lleva mercanc\u00eda de una tienda sin pagar. En Florida, el hurto en tiendas se suele considerar un delito menor. Sin embargo, este delito puede ser considerado delito grave en funci\u00f3n del valor de la mercanc\u00eda. The PD Law Firm, P.A., sabe como manejar estos casos y puede ayudarle a evitar una condena. Trabajar con nuestro abogado de defensa criminal Pedro Dearaujo es un abogado brasile\u00f1o de habla portuguesa con s\u00f3lidos conocimientos tanto de inmigraci\u00f3n como de derecho penal. El PD Law Firm, P.A., ha manejado innumerables casos exitosos en Orlando y sabe lo que se necesita para obtener los mejores resultados posibles. Nuestro talentoso equipo trabajar\u00e1 incansablemente en su nombre para conseguir que los cargos en su contra sean desestimados o reducidos. P\u00f3ngase en contacto con The PD Law Firm, PA Una condena penal tiene graves consecuencias que duran toda la vida. Nadie deber\u00eda tener que pasar solo por el sistema de justicia penal. No corra riesgos con su futuro; llame a PD Law Firm, P.A., para programar una consulta con un miembro del equipo hoy mismo. Pedro Dearaujo revisar\u00e1 su caso y determinar\u00e1 el mejor curso de acci\u00f3n a seguir. Trabajamos con clientes de habla inglesa y portuguesa.<\/p>\n","protected":false},"author":1,"featured_media":629,"parent":0,"menu_order":0,"comment_status":"closed","ping_status":"closed","template":"","meta":{"_seopress_robots_primary_cat":"","_seopress_titles_title":"Abogado de Defensa Criminal en Orlando - PD Law Firm, P.A.","_seopress_titles_desc":"Es importante para cualquier persona que enfrenta cargos criminales tener un abogado con experiencia en defensa criminal en Orlando de su lado.","_seopress_robots_index":"","footnotes":""},"class_list":["post-873","page","type-page","status-publish","has-post-thumbnail","hentry","entry","post-inner"],"_links":{"self":[{"href":"https:\/\/pdlaworlando.com\/es\/wp-json\/wp\/v2\/pages\/873","targetHints":{"allow":["GET"]}}],"collection":[{"href":"https:\/\/pdlaworlando.com\/es\/wp-json\/wp\/v2\/pages"}],"about":[{"href":"https:\/\/pdlaworlando.com\/es\/wp-json\/wp\/v2\/types\/page"}],"author":[{"embeddable":true,"href":"https:\/\/pdlaworlando.com\/es\/wp-json\/wp\/v2\/users\/1"}],"replies":[{"embeddable":true,"href":"https:\/\/pdlaworlando.com\/es\/wp-json\/wp\/v2\/comments?post=873"}],"version-history":[{"count":4,"href":"https:\/\/pdlaworlando.com\/es\/wp-json\/wp\/v2\/pages\/873\/revisions"}],"predecessor-version":[{"id":1285,"href":"https:\/\/pdlaworlando.com\/es\/wp-json\/wp\/v2\/pages\/873\/revisions\/1285"}],"wp:featuredmedia":[{"embeddable":true,"href":"https:\/\/pdlaworlando.com\/es\/wp-json\/wp\/v2\/media\/629"}],"wp:attachment":[{"href":"https:\/\/pdlaworlando.com\/es\/wp-json\/wp\/v2\/media?parent=873"}],"curies":[{"name":"wp","href":"https:\/\/api.w.org\/{rel}","templated":true}]}}