{"id":883,"date":"2023-05-09T07:16:44","date_gmt":"2023-05-09T12:16:44","guid":{"rendered":"https:\/\/pdlaworlando.com\/derecho-mercantil-y-contratos\/"},"modified":"2023-08-17T19:40:06","modified_gmt":"2023-08-18T00:40:06","slug":"abogado-de-derecho-empresarial-y-contratos-en-orlando","status":"publish","type":"page","link":"https:\/\/pdlaworlando.com\/es\/abogado-de-derecho-empresarial-y-contratos-en-orlando\/","title":{"rendered":"Abogado de Derecho Empresarial y Contratos en Orlando"},"content":{"rendered":"<div class=\"wp-block-image\">\n<figure class=\"alignleft size-full is-resized\"><img loading=\"lazy\" decoding=\"async\" src=\"https:\/\/pdlaworlando.com\/wp-content\/uploads\/closeup-hands-passing-contract-unrecognizable-businessman.jpg\" alt=\"abogado de contratos en orlando\" class=\"wp-image-580\" width=\"276\" height=\"184\" srcset=\"https:\/\/pdlaworlando.com\/wp-content\/uploads\/closeup-hands-passing-contract-unrecognizable-businessman.jpg 1000w, https:\/\/pdlaworlando.com\/wp-content\/uploads\/closeup-hands-passing-contract-unrecognizable-businessman-300x200.jpg 300w, https:\/\/pdlaworlando.com\/wp-content\/uploads\/closeup-hands-passing-contract-unrecognizable-businessman-768x512.jpg 768w\" sizes=\"auto, (max-width: 276px) 100vw, 276px\" \/><\/figure>\n<\/div>\n\n\n<p>Crear una empresa en Florida implica tomar muchas decisiones. Tendr\u00e1 que considerar los derechos y responsabilidades de los propietarios de la empresa, el arrendamiento y explotaci\u00f3n de bienes inmuebles, la prestaci\u00f3n de servicios y ventas a clientes, y su relaci\u00f3n con contratistas y empleados.  <\/p>\n\n\n\n<p><a href=\"https:\/\/www.entrepreneur.com\/business-news\/5-ways-contracts-are-an-entrepreneurs-best-friend\/326645\" target=\"_blank\" rel=\"noreferrer noopener\">Un contrato bien redactado es esencial para hacer crecer su negocio <\/a>y proteger sus derechos en Florida. De hecho, fuera de circunstancias especiales, muchos derechos y acuerdos s\u00f3lo pueden ser aplicados por los tribunales si existe un escrito. Algunos ejemplos son ciertos tipos de arrendamientos y transferencias de propiedad, la posibilidad de hacer que una parte adversaria pague los honorarios de su abogado y los costes legales si se ve obligado a demandarla, y la posibilidad de hacer cumplir contratos de venta de bienes vendidos por 500 d\u00f3lares o m\u00e1s.  <\/p>\n\n\n\n<p>Cada contrato es una colaboraci\u00f3n entre nosotros y el cliente. Los siguientes son algunos de los tipos de contratos que podemos elaborar para usted:  <\/p>\n\n\n\n<h2 class=\"wp-block-heading\"><strong>Gobierno corporativo:<\/strong><\/h2>\n\n\n\n<ul class=\"wp-block-list\">\n<li>Escritura de constituci\u00f3n y estatutos  <\/li>\n\n\n\n<li>Estatutos y acuerdos de funcionamiento  <\/li>\n\n\n\n<li>Acuerdos de confidencialidad y no divulgaci\u00f3n<\/li>\n\n\n\n<li>Acuerdos de distribuci\u00f3n<\/li>\n\n\n\n<li>Acuerdos de suscripci\u00f3n<\/li>\n\n\n\n<li>Contratos de compraventa y contratos de servicios<\/li>\n<\/ul>\n\n\n\n<h2 class=\"wp-block-heading\"><strong>Inmobiliaria:  <\/strong><\/h2>\n\n\n\n<ul class=\"wp-block-list\">\n<li>Contrato de arrendamiento comercial y residencial<\/li>\n\n\n\n<li>Pagar\u00e9s e hipotecas<\/li>\n<\/ul>\n\n\n\n<h2 class=\"wp-block-heading\"><strong>Contratos de trabajo:  <\/strong><\/h2>\n\n\n\n<ul class=\"wp-block-list\">\n<li>Manuales del empleado y pol\u00edticas de empresa  <\/li>\n\n\n\n<li>Contratos de trabajo<\/li>\n\n\n\n<li>Acuerdos de no competencia<\/li>\n<\/ul>\n\n\n\n<p>Adem\u00e1s de redactar el contrato, podemos prestarle servicios para hacer cumplir los t\u00e9rminos de sus acuerdos y defender sus intereses durante un litigio. P\u00f3ngase en contacto con nosotros hoy mismo para una consulta.  <\/p>\n","protected":false},"excerpt":{"rendered":"<p>Crear una empresa en Florida implica tomar muchas decisiones. Tendr\u00e1 que considerar los derechos y responsabilidades de los propietarios de la empresa, el arrendamiento y explotaci\u00f3n de bienes inmuebles, la prestaci\u00f3n de servicios y ventas a clientes, y su relaci\u00f3n con contratistas y empleados. Un contrato bien redactado es esencial para hacer crecer su negocio y proteger sus derechos en Florida. De hecho, fuera de circunstancias especiales, muchos derechos y acuerdos s\u00f3lo pueden ser aplicados por los tribunales si existe un escrito. Algunos ejemplos son ciertos tipos de arrendamientos y transferencias de propiedad, la posibilidad de hacer que una parte adversaria pague los honorarios de su abogado y los costes legales si se ve obligado a demandarla, y la posibilidad de hacer cumplir contratos de venta de bienes vendidos por 500 d\u00f3lares o m\u00e1s. Cada contrato es una colaboraci\u00f3n entre nosotros y el cliente. Los siguientes son algunos de los tipos de contratos que podemos elaborar para usted: Gobierno corporativo: Inmobiliaria: Contratos de trabajo: Adem\u00e1s de redactar el contrato, podemos prestarle servicios para hacer cumplir los t\u00e9rminos de sus acuerdos y defender sus intereses durante un litigio. P\u00f3ngase en contacto con nosotros hoy mismo para una consulta.<\/p>\n","protected":false},"author":1,"featured_media":667,"parent":0,"menu_order":0,"comment_status":"closed","ping_status":"closed","template":"","meta":{"_seopress_robots_primary_cat":"","_seopress_titles_title":"Abogado de Derecho Empresarial y Contratos en Orlando %%sep%% %%sitename%%","_seopress_titles_desc":"Un contrato bien redactado es esencial para hacer crecer su negocio y proteger sus derechos en Florida. Deje que PD Law redacte su pr\u00f3ximo contrato","_seopress_robots_index":"","footnotes":""},"class_list":["post-883","page","type-page","status-publish","has-post-thumbnail","hentry","entry","post-inner"],"_links":{"self":[{"href":"https:\/\/pdlaworlando.com\/es\/wp-json\/wp\/v2\/pages\/883","targetHints":{"allow":["GET"]}}],"collection":[{"href":"https:\/\/pdlaworlando.com\/es\/wp-json\/wp\/v2\/pages"}],"about":[{"href":"https:\/\/pdlaworlando.com\/es\/wp-json\/wp\/v2\/types\/page"}],"author":[{"embeddable":true,"href":"https:\/\/pdlaworlando.com\/es\/wp-json\/wp\/v2\/users\/1"}],"replies":[{"embeddable":true,"href":"https:\/\/pdlaworlando.com\/es\/wp-json\/wp\/v2\/comments?post=883"}],"version-history":[{"count":2,"href":"https:\/\/pdlaworlando.com\/es\/wp-json\/wp\/v2\/pages\/883\/revisions"}],"predecessor-version":[{"id":1053,"href":"https:\/\/pdlaworlando.com\/es\/wp-json\/wp\/v2\/pages\/883\/revisions\/1053"}],"wp:featuredmedia":[{"embeddable":true,"href":"https:\/\/pdlaworlando.com\/es\/wp-json\/wp\/v2\/media\/667"}],"wp:attachment":[{"href":"https:\/\/pdlaworlando.com\/es\/wp-json\/wp\/v2\/media?parent=883"}],"curies":[{"name":"wp","href":"https:\/\/api.w.org\/{rel}","templated":true}]}}