{"id":884,"date":"2021-11-17T10:44:17","date_gmt":"2021-11-17T15:44:17","guid":{"rendered":"https:\/\/pdlaworlando.com\/politica-de-privacidad\/"},"modified":"2024-06-29T13:31:03","modified_gmt":"2024-06-29T18:31:03","slug":"politica-de-privacidad","status":"publish","type":"page","link":"https:\/\/pdlaworlando.com\/es\/politica-de-privacidad\/","title":{"rendered":"Pol\u00edtica de privacidad"},"content":{"rendered":"<div class=\"wpb-content-wrapper\">[vc_row][vc_column][vc_column_text]\r\n\r\n<h1 style=\"font-size: 25px; color: black; text-shadow: none; text-align: leeft; \">  \r\nPol\u00edtica de privacidad\r\n\r\n<\/h1>\r\n\r\n<p>This Privacy Policy governs the manner in which Orange Rock Media collects, uses, maintains and discloses information collected from users (each, a \u201cUser\u201d) of the <a href=\"https:\/\/pdlaworlando.com\/\">pdlaworlando.com<\/a> website (\u201cSite\u201d). This privacy policy applies to the Site and all products and services offered by <strong>PD Law Firm P.A<\/strong>. <\/p>\r\n<p>&nbsp;<\/p>\r\n<p><\/p>\r\n<h3 class=\"wp-block-heading\">Datos de identificaci\u00f3n personal<\/h3>\r\n<p><\/p>\r\n<p>We may collect personal identification information from Users in a variety of ways, including, but not limited to, when Users visit our site, register on the site, place an order, subscribe to the newsletter, respond to a survey, fill out a form, and in connection with other activities, services, features or resources we make available on our Site. Users may be asked for, as appropriate, name, email address, mailing address, phone number, credit card information. Users may, however, visit our Site anonymously. We will collect personal identification information from Users only if they voluntarily submit such information to us. Users can always refuse to supply personally identification information, except that it may prevent them from engaging in certain Site related activities. <\/p>\r\n<p>&nbsp;<\/p>\r\n<p><\/p>\r\n<h3 class=\"wp-block-heading\">Informaci\u00f3n de identificaci\u00f3n no personal<\/h3>\r\n<p><\/p>\r\n<p>We may collect non-personal identification information about Users whenever they interact with our Site. Non-personal identification information may include the browser name, the type of computer and technical information about Users&#8217; means of connection to our Site, such as the operating system and the Internet service providers utilized and other similar information. <\/p>\r\n<p>&nbsp;<\/p>\r\n<p><\/p>\r\n<h3 class=\"wp-block-heading\">Cookies del navegador web<\/h3>\r\n<p><\/p>\r\n<p>Our Site may use \u201ccookies\u201d to enhance User experience. User\u2019s web browser places cookies on their hard drive for record-keeping purposes and sometimes to track information about them. User may choose to set their web browser to refuse cookies, or to alert you when cookies are being sent. If they do so, note that some parts of the Site may not function properly. <\/p>\r\n<p>&nbsp;<\/p>\r\n<p><\/p>\r\n<h3 class=\"wp-block-heading\">C\u00f3mo utilizamos la informaci\u00f3n recopilada<\/h3>\r\n<p><\/p>\r\n<p>Orange Rock Media may collect and use Users personal information for the following purposes: <\/p>\r\n<p>&nbsp;<\/p>\r\n<p><\/p>\r\n<ul class=\"wp-block-list\">\r\n<li><em>&#8211; Para mejorar el servicio al cliente<\/em><em> <br \/><\/em>La informaci\u00f3n que nos proporciona nos ayuda a responder a sus solicitudes de servicio al cliente y a sus necesidades de asistencia de forma m\u00e1s eficaz.<\/li>\r\n<li><em>&#8211; Para personalizar la experiencia del usuario<\/em><em> <br \/><\/em>Podemos utilizar la informaci\u00f3n en conjunto para entender c\u00f3mo nuestros Usuarios como grupo utilizan los servicios y recursos proporcionados en nuestro Sitio.<\/li>\r\n<li><em>&#8211; Para mejorar nuestro sitio web<\/em><em> <br \/><\/em>Podemos utilizar sus comentarios para mejorar nuestros productos y servicios.<\/li>\r\n<li><em>&#8211; Para procesar los pagos<\/em><em><br \/><\/em>Podemos utilizar la informaci\u00f3n que los Usuarios proporcionan sobre s\u00ed mismos al realizar un pedido \u00fanicamente para prestar servicio a dicho pedido. No compartimos esta informaci\u00f3n con terceros salvo en la medida necesaria para prestar el servicio.<\/li>\r\n<li><em>&#8211; Para llevar a cabo una promoci\u00f3n, concurso, encuesta u otra funci\u00f3n del sitio.<\/em><em> <br \/><\/em>Para enviar a los usuarios informaci\u00f3n que hayan aceptado recibir sobre temas que consideremos de su inter\u00e9s.<\/li>\r\n<li><em>&#8211; Para enviar correos electr\u00f3nicos peri\u00f3dicos<\/em><em><br \/><\/em>Podemos utilizar la direcci\u00f3n de correo electr\u00f3nico para enviar al Usuario informaci\u00f3n y actualizaciones relativas a su pedido. Tambi\u00e9n puede utilizarse para responder a sus consultas, preguntas y\/u otras solicitudes. Si el usuario decide inscribirse en nuestra lista de correo, recibir\u00e1 correos electr\u00f3nicos que pueden incluir noticias de la empresa, actualizaciones, informaci\u00f3n relacionada con productos o servicios, etc. Si en alg\u00fan momento el Usuario desea darse de baja de la recepci\u00f3n de futuros correos electr\u00f3nicos, incluimos instrucciones detalladas para darse de baja en la parte inferior de cada correo electr\u00f3nico o el Usuario puede ponerse en contacto con nosotros a trav\u00e9s de nuestro Sitio.<\/li>\r\n<\/ul>\r\n<p><\/p>\r\n<p>&nbsp;<\/p>\r\n<p><\/p>\r\n<h3 class=\"wp-block-heading\">C\u00f3mo protegemos su informaci\u00f3n<\/h3>\r\n<p><\/p>\r\n<p>We adopt appropriate data collection, storage and processing practices and security measures to protect against unauthorized access, alteration, disclosure or destruction of your personal information, username, password, transaction information and data stored on our Site. <\/p>\r\n<p>&nbsp;<\/p>\r\n<p><\/p>\r\n<h3 class=\"wp-block-heading\">Compartir su informaci\u00f3n personal<\/h3>\r\n<p><\/p>\r\n<p>We do not sell, trade, or rent Users personal identification information to others. We may share generic aggregated demographic information not linked to any personal identification information regarding visitors and users with our business partners, trusted affiliates and advertisers for the purposes outlined above.We may use third party service providers to help us operate our business and the Site or administer activities on our behalf, such as sending out newsletters or surveys. We may share your information with these third parties for those limited purposes provided that you have given us your permission. <\/p>\r\n<p>&nbsp;<\/p>\r\n<p><\/p>\r\n<h3 class=\"wp-block-heading\">Sitios web de terceros<\/h3>\r\n<p><\/p>\r\n<p>Users may find advertising or other content on our Site that link to the sites and services of our partners, suppliers, advertisers, sponsors, licensors and other third parties. We do not control the content or links that appear on these sites and are not responsible for the practices employed by websites linked to or from our Site. In addition, these sites or services, including their content and links, may be constantly changing. These sites and services may have their own privacy policies and customer service policies. Browsing and interaction on any other website, including websites which have a link to our Site, is subject to that website\u2019s own terms and policies. <\/p>\r\n<p>&nbsp;<\/p>\r\n<p><\/p>\r\n<h3 class=\"wp-block-heading\">Cumplimiento de la Ley de Protecci\u00f3n de la Privacidad Infantil en Internet<\/h3>\r\n<p><\/p>\r\n<p>Protecting the privacy of the very young is especially important. For that reason, we never collect or maintain information at our Site from those we actually know are under 13, and no part of our website is structured to attract anyone under 13. <\/p>\r\n<p>&nbsp;<\/p>\r\n<p><\/p>\r\n<h3 class=\"wp-block-heading\">Cambios en esta pol\u00edtica de privacidad<\/h3>\r\n<p><\/p>\r\n<p>Orange Rock Media has the discretion to update this privacy policy at any time. When we do, we will post a notification on the main page of our Site, revise the updated date at the bottom of this page and send you an email. We encourage Users to frequently check this page for any changes to stay informed about how we are helping to protect the personal information we collect. You acknowledge and agree that it is your responsibility to review this privacy policy periodically and become aware of modifications. <\/p>\r\n<p>&nbsp;<\/p>\r\n<p><\/p>\r\n<h3 class=\"wp-block-heading\">Su aceptaci\u00f3n de estas condiciones<\/h3>\r\n<p><\/p>\r\n<p>By using this Site, you signify your acceptance of this policy and terms of service. If you do not agree to this policy, please do not use our Site. Your continued use of the Site following the posting of changes to this policy will be deemed your acceptance of those changes. <\/p>\r\n<p>&nbsp;<\/p>\r\n<p><\/p>\r\n<h2 class=\"wp-block-heading\">Contacto<\/h2>\r\n<p><\/p>\r\n<p>If you have any questions about this Privacy Policy, the practices of this site, or your dealings with this site, please contact us at: <\/p>\r\n<p><strong>PD Law Firm<\/strong><strong><br \/><\/strong><strong>Pedro Dearaujo<\/strong><strong><br \/><\/strong>6965 Piazza Grande Ave, Suite 303<br \/>Orlando FL 32835<br \/>info@pdlaworlando.com <\/p>\r\n<p>&nbsp;<\/p>\r\n[\/vc_column_text][\/vc_column][\/vc_row]<\/div>","protected":false},"excerpt":{"rendered":"<p>[vc_row][vc_column][vc_column_text] Pol\u00edtica de privacidad This Privacy Policy governs the manner in which Orange Rock Media collects, uses, maintains and discloses information collected from users (each, a \u201cUser\u201d) of the pdlaworlando.com website (\u201cSite\u201d). This privacy policy applies to the Site and all products and services offered by PD Law Firm P.A. &nbsp; Datos de identificaci\u00f3n personal We may collect personal identification information from Users in a variety of ways, including, but not limited to, when Users visit our site, register on the site, place an order, subscribe to the newsletter, respond to a survey, fill out a form, and in connection with other activities, services, features or resources we make available on our Site. Users may be asked for, as appropriate, name, email address, mailing address, phone number, credit card information. Users may, however, visit our Site anonymously. We will collect personal identification information from Users only if they voluntarily submit such information to us. Users can always refuse to supply personally identification information, except that it may prevent them from engaging in certain Site related activities. &nbsp; Informaci\u00f3n de identificaci\u00f3n no personal We may collect non-personal identification information about Users whenever they interact with our Site. Non-personal identification information may include the browser name, the type of computer and technical information about Users&#8217; means of connection to our Site, such as the operating system and the Internet service providers utilized and other similar information. &nbsp; Cookies del navegador web Our Site may use \u201ccookies\u201d to enhance User experience. User\u2019s web browser places cookies on their hard drive for record-keeping purposes and sometimes to track information about them. User may choose to set their web browser to refuse cookies, or to alert you when cookies are being sent. If they do so, note that some parts of the Site may not function properly. &nbsp; C\u00f3mo utilizamos la informaci\u00f3n recopilada Orange Rock Media may collect and use Users personal information for the following purposes: &nbsp; &#8211; Para mejorar el servicio al cliente La informaci\u00f3n que nos proporciona nos ayuda a responder a sus solicitudes de servicio al cliente y a sus necesidades de asistencia de forma m\u00e1s eficaz. &#8211; Para personalizar la experiencia del usuario Podemos utilizar la informaci\u00f3n en conjunto para entender c\u00f3mo nuestros Usuarios como grupo utilizan los servicios y recursos proporcionados en nuestro Sitio. &#8211; Para mejorar nuestro sitio web Podemos utilizar sus comentarios para mejorar nuestros productos y servicios. &#8211; Para procesar los pagosPodemos utilizar la informaci\u00f3n que los Usuarios proporcionan sobre s\u00ed mismos al realizar un pedido \u00fanicamente para prestar servicio a dicho pedido. No compartimos esta informaci\u00f3n con terceros salvo en la medida necesaria para prestar el servicio. &#8211; Para llevar a cabo una promoci\u00f3n, concurso, encuesta u otra funci\u00f3n del sitio. Para enviar a los usuarios informaci\u00f3n que hayan aceptado recibir sobre temas que consideremos de su inter\u00e9s. &#8211; Para enviar correos electr\u00f3nicos peri\u00f3dicosPodemos utilizar la direcci\u00f3n de correo electr\u00f3nico para enviar al Usuario informaci\u00f3n y actualizaciones relativas a su pedido. Tambi\u00e9n puede utilizarse para responder a sus consultas, preguntas y\/u otras solicitudes. Si el usuario decide inscribirse en nuestra lista de correo, recibir\u00e1 correos electr\u00f3nicos que pueden incluir noticias de la empresa, actualizaciones, informaci\u00f3n relacionada con productos o servicios, etc. Si en alg\u00fan momento el Usuario desea darse de baja de la recepci\u00f3n de futuros correos electr\u00f3nicos, incluimos instrucciones detalladas para darse de baja en la parte inferior de cada correo electr\u00f3nico o el Usuario puede ponerse en contacto con nosotros a trav\u00e9s de nuestro Sitio. &nbsp; C\u00f3mo protegemos su informaci\u00f3n We adopt appropriate data collection, storage and processing practices and security measures to protect against unauthorized access, alteration, disclosure or destruction of your personal information, username, password, transaction information and data stored on our Site. &nbsp; Compartir su informaci\u00f3n personal We do not sell, trade, or rent Users personal identification information to others. We may share generic aggregated demographic information not linked to any personal identification information regarding visitors and users with our business partners, trusted affiliates and advertisers for the purposes outlined above.We may use third party service providers to help us operate our business and the Site or administer activities on our behalf, such as sending out newsletters or surveys. We may share your information with these third parties for those limited purposes provided that you have given us your permission. &nbsp; Sitios web de terceros Users may find advertising or other content on our Site that link to the sites and services of our partners, suppliers, advertisers, sponsors, licensors and other third parties. We do not control the content or links that appear on these sites and are not responsible for the practices employed by websites linked to or from our Site. In addition, these sites or services, including their content and links, may be constantly changing. These sites and services may have their own privacy policies and customer service policies. Browsing and interaction on any other website, including websites which have a link to our Site, is subject to that website\u2019s own terms and policies. &nbsp; Cumplimiento de la Ley de Protecci\u00f3n de la Privacidad Infantil en Internet Protecting the privacy of the very young is especially important. For that reason, we never collect or maintain information at our Site from those we actually know are under 13, and no part of our website is structured to attract anyone under 13. &nbsp; Cambios en esta pol\u00edtica de privacidad Orange Rock Media has the discretion to update this privacy policy at any time. When we do, we will post a notification on the main page of our Site, revise the updated date at the bottom of this page and send you an email. We encourage Users to frequently check this page for any changes to stay informed about how we are helping to protect the personal information we collect. You acknowledge and agree that it is your responsibility to review this privacy policy periodically and become aware of modifications. &nbsp; Su aceptaci\u00f3n de estas condiciones By using this Site, you<\/p>\n","protected":false},"author":1,"featured_media":0,"parent":0,"menu_order":0,"comment_status":"closed","ping_status":"closed","template":"","meta":{"_seopress_robots_primary_cat":"","_seopress_titles_title":"","_seopress_titles_desc":"At PD Law Firm, we prioritize your privacy. Read our comprehensive privacy policy to understand how we protect your personal information. Trust us with your legal needs.","_seopress_robots_index":"","footnotes":""},"class_list":["post-884","page","type-page","status-publish","hentry","entry","post-inner"],"_links":{"self":[{"href":"https:\/\/pdlaworlando.com\/es\/wp-json\/wp\/v2\/pages\/884","targetHints":{"allow":["GET"]}}],"collection":[{"href":"https:\/\/pdlaworlando.com\/es\/wp-json\/wp\/v2\/pages"}],"about":[{"href":"https:\/\/pdlaworlando.com\/es\/wp-json\/wp\/v2\/types\/page"}],"author":[{"embeddable":true,"href":"https:\/\/pdlaworlando.com\/es\/wp-json\/wp\/v2\/users\/1"}],"replies":[{"embeddable":true,"href":"https:\/\/pdlaworlando.com\/es\/wp-json\/wp\/v2\/comments?post=884"}],"version-history":[{"count":4,"href":"https:\/\/pdlaworlando.com\/es\/wp-json\/wp\/v2\/pages\/884\/revisions"}],"predecessor-version":[{"id":1270,"href":"https:\/\/pdlaworlando.com\/es\/wp-json\/wp\/v2\/pages\/884\/revisions\/1270"}],"wp:attachment":[{"href":"https:\/\/pdlaworlando.com\/es\/wp-json\/wp\/v2\/media?parent=884"}],"curies":[{"name":"wp","href":"https:\/\/api.w.org\/{rel}","templated":true}]}}