{"id":1109,"date":"2024-01-04T18:01:35","date_gmt":"2024-01-04T23:01:35","guid":{"rendered":"https:\/\/pdlaworlando.com\/escritorios-de-advocacia-pd-p-a-tampa\/"},"modified":"2024-01-04T18:26:00","modified_gmt":"2024-01-04T23:26:00","slug":"pd-law-tampa","status":"publish","type":"page","link":"https:\/\/pdlaworlando.com\/pt-br\/pd-law-tampa\/","title":{"rendered":"PD Law Tampa"},"content":{"rendered":"\n<h2 class=\"wp-block-heading\">Direito de Imigra\u00e7\u00e3o, Criminal, Fam\u00edlia e Imobili\u00e1rio<\/h2>\n\n\n\n<p>Somos um distinto escrit\u00f3rio de advocacia sediado na vibrante cidade de Tampa, Fl\u00f3rida, liderado pelo altamente estimado e talentoso advogado <a href=\"https:\/\/pdlaworlando.com\/pt-br\/sobre\/\">Pedro Dearaujo<\/a>. Com anos de experi\u00eancia e um s\u00f3lido hist\u00f3rico de sucesso, nosso escrit\u00f3rio estabeleceu uma reputa\u00e7\u00e3o de prestar servi\u00e7os jur\u00eddicos excepcionais a clientes de todas as esferas da vida.<\/p>\n\n\n\n<p>Em nossa empresa, temos orgulho de nossos recursos multil\u00edngues. Nossa equipe dedicada n\u00e3o apenas domina o ingl\u00eas, mas tamb\u00e9m \u00e9 fluente em espanhol e portugu\u00eas, o que garante uma comunica\u00e7\u00e3o perfeita e eficaz com nossa clientela diversificada. Esse conhecimento lingu\u00edstico nos permite atender \u00e0s necessidades de indiv\u00edduos de diferentes origens culturais, promovendo relacionamentos s\u00f3lidos e confi\u00e1veis com nossos clientes.<\/p>\n\n\n\n<div class=\"wp-block-columns is-layout-flex wp-container-core-columns-is-layout-9d6595d7 wp-block-columns-is-layout-flex\">\n<div class=\"wp-block-column is-vertically-aligned-center is-layout-flow wp-block-column-is-layout-flow\">\n<h2 class=\"has-text-align-center wp-block-heading\"><strong>PD Law Tampa<\/strong><\/h2>\n\n\n\n<p class=\"has-text-align-center\">3030 N Rocky Point Dr W Suite 150<br>Tampa, FL 33607<br><strong>Telefone<\/strong>: 813-833-8650<\/p>\n<\/div>\n\n\n\n<div class=\"wp-block-column is-layout-flow wp-block-column-is-layout-flow\">\n<iframe src=\"https:\/\/www.google.com\/maps\/embed?pb=!1m18!1m12!1m3!1d3523.8190538904396!2d-82.57238862385249!3d27.968827313909046!2m3!1f0!2f0!3f0!3m2!1i1024!2i768!4f13.1!3m3!1m2!1s0x88c2e9d08ae0412d%3A0x726a33072ab5eca2!2s3030%20N%20Rocky%20Point%20Dr%20W%20Suite%20150P%2C%20Tampa%2C%20FL%2033607!5e0!3m2!1sen!2sus!4v1704409796908!5m2!1sen!2sus\" width=\"300\" height=\"300\" style=\"border:0;\" allowfullscreen=\"\" loading=\"lazy\" referrerpolicy=\"no-referrer-when-downgrade\"><\/iframe>\n<\/div>\n<\/div>\n\n\n\n<h2 class=\"wp-block-heading\" id=\"h-lei-de-imigracao\">Lei de Imigra\u00e7\u00e3o<\/h2>\n\n\n\n<p>No PD Law Offices, somos especializados em uma ampla gama de <a href=\"https:\/\/pdlaworlando.com\/pt-br\/imigracao\/\">servi\u00e7os de direito de imigra\u00e7\u00e3o<\/a>, atendendo \u00e0s necessidades exclusivas de cada cliente. Com um profundo conhecimento das complexidades e nuances dos procedimentos de imigra\u00e7\u00e3o, nossa equipe dedicada oferece orienta\u00e7\u00e3o e suporte personalizados durante todo o processo.<\/p>\n\n\n\n<p>Desde os pedidos e peti\u00e7\u00f5es iniciais de visto at\u00e9 a defesa da naturaliza\u00e7\u00e3o e da deporta\u00e7\u00e3o, lidamos com todos os aspectos do seu caso com aten\u00e7\u00e3o meticulosa aos detalhes e m\u00e1xima dilig\u00eancia. Nossos advogados experientes t\u00eam o compromisso de ajudar indiv\u00edduos e fam\u00edlias a realizar seu sonho de viver e prosperar nos Estados Unidos.<\/p>\n\n\n\n<p>Com nossa ampla gama de servi\u00e7os, voc\u00ea pode confiar em n\u00f3s para navegar pelo complexo cen\u00e1rio jur\u00eddico em seu nome, garantindo que sua jornada de imigra\u00e7\u00e3o seja tranquila e bem-sucedida. Entre em contato conosco hoje mesmo para discutir suas necessidades espec\u00edficas e deixe-nos ajud\u00e1-lo a pavimentar o caminho para um futuro melhor nos Estados Unidos.<\/p>\n\n\n\n<h2 class=\"wp-block-heading\" id=\"h-direito-penal\">Direito Penal<\/h2>\n\n\n\n<p>Ser acusado de um delito criminal pode ser uma experi\u00eancia incrivelmente desanimadora e assustadora. No PD Law Offices, entendemos a gravidade da situa\u00e7\u00e3o e estamos aqui para apoi\u00e1-lo em todas as etapas do processo. Nossa equipe de <a href=\"https:\/\/pdlaworlando.com\/pt-br\/advogado-de-defesa-criminal\/\">advogados de defesa criminal<\/a> altamente qualificados e experientes se dedica a proteger seus direitos e a oferecer uma representa\u00e7\u00e3o agressiva e estrat\u00e9gica.<\/p>\n\n\n\n<p>Com um hist\u00f3rico comprovado no tratamento de uma ampla gama de casos, de contraven\u00e7\u00f5es a crimes, temos a experi\u00eancia e o conhecimento para navegar pelas complexidades do sistema jur\u00eddico. N\u00e3o deixamos pedra sobre pedra em nossa busca por justi\u00e7a e trabalhamos incansavelmente para obter o melhor resultado poss\u00edvel para nossos clientes.<\/p>\n\n\n\n<p>Tenha certeza de que, ao escolher o PD Law Offices, voc\u00ea estar\u00e1 escolhendo uma equipe comprometida em lutar por seus direitos, defender seus melhores interesses e garantir que voc\u00ea tenha a defesa mais forte poss\u00edvel. Voc\u00ea n\u00e3o precisa enfrentar essa situa\u00e7\u00e3o desafiadora sozinho. Deixe-nos estar ao seu lado e ajud\u00e1-lo a navegar pelo processo jur\u00eddico com confian\u00e7a.<\/p>\n\n\n\n<h2 class=\"wp-block-heading\" id=\"h-direito-da-familia\">Direito da fam\u00edlia<\/h2>\n\n\n\n<p>A resolu\u00e7\u00e3o de quest\u00f5es de direito de fam\u00edlia pode ser emocionalmente desgastante. Em nossa empresa, entendemos as complexidades e sensibilidades inerentes a essas quest\u00f5es. Nossa experiente equipe de <a href=\"https:\/\/pdlaworlando.com\/pt-br\/direito-da-familia\/\">advogados de fam\u00edlia<\/a> oferece aconselhamento jur\u00eddico compassivo e solid\u00e1rio em uma ampla gama de \u00e1reas, incluindo div\u00f3rcio, guarda de filhos, pens\u00e3o aliment\u00edcia e muito mais. N\u00f3s nos dedicamos a proteger seus interesses e a trabalhar para obter resultados que n\u00e3o apenas atendam \u00e0s suas necessidades imediatas, mas tamb\u00e9m promovam a harmonia familiar de longo prazo. Com nossa experi\u00eancia e abordagem personalizada, voc\u00ea pode confiar em n\u00f3s para orient\u00e1-lo em todas as etapas do processo, garantindo que sua voz seja ouvida e seus direitos sejam defendidos.<\/p>\n\n\n\n<h2 class=\"wp-block-heading\" id=\"h-direito-imobiliario\">Direito Imobili\u00e1rio<\/h2>\n\n\n\n<p>Navegar no cen\u00e1rio imobili\u00e1rio intrincado e em constante evolu\u00e7\u00e3o pode ser uma tarefa complexa. Em nosso escrit\u00f3rio, oferecemos uma gama abrangente de servi\u00e7os <a href=\"https:\/\/pdlaworlando.com\/pt-br\/direito-imobiliario-e-direito-do-senhorio-inquilino\/\">de direito imobili\u00e1rio<\/a> adaptados para atender \u00e0s suas necessidades espec\u00edficas. Desde a facilita\u00e7\u00e3o de transa\u00e7\u00f5es imobili\u00e1rias perfeitas at\u00e9 a resolu\u00e7\u00e3o eficaz de problemas de locador-inquilino e o tratamento de disputas, nossa equipe dedicada tem o compromisso de oferecer o m\u00e1ximo de profissionalismo e especializa\u00e7\u00e3o. Com um foco inabal\u00e1vel em garantir transa\u00e7\u00f5es tranquilas e eficientes, n\u00f3s nos esfor\u00e7amos para superar suas expectativas e oferecer resultados excepcionais. Confie em n\u00f3s para navegar pelas complexidades do mundo imobili\u00e1rio, para que voc\u00ea possa tomar decis\u00f5es informadas com confian\u00e7a e tranquilidade.<\/p>\n\n\n\n<h2 class=\"wp-block-heading\" id=\"h-em-conclusao\">Em conclus\u00e3o<\/h2>\n\n\n\n<p>No PD Law Offices P.A., nos dedicamos a prestar servi\u00e7os jur\u00eddicos excepcionais do mais alto calibre. Com nossa ampla experi\u00eancia e profundo conhecimento da lei, n\u00f3s nos esfor\u00e7amos para tratar de seus assuntos jur\u00eddicos com o m\u00e1ximo de profissionalismo e habilidade. Nossa abordagem compassiva garante que n\u00e3o apenas abordemos suas preocupa\u00e7\u00f5es, mas tamb\u00e9m tenhamos empatia com sua situa\u00e7\u00e3o espec\u00edfica. Voc\u00ea pode confiar em n\u00f3s para sermos seus defensores inabal\u00e1veis, permanecendo ao seu lado at\u00e9 mesmo durante as batalhas jur\u00eddicas mais complexas e desafiadoras. Fique tranquilo, pois temos o compromisso de navegar pelas complexidades do sistema jur\u00eddico em seu nome e obter os melhores resultados poss\u00edveis.<\/p>\n","protected":false},"excerpt":{"rendered":"<p>Direito de Imigra\u00e7\u00e3o, Criminal, Fam\u00edlia e Imobili\u00e1rio Somos um distinto escrit\u00f3rio de advocacia sediado na vibrante cidade de Tampa, Fl\u00f3rida, liderado pelo altamente estimado e talentoso advogado Pedro Dearaujo. Com anos de experi\u00eancia e um s\u00f3lido hist\u00f3rico de sucesso, nosso escrit\u00f3rio estabeleceu uma reputa\u00e7\u00e3o de prestar servi\u00e7os jur\u00eddicos excepcionais a clientes de todas as esferas da vida. Em nossa empresa, temos orgulho de nossos recursos multil\u00edngues. Nossa equipe dedicada n\u00e3o apenas domina o ingl\u00eas, mas tamb\u00e9m \u00e9 fluente em espanhol e portugu\u00eas, o que garante uma comunica\u00e7\u00e3o perfeita e eficaz com nossa clientela diversificada. Esse conhecimento lingu\u00edstico nos permite atender \u00e0s necessidades de indiv\u00edduos de diferentes origens culturais, promovendo relacionamentos s\u00f3lidos e confi\u00e1veis com nossos clientes. PD Law Tampa 3030 N Rocky Point Dr W Suite 150Tampa, FL 33607Telefone: 813-833-8650 Lei de Imigra\u00e7\u00e3o No PD Law Offices, somos especializados em uma ampla gama de servi\u00e7os de direito de imigra\u00e7\u00e3o, atendendo \u00e0s necessidades exclusivas de cada cliente. Com um profundo conhecimento das complexidades e nuances dos procedimentos de imigra\u00e7\u00e3o, nossa equipe dedicada oferece orienta\u00e7\u00e3o e suporte personalizados durante todo o processo. Desde os pedidos e peti\u00e7\u00f5es iniciais de visto at\u00e9 a defesa da naturaliza\u00e7\u00e3o e da deporta\u00e7\u00e3o, lidamos com todos os aspectos do seu caso com aten\u00e7\u00e3o meticulosa aos detalhes e m\u00e1xima dilig\u00eancia. Nossos advogados experientes t\u00eam o compromisso de ajudar indiv\u00edduos e fam\u00edlias a realizar seu sonho de viver e prosperar nos Estados Unidos. Com nossa ampla gama de servi\u00e7os, voc\u00ea pode confiar em n\u00f3s para navegar pelo complexo cen\u00e1rio jur\u00eddico em seu nome, garantindo que sua jornada de imigra\u00e7\u00e3o seja tranquila e bem-sucedida. Entre em contato conosco hoje mesmo para discutir suas necessidades espec\u00edficas e deixe-nos ajud\u00e1-lo a pavimentar o caminho para um futuro melhor nos Estados Unidos. Direito Penal Ser acusado de um delito criminal pode ser uma experi\u00eancia incrivelmente desanimadora e assustadora. No PD Law Offices, entendemos a gravidade da situa\u00e7\u00e3o e estamos aqui para apoi\u00e1-lo em todas as etapas do processo. Nossa equipe de advogados de defesa criminal altamente qualificados e experientes se dedica a proteger seus direitos e a oferecer uma representa\u00e7\u00e3o agressiva e estrat\u00e9gica. Com um hist\u00f3rico comprovado no tratamento de uma ampla gama de casos, de contraven\u00e7\u00f5es a crimes, temos a experi\u00eancia e o conhecimento para navegar pelas complexidades do sistema jur\u00eddico. N\u00e3o deixamos pedra sobre pedra em nossa busca por justi\u00e7a e trabalhamos incansavelmente para obter o melhor resultado poss\u00edvel para nossos clientes. Tenha certeza de que, ao escolher o PD Law Offices, voc\u00ea estar\u00e1 escolhendo uma equipe comprometida em lutar por seus direitos, defender seus melhores interesses e garantir que voc\u00ea tenha a defesa mais forte poss\u00edvel. Voc\u00ea n\u00e3o precisa enfrentar essa situa\u00e7\u00e3o desafiadora sozinho. Deixe-nos estar ao seu lado e ajud\u00e1-lo a navegar pelo processo jur\u00eddico com confian\u00e7a. Direito da fam\u00edlia A resolu\u00e7\u00e3o de quest\u00f5es de direito de fam\u00edlia pode ser emocionalmente desgastante. Em nossa empresa, entendemos as complexidades e sensibilidades inerentes a essas quest\u00f5es. Nossa experiente equipe de advogados de fam\u00edlia oferece aconselhamento jur\u00eddico compassivo e solid\u00e1rio em uma ampla gama de \u00e1reas, incluindo div\u00f3rcio, guarda de filhos, pens\u00e3o aliment\u00edcia e muito mais. N\u00f3s nos dedicamos a proteger seus interesses e a trabalhar para obter resultados que n\u00e3o apenas atendam \u00e0s suas necessidades imediatas, mas tamb\u00e9m promovam a harmonia familiar de longo prazo. Com nossa experi\u00eancia e abordagem personalizada, voc\u00ea pode confiar em n\u00f3s para orient\u00e1-lo em todas as etapas do processo, garantindo que sua voz seja ouvida e seus direitos sejam defendidos. Direito Imobili\u00e1rio Navegar no cen\u00e1rio imobili\u00e1rio intrincado e em constante evolu\u00e7\u00e3o pode ser uma tarefa complexa. Em nosso escrit\u00f3rio, oferecemos uma gama abrangente de servi\u00e7os de direito imobili\u00e1rio adaptados para atender \u00e0s suas necessidades espec\u00edficas. Desde a facilita\u00e7\u00e3o de transa\u00e7\u00f5es imobili\u00e1rias perfeitas at\u00e9 a resolu\u00e7\u00e3o eficaz de problemas de locador-inquilino e o tratamento de disputas, nossa equipe dedicada tem o compromisso de oferecer o m\u00e1ximo de profissionalismo e especializa\u00e7\u00e3o. Com um foco inabal\u00e1vel em garantir transa\u00e7\u00f5es tranquilas e eficientes, n\u00f3s nos esfor\u00e7amos para superar suas expectativas e oferecer resultados excepcionais. Confie em n\u00f3s para navegar pelas complexidades do mundo imobili\u00e1rio, para que voc\u00ea possa tomar decis\u00f5es informadas com confian\u00e7a e tranquilidade. Em conclus\u00e3o No PD Law Offices P.A., nos dedicamos a prestar servi\u00e7os jur\u00eddicos excepcionais do mais alto calibre. Com nossa ampla experi\u00eancia e profundo conhecimento da lei, n\u00f3s nos esfor\u00e7amos para tratar de seus assuntos jur\u00eddicos com o m\u00e1ximo de profissionalismo e habilidade. Nossa abordagem compassiva garante que n\u00e3o apenas abordemos suas preocupa\u00e7\u00f5es, mas tamb\u00e9m tenhamos empatia com sua situa\u00e7\u00e3o espec\u00edfica. Voc\u00ea pode confiar em n\u00f3s para sermos seus defensores inabal\u00e1veis, permanecendo ao seu lado at\u00e9 mesmo durante as batalhas jur\u00eddicas mais complexas e desafiadoras. Fique tranquilo, pois temos o compromisso de navegar pelas complexidades do sistema jur\u00eddico em seu nome e obter os melhores resultados poss\u00edveis.<\/p>\n","protected":false},"author":1,"featured_media":1117,"parent":0,"menu_order":0,"comment_status":"closed","ping_status":"closed","template":"","meta":{"_seopress_robots_primary_cat":"","_seopress_titles_title":"","_seopress_titles_desc":"O PD Law Offices P.A., localizado em Tampa, Fl\u00f3rida, oferece servi\u00e7os jur\u00eddicos abrangentes nas \u00e1reas de Imigra\u00e7\u00e3o, Criminal, Fam\u00edlia e Direito Imobili\u00e1rio.","_seopress_robots_index":"","footnotes":""},"class_list":["post-1109","page","type-page","status-publish","has-post-thumbnail","hentry","entry","post-inner"],"_links":{"self":[{"href":"https:\/\/pdlaworlando.com\/pt-br\/wp-json\/wp\/v2\/pages\/1109","targetHints":{"allow":["GET"]}}],"collection":[{"href":"https:\/\/pdlaworlando.com\/pt-br\/wp-json\/wp\/v2\/pages"}],"about":[{"href":"https:\/\/pdlaworlando.com\/pt-br\/wp-json\/wp\/v2\/types\/page"}],"author":[{"embeddable":true,"href":"https:\/\/pdlaworlando.com\/pt-br\/wp-json\/wp\/v2\/users\/1"}],"replies":[{"embeddable":true,"href":"https:\/\/pdlaworlando.com\/pt-br\/wp-json\/wp\/v2\/comments?post=1109"}],"version-history":[{"count":11,"href":"https:\/\/pdlaworlando.com\/pt-br\/wp-json\/wp\/v2\/pages\/1109\/revisions"}],"predecessor-version":[{"id":1140,"href":"https:\/\/pdlaworlando.com\/pt-br\/wp-json\/wp\/v2\/pages\/1109\/revisions\/1140"}],"wp:featuredmedia":[{"embeddable":true,"href":"https:\/\/pdlaworlando.com\/pt-br\/wp-json\/wp\/v2\/media\/1117"}],"wp:attachment":[{"href":"https:\/\/pdlaworlando.com\/pt-br\/wp-json\/wp\/v2\/media?parent=1109"}],"curies":[{"name":"wp","href":"https:\/\/api.w.org\/{rel}","templated":true}]}}