{"id":1154,"date":"2024-04-09T15:35:39","date_gmt":"2024-04-09T20:35:39","guid":{"rendered":"https:\/\/pdlaworlando.com\/advogado-de-portugues-brasileiro-em-tampa\/"},"modified":"2024-04-09T15:44:20","modified_gmt":"2024-04-09T20:44:20","slug":"advogado-de-portugues-brasileiro-em-tampa","status":"publish","type":"page","link":"https:\/\/pdlaworlando.com\/pt-br\/advogado-de-portugues-brasileiro-em-tampa\/","title":{"rendered":"Advogado de Portugu\u00eas Brasileiro em Tampa"},"content":{"rendered":"\n<p>Um n\u00famero crescente de pessoas do Brasil decidiu fazer da Fl\u00f3rida Central seu lar permanente. Mas se voc\u00ea precisar de assist\u00eancia jur\u00eddica em Tampa, \u00e9 importante escolher um profissional que entenda seu idioma e cultura. Pedro Dearaujo, brasileiro nativo e advogado experiente, oferece uma ampla gama de servi\u00e7os jur\u00eddicos \u00e0 comunidade de l\u00edngua portuguesa.<\/p>\n\n<p>Voc\u00ea est\u00e1 procurando um <a href=\"https:\/\/en.wikipedia.org\/wiki\/Lawyer\">advogado<\/a> brasileiro em <a href=\"https:\/\/en.wikipedia.org\/wiki\/Tampa,_Florida\">Tampa<\/a>? Entre em contato com The <a href=\"https:\/\/pdlaworlando.com\/pt-br\/pd-law-tampa\/\">PD Law Firm, P.A.<\/a>, para agendar uma consulta com Pedro Dearaujo. Nossas \u00e1reas de atua\u00e7\u00e3o incluem imigra\u00e7\u00e3o, defesa criminal, direito de fam\u00edlia, direito comercial, direito imobili\u00e1rio e acidentes automobil\u00edsticos.<\/p>\n\n<h2 class=\"wp-block-heading\" id=\"h-why-choose-a-brazilian-attorney\"><strong>Por que escolher um advogado brasileiro?<\/strong><\/h2>\n\n<p>Ter um representante que fale seu idioma e conhe\u00e7a sua cultura pode fazer uma grande diferen\u00e7a ao enfrentar problemas jur\u00eddicos. Aqui est\u00e3o algumas raz\u00f5es pelas quais voc\u00ea deve considerar trabalhar com nosso advogado brasileiro em Tampa:<\/p>\n\n<ul class=\"wp-block-list\">\n<li><strong>Barreira do idioma<\/strong>: Lidar com quest\u00f5es jur\u00eddicas j\u00e1 \u00e9 estressante, mas torna-se ainda mais desafiador quando voc\u00ea fala um idioma diferente do seu advogado. Pedro Dearaujo \u00e9 fluente em ingl\u00eas, espanhol e portugu\u00eas. Ele sempre garante uma comunica\u00e7\u00e3o clara para evitar mal-entendidos.<\/li>\n\n\n\n<li><strong>Compreens\u00e3o cultural<\/strong>: Al\u00e9m do idioma, as diferen\u00e7as culturais tamb\u00e9m podem afetar a forma como as quest\u00f5es jur\u00eddicas s\u00e3o tratadas. Como brasileiro nativo, Pedro Dearaujo conhece bem as normas e os valores culturais da comunidade de l\u00edngua portuguesa. Isso nos permite oferecer representa\u00e7\u00e3o jur\u00eddica personalizada e culturalmente sens\u00edvel.  <\/li>\n\n\n\n<li><strong>Familiaridade com o sistema jur\u00eddico brasileiro<\/strong>: Se estiver lidando com uma quest\u00e3o jur\u00eddica internacional, ter um advogado que tenha conhecimento sobre esses sistemas jur\u00eddicos pode ser extremamente ben\u00e9fico. Pedro Dearaujo fornece percep\u00e7\u00f5es e orienta\u00e7\u00f5es valiosas sobre como navegar em ambos os sistemas.<\/li>\n<\/ul>\n\n<h2 class=\"wp-block-heading\"><strong>Nossas \u00e1reas de atua\u00e7\u00e3o<\/strong><\/h2>\n\n<p>No The PD Law Firm, P.A., sabemos que podem surgir quest\u00f5es jur\u00eddicas em v\u00e1rios aspectos de sua vida. Oferecemos uma variedade de \u00e1reas de atua\u00e7\u00e3o para atender \u00e0s necessidades de nossos clientes brasileiros e portugueses:<\/p>\n\n<ul class=\"wp-block-list\">\n<li><strong>\n  <a href=\"https:\/\/pdlaworlando.com\/pt-br\/imigracao\/\" target=\"_blank\" rel=\"noreferrer noopener\">Imigra\u00e7\u00e3o<\/a>\n<\/strong>: Mudar para um novo pa\u00eds \u00e9 dif\u00edcil. No entanto, esse pode ser um processo simples com a representa\u00e7\u00e3o legal correta. Pedro Dearaujo sabe como ajudar com vistos e outras quest\u00f5es de imigra\u00e7\u00e3o.<\/li>\n\n\n\n<li><strong>\n  <a href=\"https:\/\/pdlaworlando.com\/pt-br\/advogado-de-defesa-criminal\/\">Defesa criminal<\/a>\n<\/strong>: Se voc\u00ea ou um ente querido tiver sido acusado de um crime, estamos aqui para ajudar. Trabalharemos incansavelmente para proteger seus direitos e obter o melhor resultado poss\u00edvel para seu caso.<\/li>\n\n\n\n<li><strong>Direito de fam\u00edlia<\/strong>: As quest\u00f5es jur\u00eddicas que envolvem a fam\u00edlia podem ser emocionalmente desgastantes. Nosso advogado brasileiro em Tampa pode oferecer uma representa\u00e7\u00e3o compassiva e eficaz em quest\u00f5es como div\u00f3rcio e cust\u00f3dia de filhos.<\/li>\n\n\n\n<li><strong>Direito empresarial<\/strong>: Iniciar ou gerenciar um neg\u00f3cio requer orienta\u00e7\u00e3o jur\u00eddica adequada para garantir o sucesso. Podemos ajudar na forma\u00e7\u00e3o de neg\u00f3cios, contratos e outras quest\u00f5es legais relacionadas \u00e0 sua empresa.<\/li>\n\n\n\n<li><strong>Direito imobili\u00e1rio<\/strong>: Inquilinos e propriet\u00e1rios enfrentam quest\u00f5es jur\u00eddicas complexas. Pedro Dearaujo tem ampla experi\u00eancia em direito de locador e locat\u00e1rio, disputas imobili\u00e1rias e outras quest\u00f5es imobili\u00e1rias.<\/li>\n\n\n\n<li><strong>Acidentes de carro<\/strong>: Se voc\u00ea se feriu em um acidente de carro, lutaremos por sua indeniza\u00e7\u00e3o leg\u00edtima. Temos um s\u00f3lido hist\u00f3rico de sucesso na representa\u00e7\u00e3o de clientes ap\u00f3s um acidente.<\/li>\n<\/ul>\n\n<h2 class=\"wp-block-heading\"><strong>Fale com um advogado brasileiro em Tampa<\/strong><\/h2>\n\n<p>No The PD Law Firm, P.A., temos o prazer de prestar servi\u00e7os jur\u00eddicos excepcionais para a comunidade de l\u00edngua portuguesa em Tampa. Se voc\u00ea precisar de assist\u00eancia com imigra\u00e7\u00e3o, defesa criminal, direito de fam\u00edlia, direito comercial, direito imobili\u00e1rio ou acidentes de carro, temos o conhecimento especializado e a compreens\u00e3o cultural para ajudar. Ligue para agendar uma consulta com Pedro Dearaujo hoje mesmo. Estamos ansiosos para ajud\u00e1-lo a obter um resultado favor\u00e1vel.<\/p>\n","protected":false},"excerpt":{"rendered":"<p>Um n\u00famero crescente de pessoas do Brasil decidiu fazer da Fl\u00f3rida Central seu lar permanente. Mas se voc\u00ea precisar de assist\u00eancia jur\u00eddica em Tampa, \u00e9 importante escolher um profissional que entenda seu idioma e cultura. Pedro Dearaujo, brasileiro nativo e advogado experiente, oferece uma ampla gama de servi\u00e7os jur\u00eddicos \u00e0 comunidade de l\u00edngua portuguesa. Voc\u00ea est\u00e1 procurando um advogado brasileiro em Tampa? Entre em contato com The PD Law Firm, P.A., para agendar uma consulta com Pedro Dearaujo. Nossas \u00e1reas de atua\u00e7\u00e3o incluem imigra\u00e7\u00e3o, defesa criminal, direito de fam\u00edlia, direito comercial, direito imobili\u00e1rio e acidentes automobil\u00edsticos. Por que escolher um advogado brasileiro? Ter um representante que fale seu idioma e conhe\u00e7a sua cultura pode fazer uma grande diferen\u00e7a ao enfrentar problemas jur\u00eddicos. Aqui est\u00e3o algumas raz\u00f5es pelas quais voc\u00ea deve considerar trabalhar com nosso advogado brasileiro em Tampa: Nossas \u00e1reas de atua\u00e7\u00e3o No The PD Law Firm, P.A., sabemos que podem surgir quest\u00f5es jur\u00eddicas em v\u00e1rios aspectos de sua vida. Oferecemos uma variedade de \u00e1reas de atua\u00e7\u00e3o para atender \u00e0s necessidades de nossos clientes brasileiros e portugueses: Fale com um advogado brasileiro em Tampa No The PD Law Firm, P.A., temos o prazer de prestar servi\u00e7os jur\u00eddicos excepcionais para a comunidade de l\u00edngua portuguesa em Tampa. Se voc\u00ea precisar de assist\u00eancia com imigra\u00e7\u00e3o, defesa criminal, direito de fam\u00edlia, direito comercial, direito imobili\u00e1rio ou acidentes de carro, temos o conhecimento especializado e a compreens\u00e3o cultural para ajudar. Ligue para agendar uma consulta com Pedro Dearaujo hoje mesmo. Estamos ansiosos para ajud\u00e1-lo a obter um resultado favor\u00e1vel.<\/p>\n","protected":false},"author":1,"featured_media":602,"parent":0,"menu_order":0,"comment_status":"closed","ping_status":"closed","template":"","meta":{"_seopress_robots_primary_cat":"","_seopress_titles_title":"","_seopress_titles_desc":"Procurando um advogado brasileiro em Tampa? Entre em contato com o The PD Law Firm para obter servi\u00e7os jur\u00eddicos em imigra\u00e7\u00e3o, direito de fam\u00edlia e muito mais.","_seopress_robots_index":"","footnotes":""},"class_list":["post-1154","page","type-page","status-publish","has-post-thumbnail","hentry","entry","post-inner"],"_links":{"self":[{"href":"https:\/\/pdlaworlando.com\/pt-br\/wp-json\/wp\/v2\/pages\/1154","targetHints":{"allow":["GET"]}}],"collection":[{"href":"https:\/\/pdlaworlando.com\/pt-br\/wp-json\/wp\/v2\/pages"}],"about":[{"href":"https:\/\/pdlaworlando.com\/pt-br\/wp-json\/wp\/v2\/types\/page"}],"author":[{"embeddable":true,"href":"https:\/\/pdlaworlando.com\/pt-br\/wp-json\/wp\/v2\/users\/1"}],"replies":[{"embeddable":true,"href":"https:\/\/pdlaworlando.com\/pt-br\/wp-json\/wp\/v2\/comments?post=1154"}],"version-history":[{"count":3,"href":"https:\/\/pdlaworlando.com\/pt-br\/wp-json\/wp\/v2\/pages\/1154\/revisions"}],"predecessor-version":[{"id":1161,"href":"https:\/\/pdlaworlando.com\/pt-br\/wp-json\/wp\/v2\/pages\/1154\/revisions\/1161"}],"wp:featuredmedia":[{"embeddable":true,"href":"https:\/\/pdlaworlando.com\/pt-br\/wp-json\/wp\/v2\/media\/602"}],"wp:attachment":[{"href":"https:\/\/pdlaworlando.com\/pt-br\/wp-json\/wp\/v2\/media?parent=1154"}],"curies":[{"name":"wp","href":"https:\/\/api.w.org\/{rel}","templated":true}]}}