{"id":1166,"date":"2024-04-09T17:21:58","date_gmt":"2024-04-09T22:21:58","guid":{"rendered":"https:\/\/pdlaworlando.com\/advogado-de-imigracao-em-tampa\/"},"modified":"2024-04-09T17:25:39","modified_gmt":"2024-04-09T22:25:39","slug":"advogado-de-imigracao-em-tampa","status":"publish","type":"page","link":"https:\/\/pdlaworlando.com\/pt-br\/advogado-de-imigracao-em-tampa\/","title":{"rendered":"Advogado de imigra\u00e7\u00e3o em Tampa"},"content":{"rendered":"\n<p>Os Estados Unidos s\u00e3o um pa\u00eds constru\u00eddo com base na imigra\u00e7\u00e3o e acolhem pessoas de todo o mundo para vir e construir uma nova vida. Entretanto, navegar pelas leis de imigra\u00e7\u00e3o pode ser um desafio para as fam\u00edlias que desejam entrar ou permanecer no pa\u00eds. Um <a href=\"#\">advogado de imigra\u00e7\u00e3o em Tampa,<\/a><a href=\"\/\">FL<\/a>, pode oferecer um apoio inestim\u00e1vel para aqueles que est\u00e3o passando pelo processo. Pedro Dearaujo entende profundamente <a href=\"https:\/\/www.uscis.gov\/laws-and-policy\">as leis de imigra\u00e7\u00e3o<\/a> e tem ajudado in\u00fameros clientes a atingir seus objetivos.<\/p>\n\n\n\n<p>Ligue para o The <a href=\"\/\">PD Law Firm, P.A.<\/a> para marcar uma consulta com um advogado de confian\u00e7a. Nossa equipe tem orgulho de oferecer uma representa\u00e7\u00e3o legal compassiva e eficaz.<\/p>\n\n\n\n<h2 class=\"wp-block-heading\" id=\"h-benefits-of-hiring-an-immigration-attorney\"><strong>Benef\u00edcios de contratar um advogado de imigra\u00e7\u00e3o<\/strong><\/h2>\n\n\n\n<p>Algumas pessoas tentam lidar com quest\u00f5es de imigra\u00e7\u00e3o por conta pr\u00f3pria, mas os benef\u00edcios de contratar um advogado experiente n\u00e3o podem ser subestimados. Aqui est\u00e3o alguns motivos para trabalhar com o The PD Law Firm, P.A.:<\/p>\n\n\n\n<ul class=\"wp-block-list\">\n<li><strong>Conhecimento e experi\u00eancia<\/strong>: As leis de imigra\u00e7\u00e3o s\u00e3o complicadas e mudam constantemente. Um advogado qualificado como Pedro Dearaujo se mant\u00e9m atualizado sobre as novas pol\u00edticas que podem afetar seu caso. Eles tamb\u00e9m t\u00eam um conhecimento profundo do sistema jur\u00eddico e podem navegar por ele com facilidade.<\/li>\n\n\n\n<li><strong>Documenta\u00e7\u00e3o adequada<\/strong>: Um erro em um pedido de imigra\u00e7\u00e3o pode levar a longos atrasos ou at\u00e9 mesmo \u00e0 recusa. Um advogado garantir\u00e1 que toda a documenta\u00e7\u00e3o seja preenchida com precis\u00e3o e enviada dentro do prazo, aumentando as chances de um resultado bem-sucedido. Eles tamb\u00e9m podem aconselhar sobre quais formul\u00e1rios s\u00e3o necess\u00e1rios para seu caso espec\u00edfico.  <\/li>\n\n\n\n<li><strong>Orienta\u00e7\u00f5es<\/strong>: A solicita\u00e7\u00e3o de um visto ou green card envolve muitas etapas e pode ser muito trabalhosa. Um advogado de imigra\u00e7\u00e3o em Tampa, FL, pode orient\u00e1-lo em cada etapa e inform\u00e1-lo sobre o que esperar. Eles tamb\u00e9m podem prepar\u00e1-lo para entrevistas e ajudar a reunir as provas necess\u00e1rias.<\/li>\n\n\n\n<li><strong>Lidar com desafios<\/strong>: Se o seu caso est\u00e1 enfrentando complica\u00e7\u00f5es ou est\u00e1 sendo contestado, um advogado pode oferecer uma representa\u00e7\u00e3o legal s\u00f3lida para defender seus direitos. Eles advogar\u00e3o em seu nome e apresentar\u00e3o um caso s\u00f3lido \u00e0s autoridades.<\/li>\n<\/ul>\n\n\n\n<h2 class=\"wp-block-heading\"><strong>Conhecer suas op\u00e7\u00f5es de imigra\u00e7\u00e3o<\/strong><\/h2>\n\n\n\n<p>H\u00e1 muitos caminhos diferentes para imigrar para os Estados Unidos, e um advogado de imigra\u00e7\u00e3o pode ajudar a determinar a melhor op\u00e7\u00e3o para sua situa\u00e7\u00e3o. Eles t\u00eam experi\u00eancia com v\u00e1rias op\u00e7\u00f5es de vistos e green cards, como vistos baseados em emprego, familiares ou m\u00e9dicos. O PD Law Firm, P.A. tamb\u00e9m pode ajudar com pedidos de naturaliza\u00e7\u00e3o e cidadania.<\/p>\n\n\n\n<p>Al\u00e9m disso, se voc\u00ea estiver enfrentando processos de deporta\u00e7\u00e3o ou remo\u00e7\u00e3o, Pedro Dearaujo pode avaliar suas op\u00e7\u00f5es para permanecer no pa\u00eds. Nossa equipe entende a import\u00e2ncia de manter as fam\u00edlias unidas e trabalhar\u00e1 incansavelmente para que isso aconte\u00e7a.<\/p>\n\n\n\n<h2 class=\"wp-block-heading\"><strong>Escolhendo o advogado de imigra\u00e7\u00e3o certo<\/strong><\/h2>\n\n\n\n<p>Ao procurar um advogado de imigra\u00e7\u00e3o em Tampa, FL, os clientes devem fazer uma pesquisa para encontrar a op\u00e7\u00e3o certa. Aqui est\u00e3o alguns fatores a serem considerados:<\/p>\n\n\n\n<ul class=\"wp-block-list\">\n<li><strong>Qualifica\u00e7\u00f5es<\/strong>: Procure um advogado licenciado para exercer a advocacia na Fl\u00f3rida e que tenha experi\u00eancia especificamente em leis de imigra\u00e7\u00e3o.<\/li>\n\n\n\n<li><strong>Especializa\u00e7\u00e3o<\/strong>: A lei de imigra\u00e7\u00e3o \u00e9 um campo em constante mudan\u00e7a. \u00c9 melhor trabalhar com um advogado especializado nessa \u00e1rea.<\/li>\n\n\n\n<li><strong>Comunica\u00e7\u00e3o<\/strong>: A comunica\u00e7\u00e3o clara e aberta \u00e9 essencial em qualquer quest\u00e3o jur\u00eddica. Escolha um advogado que seja receptivo e que o deixe \u00e0 vontade para discutir seu caso.<\/li>\n<\/ul>\n\n\n\n<h2 class=\"wp-block-heading\"><strong>Ligue para um advogado de imigra\u00e7\u00e3o em Tampa, FL<\/strong><\/h2>\n\n\n\n<p>Se voc\u00ea ou um ente querido precisar de ajuda com uma quest\u00e3o de imigra\u00e7\u00e3o em Tampa, FL, n\u00e3o hesite em entrar em contato com o The PD Law Firm, P.A. <a href=\"https:\/\/pdlaworlando.com\/pt-br\/sobre\/\">Pedro Dearaujo<\/a> e sua equipe qualificada se dedicam a oferecer representa\u00e7\u00e3o legal eficaz. Portanto, se voc\u00ea estiver procurando reunir-se com membros da fam\u00edlia ou buscar oportunidades de emprego, estamos prontos para trabalhar com voc\u00ea. Agende uma consulta e explore suas op\u00e7\u00f5es para entrar ou permanecer nos Estados Unidos.  <\/p>\n","protected":false},"excerpt":{"rendered":"<p>Os Estados Unidos s\u00e3o um pa\u00eds constru\u00eddo com base na imigra\u00e7\u00e3o e acolhem pessoas de todo o mundo para vir e construir uma nova vida. Entretanto, navegar pelas leis de imigra\u00e7\u00e3o pode ser um desafio para as fam\u00edlias que desejam entrar ou permanecer no pa\u00eds. Um advogado de imigra\u00e7\u00e3o em Tampa,FL, pode oferecer um apoio inestim\u00e1vel para aqueles que est\u00e3o passando pelo processo. Pedro Dearaujo entende profundamente as leis de imigra\u00e7\u00e3o e tem ajudado in\u00fameros clientes a atingir seus objetivos. Ligue para o The PD Law Firm, P.A. para marcar uma consulta com um advogado de confian\u00e7a. Nossa equipe tem orgulho de oferecer uma representa\u00e7\u00e3o legal compassiva e eficaz. Benef\u00edcios de contratar um advogado de imigra\u00e7\u00e3o Algumas pessoas tentam lidar com quest\u00f5es de imigra\u00e7\u00e3o por conta pr\u00f3pria, mas os benef\u00edcios de contratar um advogado experiente n\u00e3o podem ser subestimados. Aqui est\u00e3o alguns motivos para trabalhar com o The PD Law Firm, P.A.: Conhecer suas op\u00e7\u00f5es de imigra\u00e7\u00e3o H\u00e1 muitos caminhos diferentes para imigrar para os Estados Unidos, e um advogado de imigra\u00e7\u00e3o pode ajudar a determinar a melhor op\u00e7\u00e3o para sua situa\u00e7\u00e3o. Eles t\u00eam experi\u00eancia com v\u00e1rias op\u00e7\u00f5es de vistos e green cards, como vistos baseados em emprego, familiares ou m\u00e9dicos. O PD Law Firm, P.A. tamb\u00e9m pode ajudar com pedidos de naturaliza\u00e7\u00e3o e cidadania. Al\u00e9m disso, se voc\u00ea estiver enfrentando processos de deporta\u00e7\u00e3o ou remo\u00e7\u00e3o, Pedro Dearaujo pode avaliar suas op\u00e7\u00f5es para permanecer no pa\u00eds. Nossa equipe entende a import\u00e2ncia de manter as fam\u00edlias unidas e trabalhar\u00e1 incansavelmente para que isso aconte\u00e7a. Escolhendo o advogado de imigra\u00e7\u00e3o certo Ao procurar um advogado de imigra\u00e7\u00e3o em Tampa, FL, os clientes devem fazer uma pesquisa para encontrar a op\u00e7\u00e3o certa. Aqui est\u00e3o alguns fatores a serem considerados: Ligue para um advogado de imigra\u00e7\u00e3o em Tampa, FL Se voc\u00ea ou um ente querido precisar de ajuda com uma quest\u00e3o de imigra\u00e7\u00e3o em Tampa, FL, n\u00e3o hesite em entrar em contato com o The PD Law Firm, P.A. Pedro Dearaujo e sua equipe qualificada se dedicam a oferecer representa\u00e7\u00e3o legal eficaz. Portanto, se voc\u00ea estiver procurando reunir-se com membros da fam\u00edlia ou buscar oportunidades de emprego, estamos prontos para trabalhar com voc\u00ea. Agende uma consulta e explore suas op\u00e7\u00f5es para entrar ou permanecer nos Estados Unidos.<\/p>\n","protected":false},"author":1,"featured_media":612,"parent":0,"menu_order":0,"comment_status":"closed","ping_status":"closed","template":"","meta":{"_seopress_robots_primary_cat":"","_seopress_titles_title":"","_seopress_titles_desc":"Se voc\u00ea ou um ente querido precisar de ajuda com uma quest\u00e3o de imigra\u00e7\u00e3o em Tampa, FL, n\u00e3o hesite em entrar em contato com o The PD Law Firm, P.A. Pedro Dearaujo","_seopress_robots_index":"","footnotes":""},"class_list":["post-1166","page","type-page","status-publish","has-post-thumbnail","hentry","entry","post-inner"],"_links":{"self":[{"href":"https:\/\/pdlaworlando.com\/pt-br\/wp-json\/wp\/v2\/pages\/1166","targetHints":{"allow":["GET"]}}],"collection":[{"href":"https:\/\/pdlaworlando.com\/pt-br\/wp-json\/wp\/v2\/pages"}],"about":[{"href":"https:\/\/pdlaworlando.com\/pt-br\/wp-json\/wp\/v2\/types\/page"}],"author":[{"embeddable":true,"href":"https:\/\/pdlaworlando.com\/pt-br\/wp-json\/wp\/v2\/users\/1"}],"replies":[{"embeddable":true,"href":"https:\/\/pdlaworlando.com\/pt-br\/wp-json\/wp\/v2\/comments?post=1166"}],"version-history":[{"count":3,"href":"https:\/\/pdlaworlando.com\/pt-br\/wp-json\/wp\/v2\/pages\/1166\/revisions"}],"predecessor-version":[{"id":1174,"href":"https:\/\/pdlaworlando.com\/pt-br\/wp-json\/wp\/v2\/pages\/1166\/revisions\/1174"}],"wp:featuredmedia":[{"embeddable":true,"href":"https:\/\/pdlaworlando.com\/pt-br\/wp-json\/wp\/v2\/media\/612"}],"wp:attachment":[{"href":"https:\/\/pdlaworlando.com\/pt-br\/wp-json\/wp\/v2\/media?parent=1166"}],"curies":[{"name":"wp","href":"https:\/\/api.w.org\/{rel}","templated":true}]}}