{"id":1178,"date":"2024-04-09T17:31:27","date_gmt":"2024-04-09T22:31:27","guid":{"rendered":"https:\/\/pdlaworlando.com\/advogado-de-defesa-criminal-luso-brasileiro-em-tampa\/"},"modified":"2024-04-09T17:31:54","modified_gmt":"2024-04-09T22:31:54","slug":"advogado-de-defesa-criminal-luso-brasileiro-em-tampa","status":"publish","type":"page","link":"https:\/\/pdlaworlando.com\/pt-br\/advogado-de-defesa-criminal-luso-brasileiro-em-tampa\/","title":{"rendered":"Advogado de defesa criminal luso-brasileiro em Tampa"},"content":{"rendered":"\n<p>Os Estados Unidos s\u00e3o o lar de in\u00fameras pessoas de diferentes origens e culturas. Entre essa popula\u00e7\u00e3o diversificada est\u00e3o <a href=\"https:\/\/pdlaworlando.com\/pt-br\/advogado-de-portugues-brasileiro-em-tampa\/\">imigrantes<\/a> brasileiros e <a href=\"https:\/\/pdlaworlando.com\/pt-br\/advogado-de-portugues-brasileiro-em-tampa\/\">portugueses<\/a> que vieram em busca de uma vida melhor. Se voc\u00ea mora em Tampa e est\u00e1 enfrentando <a href=\"https:\/\/pdlaworlando.com\/pt-br\/advogado-de-defesa-criminal\/\">acusa\u00e7\u00f5es criminais<\/a>, \u00e9 importante contar com o apoio de um advogado de defesa criminal que possa oferecer uma representa\u00e7\u00e3o eficaz.<\/p>\n\n<p>Voc\u00ea precisa de um advogado de defesa criminal brasileiro em Tampa? Ligue para The <a href=\"\/\">PD Law Firm, P.A<\/a>. para agendar uma consulta com <a href=\"https:\/\/pdlaworlando.com\/pt-br\/sobre\/\">Pedro Dearaujo<\/a>. Temos anos de experi\u00eancia na defesa de clientes e temos o compromisso de orient\u00e1-lo no complexo sistema jur\u00eddico.<\/p>\n\n<h2 class=\"wp-block-heading\" id=\"h-how-a-criminal-conviction-can-impact-immigrants\"><strong>Como uma condena\u00e7\u00e3o criminal pode afetar os imigrantes<\/strong><\/h2>\n\n<p>Ser condenado por um crime \u00e9 grave, mas pode ser particularmente devastador para os imigrantes. Como brasileiro que vive na Fl\u00f3rida Central, seu status de imigra\u00e7\u00e3o pode estar em risco se voc\u00ea for condenado por determinados crimes. Dependendo da gravidade da infra\u00e7\u00e3o, voc\u00ea poder\u00e1 enfrentar deporta\u00e7\u00e3o, nega\u00e7\u00e3o de naturaliza\u00e7\u00e3o ou cidadania e at\u00e9 mesmo exclus\u00e3o permanente de entrar no pa\u00eds.<\/p>\n\n<p>Al\u00e9m disso, uma condena\u00e7\u00e3o criminal pode afetar suas oportunidades de emprego ou sua capacidade de garantir moradia ou empr\u00e9stimos. Isso tamb\u00e9m pode prejudicar sua reputa\u00e7\u00e3o na comunidade e entre familiares e amigos. \u00c9 por isso que \u00e9 fundamental ter um advogado de defesa criminal que possa lutar pelo melhor resultado poss\u00edvel em seu caso.  <\/p>\n\n<h2 class=\"wp-block-heading\"><strong>O que procurar em um advogado de defesa criminal brasileiro em Tampa<\/strong><\/h2>\n\n<p>Ao procurar um advogado de defesa criminal, \u00e9 essencial encontrar algu\u00e9m que entenda as barreiras culturais e lingu\u00edsticas que existem para os imigrantes. Pedro Dearaujo, do The PD Law Firm, P.A., \u00e9 brasileiro nativo e fala portugu\u00eas fluentemente. Ele tem conhecimento em primeira m\u00e3o dos problemas comuns enfrentados por imigrantes e pode oferecer representa\u00e7\u00e3o personalizada que leva em conta suas circunst\u00e2ncias espec\u00edficas.<\/p>\n\n<h2 class=\"wp-block-heading\"><strong>Nossas \u00e1reas de atua\u00e7\u00e3o<\/strong><\/h2>\n\n<p>No The PD Law Firm, P.A., defendemos com sucesso clientes que enfrentam uma s\u00e9rie de acusa\u00e7\u00f5es criminais. Nossas \u00e1reas de atua\u00e7\u00e3o incluem, mas n\u00e3o se limitam a:<\/p>\n\n<ul class=\"wp-block-list\">\n<li>Infra\u00e7\u00f5es de tr\u00e2nsito: Se voc\u00ea receber uma multa ou uma cita\u00e7\u00e3o, nossa equipe poder\u00e1 ajud\u00e1-lo a combater as acusa\u00e7\u00f5es e minimizar o impacto no seu hist\u00f3rico de condu\u00e7\u00e3o.<\/li>\n\n\n\n<li>DIRIGIR EMBRIAGADO: Dirigir sob influ\u00eancia \u00e9 grave e pode resultar em multas, suspens\u00e3o da licen\u00e7a e at\u00e9 mesmo pris\u00e3o. Trabalharemos para construir uma defesa s\u00f3lida e proteger seus direitos.<\/li>\n\n\n\n<li>Contraven\u00e7\u00e3o: As acusa\u00e7\u00f5es de contraven\u00e7\u00e3o podem parecer menores, mas ainda assim acarretam penalidades significativas. Nossa equipe lutar\u00e1 para que as acusa\u00e7\u00f5es sejam reduzidas ou retiradas.  <\/li>\n\n\n\n<li>Crime: As acusa\u00e7\u00f5es de crime tamb\u00e9m t\u00eam consequ\u00eancias graves, incluindo longas senten\u00e7as de pris\u00e3o e multas pesadas. Temos a experi\u00eancia e os recursos para lidar com casos complicados de crimes de forma eficaz.<\/li>\n<\/ul>\n\n<p>Lembre-se de que o fato de ser acusado de um crime n\u00e3o o torna automaticamente culpado. Com a ajuda de um advogado de defesa criminal brasileiro em Tampa, voc\u00ea pode lutar por seus direitos e proteger seu futuro nos Estados Unidos.<\/p>\n\n<h2 class=\"wp-block-heading\"><strong>N\u00e3o enfrente acusa\u00e7\u00f5es criminais sozinho<\/strong><\/h2>\n\n<p>Voc\u00ea precisa de um advogado experiente e dedicado ao enfrentar acusa\u00e7\u00f5es criminais. O PD Law Firm, P.A. se dedica a fornecer representa\u00e7\u00e3o jur\u00eddica de alto n\u00edvel para a comunidade local. Entre em contato conosco para marcar uma consulta com um advogado brasileiro de defesa criminal em Tampa e saiba como Pedro Dearaujo pode ajudar a defender seus direitos. N\u00e3o h\u00e1 necessidade de enfrentar essa situa\u00e7\u00e3o desafiadora sozinho, deixe-nos ser seu defensor durante todo o processo legal.<\/p>\n","protected":false},"excerpt":{"rendered":"<p>Os Estados Unidos s\u00e3o o lar de in\u00fameras pessoas de diferentes origens e culturas. Entre essa popula\u00e7\u00e3o diversificada est\u00e3o imigrantes brasileiros e portugueses que vieram em busca de uma vida melhor. Se voc\u00ea mora em Tampa e est\u00e1 enfrentando acusa\u00e7\u00f5es criminais, \u00e9 importante contar com o apoio de um advogado de defesa criminal que possa oferecer uma representa\u00e7\u00e3o eficaz. Voc\u00ea precisa de um advogado de defesa criminal brasileiro em Tampa? Ligue para The PD Law Firm, P.A. para agendar uma consulta com Pedro Dearaujo. Temos anos de experi\u00eancia na defesa de clientes e temos o compromisso de orient\u00e1-lo no complexo sistema jur\u00eddico. Como uma condena\u00e7\u00e3o criminal pode afetar os imigrantes Ser condenado por um crime \u00e9 grave, mas pode ser particularmente devastador para os imigrantes. Como brasileiro que vive na Fl\u00f3rida Central, seu status de imigra\u00e7\u00e3o pode estar em risco se voc\u00ea for condenado por determinados crimes. Dependendo da gravidade da infra\u00e7\u00e3o, voc\u00ea poder\u00e1 enfrentar deporta\u00e7\u00e3o, nega\u00e7\u00e3o de naturaliza\u00e7\u00e3o ou cidadania e at\u00e9 mesmo exclus\u00e3o permanente de entrar no pa\u00eds. Al\u00e9m disso, uma condena\u00e7\u00e3o criminal pode afetar suas oportunidades de emprego ou sua capacidade de garantir moradia ou empr\u00e9stimos. Isso tamb\u00e9m pode prejudicar sua reputa\u00e7\u00e3o na comunidade e entre familiares e amigos. \u00c9 por isso que \u00e9 fundamental ter um advogado de defesa criminal que possa lutar pelo melhor resultado poss\u00edvel em seu caso. O que procurar em um advogado de defesa criminal brasileiro em Tampa Ao procurar um advogado de defesa criminal, \u00e9 essencial encontrar algu\u00e9m que entenda as barreiras culturais e lingu\u00edsticas que existem para os imigrantes. Pedro Dearaujo, do The PD Law Firm, P.A., \u00e9 brasileiro nativo e fala portugu\u00eas fluentemente. Ele tem conhecimento em primeira m\u00e3o dos problemas comuns enfrentados por imigrantes e pode oferecer representa\u00e7\u00e3o personalizada que leva em conta suas circunst\u00e2ncias espec\u00edficas. Nossas \u00e1reas de atua\u00e7\u00e3o No The PD Law Firm, P.A., defendemos com sucesso clientes que enfrentam uma s\u00e9rie de acusa\u00e7\u00f5es criminais. Nossas \u00e1reas de atua\u00e7\u00e3o incluem, mas n\u00e3o se limitam a: Lembre-se de que o fato de ser acusado de um crime n\u00e3o o torna automaticamente culpado. Com a ajuda de um advogado de defesa criminal brasileiro em Tampa, voc\u00ea pode lutar por seus direitos e proteger seu futuro nos Estados Unidos. N\u00e3o enfrente acusa\u00e7\u00f5es criminais sozinho Voc\u00ea precisa de um advogado experiente e dedicado ao enfrentar acusa\u00e7\u00f5es criminais. O PD Law Firm, P.A. se dedica a fornecer representa\u00e7\u00e3o jur\u00eddica de alto n\u00edvel para a comunidade local. Entre em contato conosco para marcar uma consulta com um advogado brasileiro de defesa criminal em Tampa e saiba como Pedro Dearaujo pode ajudar a defender seus direitos. N\u00e3o h\u00e1 necessidade de enfrentar essa situa\u00e7\u00e3o desafiadora sozinho, deixe-nos ser seu defensor durante todo o processo legal.<\/p>\n","protected":false},"author":1,"featured_media":608,"parent":0,"menu_order":0,"comment_status":"closed","ping_status":"closed","template":"","meta":{"_seopress_robots_primary_cat":"","_seopress_titles_title":"","_seopress_titles_desc":"Precisa de um advogado experiente para enfrentar acusa\u00e7\u00f5es criminais. O PD Law Firm, P.A. se dedica a fornecer representa\u00e7\u00e3o legal em Tampa","_seopress_robots_index":"","footnotes":""},"class_list":["post-1178","page","type-page","status-publish","has-post-thumbnail","hentry","entry","post-inner"],"_links":{"self":[{"href":"https:\/\/pdlaworlando.com\/pt-br\/wp-json\/wp\/v2\/pages\/1178","targetHints":{"allow":["GET"]}}],"collection":[{"href":"https:\/\/pdlaworlando.com\/pt-br\/wp-json\/wp\/v2\/pages"}],"about":[{"href":"https:\/\/pdlaworlando.com\/pt-br\/wp-json\/wp\/v2\/types\/page"}],"author":[{"embeddable":true,"href":"https:\/\/pdlaworlando.com\/pt-br\/wp-json\/wp\/v2\/users\/1"}],"replies":[{"embeddable":true,"href":"https:\/\/pdlaworlando.com\/pt-br\/wp-json\/wp\/v2\/comments?post=1178"}],"version-history":[{"count":1,"href":"https:\/\/pdlaworlando.com\/pt-br\/wp-json\/wp\/v2\/pages\/1178\/revisions"}],"predecessor-version":[{"id":1179,"href":"https:\/\/pdlaworlando.com\/pt-br\/wp-json\/wp\/v2\/pages\/1178\/revisions\/1179"}],"wp:featuredmedia":[{"embeddable":true,"href":"https:\/\/pdlaworlando.com\/pt-br\/wp-json\/wp\/v2\/media\/608"}],"wp:attachment":[{"href":"https:\/\/pdlaworlando.com\/pt-br\/wp-json\/wp\/v2\/media?parent=1178"}],"curies":[{"name":"wp","href":"https:\/\/api.w.org\/{rel}","templated":true}]}}