{"id":1197,"date":"2024-05-29T15:53:45","date_gmt":"2024-05-29T20:53:45","guid":{"rendered":"https:\/\/pdlaworlando.com\/advogado-de-imigracao-brasileiro-dallas-fort-worth-tx\/"},"modified":"2024-06-29T13:34:00","modified_gmt":"2024-06-29T18:34:00","slug":"advogado-de-imigracao-brasileiro-dallas-fort-worth-tx","status":"publish","type":"page","link":"https:\/\/pdlaworlando.com\/pt-br\/advogado-de-imigracao-brasileiro-dallas-fort-worth-tx\/","title":{"rendered":"Advogado de imigra\u00e7\u00e3o brasileiro &#8211; Dallas\/Fort Worth TX"},"content":{"rendered":"\n<p>N\u00e3o importa de onde voc\u00ea \u00e9, mudar-se para um novo pa\u00eds pode parecer empolgante e assustador. Muitas pessoas escolheram os Estados Unidos para trabalhar, estudar ou para se reunir com familiares. Se voc\u00ea estiver considerando essa mudan\u00e7a, procure orienta\u00e7\u00e3o de um advogado especializado em <a href=\"https:\/\/en.wikipedia.org\/wiki\/Immigration_law\">leis de imigra\u00e7\u00e3o<\/a>.<\/p>\n\n<p>No <a href=\"\/\">The PD Law Firm, P.A.<\/a>, nossa equipe tem anos de experi\u00eancia em ajudar as pessoas a lidar com a imigra\u00e7\u00e3o. Ligue agora para falar com um advogado de imigra\u00e7\u00e3o brasileiro que atende <a href=\"https:\/\/en.wikipedia.org\/wiki\/Dallas\">Dallas, TX<\/a> e comece sua jornada para se tornar um residente. O advogado Pedro Dearaujo pode ajudar a garantir que sua transi\u00e7\u00e3o seja a mais tranquila e livre de estresse poss\u00edvel.<\/p>\n\n<h1 class=\"wp-block-heading\" style=\"font-size: 25px; color: black; text-shadow: none; \">  \n\nComo funciona o processo de imigra\u00e7\u00e3o?\n\n<\/h1>\n<div class=\"wp-block-image\">\n<figure class=\"alignright size-full is-resized\"><img loading=\"lazy\" decoding=\"async\" width=\"1000\" height=\"667\" src=\"https:\/\/pdlaworlando.com\/wp-content\/uploads\/dallas-fort-worth-immigration-lawyer.jpg\" alt=\"Advogado de imigra&#xE7;&#xE3;o brasileiro - Dallas\/Fort Worth TX\" class=\"wp-image-1193\" style=\"width:397px;height:auto\" srcset=\"https:\/\/pdlaworlando.com\/wp-content\/uploads\/dallas-fort-worth-immigration-lawyer.jpg 1000w, https:\/\/pdlaworlando.com\/wp-content\/uploads\/dallas-fort-worth-immigration-lawyer-300x200.jpg 300w, https:\/\/pdlaworlando.com\/wp-content\/uploads\/dallas-fort-worth-immigration-lawyer-768x512.jpg 768w\" sizes=\"auto, (max-width: 1000px) 100vw, 1000px\" \/><\/figure>\n<\/div>\n<p>A primeira etapa de qualquer processo de imigra\u00e7\u00e3o \u00e9 entender as v\u00e1rias categorias e exig\u00eancias para obter um visto, que permite que voc\u00ea entre no pa\u00eds para uma finalidade espec\u00edfica. H\u00e1 diferentes tipos de vistos dispon\u00edveis, dependendo das circunst\u00e2ncias em que voc\u00ea se encontra e do tempo de perman\u00eancia desejado. <a href=\"https:\/\/pdlaworlando.com\/pt-br\/pd-law-tampa\/\">O advogado Pedro Dearaujo<\/a> pode explicar essas op\u00e7\u00f5es e ajudar voc\u00ea a determinar o melhor caminho para sua situa\u00e7\u00e3o espec\u00edfica.<\/p>\n\n<p>Uma vez nos EUA, talvez voc\u00ea precise mudar seu status para se tornar um residente permanente. Isso pode ser feito por v\u00e1rios meios, como patroc\u00ednio baseado em emprego ou patroc\u00ednio familiar. \u00c9 fundamental trabalhar com um advogado de imigra\u00e7\u00e3o brasileiro experiente em Dallas\/Fort Worth que possa orient\u00e1-lo nas etapas necess\u00e1rias e ajud\u00e1-lo a evitar armadilhas ou atrasos comuns.<\/p>\n\n<h3 class=\"wp-block-heading\">Extens\u00e3o do visto<\/h3>\n\n<p>Se voc\u00ea j\u00e1 estiver nos Estados Unidos com um <a href=\"https:\/\/pdlaworlando.com\/pt-br\/imigracao\/prorrogacao-do-visto\/\">visto v\u00e1lido<\/a>, mas precisar ficar mais tempo do que o per\u00edodo autorizado, poder\u00e1 se qualificar para uma extens\u00e3o. Esse processo pode ser complicado e tem prazos rigorosos, portanto, lembre-se de procurar assist\u00eancia jur\u00eddica o mais r\u00e1pido poss\u00edvel. O advogado Pedro Dearaujo pode avaliar sua situa\u00e7\u00e3o e determinar se voc\u00ea se qualifica para uma extens\u00e3o.<\/p>\n\n<h3 class=\"wp-block-heading\">Cart\u00e3o verde<\/h3>\n\n<p>Obter um <a href=\"https:\/\/pdlaworlando.com\/pt-br\/\">green card<\/a>, tamb\u00e9m chamado de resid\u00eancia permanente, \u00e9 um marco importante quando se trata de  <\/p>\n\n<p>imigra\u00e7\u00e3o. Ele permite que voc\u00ea viva e trabalhe permanentemente nos Estados Unidos. No entanto, esse processo pode ser demorado devido aos muitos requisitos envolvidos. Um advogado de imigra\u00e7\u00e3o brasileiro em DFW pode garantir que sua solicita\u00e7\u00e3o seja preparada adequadamente e enviada dentro do prazo.<\/p>\n\n<h3 class=\"wp-block-heading\">Cidadania<\/h3>\n\n<p><a href=\"https:\/\/pdlaworlando.com\/pt-br\/imigracao\/cidadania\/\">Tornar-se um cidad\u00e3o americano<\/a> \u00e9 geralmente visto como o objetivo final de muitos imigrantes. Ele n\u00e3o apenas concede todos os direitos e privil\u00e9gios de um cidad\u00e3o, mas tamb\u00e9m proporciona um senso de pertencimento em seu novo pa\u00eds de origem. A naturaliza\u00e7\u00e3o envolve o atendimento a determinados crit\u00e9rios de elegibilidade, a aprova\u00e7\u00e3o em um teste de ingl\u00eas e civismo e a participa\u00e7\u00e3o em uma entrevista. Podemos ajudar voc\u00ea a se preparar para esses requisitos.<\/p>\n\n<h2 class=\"wp-block-heading\">Por que escolher o The PD Law Firm, P.A.?<\/h2>\n\n<p>No The PD Law Firm, P.A., entendemos que a imigra\u00e7\u00e3o \u00e9 uma decis\u00e3o profundamente pessoal e que muda sua vida. \u00c9 por isso que prestamos servi\u00e7os jur\u00eddicos abrangentes e compassivos. Nossa equipe tem amplo conhecimento em todas as \u00e1reas da lei de imigra\u00e7\u00e3o. O advogado Pedro Dearaujo tamb\u00e9m tem um profundo conhecimento da cultura brasileira e pode ajudar voc\u00ea com quaisquer diferen\u00e7as culturais que possam surgir.  <\/p>\n\n<h2 class=\"wp-block-heading\">Fa\u00e7a parceria com nosso advogado de imigra\u00e7\u00e3o<\/h2>\n\n<p>Mudar-se para um novo pa\u00eds pode ser um desafio, mas com a orienta\u00e7\u00e3o jur\u00eddica correta, tamb\u00e9m pode ser uma experi\u00eancia gratificante. No The PD Law Firm, P.A., ajudamos os clientes a atingir suas metas de imigra\u00e7\u00e3o e a navegar pelo processo com facilidade. Entre em contato conosco para agendar uma consulta com um advogado de imigra\u00e7\u00e3o brasileiro que atende o Metroplex de Dallas\/Fort Worth, Texas. Deixe o advogado de imigra\u00e7\u00e3o Pedro Dearaujo ajudar voc\u00ea a tornar realidade o seu sonho de morar nos Estados Unidos.<\/p>\n","protected":false},"excerpt":{"rendered":"<p>N\u00e3o importa de onde voc\u00ea \u00e9, mudar-se para um novo pa\u00eds pode parecer empolgante e assustador. Muitas pessoas escolheram os Estados Unidos para trabalhar, estudar ou para se reunir com familiares. Se voc\u00ea estiver considerando essa mudan\u00e7a, procure orienta\u00e7\u00e3o de um advogado especializado em leis de imigra\u00e7\u00e3o. No The PD Law Firm, P.A., nossa equipe tem anos de experi\u00eancia em ajudar as pessoas a lidar com a imigra\u00e7\u00e3o. Ligue agora para falar com um advogado de imigra\u00e7\u00e3o brasileiro que atende Dallas, TX e comece sua jornada para se tornar um residente. O advogado Pedro Dearaujo pode ajudar a garantir que sua transi\u00e7\u00e3o seja a mais tranquila e livre de estresse poss\u00edvel. Como funciona o processo de imigra\u00e7\u00e3o? A primeira etapa de qualquer processo de imigra\u00e7\u00e3o \u00e9 entender as v\u00e1rias categorias e exig\u00eancias para obter um visto, que permite que voc\u00ea entre no pa\u00eds para uma finalidade espec\u00edfica. H\u00e1 diferentes tipos de vistos dispon\u00edveis, dependendo das circunst\u00e2ncias em que voc\u00ea se encontra e do tempo de perman\u00eancia desejado. O advogado Pedro Dearaujo pode explicar essas op\u00e7\u00f5es e ajudar voc\u00ea a determinar o melhor caminho para sua situa\u00e7\u00e3o espec\u00edfica. Uma vez nos EUA, talvez voc\u00ea precise mudar seu status para se tornar um residente permanente. Isso pode ser feito por v\u00e1rios meios, como patroc\u00ednio baseado em emprego ou patroc\u00ednio familiar. \u00c9 fundamental trabalhar com um advogado de imigra\u00e7\u00e3o brasileiro experiente em Dallas\/Fort Worth que possa orient\u00e1-lo nas etapas necess\u00e1rias e ajud\u00e1-lo a evitar armadilhas ou atrasos comuns. Extens\u00e3o do visto Se voc\u00ea j\u00e1 estiver nos Estados Unidos com um visto v\u00e1lido, mas precisar ficar mais tempo do que o per\u00edodo autorizado, poder\u00e1 se qualificar para uma extens\u00e3o. Esse processo pode ser complicado e tem prazos rigorosos, portanto, lembre-se de procurar assist\u00eancia jur\u00eddica o mais r\u00e1pido poss\u00edvel. O advogado Pedro Dearaujo pode avaliar sua situa\u00e7\u00e3o e determinar se voc\u00ea se qualifica para uma extens\u00e3o. Cart\u00e3o verde Obter um green card, tamb\u00e9m chamado de resid\u00eancia permanente, \u00e9 um marco importante quando se trata de imigra\u00e7\u00e3o. Ele permite que voc\u00ea viva e trabalhe permanentemente nos Estados Unidos. No entanto, esse processo pode ser demorado devido aos muitos requisitos envolvidos. Um advogado de imigra\u00e7\u00e3o brasileiro em DFW pode garantir que sua solicita\u00e7\u00e3o seja preparada adequadamente e enviada dentro do prazo. Cidadania Tornar-se um cidad\u00e3o americano \u00e9 geralmente visto como o objetivo final de muitos imigrantes. Ele n\u00e3o apenas concede todos os direitos e privil\u00e9gios de um cidad\u00e3o, mas tamb\u00e9m proporciona um senso de pertencimento em seu novo pa\u00eds de origem. A naturaliza\u00e7\u00e3o envolve o atendimento a determinados crit\u00e9rios de elegibilidade, a aprova\u00e7\u00e3o em um teste de ingl\u00eas e civismo e a participa\u00e7\u00e3o em uma entrevista. Podemos ajudar voc\u00ea a se preparar para esses requisitos. Por que escolher o The PD Law Firm, P.A.? No The PD Law Firm, P.A., entendemos que a imigra\u00e7\u00e3o \u00e9 uma decis\u00e3o profundamente pessoal e que muda sua vida. \u00c9 por isso que prestamos servi\u00e7os jur\u00eddicos abrangentes e compassivos. Nossa equipe tem amplo conhecimento em todas as \u00e1reas da lei de imigra\u00e7\u00e3o. O advogado Pedro Dearaujo tamb\u00e9m tem um profundo conhecimento da cultura brasileira e pode ajudar voc\u00ea com quaisquer diferen\u00e7as culturais que possam surgir. Fa\u00e7a parceria com nosso advogado de imigra\u00e7\u00e3o Mudar-se para um novo pa\u00eds pode ser um desafio, mas com a orienta\u00e7\u00e3o jur\u00eddica correta, tamb\u00e9m pode ser uma experi\u00eancia gratificante. No The PD Law Firm, P.A., ajudamos os clientes a atingir suas metas de imigra\u00e7\u00e3o e a navegar pelo processo com facilidade. Entre em contato conosco para agendar uma consulta com um advogado de imigra\u00e7\u00e3o brasileiro que atende o Metroplex de Dallas\/Fort Worth, Texas. Deixe o advogado de imigra\u00e7\u00e3o Pedro Dearaujo ajudar voc\u00ea a tornar realidade o seu sonho de morar nos Estados Unidos.<\/p>\n","protected":false},"author":1,"featured_media":602,"parent":0,"menu_order":0,"comment_status":"closed","ping_status":"closed","template":"","meta":{"_seopress_robots_primary_cat":"","_seopress_titles_title":"","_seopress_titles_desc":"Escolha o The PD Law Firm, P.A. para obter ajuda especializada em imigra\u00e7\u00e3o. Fale com o advogado Pedro Dearaujo em Dallas, TX, para facilitar sua jornada rumo \u00e0 resid\u00eancia.","_seopress_robots_index":"","footnotes":""},"class_list":["post-1197","page","type-page","status-publish","has-post-thumbnail","hentry","entry","post-inner"],"_links":{"self":[{"href":"https:\/\/pdlaworlando.com\/pt-br\/wp-json\/wp\/v2\/pages\/1197","targetHints":{"allow":["GET"]}}],"collection":[{"href":"https:\/\/pdlaworlando.com\/pt-br\/wp-json\/wp\/v2\/pages"}],"about":[{"href":"https:\/\/pdlaworlando.com\/pt-br\/wp-json\/wp\/v2\/types\/page"}],"author":[{"embeddable":true,"href":"https:\/\/pdlaworlando.com\/pt-br\/wp-json\/wp\/v2\/users\/1"}],"replies":[{"embeddable":true,"href":"https:\/\/pdlaworlando.com\/pt-br\/wp-json\/wp\/v2\/comments?post=1197"}],"version-history":[{"count":2,"href":"https:\/\/pdlaworlando.com\/pt-br\/wp-json\/wp\/v2\/pages\/1197\/revisions"}],"predecessor-version":[{"id":1272,"href":"https:\/\/pdlaworlando.com\/pt-br\/wp-json\/wp\/v2\/pages\/1197\/revisions\/1272"}],"wp:featuredmedia":[{"embeddable":true,"href":"https:\/\/pdlaworlando.com\/pt-br\/wp-json\/wp\/v2\/media\/602"}],"wp:attachment":[{"href":"https:\/\/pdlaworlando.com\/pt-br\/wp-json\/wp\/v2\/media?parent=1197"}],"curies":[{"name":"wp","href":"https:\/\/api.w.org\/{rel}","templated":true}]}}