{"id":1203,"date":"2024-05-29T16:01:56","date_gmt":"2024-05-29T21:01:56","guid":{"rendered":"https:\/\/pdlaworlando.com\/advogado-de-imigracao-brasileiro-que-atende-boston-e-framingham-ma\/"},"modified":"2024-05-29T16:03:13","modified_gmt":"2024-05-29T21:03:13","slug":"advogado-de-imigracao-brasileiro-que-atende-boston-e-framingham-ma","status":"publish","type":"page","link":"https:\/\/pdlaworlando.com\/pt-br\/advogado-de-imigracao-brasileiro-que-atende-boston-e-framingham-ma\/","title":{"rendered":"Advogado de imigra\u00e7\u00e3o brasileiro que atende Boston e Framingham, MA"},"content":{"rendered":"\n<p>H\u00e1 muitas raz\u00f5es pelas quais voc\u00ea pode precisar de um <a href=\"https:\/\/en.wikipedia.org\/wiki\/Immigration_law\">advogado de imigra\u00e7\u00e3o brasileiro<\/a> em <a href=\"https:\/\/en.wikipedia.org\/wiki\/Boston\">Boston<\/a> ou Framingham, MA. Se voc\u00ea deseja se mudar para os Estados Unidos para trabalhar, estudar ou se reunir com membros da fam\u00edlia, navegar pelo complexo sistema de imigra\u00e7\u00e3o pode parecer dif\u00edcil. Um profissional jur\u00eddico pode ajudar voc\u00ea a entender o processo, reunir os documentos necess\u00e1rios, represent\u00e1-lo no tribunal e fornecer orienta\u00e7\u00e3o em cada etapa de sua jornada.<\/p>\n\n<p>Ligue para The <a href=\"\/\">PD Law Firm, P.A<\/a>. para uma consulta e d\u00ea um passo em dire\u00e7\u00e3o a suas metas de imigra\u00e7\u00e3o. O advogado Pedro Dearaujo se esfor\u00e7a para fornecer solu\u00e7\u00f5es jur\u00eddicas personalizadas e eficazes para nossos clientes.<\/p>\n\n<h2 class=\"wp-block-heading\">Conhecer seu status de imigra\u00e7\u00e3o<\/h2>\n<div class=\"wp-block-image\">\n<figure class=\"alignleft size-full is-resized\"><img loading=\"lazy\" decoding=\"async\" width=\"1000\" height=\"667\" src=\"https:\/\/pdlaworlando.com\/wp-content\/uploads\/immigration-attorney-boston.jpg\" alt=\"\" class=\"wp-image-1207\" style=\"width:241px;height:auto\" srcset=\"https:\/\/pdlaworlando.com\/wp-content\/uploads\/immigration-attorney-boston.jpg 1000w, https:\/\/pdlaworlando.com\/wp-content\/uploads\/immigration-attorney-boston-300x200.jpg 300w, https:\/\/pdlaworlando.com\/wp-content\/uploads\/immigration-attorney-boston-768x512.jpg 768w\" sizes=\"auto, (max-width: 1000px) 100vw, 1000px\" \/><\/figure>\n<\/div>\n<p>Seu status de imigra\u00e7\u00e3o nos Estados Unidos determina seus direitos e privil\u00e9gios no pa\u00eds. \u00c9 importante ter uma compreens\u00e3o clara do seu status, seja voc\u00ea um residente permanente, portador de visto ou imigrante sem documentos. Isso permite que voc\u00ea tome decis\u00f5es mais informadas e evite poss\u00edveis complica\u00e7\u00f5es legais.<\/p>\n\n<p>Se voc\u00ea n\u00e3o tiver certeza sobre seu status, nosso advogado de imigra\u00e7\u00e3o brasileiro<a href=\"https:\/\/en.wikipedia.org\/wiki\/Portuguese_language\">(portugu\u00eas<\/a>) que atende Boston e Framingham, MA, pode analisar seu caso e fornecer as informa\u00e7\u00f5es necess\u00e1rias. Tamb\u00e9m podemos ajudar voc\u00ea a mudar ou ajustar seu status, como solicitar um green card ou obter a naturaliza\u00e7\u00e3o. E se voc\u00ea estiver enfrentando deporta\u00e7\u00e3o, o The PD Law Firm, P.A. pode ajudar a proteger seus direitos.<\/p>\n\n<h2 class=\"wp-block-heading\">Vistos dispon\u00edveis para imigrantes brasileiros<\/h2>\n\n<p>Dependendo do seu motivo para imigrar para os Estados Unidos, voc\u00ea pode precisar de um <a href=\"https:\/\/pdlaworlando.com\/pt-br\/imigracao\/vistos-eb-1-e-eb-2\/\">tipo espec\u00edfico de visto<\/a>. Esses vistos podem ser tempor\u00e1rios ou permanentes com base na finalidade da sua estadia.<\/p>\n\n<p>Alguns tipos comuns de vistos incluem vistos de trabalho, vistos de estudante e <a href=\"https:\/\/pdlaworlando.com\/pt-br\/imigracao\/peticoes-familiares\/\">vistos familiares<\/a>. Por exemplo, se voc\u00ea estiver vindo para os EUA para fins de emprego, talvez precise de um visto H1B. Se voc\u00ea for estudante, pode ser necess\u00e1rio um visto F-1.  <\/p>\n\n<h2 class=\"wp-block-heading\">Por que voc\u00ea precisa de um advogado de imigra\u00e7\u00e3o  <\/h2>\n\n<p>A imigra\u00e7\u00e3o pode ser um desafio devido \u00e0s leis e regulamenta\u00e7\u00f5es que mudam constantemente, aos pedidos demorados e at\u00e9 mesmo \u00e0s barreiras lingu\u00edsticas. Um advogado de imigra\u00e7\u00e3o brasileiro que atende Boston e Framingham, MA, pode oferecer os seguintes benef\u00edcios:<\/p>\n\n<ul class=\"wp-block-list\">\n<li><strong>Conhecimento e experi\u00eancia<\/strong>: Um advogado deve ter amplo conhecimento e anos de experi\u00eancia em lidar com v\u00e1rios casos de imigra\u00e7\u00e3o. O PD Law Firm, P.A. est\u00e1 atualizado com as pol\u00edticas mais recentes e pode oferecer orienta\u00e7\u00e3o jur\u00eddica precisa.<\/li>\n\n\n\n<li><strong>Orienta\u00e7\u00e3o em processos complexos<\/strong>: A solicita\u00e7\u00e3o de vistos, green cards ou cidadania envolve uma grande quantidade de documentos e prazos rigorosos. O advogado Pedro Dearaujo pode garantir que todos os documentos necess\u00e1rios sejam enviados corretamente e dentro do prazo.<\/li>\n\n\n\n<li><strong>Representa\u00e7\u00e3o no tribunal<\/strong>: Se o seu caso for para o tribunal, nossa equipe representar\u00e1 voc\u00ea e argumentar\u00e1 em seu nome. Tamb\u00e9m podemos reunir provas e criar uma estrat\u00e9gia de defesa s\u00f3lida para aumentar as chances de voc\u00ea obter um resultado favor\u00e1vel.<\/li>\n\n\n\n<li><strong>Evitar erros<\/strong>: Um simples erro em um pedido de imigra\u00e7\u00e3o pode resultar em atrasos ou recusas. Pedro Dearaujo pode revisar seus documentos para evitar erros que prejudiquem sua situa\u00e7\u00e3o.<\/li>\n\n\n\n<li><strong>Tranquilidade<\/strong>: Navegar pelo sistema de imigra\u00e7\u00e3o pode ser emocionalmente desgastante. Ter nossa equipe ao seu lado significa que voc\u00ea ter\u00e1 apoio jur\u00eddico e emocional abrangente.<\/li>\n<\/ul>\n\n<h2 class=\"wp-block-heading\">Simplificar o processo de imigra\u00e7\u00e3o<\/h2>\n\n<p>Imigrar para os Estados Unidos \u00e9 uma mudan\u00e7a de vida, mas tamb\u00e9m pode ser complicado. A contrata\u00e7\u00e3o de um advogado de imigra\u00e7\u00e3o brasileiro que atenda Boston e Framingham, MA, pode fazer a diferen\u00e7a para que voc\u00ea alcance seus objetivos de imigra\u00e7\u00e3o. Entre em contato com The PD Law Firm, P.A. para uma consulta e d\u00ea o primeiro passo para construir sua nova vida nos EUA. O advogado Pedro Dearaujo pode fazer com que sua imigra\u00e7\u00e3o seja um sucesso.<\/p>\n","protected":false},"excerpt":{"rendered":"<p>H\u00e1 muitas raz\u00f5es pelas quais voc\u00ea pode precisar de um advogado de imigra\u00e7\u00e3o brasileiro em Boston ou Framingham, MA. Se voc\u00ea deseja se mudar para os Estados Unidos para trabalhar, estudar ou se reunir com membros da fam\u00edlia, navegar pelo complexo sistema de imigra\u00e7\u00e3o pode parecer dif\u00edcil. Um profissional jur\u00eddico pode ajudar voc\u00ea a entender o processo, reunir os documentos necess\u00e1rios, represent\u00e1-lo no tribunal e fornecer orienta\u00e7\u00e3o em cada etapa de sua jornada. Ligue para The PD Law Firm, P.A. para uma consulta e d\u00ea um passo em dire\u00e7\u00e3o a suas metas de imigra\u00e7\u00e3o. O advogado Pedro Dearaujo se esfor\u00e7a para fornecer solu\u00e7\u00f5es jur\u00eddicas personalizadas e eficazes para nossos clientes. Conhecer seu status de imigra\u00e7\u00e3o Seu status de imigra\u00e7\u00e3o nos Estados Unidos determina seus direitos e privil\u00e9gios no pa\u00eds. \u00c9 importante ter uma compreens\u00e3o clara do seu status, seja voc\u00ea um residente permanente, portador de visto ou imigrante sem documentos. Isso permite que voc\u00ea tome decis\u00f5es mais informadas e evite poss\u00edveis complica\u00e7\u00f5es legais. Se voc\u00ea n\u00e3o tiver certeza sobre seu status, nosso advogado de imigra\u00e7\u00e3o brasileiro(portugu\u00eas) que atende Boston e Framingham, MA, pode analisar seu caso e fornecer as informa\u00e7\u00f5es necess\u00e1rias. Tamb\u00e9m podemos ajudar voc\u00ea a mudar ou ajustar seu status, como solicitar um green card ou obter a naturaliza\u00e7\u00e3o. E se voc\u00ea estiver enfrentando deporta\u00e7\u00e3o, o The PD Law Firm, P.A. pode ajudar a proteger seus direitos. Vistos dispon\u00edveis para imigrantes brasileiros Dependendo do seu motivo para imigrar para os Estados Unidos, voc\u00ea pode precisar de um tipo espec\u00edfico de visto. Esses vistos podem ser tempor\u00e1rios ou permanentes com base na finalidade da sua estadia. Alguns tipos comuns de vistos incluem vistos de trabalho, vistos de estudante e vistos familiares. Por exemplo, se voc\u00ea estiver vindo para os EUA para fins de emprego, talvez precise de um visto H1B. Se voc\u00ea for estudante, pode ser necess\u00e1rio um visto F-1. Por que voc\u00ea precisa de um advogado de imigra\u00e7\u00e3o A imigra\u00e7\u00e3o pode ser um desafio devido \u00e0s leis e regulamenta\u00e7\u00f5es que mudam constantemente, aos pedidos demorados e at\u00e9 mesmo \u00e0s barreiras lingu\u00edsticas. Um advogado de imigra\u00e7\u00e3o brasileiro que atende Boston e Framingham, MA, pode oferecer os seguintes benef\u00edcios: Simplificar o processo de imigra\u00e7\u00e3o Imigrar para os Estados Unidos \u00e9 uma mudan\u00e7a de vida, mas tamb\u00e9m pode ser complicado. A contrata\u00e7\u00e3o de um advogado de imigra\u00e7\u00e3o brasileiro que atenda Boston e Framingham, MA, pode fazer a diferen\u00e7a para que voc\u00ea alcance seus objetivos de imigra\u00e7\u00e3o. Entre em contato com The PD Law Firm, P.A. para uma consulta e d\u00ea o primeiro passo para construir sua nova vida nos EUA. O advogado Pedro Dearaujo pode fazer com que sua imigra\u00e7\u00e3o seja um sucesso.<\/p>\n","protected":false},"author":1,"featured_media":602,"parent":0,"menu_order":0,"comment_status":"closed","ping_status":"closed","template":"","meta":{"_seopress_robots_primary_cat":"","_seopress_titles_title":"%%title%% %%page%%","_seopress_titles_desc":"Voc\u00ea est\u00e1 procurando um advogado de imigra\u00e7\u00e3o brasileiro em Boston ou Framingham, MA? Ligue para o The PD Law Firm, P.A. para obter orienta\u00e7\u00e3o especializada","_seopress_robots_index":"","footnotes":""},"class_list":["post-1203","page","type-page","status-publish","has-post-thumbnail","hentry","entry","post-inner"],"_links":{"self":[{"href":"https:\/\/pdlaworlando.com\/pt-br\/wp-json\/wp\/v2\/pages\/1203","targetHints":{"allow":["GET"]}}],"collection":[{"href":"https:\/\/pdlaworlando.com\/pt-br\/wp-json\/wp\/v2\/pages"}],"about":[{"href":"https:\/\/pdlaworlando.com\/pt-br\/wp-json\/wp\/v2\/types\/page"}],"author":[{"embeddable":true,"href":"https:\/\/pdlaworlando.com\/pt-br\/wp-json\/wp\/v2\/users\/1"}],"replies":[{"embeddable":true,"href":"https:\/\/pdlaworlando.com\/pt-br\/wp-json\/wp\/v2\/comments?post=1203"}],"version-history":[{"count":2,"href":"https:\/\/pdlaworlando.com\/pt-br\/wp-json\/wp\/v2\/pages\/1203\/revisions"}],"predecessor-version":[{"id":1213,"href":"https:\/\/pdlaworlando.com\/pt-br\/wp-json\/wp\/v2\/pages\/1203\/revisions\/1213"}],"wp:featuredmedia":[{"embeddable":true,"href":"https:\/\/pdlaworlando.com\/pt-br\/wp-json\/wp\/v2\/media\/602"}],"wp:attachment":[{"href":"https:\/\/pdlaworlando.com\/pt-br\/wp-json\/wp\/v2\/media?parent=1203"}],"curies":[{"name":"wp","href":"https:\/\/api.w.org\/{rel}","templated":true}]}}