{"id":1219,"date":"2024-05-29T16:12:37","date_gmt":"2024-05-29T21:12:37","guid":{"rendered":"https:\/\/pdlaworlando.com\/advogado-de-imigracao-brasileiro-houston-texas\/"},"modified":"2024-05-29T16:13:52","modified_gmt":"2024-05-29T21:13:52","slug":"advogado-de-imigracao-brasileiro-houston-texas","status":"publish","type":"page","link":"https:\/\/pdlaworlando.com\/pt-br\/advogado-de-imigracao-brasileiro-houston-texas\/","title":{"rendered":"Advogado de Imigra\u00e7\u00e3o Brasileiro &#8211; Houston, Texas"},"content":{"rendered":"\n<p>Quando se trata de imigrar para os Estados Unidos, navegar pelo complexo sistema jur\u00eddico pode ser esmagador e confuso. Isso \u00e9 especialmente verdadeiro para imigrantes brasileiros que talvez n\u00e3o estejam familiarizados com as leis e os procedimentos americanos. Um <a href=\"https:\/\/en.wikipedia.org\/wiki\/Immigration_law\">advogado<\/a> especializado em <a href=\"https:\/\/en.wikipedia.org\/wiki\/Immigration_law\">imigra\u00e7\u00e3o brasileira<\/a> que atende <a href=\"https:\/\/en.wikipedia.org\/wiki\/Houston\">Houston, Texas,<\/a> pode fornecer orienta\u00e7\u00e3o e apoio durante todo o processo.<\/p>\n\n<p>No <a href=\"\/\">The PD Law Firm, P.A.<\/a>, nossa equipe se dedica a ajudar pessoas de todas as origens a realizar seu sonho americano. O advogado Pedro Dearaujo entende os desafios \u00fanicos enfrentados pelos imigrantes brasileiros e est\u00e1 comprometido em oferecer uma representa\u00e7\u00e3o legal compassiva e eficaz.<\/p>\n\n<h2 class=\"wp-block-heading\">Entendendo o sistema de imigra\u00e7\u00e3o dos EUA<\/h2>\n<div class=\"wp-block-image\">\n<figure class=\"alignleft size-full is-resized\"><img loading=\"lazy\" decoding=\"async\" width=\"1000\" height=\"561\" src=\"https:\/\/pdlaworlando.com\/wp-content\/uploads\/Brazilian-immigration-attorney-serving-Houston-Texas.jpg\" alt=\"Advogado de imigra&#xE7;&#xE3;o brasileiro atendendo Houston, Texas\" class=\"wp-image-1215\" style=\"width:264px;height:auto\" srcset=\"https:\/\/pdlaworlando.com\/wp-content\/uploads\/Brazilian-immigration-attorney-serving-Houston-Texas.jpg 1000w, https:\/\/pdlaworlando.com\/wp-content\/uploads\/Brazilian-immigration-attorney-serving-Houston-Texas-300x168.jpg 300w, https:\/\/pdlaworlando.com\/wp-content\/uploads\/Brazilian-immigration-attorney-serving-Houston-Texas-768x431.jpg 768w\" sizes=\"auto, (max-width: 1000px) 100vw, 1000px\" \/><\/figure>\n<\/div>\n<p>Os Estados Unidos t\u00eam um sistema de imigra\u00e7\u00e3o que est\u00e1 em constante mudan\u00e7a e evolu\u00e7\u00e3o. O processo de obten\u00e7\u00e3o de um visto ou green card pode ser demorado devido aos muitos requisitos e poss\u00edveis bloqueios ao longo do caminho. \u00c9 importante que os imigrantes brasileiros tenham uma compreens\u00e3o completa do sistema para que voc\u00ea possa navegar por ele com sucesso.<\/p>\n\n<p>Um dos aspectos mais importantes da lei de imigra\u00e7\u00e3o dos EUA \u00e9 o conceito de &#8220;status legal&#8221;. Refere-se ao direito legal do imigrante de viver e trabalhar no pa\u00eds. H\u00e1 diferentes tipos de status legais, incluindo o status de residente permanente (ter um green card) e o status de visto tempor\u00e1rio.<\/p>\n\n<h2 class=\"wp-block-heading\">Que tipos de vistos est\u00e3o dispon\u00edveis para imigrantes brasileiros?<\/h2>\n\n<p>Os imigrantes brasileiros t\u00eam v\u00e1rias op\u00e7\u00f5es quando se trata de <a href=\"https:\/\/pdlaworlando.com\/pt-br\/imigracao\/vistos-eb-1-e-eb-2\/\">obter um visto<\/a> ou resid\u00eancia permanente nos Estados Unidos. Isso inclui:<\/p>\n\n<ul class=\"wp-block-list\">\n<li><a href=\"https:\/\/pdlaworlando.com\/pt-br\/imigracao\/negocios\/\">Vistos baseados no emprego<\/a><\/li>\n\n\n\n<li><a href=\"https:\/\/pdlaworlando.com\/pt-br\/imigracao\/peticoes-familiares\/\">Vistos baseados em fam\u00edlia<\/a><\/li>\n\n\n\n<li><a href=\"https:\/\/pdlaworlando.com\/pt-br\/imigracao\/estudantes\/\">Vistos de estudante<\/a><\/li>\n<\/ul>\n\n<p>Cada tipo de visto tem suas pr\u00f3prias exig\u00eancias e limita\u00e7\u00f5es. Por exemplo, os vistos baseados em emprego exigem uma oferta de emprego de um empregador dos EUA, enquanto os vistos baseados em fam\u00edlia devem ter o patroc\u00ednio de um cidad\u00e3o dos EUA ou de um parente residente permanente.<\/p>\n\n<h2 class=\"wp-block-heading\">O papel de um advogado de imigra\u00e7\u00e3o<\/h2>\n\n<p>Um advogado de servi\u00e7o de imigra\u00e7\u00e3o brasileira em Houston, Texas, pode fornecer assist\u00eancia inestim\u00e1vel para a obten\u00e7\u00e3o de status legal nos EUA. No The PD Law Firm, P.A., temos um profundo conhecimento das leis americanas e podemos ajudar os imigrantes a determinar o melhor curso de a\u00e7\u00e3o para sua situa\u00e7\u00e3o. Isso pode incluir a determina\u00e7\u00e3o da elegibilidade para determinados vistos, a orienta\u00e7\u00e3o no processo de solicita\u00e7\u00e3o e a representa\u00e7\u00e3o em ju\u00edzo, se necess\u00e1rio.<\/p>\n\n<p>Nosso advogado pode ajudar voc\u00ea com autoriza\u00e7\u00e3o de emprego, peti\u00e7\u00f5es baseadas na fam\u00edlia e naturaliza\u00e7\u00e3o (tornar-se cidad\u00e3o americano). Tamb\u00e9m podemos oferecer orienta\u00e7\u00e3o sobre como manter o status legal e evitar problemas que possam comprometer sua capacidade de permanecer no pa\u00eds.<\/p>\n\n<h2 class=\"wp-block-heading\">Navegando pelas diferen\u00e7as culturais<\/h2>\n\n<p>Os imigrantes brasileiros podem enfrentar diferen\u00e7as culturais que tornam o processo ainda mais desafiador. O advogado Pedro Dearaujo est\u00e1 familiarizado com a cultura e o idioma brasileiros, o que significa que podemos ajudar a preencher essa lacuna e proporcionar uma experi\u00eancia mais confort\u00e1vel e personalizada para os clientes.<\/p>\n\n<p>Al\u00e9m disso, ter um advogado de imigra\u00e7\u00e3o brasileiro em Houston, Texas, que fale portugu\u00eas pode ser incrivelmente ben\u00e9fico para pessoas que n\u00e3o se sintam confort\u00e1veis em se comunicar em ingl\u00eas durante um processo t\u00e3o cr\u00edtico. Podemos explicar conceitos jur\u00eddicos complexos e garantir que todos os documentos importantes sejam traduzidos com precis\u00e3o.<\/p>\n\n<h2 class=\"wp-block-heading\">Simplifique sua jornada de imigra\u00e7\u00e3o<\/h2>\n\n<p>Imigrar para os Estados Unidos pode parecer assustador e dif\u00edcil. No entanto, com a ajuda de um advogado de imigra\u00e7\u00e3o brasileiro de confian\u00e7a que atende Houston, Texas, navegar pelo sistema jur\u00eddico pode se tornar muito mais f\u00e1cil. No The PD Law Firm, P.A., Pedro Dearaujo tem o compromisso de oferecer uma representa\u00e7\u00e3o legal compassiva e eficaz para seus clientes. Entre em contato conosco para uma consulta e d\u00ea o primeiro passo hoje mesmo.<\/p>\n","protected":false},"excerpt":{"rendered":"<p>Quando se trata de imigrar para os Estados Unidos, navegar pelo complexo sistema jur\u00eddico pode ser esmagador e confuso. Isso \u00e9 especialmente verdadeiro para imigrantes brasileiros que talvez n\u00e3o estejam familiarizados com as leis e os procedimentos americanos. Um advogado especializado em imigra\u00e7\u00e3o brasileira que atende Houston, Texas, pode fornecer orienta\u00e7\u00e3o e apoio durante todo o processo. No The PD Law Firm, P.A., nossa equipe se dedica a ajudar pessoas de todas as origens a realizar seu sonho americano. O advogado Pedro Dearaujo entende os desafios \u00fanicos enfrentados pelos imigrantes brasileiros e est\u00e1 comprometido em oferecer uma representa\u00e7\u00e3o legal compassiva e eficaz. Entendendo o sistema de imigra\u00e7\u00e3o dos EUA Os Estados Unidos t\u00eam um sistema de imigra\u00e7\u00e3o que est\u00e1 em constante mudan\u00e7a e evolu\u00e7\u00e3o. O processo de obten\u00e7\u00e3o de um visto ou green card pode ser demorado devido aos muitos requisitos e poss\u00edveis bloqueios ao longo do caminho. \u00c9 importante que os imigrantes brasileiros tenham uma compreens\u00e3o completa do sistema para que voc\u00ea possa navegar por ele com sucesso. Um dos aspectos mais importantes da lei de imigra\u00e7\u00e3o dos EUA \u00e9 o conceito de &#8220;status legal&#8221;. Refere-se ao direito legal do imigrante de viver e trabalhar no pa\u00eds. H\u00e1 diferentes tipos de status legais, incluindo o status de residente permanente (ter um green card) e o status de visto tempor\u00e1rio. Que tipos de vistos est\u00e3o dispon\u00edveis para imigrantes brasileiros? Os imigrantes brasileiros t\u00eam v\u00e1rias op\u00e7\u00f5es quando se trata de obter um visto ou resid\u00eancia permanente nos Estados Unidos. Isso inclui: Cada tipo de visto tem suas pr\u00f3prias exig\u00eancias e limita\u00e7\u00f5es. Por exemplo, os vistos baseados em emprego exigem uma oferta de emprego de um empregador dos EUA, enquanto os vistos baseados em fam\u00edlia devem ter o patroc\u00ednio de um cidad\u00e3o dos EUA ou de um parente residente permanente. O papel de um advogado de imigra\u00e7\u00e3o Um advogado de servi\u00e7o de imigra\u00e7\u00e3o brasileira em Houston, Texas, pode fornecer assist\u00eancia inestim\u00e1vel para a obten\u00e7\u00e3o de status legal nos EUA. No The PD Law Firm, P.A., temos um profundo conhecimento das leis americanas e podemos ajudar os imigrantes a determinar o melhor curso de a\u00e7\u00e3o para sua situa\u00e7\u00e3o. Isso pode incluir a determina\u00e7\u00e3o da elegibilidade para determinados vistos, a orienta\u00e7\u00e3o no processo de solicita\u00e7\u00e3o e a representa\u00e7\u00e3o em ju\u00edzo, se necess\u00e1rio. Nosso advogado pode ajudar voc\u00ea com autoriza\u00e7\u00e3o de emprego, peti\u00e7\u00f5es baseadas na fam\u00edlia e naturaliza\u00e7\u00e3o (tornar-se cidad\u00e3o americano). Tamb\u00e9m podemos oferecer orienta\u00e7\u00e3o sobre como manter o status legal e evitar problemas que possam comprometer sua capacidade de permanecer no pa\u00eds. Navegando pelas diferen\u00e7as culturais Os imigrantes brasileiros podem enfrentar diferen\u00e7as culturais que tornam o processo ainda mais desafiador. O advogado Pedro Dearaujo est\u00e1 familiarizado com a cultura e o idioma brasileiros, o que significa que podemos ajudar a preencher essa lacuna e proporcionar uma experi\u00eancia mais confort\u00e1vel e personalizada para os clientes. Al\u00e9m disso, ter um advogado de imigra\u00e7\u00e3o brasileiro em Houston, Texas, que fale portugu\u00eas pode ser incrivelmente ben\u00e9fico para pessoas que n\u00e3o se sintam confort\u00e1veis em se comunicar em ingl\u00eas durante um processo t\u00e3o cr\u00edtico. Podemos explicar conceitos jur\u00eddicos complexos e garantir que todos os documentos importantes sejam traduzidos com precis\u00e3o. Simplifique sua jornada de imigra\u00e7\u00e3o Imigrar para os Estados Unidos pode parecer assustador e dif\u00edcil. No entanto, com a ajuda de um advogado de imigra\u00e7\u00e3o brasileiro de confian\u00e7a que atende Houston, Texas, navegar pelo sistema jur\u00eddico pode se tornar muito mais f\u00e1cil. No The PD Law Firm, P.A., Pedro Dearaujo tem o compromisso de oferecer uma representa\u00e7\u00e3o legal compassiva e eficaz para seus clientes. Entre em contato conosco para uma consulta e d\u00ea o primeiro passo hoje mesmo.<\/p>\n","protected":false},"author":1,"featured_media":602,"parent":0,"menu_order":0,"comment_status":"closed","ping_status":"closed","template":"","meta":{"_seopress_robots_primary_cat":"","_seopress_titles_title":"","_seopress_titles_desc":"Voc\u00ea est\u00e1 procurando um advogado de imigra\u00e7\u00e3o brasileiro em Houston, TX? Ligue para o The PD Law Firm, P.A. para obter ajuda especializada do advogado Pedro Dearaujo e realizar seu sonho americano.","_seopress_robots_index":"","footnotes":""},"class_list":["post-1219","page","type-page","status-publish","has-post-thumbnail","hentry","entry","post-inner"],"_links":{"self":[{"href":"https:\/\/pdlaworlando.com\/pt-br\/wp-json\/wp\/v2\/pages\/1219","targetHints":{"allow":["GET"]}}],"collection":[{"href":"https:\/\/pdlaworlando.com\/pt-br\/wp-json\/wp\/v2\/pages"}],"about":[{"href":"https:\/\/pdlaworlando.com\/pt-br\/wp-json\/wp\/v2\/types\/page"}],"author":[{"embeddable":true,"href":"https:\/\/pdlaworlando.com\/pt-br\/wp-json\/wp\/v2\/users\/1"}],"replies":[{"embeddable":true,"href":"https:\/\/pdlaworlando.com\/pt-br\/wp-json\/wp\/v2\/comments?post=1219"}],"version-history":[{"count":1,"href":"https:\/\/pdlaworlando.com\/pt-br\/wp-json\/wp\/v2\/pages\/1219\/revisions"}],"predecessor-version":[{"id":1220,"href":"https:\/\/pdlaworlando.com\/pt-br\/wp-json\/wp\/v2\/pages\/1219\/revisions\/1220"}],"wp:featuredmedia":[{"embeddable":true,"href":"https:\/\/pdlaworlando.com\/pt-br\/wp-json\/wp\/v2\/media\/602"}],"wp:attachment":[{"href":"https:\/\/pdlaworlando.com\/pt-br\/wp-json\/wp\/v2\/media?parent=1219"}],"curies":[{"name":"wp","href":"https:\/\/api.w.org\/{rel}","templated":true}]}}