{"id":1228,"date":"2024-05-29T16:22:11","date_gmt":"2024-05-29T21:22:11","guid":{"rendered":"https:\/\/pdlaworlando.com\/advogado-de-imigracao-dos-eua-atendendo-rio-de-janeiro-brasil\/"},"modified":"2024-05-29T16:24:38","modified_gmt":"2024-05-29T21:24:38","slug":"advogado-de-imigracao-dos-eua-atendendo-rio-de-janeiro-brasil","status":"publish","type":"page","link":"https:\/\/pdlaworlando.com\/pt-br\/advogado-de-imigracao-dos-eua-atendendo-rio-de-janeiro-brasil\/","title":{"rendered":"Advogado de imigra\u00e7\u00e3o dos EUA atendendo Rio de Janeiro, Brasil"},"content":{"rendered":"<div class=\"wp-block-image\">\n<figure class=\"alignright size-full is-resized\"><img loading=\"lazy\" decoding=\"async\" width=\"1000\" height=\"662\" src=\"https:\/\/pdlaworlando.com\/wp-content\/uploads\/U.S.-Immigration-Attorney-serving-Rio-de-Janeiro-Brazil-.jpg\" alt=\"Advogado de imigra&#xE7;&#xE3;o dos EUA atendendo Rio de Janeiro, Brasil  \" class=\"wp-image-1224\" style=\"width:322px;height:auto\" srcset=\"https:\/\/pdlaworlando.com\/wp-content\/uploads\/U.S.-Immigration-Attorney-serving-Rio-de-Janeiro-Brazil-.jpg 1000w, https:\/\/pdlaworlando.com\/wp-content\/uploads\/U.S.-Immigration-Attorney-serving-Rio-de-Janeiro-Brazil--300x199.jpg 300w, https:\/\/pdlaworlando.com\/wp-content\/uploads\/U.S.-Immigration-Attorney-serving-Rio-de-Janeiro-Brazil--768x508.jpg 768w\" sizes=\"auto, (max-width: 1000px) 100vw, 1000px\" \/><\/figure>\n<\/div>\n<p>N\u00e3o importa onde voc\u00ea esteja no mundo, os Estados Unidos s\u00e3o um destino popular para quem quer come\u00e7ar uma nova vida. A cultura diversificada e a abund\u00e2ncia de oportunidades fazem dela uma op\u00e7\u00e3o atraente para muitas pessoas. No entanto, o processo de imigra\u00e7\u00e3o pode parecer complicado e desgastante sem a orienta\u00e7\u00e3o de um advogado dedicado. Um <a href=\"https:\/\/en.wikipedia.org\/wiki\/Immigration_by_country#United_States_2\">advogado de imigra\u00e7\u00e3o dos EUA<\/a> que atenda o <a href=\"https:\/\/en.wikipedia.org\/wiki\/Rio_de_Janeiro\">Rio de Janeiro, Brasil,<\/a> pode simplificar o processo e aumentar suas chances de sucesso.<\/p>\n\n<p>No <a href=\"\/\">The PD Law Firm, P.A<\/a>., conhecemos os desafios que indiv\u00edduos e fam\u00edlias enfrentam ao navegar pelo sistema de imigra\u00e7\u00e3o dos EUA. Ligue agora para falar com o advogado dos Estados Unidos Pedro Dearaujo e veja por que tantos clientes confiaram a n\u00f3s suas necessidades jur\u00eddicas.<\/p>\n\n<h2 class=\"wp-block-heading\">Entendendo seu status de imigra\u00e7\u00e3o<\/h2>\n\n<p>A primeira etapa do processo de imigra\u00e7\u00e3o \u00e9 determinar seu status atual. Isso ajudar\u00e1 a determinar qual caminho voc\u00ea deve seguir e quais op\u00e7\u00f5es est\u00e3o dispon\u00edveis. Nosso advogado de imigra\u00e7\u00e3o pode analisar seus documentos e avaliar sua elegibilidade para v\u00e1rias categorias de visto. Aqui est\u00e1 uma breve vis\u00e3o geral de cada um deles:<\/p>\n\n<ul class=\"wp-block-list\">\n<li><strong>\n  <a href=\"https:\/\/pdlaworlando.com\/pt-br\/imigracao\/peticoes-familiares\/\">Vistos com base na fam\u00edlia<\/a>\n<\/strong>: Se voc\u00ea tiver um parente pr\u00f3ximo que seja cidad\u00e3o americano ou residente permanente, poder\u00e1 se qualificar para um visto baseado na fam\u00edlia.<\/li>\n\n\n\n<li><a href=\"https:\/\/pdlaworlando.com\/pt-br\/imigracao\/casamento-noivo-noiva\/\">\n  <strong>Peti\u00e7\u00f5es de noivos<\/strong>\n<\/a>: O visto K1 permite que os cidad\u00e3os americanos tragam seus noivos para os Estados Unidos com a inten\u00e7\u00e3o de se casarem dentro de 90 dias.<\/li>\n\n\n\n<li><a href=\"https:\/\/pdlaworlando.com\/pt-br\/imigracao\/negocios\/\">\n  <strong>Vistos baseados em emprego<\/strong>\n<\/a>: Se voc\u00ea tiver uma oferta de emprego de um empregador dos EUA, poder\u00e1 obter um visto baseado em emprego.<\/li>\n\n\n\n<li><a href=\"https:\/\/pdlaworlando.com\/pt-br\/imigracao\/estudantes\/\">\n  <strong>Vistos baseados em educa\u00e7\u00e3o<\/strong>\n<\/a>: Se voc\u00ea est\u00e1 vindo para os EUA para estudar ou realizar pesquisas, h\u00e1 v\u00e1rias categorias de visto de estudante e de visitante de interc\u00e2mbio dispon\u00edveis.<\/li>\n<\/ul>\n\n<h2 class=\"wp-block-heading\">Navegando no processo de imigra\u00e7\u00e3o<\/h2>\n\n<p>Depois que o seu status for determinado e a categoria de visto apropriada for identificada, um advogado de imigra\u00e7\u00e3o dos EUA que atende o Rio de Janeiro, Brasil, poder\u00e1 orientar voc\u00ea durante a solicita\u00e7\u00e3o. Isso inclui o preenchimento de formul\u00e1rios, a coleta de documentos comprobat\u00f3rios e a compila\u00e7\u00e3o de evid\u00eancias para comprovar sua elegibilidade. Pedro Dearaujo pode garantir que sua solicita\u00e7\u00e3o seja precisa e enviada em tempo h\u00e1bil.  <\/p>\n\n<h3 class=\"wp-block-heading\">Evitar erros<\/h3>\n\n<p>At\u00e9 mesmo um pequeno erro em sua solicita\u00e7\u00e3o pode resultar em atrasos ou at\u00e9 mesmo na recusa. Um advogado de imigra\u00e7\u00e3o sabe como evitar erros comuns que prejudicam suas chances de sucesso. Eles tamb\u00e9m podem fornecer orienta\u00e7\u00e3o sobre como lidar com solicita\u00e7\u00f5es de informa\u00e7\u00f5es adicionais ou entrevistas do governo dos EUA.<\/p>\n\n<h3 class=\"wp-block-heading\">Manter-se atualizado sobre as mudan\u00e7as<\/h3>\n\n<p>O sistema de imigra\u00e7\u00e3o dos EUA est\u00e1 em constante mudan\u00e7a, com novas leis e pol\u00edticas sendo implementadas regularmente. Um advogado de imigra\u00e7\u00e3o dos EUA que atende o Rio de Janeiro pode ficar por dentro dessas mudan\u00e7as e fornecer informa\u00e7\u00f5es sobre como elas podem afetar o seu caso. Eles tamb\u00e9m podem ajudar com quaisquer atualiza\u00e7\u00f5es ou ajustes necess\u00e1rios ao seu aplicativo, conforme necess\u00e1rio.<\/p>\n\n<h2 class=\"wp-block-heading\">Falando o idioma de voc\u00eas<\/h2>\n\n<p>No The PD Law Firm, P.A., entendemos a import\u00e2ncia de uma comunica\u00e7\u00e3o clara. O advogado Pedro Dearaujo \u00e9 fluente em ingl\u00eas e portugu\u00eas, garantindo que n\u00e3o haja barreiras lingu\u00edsticas entre voc\u00ea e sua representa\u00e7\u00e3o legal. Isso tamb\u00e9m pode aliviar qualquer confus\u00e3o ou mal-entendido que possa surgir sobre o seu caso.<\/p>\n\n<h2 class=\"wp-block-heading\">Atingir suas metas de imigra\u00e7\u00e3o<\/h2>\n\n<p>Se voc\u00ea estiver pensando em imigrar para os Estados Unidos, n\u00e3o passe por esse processo sozinho. Consultar um advogado de imigra\u00e7\u00e3o dos EUA Servindo o Rio de Janeiro, Brasil, pode fazer toda a diferen\u00e7a para que voc\u00ea atinja seus objetivos e comece uma nova vida nos EUA. Entre em contato com The PD Law Firm, P.A. para agendar uma consulta com o advogado Pedro Dearaujo e come\u00e7ar a trilhar um futuro melhor.<\/p>\n","protected":false},"excerpt":{"rendered":"<p>N\u00e3o importa onde voc\u00ea esteja no mundo, os Estados Unidos s\u00e3o um destino popular para quem quer come\u00e7ar uma nova vida. A cultura diversificada e a abund\u00e2ncia de oportunidades fazem dela uma op\u00e7\u00e3o atraente para muitas pessoas. No entanto, o processo de imigra\u00e7\u00e3o pode parecer complicado e desgastante sem a orienta\u00e7\u00e3o de um advogado dedicado. Um advogado de imigra\u00e7\u00e3o dos EUA que atenda o Rio de Janeiro, Brasil, pode simplificar o processo e aumentar suas chances de sucesso. No The PD Law Firm, P.A., conhecemos os desafios que indiv\u00edduos e fam\u00edlias enfrentam ao navegar pelo sistema de imigra\u00e7\u00e3o dos EUA. Ligue agora para falar com o advogado dos Estados Unidos Pedro Dearaujo e veja por que tantos clientes confiaram a n\u00f3s suas necessidades jur\u00eddicas. Entendendo seu status de imigra\u00e7\u00e3o A primeira etapa do processo de imigra\u00e7\u00e3o \u00e9 determinar seu status atual. Isso ajudar\u00e1 a determinar qual caminho voc\u00ea deve seguir e quais op\u00e7\u00f5es est\u00e3o dispon\u00edveis. Nosso advogado de imigra\u00e7\u00e3o pode analisar seus documentos e avaliar sua elegibilidade para v\u00e1rias categorias de visto. Aqui est\u00e1 uma breve vis\u00e3o geral de cada um deles: Navegando no processo de imigra\u00e7\u00e3o Depois que o seu status for determinado e a categoria de visto apropriada for identificada, um advogado de imigra\u00e7\u00e3o dos EUA que atende o Rio de Janeiro, Brasil, poder\u00e1 orientar voc\u00ea durante a solicita\u00e7\u00e3o. Isso inclui o preenchimento de formul\u00e1rios, a coleta de documentos comprobat\u00f3rios e a compila\u00e7\u00e3o de evid\u00eancias para comprovar sua elegibilidade. Pedro Dearaujo pode garantir que sua solicita\u00e7\u00e3o seja precisa e enviada em tempo h\u00e1bil. Evitar erros At\u00e9 mesmo um pequeno erro em sua solicita\u00e7\u00e3o pode resultar em atrasos ou at\u00e9 mesmo na recusa. Um advogado de imigra\u00e7\u00e3o sabe como evitar erros comuns que prejudicam suas chances de sucesso. Eles tamb\u00e9m podem fornecer orienta\u00e7\u00e3o sobre como lidar com solicita\u00e7\u00f5es de informa\u00e7\u00f5es adicionais ou entrevistas do governo dos EUA. Manter-se atualizado sobre as mudan\u00e7as O sistema de imigra\u00e7\u00e3o dos EUA est\u00e1 em constante mudan\u00e7a, com novas leis e pol\u00edticas sendo implementadas regularmente. Um advogado de imigra\u00e7\u00e3o dos EUA que atende o Rio de Janeiro pode ficar por dentro dessas mudan\u00e7as e fornecer informa\u00e7\u00f5es sobre como elas podem afetar o seu caso. Eles tamb\u00e9m podem ajudar com quaisquer atualiza\u00e7\u00f5es ou ajustes necess\u00e1rios ao seu aplicativo, conforme necess\u00e1rio. Falando o idioma de voc\u00eas No The PD Law Firm, P.A., entendemos a import\u00e2ncia de uma comunica\u00e7\u00e3o clara. O advogado Pedro Dearaujo \u00e9 fluente em ingl\u00eas e portugu\u00eas, garantindo que n\u00e3o haja barreiras lingu\u00edsticas entre voc\u00ea e sua representa\u00e7\u00e3o legal. Isso tamb\u00e9m pode aliviar qualquer confus\u00e3o ou mal-entendido que possa surgir sobre o seu caso. Atingir suas metas de imigra\u00e7\u00e3o Se voc\u00ea estiver pensando em imigrar para os Estados Unidos, n\u00e3o passe por esse processo sozinho. Consultar um advogado de imigra\u00e7\u00e3o dos EUA Servindo o Rio de Janeiro, Brasil, pode fazer toda a diferen\u00e7a para que voc\u00ea atinja seus objetivos e comece uma nova vida nos EUA. Entre em contato com The PD Law Firm, P.A. para agendar uma consulta com o advogado Pedro Dearaujo e come\u00e7ar a trilhar um futuro melhor.<\/p>\n","protected":false},"author":1,"featured_media":1225,"parent":0,"menu_order":0,"comment_status":"closed","ping_status":"closed","template":"","meta":{"_seopress_robots_primary_cat":"","_seopress_titles_title":"","_seopress_titles_desc":"Voc\u00ea precisa de um advogado de imigra\u00e7\u00e3o dos EUA no Rio de Janeiro? Entre em contato com o The PD Law Firm, P.A. para obter orienta\u00e7\u00e3o especializada do advogado Pedro Dearaujo e simplificar sua jornada de imigra\u00e7\u00e3o.","_seopress_robots_index":"","footnotes":""},"class_list":["post-1228","page","type-page","status-publish","has-post-thumbnail","hentry","entry","post-inner"],"_links":{"self":[{"href":"https:\/\/pdlaworlando.com\/pt-br\/wp-json\/wp\/v2\/pages\/1228","targetHints":{"allow":["GET"]}}],"collection":[{"href":"https:\/\/pdlaworlando.com\/pt-br\/wp-json\/wp\/v2\/pages"}],"about":[{"href":"https:\/\/pdlaworlando.com\/pt-br\/wp-json\/wp\/v2\/types\/page"}],"author":[{"embeddable":true,"href":"https:\/\/pdlaworlando.com\/pt-br\/wp-json\/wp\/v2\/users\/1"}],"replies":[{"embeddable":true,"href":"https:\/\/pdlaworlando.com\/pt-br\/wp-json\/wp\/v2\/comments?post=1228"}],"version-history":[{"count":1,"href":"https:\/\/pdlaworlando.com\/pt-br\/wp-json\/wp\/v2\/pages\/1228\/revisions"}],"predecessor-version":[{"id":1229,"href":"https:\/\/pdlaworlando.com\/pt-br\/wp-json\/wp\/v2\/pages\/1228\/revisions\/1229"}],"wp:featuredmedia":[{"embeddable":true,"href":"https:\/\/pdlaworlando.com\/pt-br\/wp-json\/wp\/v2\/media\/1225"}],"wp:attachment":[{"href":"https:\/\/pdlaworlando.com\/pt-br\/wp-json\/wp\/v2\/media?parent=1228"}],"curies":[{"name":"wp","href":"https:\/\/api.w.org\/{rel}","templated":true}]}}