{"id":1396,"date":"2025-12-18T19:10:17","date_gmt":"2025-12-19T00:10:17","guid":{"rendered":"https:\/\/pdlaworlando.com\/advogado-de-imigracao-em-winter-park\/"},"modified":"2025-12-18T19:18:23","modified_gmt":"2025-12-19T00:18:23","slug":"advogado-de-imigracao-em-winter-park","status":"publish","type":"page","link":"https:\/\/pdlaworlando.com\/pt-br\/advogado-de-imigracao-em-winter-park\/","title":{"rendered":"Advogado de Imigra\u00e7\u00e3o em Winter Park"},"content":{"rendered":"\n<h2 class=\"wp-block-heading\">Seu escrit\u00f3rio de advocacia de imigra\u00e7\u00e3o em Winter Park<\/h2>\n\n<p>Para encontrar representa\u00e7\u00e3o legal experiente para quest\u00f5es de imigra\u00e7\u00e3o em <a href=\"https:\/\/cityofwinterpark.org\/\" data-type=\"link\" data-id=\"https:\/\/cityofwinterpark.org\/\">Winter Park<\/a>, voc\u00ea precisa de um advogado que entenda tanto da lei federal de imigra\u00e7\u00e3o quanto da comunidade local. <strong>O PD Law Firm<\/strong>, liderado pelo <a href=\"https:\/\/pdlaworlando.com\/pt-br\/sobre\/\" data-type=\"page\" data-id=\"25\">advogado Pedro Dearaujo<\/a>, oferece servi\u00e7os jur\u00eddicos abrangentes de imigra\u00e7\u00e3o para residentes, fam\u00edlias e empres\u00e1rios de Winter Park em todo o Condado de Orange.<\/p>\n\n<p>Winter Park, conhecido por suas ruas arborizadas, charme hist\u00f3rico e proximidade com o Rollins College, atrai profissionais, empres\u00e1rios e fam\u00edlias de todo o mundo. Se voc\u00ea \u00e9 propriet\u00e1rio de uma empresa na Park Avenue, estudante na \u00e1rea da Rollins ou uma fam\u00edlia que est\u00e1 se estabelecendo perto de <a href=\"https:\/\/shopwinterparkvillage.com\/\" data-type=\"link\" data-id=\"https:\/\/shopwinterparkvillage.com\/\">Winter Park Village<\/a>, nosso escrit\u00f3rio oferece orienta\u00e7\u00e3o personalizada sobre imigra\u00e7\u00e3o, adaptada \u00e0s suas circunst\u00e2ncias espec\u00edficas. <\/p>\n\n<h2 class=\"wp-block-heading\">Por que os residentes de Winter Park escolhem o escrit\u00f3rio de advocacia PD<\/h2>\n\n<p><strong>O advogado Pedro Dearaujo traz<\/strong> uma perspectiva \u00fanica para a lei de imigra\u00e7\u00e3o. Nascido no Brasil e tendo ele pr\u00f3prio navegado pelo sistema de imigra\u00e7\u00e3o dos EUA, ele entende os desafios que os imigrantes enfrentam em primeira m\u00e3o. Sua experi\u00eancia na Defensoria P\u00fablica, lidando com milhares de casos e conduzindo mais de vinte julgamentos com j\u00fari, aprimorou suas habilidades de lit\u00edgio e seu profundo conhecimento do sistema jur\u00eddico.  <\/p>\n\n<p><strong>O que diferencia nossa empresa:<\/strong><\/p>\n\n<ul class=\"wp-block-list\">\n<li><strong>Servi\u00e7os multil\u00edngues:<\/strong> N\u00f3s nos comunicamos em ingl\u00eas, portugu\u00eas e espanhol, garantindo um entendimento claro durante todo o seu caso<\/li>\n\n\n\n<li><strong>Especializa\u00e7\u00e3o em leis federais:<\/strong> A lei de imigra\u00e7\u00e3o \u00e9 federal, o que nos permite representar clientes em qualquer lugar dos Estados Unidos<\/li>\n\n\n\n<li><strong>Hist\u00f3rico comprovado:<\/strong> Experi\u00eancia perante o USCIS, os tribunais de imigra\u00e7\u00e3o e o Conselho de Recursos de Imigra\u00e7\u00e3o<\/li>\n\n\n\n<li><strong>Reconhecimento do Super Lawyers:<\/strong> Selecionado para o Rising Stars por meio do reconhecimento de seus pares e de suas realiza\u00e7\u00f5es profissionais<\/li>\n<\/ul>\n\n<h2 class=\"wp-block-heading\">Nossos servi\u00e7os de imigra\u00e7\u00e3o<\/h2>\n\n<p>Nossa pr\u00e1tica de imigra\u00e7\u00e3o em Winter Park abrange todo o espectro de quest\u00f5es de imigra\u00e7\u00e3o. Abaixo voc\u00ea encontrar\u00e1 uma vis\u00e3o geral dos principais servi\u00e7os que oferecemos a indiv\u00edduos, fam\u00edlias e empresas na \u00e1rea de Winter Park. <\/p>\n\n<figure class=\"wp-block-table\"><table class=\"has-fixed-layout\"><thead><tr><th>Categoria de servi\u00e7o<\/th><th>Com o que lidamos<\/th><\/tr><\/thead><tbody><tr><td><strong>Imigra\u00e7\u00e3o familiar<\/strong><\/td><td>Peti\u00e7\u00f5es familiares (I-130), vistos de c\u00f4njuge, peti\u00e7\u00f5es de pais e filhos, peti\u00e7\u00f5es de irm\u00e3os, vistos de noivo K-1, green cards baseados em casamento<\/td><\/tr><tr><td><strong>Com base no emprego<\/strong><\/td><td>Capacidade extraordin\u00e1ria EB-1, diplomas avan\u00e7ados EB-2, Isen\u00e7\u00e3o de Interesse Nacional (NIW), vistos de investidor E-2, transfer\u00eancias intracompanhias L-1<\/td><\/tr><tr><td><strong>Cidadania<\/strong><\/td><td>Solicita\u00e7\u00f5es de naturaliza\u00e7\u00e3o (N-400), prepara\u00e7\u00e3o para testes de cidadania, orienta\u00e7\u00e3o sobre requisitos de resid\u00eancia, casos de Child Citizenship Act<\/td><\/tr><tr><td><strong>Vistos de estudante<\/strong><\/td><td>Vistos acad\u00eamicos F-1, vistos vocacionais M-1, autoriza\u00e7\u00e3o de trabalho OPT\/CPT, mudan\u00e7a de status, extens\u00f5es STEM<\/td><\/tr><tr><td><strong>Isen\u00e7\u00f5es e al\u00edvio<\/strong><\/td><td>Isen\u00e7\u00f5es I-601, isen\u00e7\u00f5es provis\u00f3rias I-601A, permiss\u00e3o I-212 para reaplica\u00e7\u00e3o, documenta\u00e7\u00e3o de extrema dificuldade<\/td><\/tr><tr><td><strong>Humanit\u00e1rio<\/strong><\/td><td>Pedidos de asilo, reten\u00e7\u00e3o de remo\u00e7\u00e3o, prote\u00e7\u00e3o da Conven\u00e7\u00e3o contra a Tortura (CAT)<\/td><\/tr><\/tbody><\/table><\/figure>\n\n<h2 class=\"wp-block-heading\">Atendendo \u00e0 comunidade de Winter Park<\/h2>\n\n<p>O car\u00e1ter internacional de Winter Park faz com que ela abrigue uma popula\u00e7\u00e3o diversificada com necessidades variadas de imigra\u00e7\u00e3o. Desde executivos que se mudam para trabalhar em empresas no Central Florida Research Park, nas proximidades, at\u00e9 fam\u00edlias atra\u00eddas pelas excelentes escolas do Orange County, nosso escrit\u00f3rio atende \u00e0s necessidades espec\u00edficas dessa comunidade. <\/p>\n\n<p>Os alunos do Rollins College ou da Full Sail University geralmente precisam de orienta\u00e7\u00e3o para manter o status F-1, buscar oportunidades OPT ou fazer a transi\u00e7\u00e3o para vistos de trabalho ap\u00f3s a gradua\u00e7\u00e3o. Os propriet\u00e1rios de empresas ao longo da Park Avenue e no distrito comercial de Winter Park podem precisar de assist\u00eancia para o visto de investidor E-2 ou de ajuda para patrocinar funcion\u00e1rios importantes. <\/p>\n\n<p>Nosso escrit\u00f3rio em Orlando, no endere\u00e7o 1601 Park Center Drive, est\u00e1 convenientemente localizado a poucos minutos de Winter Park pela Interstate 4 ou por estradas locais. Tamb\u00e9m atendemos clientes por meio de consultas por telefone e v\u00eddeo para aqueles que preferem reuni\u00f5es remotas.<\/p>\n\n<h2 class=\"wp-block-heading\">Como trabalhamos com voc\u00ea<\/h2>\n\n<p>Cada caso de imigra\u00e7\u00e3o come\u00e7a com a compreens\u00e3o de suas metas e circunst\u00e2ncias espec\u00edficas. Nossa abordagem inclui:<\/p>\n\n<ol class=\"wp-block-list\">\n<li><strong>Consulta inicial:<\/strong> Analisamos sua situa\u00e7\u00e3o, discutimos suas metas de imigra\u00e7\u00e3o e identificamos o melhor caminho legal a seguir<\/li>\n\n\n\n<li><strong>Estrat\u00e9gia de caso:<\/strong> Desenvolvemos um plano personalizado com base em sua elegibilidade, requisitos de cronograma e objetivos de longo prazo<\/li>\n\n\n\n<li><strong>Prepara\u00e7\u00e3o de documentos:<\/strong> Reunimos, organizamos e preparamos todos os formul\u00e1rios, evid\u00eancias e documenta\u00e7\u00e3o de apoio necess\u00e1rios<\/li>\n\n\n\n<li><strong>Arquivamento e acompanhamento:<\/strong> Enviamos suas solicita\u00e7\u00f5es e respondemos a todas as solicita\u00e7\u00f5es de provas do USCIS<\/li>\n\n\n\n<li><strong>Prepara\u00e7\u00e3o para entrevistas:<\/strong> Preparamos voc\u00ea para as entrevistas do USCIS e o representamos durante todo o processo<\/li>\n<\/ol>\n\n<h2 class=\"wp-block-heading\">Perguntas frequentes<\/h2>\n\n<h3 class=\"wp-block-heading\">O PD Law Firm pode cuidar do meu caso de imigra\u00e7\u00e3o mesmo que o escrit\u00f3rio n\u00e3o seja em Winter Park?<\/h3>\n\n<p>Sim. A lei de imigra\u00e7\u00e3o \u00e9 uma lei federal, o que significa que o advogado Pedro Dearaujo pode representar clientes em todos os Estados Unidos, independentemente de onde seu escrit\u00f3rio esteja fisicamente localizado. Nosso escrit\u00f3rio em Orlando fica a uma curta dist\u00e2ncia de Winter Park, e tamb\u00e9m oferecemos consultas por telefone e v\u00eddeo. Representamos clientes regularmente nos escrit\u00f3rios do USCIS e nos tribunais de imigra\u00e7\u00e3o em todo o pa\u00eds.<\/p>\n\n<h3 class=\"wp-block-heading\">Meu esposo \u00e9 brasileiro e fala pouco ingl\u00eas. Voc\u00ea pode nos ajudar com o processo de visto de casamento?<\/h3>\n\n<p>Com certeza. O advogado Pedro Dearaujo \u00e9 fluente em portugu\u00eas, espanhol e ingl\u00eas. Ele mesmo nasceu no Brasil e entende os desafios culturais e lingu\u00edsticos que os imigrantes brasileiros enfrentam. Podemos nos comunicar com seu c\u00f4njuge em portugu\u00eas durante todo o processo do visto de noivo K-1 ou do green card baseado em casamento, garantindo que nada se perca na tradu\u00e7\u00e3o.<\/p>\n\n<h3 class=\"wp-block-heading\">Quanto tempo voc\u00ea normalmente leva para obter um green card por meio de patroc\u00ednio familiar?<\/h3>\n\n<p>Os tempos de processamento variam significativamente com base no seu relacionamento com o peticion\u00e1rio e no pa\u00eds de origem. Parentes imediatos de cidad\u00e3os americanos (c\u00f4njuges, filhos solteiros com menos de 21 anos e pais) n\u00e3o t\u00eam per\u00edodo de espera para obten\u00e7\u00e3o de visto. Outras categorias de prefer\u00eancia familiar podem ter tempos de espera que variam de v\u00e1rios meses a v\u00e1rios anos. Durante a sua consulta, analisaremos os tempos de processamento atuais para a sua situa\u00e7\u00e3o espec\u00edfica e ajudaremos voc\u00ea a entender o cronograma realista.<\/p>\n\n<h3 class=\"wp-block-heading\">Sou formado em uma faculdade. Quais s\u00e3o minhas op\u00e7\u00f5es para permanecer nos EUA ap\u00f3s a expira\u00e7\u00e3o do visto?<\/h3>\n\n<p>V\u00e1rios caminhos podem estar dispon\u00edveis, dependendo do campo de estudo e da situa\u00e7\u00e3o de emprego que voc\u00ea tiver. Se voc\u00ea tiver um diploma STEM, poder\u00e1 se qualificar para uma extens\u00e3o do STEM OPT de 24 meses. Al\u00e9m do OPT, as op\u00e7\u00f5es incluem vistos H-1B patrocinados pelo empregador, vistos O-1 para indiv\u00edduos com habilidades extraordin\u00e1rias ou green cards EB-2\/EB-3 baseados em emprego. Alguns graduados tamb\u00e9m podem se qualificar para categorias de autopeti\u00e7\u00e3o, como a EB-2 National Interest Waiver. Podemos avaliar suas qualifica\u00e7\u00f5es e ajudar a identificar a melhor estrat\u00e9gia para suas metas de carreira.<\/p>\n\n<div style=\"height:74px\" aria-hidden=\"true\" class=\"wp-block-spacer\"><\/div>\n","protected":false},"excerpt":{"rendered":"<p>Seu escrit\u00f3rio de advocacia de imigra\u00e7\u00e3o em Winter Park Para encontrar representa\u00e7\u00e3o legal experiente para quest\u00f5es de imigra\u00e7\u00e3o em Winter Park, voc\u00ea precisa de um advogado que entenda tanto da lei federal de imigra\u00e7\u00e3o quanto da comunidade local. O PD Law Firm, liderado pelo advogado Pedro Dearaujo, oferece servi\u00e7os jur\u00eddicos abrangentes de imigra\u00e7\u00e3o para residentes, fam\u00edlias e empres\u00e1rios de Winter Park em todo o Condado de Orange. Winter Park, conhecido por suas ruas arborizadas, charme hist\u00f3rico e proximidade com o Rollins College, atrai profissionais, empres\u00e1rios e fam\u00edlias de todo o mundo. Se voc\u00ea \u00e9 propriet\u00e1rio de uma empresa na Park Avenue, estudante na \u00e1rea da Rollins ou uma fam\u00edlia que est\u00e1 se estabelecendo perto de Winter Park Village, nosso escrit\u00f3rio oferece orienta\u00e7\u00e3o personalizada sobre imigra\u00e7\u00e3o, adaptada \u00e0s suas circunst\u00e2ncias espec\u00edficas. Por que os residentes de Winter Park escolhem o escrit\u00f3rio de advocacia PD O advogado Pedro Dearaujo traz uma perspectiva \u00fanica para a lei de imigra\u00e7\u00e3o. Nascido no Brasil e tendo ele pr\u00f3prio navegado pelo sistema de imigra\u00e7\u00e3o dos EUA, ele entende os desafios que os imigrantes enfrentam em primeira m\u00e3o. Sua experi\u00eancia na Defensoria P\u00fablica, lidando com milhares de casos e conduzindo mais de vinte julgamentos com j\u00fari, aprimorou suas habilidades de lit\u00edgio e seu profundo conhecimento do sistema jur\u00eddico. O que diferencia nossa empresa: Nossos servi\u00e7os de imigra\u00e7\u00e3o Nossa pr\u00e1tica de imigra\u00e7\u00e3o em Winter Park abrange todo o espectro de quest\u00f5es de imigra\u00e7\u00e3o. Abaixo voc\u00ea encontrar\u00e1 uma vis\u00e3o geral dos principais servi\u00e7os que oferecemos a indiv\u00edduos, fam\u00edlias e empresas na \u00e1rea de Winter Park. Categoria de servi\u00e7o Com o que lidamos Imigra\u00e7\u00e3o familiar Peti\u00e7\u00f5es familiares (I-130), vistos de c\u00f4njuge, peti\u00e7\u00f5es de pais e filhos, peti\u00e7\u00f5es de irm\u00e3os, vistos de noivo K-1, green cards baseados em casamento Com base no emprego Capacidade extraordin\u00e1ria EB-1, diplomas avan\u00e7ados EB-2, Isen\u00e7\u00e3o de Interesse Nacional (NIW), vistos de investidor E-2, transfer\u00eancias intracompanhias L-1 Cidadania Solicita\u00e7\u00f5es de naturaliza\u00e7\u00e3o (N-400), prepara\u00e7\u00e3o para testes de cidadania, orienta\u00e7\u00e3o sobre requisitos de resid\u00eancia, casos de Child Citizenship Act Vistos de estudante Vistos acad\u00eamicos F-1, vistos vocacionais M-1, autoriza\u00e7\u00e3o de trabalho OPT\/CPT, mudan\u00e7a de status, extens\u00f5es STEM Isen\u00e7\u00f5es e al\u00edvio Isen\u00e7\u00f5es I-601, isen\u00e7\u00f5es provis\u00f3rias I-601A, permiss\u00e3o I-212 para reaplica\u00e7\u00e3o, documenta\u00e7\u00e3o de extrema dificuldade Humanit\u00e1rio Pedidos de asilo, reten\u00e7\u00e3o de remo\u00e7\u00e3o, prote\u00e7\u00e3o da Conven\u00e7\u00e3o contra a Tortura (CAT) Atendendo \u00e0 comunidade de Winter Park O car\u00e1ter internacional de Winter Park faz com que ela abrigue uma popula\u00e7\u00e3o diversificada com necessidades variadas de imigra\u00e7\u00e3o. Desde executivos que se mudam para trabalhar em empresas no Central Florida Research Park, nas proximidades, at\u00e9 fam\u00edlias atra\u00eddas pelas excelentes escolas do Orange County, nosso escrit\u00f3rio atende \u00e0s necessidades espec\u00edficas dessa comunidade. Os alunos do Rollins College ou da Full Sail University geralmente precisam de orienta\u00e7\u00e3o para manter o status F-1, buscar oportunidades OPT ou fazer a transi\u00e7\u00e3o para vistos de trabalho ap\u00f3s a gradua\u00e7\u00e3o. Os propriet\u00e1rios de empresas ao longo da Park Avenue e no distrito comercial de Winter Park podem precisar de assist\u00eancia para o visto de investidor E-2 ou de ajuda para patrocinar funcion\u00e1rios importantes. Nosso escrit\u00f3rio em Orlando, no endere\u00e7o 1601 Park Center Drive, est\u00e1 convenientemente localizado a poucos minutos de Winter Park pela Interstate 4 ou por estradas locais. Tamb\u00e9m atendemos clientes por meio de consultas por telefone e v\u00eddeo para aqueles que preferem reuni\u00f5es remotas. Como trabalhamos com voc\u00ea Cada caso de imigra\u00e7\u00e3o come\u00e7a com a compreens\u00e3o de suas metas e circunst\u00e2ncias espec\u00edficas. Nossa abordagem inclui: Perguntas frequentes O PD Law Firm pode cuidar do meu caso de imigra\u00e7\u00e3o mesmo que o escrit\u00f3rio n\u00e3o seja em Winter Park? Sim. A lei de imigra\u00e7\u00e3o \u00e9 uma lei federal, o que significa que o advogado Pedro Dearaujo pode representar clientes em todos os Estados Unidos, independentemente de onde seu escrit\u00f3rio esteja fisicamente localizado. Nosso escrit\u00f3rio em Orlando fica a uma curta dist\u00e2ncia de Winter Park, e tamb\u00e9m oferecemos consultas por telefone e v\u00eddeo. Representamos clientes regularmente nos escrit\u00f3rios do USCIS e nos tribunais de imigra\u00e7\u00e3o em todo o pa\u00eds. Meu esposo \u00e9 brasileiro e fala pouco ingl\u00eas. Voc\u00ea pode nos ajudar com o processo de visto de casamento? Com certeza. O advogado Pedro Dearaujo \u00e9 fluente em portugu\u00eas, espanhol e ingl\u00eas. Ele mesmo nasceu no Brasil e entende os desafios culturais e lingu\u00edsticos que os imigrantes brasileiros enfrentam. Podemos nos comunicar com seu c\u00f4njuge em portugu\u00eas durante todo o processo do visto de noivo K-1 ou do green card baseado em casamento, garantindo que nada se perca na tradu\u00e7\u00e3o. Quanto tempo voc\u00ea normalmente leva para obter um green card por meio de patroc\u00ednio familiar? Os tempos de processamento variam significativamente com base no seu relacionamento com o peticion\u00e1rio e no pa\u00eds de origem. Parentes imediatos de cidad\u00e3os americanos (c\u00f4njuges, filhos solteiros com menos de 21 anos e pais) n\u00e3o t\u00eam per\u00edodo de espera para obten\u00e7\u00e3o de visto. Outras categorias de prefer\u00eancia familiar podem ter tempos de espera que variam de v\u00e1rios meses a v\u00e1rios anos. Durante a sua consulta, analisaremos os tempos de processamento atuais para a sua situa\u00e7\u00e3o espec\u00edfica e ajudaremos voc\u00ea a entender o cronograma realista. Sou formado em uma faculdade. Quais s\u00e3o minhas op\u00e7\u00f5es para permanecer nos EUA ap\u00f3s a expira\u00e7\u00e3o do visto? V\u00e1rios caminhos podem estar dispon\u00edveis, dependendo do campo de estudo e da situa\u00e7\u00e3o de emprego que voc\u00ea tiver. Se voc\u00ea tiver um diploma STEM, poder\u00e1 se qualificar para uma extens\u00e3o do STEM OPT de 24 meses. Al\u00e9m do OPT, as op\u00e7\u00f5es incluem vistos H-1B patrocinados pelo empregador, vistos O-1 para indiv\u00edduos com habilidades extraordin\u00e1rias ou green cards EB-2\/EB-3 baseados em emprego. Alguns graduados tamb\u00e9m podem se qualificar para categorias de autopeti\u00e7\u00e3o, como a EB-2 National Interest Waiver. Podemos avaliar suas qualifica\u00e7\u00f5es e ajudar a identificar a melhor estrat\u00e9gia para suas metas de carreira.<\/p>\n","protected":false},"author":1,"featured_media":1331,"parent":0,"menu_order":0,"comment_status":"closed","ping_status":"closed","template":"","meta":{"_seopress_robots_primary_cat":"","_seopress_titles_title":"Immigration Attorney Winter Park FL | PD Law Firm","_seopress_titles_desc":"Winter Park immigration attorney Pedro Dearaujo provides family visas, green cards & citizenship services. Multilingual firm serving Orange County. Call (407) 490-0696.","_seopress_robots_index":"","footnotes":""},"class_list":["post-1396","page","type-page","status-publish","has-post-thumbnail","hentry","entry","post-inner"],"_links":{"self":[{"href":"https:\/\/pdlaworlando.com\/pt-br\/wp-json\/wp\/v2\/pages\/1396","targetHints":{"allow":["GET"]}}],"collection":[{"href":"https:\/\/pdlaworlando.com\/pt-br\/wp-json\/wp\/v2\/pages"}],"about":[{"href":"https:\/\/pdlaworlando.com\/pt-br\/wp-json\/wp\/v2\/types\/page"}],"author":[{"embeddable":true,"href":"https:\/\/pdlaworlando.com\/pt-br\/wp-json\/wp\/v2\/users\/1"}],"replies":[{"embeddable":true,"href":"https:\/\/pdlaworlando.com\/pt-br\/wp-json\/wp\/v2\/comments?post=1396"}],"version-history":[{"count":2,"href":"https:\/\/pdlaworlando.com\/pt-br\/wp-json\/wp\/v2\/pages\/1396\/revisions"}],"predecessor-version":[{"id":1400,"href":"https:\/\/pdlaworlando.com\/pt-br\/wp-json\/wp\/v2\/pages\/1396\/revisions\/1400"}],"wp:featuredmedia":[{"embeddable":true,"href":"https:\/\/pdlaworlando.com\/pt-br\/wp-json\/wp\/v2\/media\/1331"}],"wp:attachment":[{"href":"https:\/\/pdlaworlando.com\/pt-br\/wp-json\/wp\/v2\/media?parent=1396"}],"curies":[{"name":"wp","href":"https:\/\/api.w.org\/{rel}","templated":true}]}}