{"id":1410,"date":"2025-12-18T19:25:19","date_gmt":"2025-12-19T00:25:19","guid":{"rendered":"https:\/\/pdlaworlando.com\/advogado-de-imigracao-em-orlovista\/"},"modified":"2025-12-18T19:25:58","modified_gmt":"2025-12-19T00:25:58","slug":"advogado-de-imigracao-em-orlovista","status":"publish","type":"page","link":"https:\/\/pdlaworlando.com\/pt-br\/advogado-de-imigracao-em-orlovista\/","title":{"rendered":"Advogado de Imigra\u00e7\u00e3o em Orlovista"},"content":{"rendered":"\n<h2 class=\"wp-block-heading\">Servi\u00e7os jur\u00eddicos de imigra\u00e7\u00e3o para residentes de Orlovista<\/h2>\n\n<p><strong>O PD Law Firm<\/strong> oferece representa\u00e7\u00e3o de imigra\u00e7\u00e3o experiente para os residentes de Orlovista e das comunidades vizinhas do oeste do Condado de Orange. <a href=\"https:\/\/pdlaworlando.com\/pt-br\/sobre\/\" data-type=\"page\" data-id=\"25\">O advogado Pedro Dearaujo<\/a> entende os desafios de imigra\u00e7\u00e3o enfrentados pelas fam\u00edlias e trabalhadores desse bairro diversificado, oferecendo orienta\u00e7\u00e3o jur\u00eddica personalizada em ingl\u00eas, portugu\u00eas e espanhol.<\/p>\n\n<p><a href=\"https:\/\/en.wikipedia.org\/wiki\/Orlo_Vista,_Florida\" data-type=\"link\" data-id=\"https:\/\/en.wikipedia.org\/wiki\/Orlo_Vista,_Florida\">Orlovista<\/a>, um local designado pelo censo, situado entre Orlando e Pine Hills, ao longo do corredor Orange Blossom Trail, \u00e9 o lar de uma vibrante comunidade de imigrantes. Muitos residentes trabalham nos setores de hospitalidade, constru\u00e7\u00e3o e servi\u00e7os nas proximidades, enquanto constroem suas vidas na Fl\u00f3rida Central. Nossa empresa tem o compromisso de ajudar <strong><em>fam\u00edlias orlovistas a navegar pelo complexo sistema de imigra\u00e7\u00e3o dos EUA<\/em><\/strong> e a atingir suas metas de <a href=\"https:\/\/pdlaworlando.com\/pt-br\/advogado-de-imigracao-brasileiro-na-florida\/\" data-type=\"post\" data-id=\"555\">resid\u00eancia<\/a> permanente e <a href=\"https:\/\/pdlaworlando.com\/pt-br\/imigracao\/cidadania\/\" data-type=\"page\" data-id=\"97\">cidadania<\/a>.  <\/p>\n\n<h2 class=\"wp-block-heading\">Por que as fam\u00edlias de Orlovista confiam no escrit\u00f3rio de advocacia PD<\/h2>\n\n<p>A jornada pessoal de imigra\u00e7\u00e3o do advogado Pedro Dearaujo molda sua abordagem em cada caso. Nascido no Brasil, ele se mudou para os Estados Unidos com sua fam\u00edlia quando era adolescente e vivenciou o processo de imigra\u00e7\u00e3o em primeira m\u00e3o. Esse hist\u00f3rico lhe d\u00e1 uma vis\u00e3o \u00fanica das preocupa\u00e7\u00f5es e d\u00favidas que as fam\u00edlias de imigrantes enfrentam.  <\/p>\n\n<p>Antes de abrir seu escrit\u00f3rio particular, o Sr. Dearaujo trabalhou na Defensoria P\u00fablica, lidando com milhares de casos e conduzindo mais de vinte julgamentos com j\u00fari. Essa experi\u00eancia em tribunais \u00e9 inestim\u00e1vel quando voc\u00ea representa clientes em processos no Tribunal de Imigra\u00e7\u00e3o ou em quest\u00f5es complexas do USCIS. <\/p>\n\n<p><strong>Nosso compromisso com os clientes da Orlovista:<\/strong><\/p>\n\n<ul class=\"wp-block-list\">\n<li><strong>Localiza\u00e7\u00e3o acess\u00edvel:<\/strong> Nosso escrit\u00f3rio em Orlando, no endere\u00e7o 1601 Park Center Drive, fica a poucos minutos de Orlovista pela West Colonial Drive ou pela Pine Hills Road<\/li>\n\n\n\n<li><strong>Servi\u00e7os de idiomas:<\/strong> N\u00f3s nos comunicamos fluentemente em portugu\u00eas, espanhol e ingl\u00eas<\/li>\n\n\n\n<li><strong>Consultas flex\u00edveis:<\/strong> Consultas presenciais, por telefone e por v\u00eddeo dispon\u00edveis<\/li>\n\n\n\n<li><strong>Representa\u00e7\u00e3o federal:<\/strong> A lei de imigra\u00e7\u00e3o \u00e9 federal, o que nos permite representar voc\u00ea em qualquer lugar dos Estados Unidos<\/li>\n<\/ul>\n\n<hr class=\"wp-block-separator has-alpha-channel-opacity\"\/>\n\n<h2 class=\"wp-block-heading\">Servi\u00e7os de imigra\u00e7\u00e3o que oferecemos<\/h2>\n\n<p>Nosso escrit\u00f3rio lida com toda a gama de quest\u00f5es de imigra\u00e7\u00e3o para os residentes de Orlovista e suas fam\u00edlias.<\/p>\n\n<figure class=\"wp-block-table\"><table class=\"has-fixed-layout\"><thead><tr><th>\u00c1rea de servi\u00e7o<\/th><th>Como ajudamos<\/th><\/tr><\/thead><tbody><tr><td><strong>Peti\u00e7\u00f5es familiares<\/strong><\/td><td>Patrocinar c\u00f4njuges, filhos, pais e irm\u00e3os para obter green cards por meio de peti\u00e7\u00f5es do Formul\u00e1rio I-130<\/td><\/tr><tr><td><strong>Vistos de casamento e de noivo<\/strong><\/td><td>Vistos de noivo K-1, peti\u00e7\u00f5es de c\u00f4njuge, green cards baseados em casamento, remo\u00e7\u00e3o de condi\u00e7\u00f5es<\/td><\/tr><tr><td><strong>Vistos de trabalho<\/strong><\/td><td>Habilidade extraordin\u00e1ria EB-1, diplomas avan\u00e7ados EB-2, isen\u00e7\u00f5es de interesse nacional, vistos de investidor empresarial<\/td><\/tr><tr><td><strong>Cidadania<\/strong><\/td><td>Pedidos de naturaliza\u00e7\u00e3o (N-400), prepara\u00e7\u00e3o para testes de cidadania, casos de Child Citizenship Act<\/td><\/tr><tr><td><strong>Ren\u00fancias<\/strong><\/td><td>Isen\u00e7\u00f5es I-601, isen\u00e7\u00f5es I-601A de presen\u00e7a ilegal provis\u00f3ria, casos de extrema dificuldade<\/td><\/tr><tr><td><strong>Asilo<\/strong><\/td><td>Pedidos de asilo afirmativos e defensivos, reten\u00e7\u00e3o de remo\u00e7\u00e3o, prote\u00e7\u00e3o CAT<\/td><\/tr><tr><td><strong>Vistos de estudante<\/strong><\/td><td>Vistos F-1 e M-1, autoriza\u00e7\u00e3o de trabalho OPT\/CPT, mudan\u00e7a de status<\/td><\/tr><tr><td><strong>Extens\u00f5es de visto<\/strong><\/td><td>Prorrogar os vistos de visitante B-1\/B-2, manter o status legal, evitar a presen\u00e7a ilegal<\/td><\/tr><\/tbody><\/table><\/figure>\n\n<hr class=\"wp-block-separator has-alpha-channel-opacity\"\/>\n\n<h2 class=\"wp-block-heading\">Entendendo as necessidades de imigra\u00e7\u00e3o de Orlovista<\/h2>\n\n<p>A comunidade de Orlovista reflete o car\u00e1ter multicultural da Fl\u00f3rida Central. Fam\u00edlias da Am\u00e9rica Latina, do Caribe, do Brasil e de outras regi\u00f5es estabeleceram ra\u00edzes aqui, atra\u00eddas pelas oportunidades de emprego e pela acessibilidade da \u00e1rea em compara\u00e7\u00e3o com outros bairros de Orlando. <\/p>\n\n<p>Muitos residentes de Orlovista enfrentam situa\u00e7\u00f5es comuns de imigra\u00e7\u00e3o com as quais lidamos regularmente. Fam\u00edlias com status misto geralmente precisam de ajuda para entender como um filho ou c\u00f4njuge cidad\u00e3o americano pode patrocinar parentes para obter green cards. Trabalhadores que entraram com vistos de turista podem precisar de orienta\u00e7\u00e3o para mudar de status ou resolver problemas de presen\u00e7a ilegal. Residentes de longo prazo prontos para se tornarem cidad\u00e3os precisam de ajuda para se preparar para o processo de naturaliza\u00e7\u00e3o.   <\/p>\n\n<p>A localiza\u00e7\u00e3o de nosso escrit\u00f3rio, pr\u00f3ximo ao cruzamento da Kirkman Road com a Conroy Road, permite que voc\u00ea tenha f\u00e1cil acesso a Orlovista. Se voc\u00ea estiver vindo da \u00e1rea de Pine Hills, perto da Hiawassee Road ou em qualquer lugar ao longo do corredor West Colonial, estamos acess\u00edveis e prontos para ajudar. <\/p>\n\n<h2 class=\"wp-block-heading\">O processo de imigra\u00e7\u00e3o: O que voc\u00ea deve esperar<\/h2>\n\n<p>O trabalho com o PD Law Firm segue uma abordagem direta, projetada para manter voc\u00ea informado em todas as etapas.<\/p>\n\n<ol class=\"wp-block-list\">\n<li><strong>Consulta:<\/strong> Discutimos seu status atual de imigra\u00e7\u00e3o, situa\u00e7\u00e3o familiar e objetivos para identificar os caminhos legais dispon\u00edveis<\/li>\n\n\n\n<li><strong>Avalia\u00e7\u00e3o do caso:<\/strong> Avaliamos os requisitos de elegibilidade, os poss\u00edveis obst\u00e1culos e os prazos realistas para sua situa\u00e7\u00e3o espec\u00edfica<\/li>\n\n\n\n<li><strong>Coleta de documentos:<\/strong> Orientamos voc\u00ea na coleta das evid\u00eancias, tradu\u00e7\u00f5es e materiais de apoio necess\u00e1rios<\/li>\n\n\n\n<li><strong>Prepara\u00e7\u00e3o da solicita\u00e7\u00e3o:<\/strong> Preenchemos todos os formul\u00e1rios com precis\u00e3o e compilamos um pacote completo de solicita\u00e7\u00e3o<\/li>\n\n\n\n<li><strong>Apresenta\u00e7\u00e3o e monitoramento:<\/strong> Apresentamos o seu caso e acompanhamos seu progresso por meio do USCIS ou do sistema do Tribunal de Imigra\u00e7\u00e3o<\/li>\n\n\n\n<li><strong>Suporte em entrevistas:<\/strong> Preparamos voc\u00ea para as entrevistas e o acompanhamos quando a representa\u00e7\u00e3o \u00e9 permitida<\/li>\n<\/ol>\n\n<h2 class=\"wp-block-heading\">Perguntas frequentes<\/h2>\n\n<h3 class=\"wp-block-heading\">Estou morando em Orlovista h\u00e1 v\u00e1rios anos sem status legal. Voc\u00ea tem alguma op\u00e7\u00e3o para obter um green card? <\/h3>\n\n<p>Suas op\u00e7\u00f5es dependem de v\u00e1rios fatores, inclusive como voc\u00ea entrou nos Estados Unidos, suas rela\u00e7\u00f5es familiares e se voc\u00ea tem algum cidad\u00e3o americano ou parente residente permanente. Se voc\u00ea for casado com um cidad\u00e3o americano e tiver entrado com um visto (mesmo que tenha ultrapassado o prazo de validade), talvez consiga ajustar o status sem sair do pa\u00eds. Se voc\u00ea entrou sem inspe\u00e7\u00e3o, a isen\u00e7\u00e3o provis\u00f3ria da I-601A pode reduzir o tempo que voc\u00ea passaria fora dos EUA durante o processamento consular. Podemos avaliar suas circunst\u00e2ncias espec\u00edficas durante uma consulta.   <\/p>\n\n<h3 class=\"wp-block-heading\">Minha m\u00e3e \u00e9 cidad\u00e3 americana. Quanto tempo levar\u00e1 para ela conseguir um green card para mim? <\/h3>\n\n<p>Se n\u00e3o for casado e tiver menos de 21 anos, voc\u00ea se qualifica como parente imediato sem per\u00edodo de espera para o visto &#8211; o processamento normalmente leva de 12 a 18 meses, dependendo do volume de trabalho do USCIS. Se tiver mais de 21 anos ou for casado, voc\u00ea se enquadra em uma categoria preferencial com tempos de espera mais longos que variam de acordo com o pa\u00eds de nascimento. Os cidad\u00e3os brasileiros, por exemplo, geralmente t\u00eam tempos de espera mais curtos do que os solicitantes do M\u00e9xico ou das Filipinas. Podemos verificar as datas atuais do boletim de vistos para sua categoria espec\u00edfica.   <\/p>\n\n<h3 class=\"wp-block-heading\">Preciso falar ingl\u00eas para me tornar um cidad\u00e3o americano?<\/h3>\n\n<p>O teste de naturaliza\u00e7\u00e3o inclui um componente de ingl\u00eas em que voc\u00ea deve demonstrar capacidade de ler, escrever e falar ingl\u00eas b\u00e1sico. No entanto, h\u00e1 isen\u00e7\u00f5es para candidatos com 50 anos ou mais que sejam residentes permanentes h\u00e1 pelo menos 20 anos, ou para aqueles com 55 anos ou mais que tenham 15 anos de resid\u00eancia permanente. Exce\u00e7\u00f5es por defici\u00eancia m\u00e9dica tamb\u00e9m podem ser aplicadas. Se voc\u00ea se qualificar para uma isen\u00e7\u00e3o, poder\u00e1 fazer o teste c\u00edvico em seu idioma nativo com um int\u00e9rprete.   <\/p>\n\n<h3 class=\"wp-block-heading\">Voc\u00ea pode me ajudar se eu receber uma notifica\u00e7\u00e3o para comparecer ao Tribunal de Imigra\u00e7\u00e3o?<\/h3>\n\n<p>Sim. O advogado Dearaujo tem experi\u00eancia em representar clientes em processos de remo\u00e7\u00e3o perante os tribunais de imigra\u00e7\u00e3o. Se voc\u00ea recebeu uma Notifica\u00e7\u00e3o para Comparecimento (NTA), \u00e9 fundamental responder e comparecer a todas as audi\u00eancias. Dependendo da sua situa\u00e7\u00e3o, talvez possamos buscar al\u00edvio, como cancelamento de remo\u00e7\u00e3o, asilo, ajuste de status ou outras formas de prote\u00e7\u00e3o. Entre em contato conosco imediatamente se voc\u00ea tiver recebido documentos do tribunal de imigra\u00e7\u00e3o.   <\/p>\n","protected":false},"excerpt":{"rendered":"<p>Servi\u00e7os jur\u00eddicos de imigra\u00e7\u00e3o para residentes de Orlovista O PD Law Firm oferece representa\u00e7\u00e3o de imigra\u00e7\u00e3o experiente para os residentes de Orlovista e das comunidades vizinhas do oeste do Condado de Orange. O advogado Pedro Dearaujo entende os desafios de imigra\u00e7\u00e3o enfrentados pelas fam\u00edlias e trabalhadores desse bairro diversificado, oferecendo orienta\u00e7\u00e3o jur\u00eddica personalizada em ingl\u00eas, portugu\u00eas e espanhol. Orlovista, um local designado pelo censo, situado entre Orlando e Pine Hills, ao longo do corredor Orange Blossom Trail, \u00e9 o lar de uma vibrante comunidade de imigrantes. Muitos residentes trabalham nos setores de hospitalidade, constru\u00e7\u00e3o e servi\u00e7os nas proximidades, enquanto constroem suas vidas na Fl\u00f3rida Central. Nossa empresa tem o compromisso de ajudar fam\u00edlias orlovistas a navegar pelo complexo sistema de imigra\u00e7\u00e3o dos EUA e a atingir suas metas de resid\u00eancia permanente e cidadania. Por que as fam\u00edlias de Orlovista confiam no escrit\u00f3rio de advocacia PD A jornada pessoal de imigra\u00e7\u00e3o do advogado Pedro Dearaujo molda sua abordagem em cada caso. Nascido no Brasil, ele se mudou para os Estados Unidos com sua fam\u00edlia quando era adolescente e vivenciou o processo de imigra\u00e7\u00e3o em primeira m\u00e3o. Esse hist\u00f3rico lhe d\u00e1 uma vis\u00e3o \u00fanica das preocupa\u00e7\u00f5es e d\u00favidas que as fam\u00edlias de imigrantes enfrentam. Antes de abrir seu escrit\u00f3rio particular, o Sr. Dearaujo trabalhou na Defensoria P\u00fablica, lidando com milhares de casos e conduzindo mais de vinte julgamentos com j\u00fari. Essa experi\u00eancia em tribunais \u00e9 inestim\u00e1vel quando voc\u00ea representa clientes em processos no Tribunal de Imigra\u00e7\u00e3o ou em quest\u00f5es complexas do USCIS. Nosso compromisso com os clientes da Orlovista: Servi\u00e7os de imigra\u00e7\u00e3o que oferecemos Nosso escrit\u00f3rio lida com toda a gama de quest\u00f5es de imigra\u00e7\u00e3o para os residentes de Orlovista e suas fam\u00edlias. \u00c1rea de servi\u00e7o Como ajudamos Peti\u00e7\u00f5es familiares Patrocinar c\u00f4njuges, filhos, pais e irm\u00e3os para obter green cards por meio de peti\u00e7\u00f5es do Formul\u00e1rio I-130 Vistos de casamento e de noivo Vistos de noivo K-1, peti\u00e7\u00f5es de c\u00f4njuge, green cards baseados em casamento, remo\u00e7\u00e3o de condi\u00e7\u00f5es Vistos de trabalho Habilidade extraordin\u00e1ria EB-1, diplomas avan\u00e7ados EB-2, isen\u00e7\u00f5es de interesse nacional, vistos de investidor empresarial Cidadania Pedidos de naturaliza\u00e7\u00e3o (N-400), prepara\u00e7\u00e3o para testes de cidadania, casos de Child Citizenship Act Ren\u00fancias Isen\u00e7\u00f5es I-601, isen\u00e7\u00f5es I-601A de presen\u00e7a ilegal provis\u00f3ria, casos de extrema dificuldade Asilo Pedidos de asilo afirmativos e defensivos, reten\u00e7\u00e3o de remo\u00e7\u00e3o, prote\u00e7\u00e3o CAT Vistos de estudante Vistos F-1 e M-1, autoriza\u00e7\u00e3o de trabalho OPT\/CPT, mudan\u00e7a de status Extens\u00f5es de visto Prorrogar os vistos de visitante B-1\/B-2, manter o status legal, evitar a presen\u00e7a ilegal Entendendo as necessidades de imigra\u00e7\u00e3o de Orlovista A comunidade de Orlovista reflete o car\u00e1ter multicultural da Fl\u00f3rida Central. Fam\u00edlias da Am\u00e9rica Latina, do Caribe, do Brasil e de outras regi\u00f5es estabeleceram ra\u00edzes aqui, atra\u00eddas pelas oportunidades de emprego e pela acessibilidade da \u00e1rea em compara\u00e7\u00e3o com outros bairros de Orlando. Muitos residentes de Orlovista enfrentam situa\u00e7\u00f5es comuns de imigra\u00e7\u00e3o com as quais lidamos regularmente. Fam\u00edlias com status misto geralmente precisam de ajuda para entender como um filho ou c\u00f4njuge cidad\u00e3o americano pode patrocinar parentes para obter green cards. Trabalhadores que entraram com vistos de turista podem precisar de orienta\u00e7\u00e3o para mudar de status ou resolver problemas de presen\u00e7a ilegal. Residentes de longo prazo prontos para se tornarem cidad\u00e3os precisam de ajuda para se preparar para o processo de naturaliza\u00e7\u00e3o. A localiza\u00e7\u00e3o de nosso escrit\u00f3rio, pr\u00f3ximo ao cruzamento da Kirkman Road com a Conroy Road, permite que voc\u00ea tenha f\u00e1cil acesso a Orlovista. Se voc\u00ea estiver vindo da \u00e1rea de Pine Hills, perto da Hiawassee Road ou em qualquer lugar ao longo do corredor West Colonial, estamos acess\u00edveis e prontos para ajudar. O processo de imigra\u00e7\u00e3o: O que voc\u00ea deve esperar O trabalho com o PD Law Firm segue uma abordagem direta, projetada para manter voc\u00ea informado em todas as etapas. Perguntas frequentes Estou morando em Orlovista h\u00e1 v\u00e1rios anos sem status legal. Voc\u00ea tem alguma op\u00e7\u00e3o para obter um green card? Suas op\u00e7\u00f5es dependem de v\u00e1rios fatores, inclusive como voc\u00ea entrou nos Estados Unidos, suas rela\u00e7\u00f5es familiares e se voc\u00ea tem algum cidad\u00e3o americano ou parente residente permanente. Se voc\u00ea for casado com um cidad\u00e3o americano e tiver entrado com um visto (mesmo que tenha ultrapassado o prazo de validade), talvez consiga ajustar o status sem sair do pa\u00eds. Se voc\u00ea entrou sem inspe\u00e7\u00e3o, a isen\u00e7\u00e3o provis\u00f3ria da I-601A pode reduzir o tempo que voc\u00ea passaria fora dos EUA durante o processamento consular. Podemos avaliar suas circunst\u00e2ncias espec\u00edficas durante uma consulta. Minha m\u00e3e \u00e9 cidad\u00e3 americana. Quanto tempo levar\u00e1 para ela conseguir um green card para mim? Se n\u00e3o for casado e tiver menos de 21 anos, voc\u00ea se qualifica como parente imediato sem per\u00edodo de espera para o visto &#8211; o processamento normalmente leva de 12 a 18 meses, dependendo do volume de trabalho do USCIS. Se tiver mais de 21 anos ou for casado, voc\u00ea se enquadra em uma categoria preferencial com tempos de espera mais longos que variam de acordo com o pa\u00eds de nascimento. Os cidad\u00e3os brasileiros, por exemplo, geralmente t\u00eam tempos de espera mais curtos do que os solicitantes do M\u00e9xico ou das Filipinas. Podemos verificar as datas atuais do boletim de vistos para sua categoria espec\u00edfica. Preciso falar ingl\u00eas para me tornar um cidad\u00e3o americano? O teste de naturaliza\u00e7\u00e3o inclui um componente de ingl\u00eas em que voc\u00ea deve demonstrar capacidade de ler, escrever e falar ingl\u00eas b\u00e1sico. No entanto, h\u00e1 isen\u00e7\u00f5es para candidatos com 50 anos ou mais que sejam residentes permanentes h\u00e1 pelo menos 20 anos, ou para aqueles com 55 anos ou mais que tenham 15 anos de resid\u00eancia permanente. Exce\u00e7\u00f5es por defici\u00eancia m\u00e9dica tamb\u00e9m podem ser aplicadas. Se voc\u00ea se qualificar para uma isen\u00e7\u00e3o, poder\u00e1 fazer o teste c\u00edvico em seu idioma nativo com um int\u00e9rprete. Voc\u00ea pode me ajudar se eu receber uma notifica\u00e7\u00e3o para comparecer ao Tribunal de Imigra\u00e7\u00e3o? Sim. O advogado Dearaujo tem experi\u00eancia em representar clientes em processos de remo\u00e7\u00e3o perante os tribunais de imigra\u00e7\u00e3o. Se voc\u00ea recebeu uma Notifica\u00e7\u00e3o para Comparecimento (NTA), \u00e9 fundamental responder e comparecer a todas as audi\u00eancias. Dependendo<\/p>\n","protected":false},"author":1,"featured_media":1331,"parent":0,"menu_order":0,"comment_status":"closed","ping_status":"closed","template":"","meta":{"_seopress_robots_primary_cat":"","_seopress_titles_title":"Advogado de Imigra\u00e7\u00e3o Orlovista FL | PD Law Firm","_seopress_titles_desc":"O advogado de imigra\u00e7\u00e3o de Orlovista Pedro Dearaujo lida com vistos de fam\u00edlia, green cards e cidadania. Servi\u00e7os em portugu\u00eas, espanhol e ingl\u00eas. ","_seopress_robots_index":"","footnotes":""},"class_list":["post-1410","page","type-page","status-publish","has-post-thumbnail","hentry","entry","post-inner"],"_links":{"self":[{"href":"https:\/\/pdlaworlando.com\/pt-br\/wp-json\/wp\/v2\/pages\/1410","targetHints":{"allow":["GET"]}}],"collection":[{"href":"https:\/\/pdlaworlando.com\/pt-br\/wp-json\/wp\/v2\/pages"}],"about":[{"href":"https:\/\/pdlaworlando.com\/pt-br\/wp-json\/wp\/v2\/types\/page"}],"author":[{"embeddable":true,"href":"https:\/\/pdlaworlando.com\/pt-br\/wp-json\/wp\/v2\/users\/1"}],"replies":[{"embeddable":true,"href":"https:\/\/pdlaworlando.com\/pt-br\/wp-json\/wp\/v2\/comments?post=1410"}],"version-history":[{"count":1,"href":"https:\/\/pdlaworlando.com\/pt-br\/wp-json\/wp\/v2\/pages\/1410\/revisions"}],"predecessor-version":[{"id":1411,"href":"https:\/\/pdlaworlando.com\/pt-br\/wp-json\/wp\/v2\/pages\/1410\/revisions\/1411"}],"wp:featuredmedia":[{"embeddable":true,"href":"https:\/\/pdlaworlando.com\/pt-br\/wp-json\/wp\/v2\/media\/1331"}],"wp:attachment":[{"href":"https:\/\/pdlaworlando.com\/pt-br\/wp-json\/wp\/v2\/media?parent=1410"}],"curies":[{"name":"wp","href":"https:\/\/api.w.org\/{rel}","templated":true}]}}