{"id":675,"date":"2017-02-01T16:30:30","date_gmt":"2017-02-01T21:30:30","guid":{"rendered":"https:\/\/pdlaworlando.com\/sobre\/"},"modified":"2025-02-10T14:43:14","modified_gmt":"2025-02-10T19:43:14","slug":"sobre","status":"publish","type":"page","link":"https:\/\/pdlaworlando.com\/pt-br\/sobre\/","title":{"rendered":"Sobre"},"content":{"rendered":"<div class=\"wpb-content-wrapper\">[vc_row][vc_column width=&#8221;1\/3&#8243;][vc_single_image image=&#8221;1310&#8243; img_size=&#8221;full&#8221; alignment=&#8221;center&#8221; style=&#8221;vc_box_shadow_3d&#8221; css_animation=&#8221;slideInLeft&#8221; css=&#8221;&#8221;][vc_single_image image=&#8221;1145&#8243; img_size=&#8221;full&#8221; alignment=&#8221;center&#8221; css_animation=&#8221;slideInLeft&#8221; css=&#8221;.vc_custom_1706541284733{margin-top: 40px !important;}&#8221;][\/vc_column][vc_column width=&#8221;2\/3&#8243;][vc_column_text]\n<h2>Advogado Pedro Dearaujo<\/h2>\n<p style=\"font-weight: 400;\">O advogado Pedro Dearaujo se concentra em imigra\u00e7\u00e3o e direito penal.<\/p>\n<p style=\"font-weight: 400;\">Dr. Pedro come\u00e7ou sua carreira jur\u00eddica na Defensoria P\u00fablica, onde lidou com milhares de casos e conduziu mais de vinte julgamentos com j\u00fari. Na pr\u00e1tica privada, o Dr. Pedro Dearaujo se concentra na imigra\u00e7\u00e3o familiar e empresarial, representando clientes perante os Servi\u00e7os de Cidadania e Imigra\u00e7\u00e3o dos EUA (USCIS), Tribunais de Imigra\u00e7\u00e3o e o Conselho Executivo de Revis\u00e3o de Imigra\u00e7\u00e3o, assim como em direito penal, onde j\u00e1 representou e representa v\u00e1rios clientes em casos criminais, incluindo furto, dirigir sem carteira v\u00e1lida e DUI. O Dr. Pedro Dearaujo tamb\u00e9m j\u00e1 representou clientes em transa\u00e7\u00f5es comerciais, tanto como autor quanto como r\u00e9u, incluindo transa\u00e7\u00f5es imobili\u00e1rias, disputas contratuais, danos materiais e casos trabalhistas.<\/p>\n<p style=\"font-weight: 400;\">Dr. Pedro nasceu no Brasil e se mudou para os Estados Unidos com sua fam\u00edlia quando adolescente em 1996. Depois de se formar no ensino m\u00e9dio na Virg\u00ednia, ele frequentou a George Mason University na \u00e1rea de Washington D.C., onde obteve um B.A. em Governo e Pol\u00edtica Internacional. Ele se mudou para a Fl\u00f3rida em 2006 e se formou em Direito pela Florida State University.<\/p>\n<p style=\"font-weight: 400;\">O advogado Pedro Dearaujo \u00e9 um profissional dedicado e comprometido com os casos de seus clientes. Ele entende que seus clientes v\u00eam at\u00e9 ele com problemas que afetam profundamente suas vidas e seu futuro. O Dr. Pedro defender\u00e1 fortemente seus clientes, mas acredita que a civilidade \u00e9 o caminho para os melhores resultados.<\/p>\n<p style=\"font-weight: 400;\">Associa\u00e7\u00f5es:<\/p>\n<ul>\n<li style=\"font-weight: 400;\">Florida Bar &#8211; Suprema Corte do Estado da Fl\u00f3rida<\/li>\n<li style=\"font-weight: 400;\">AILA &#8211; American Immigration Lawyers Association<\/li>\n<li>OCBA \u2013 Orange County Bar Association<\/li>\n<\/ul>\n[\/vc_column_text][\/vc_column][\/vc_row]\n<\/div>","protected":false},"excerpt":{"rendered":"<p>[vc_row][vc_column width=&#8221;1\/3&#8243;][vc_single_image image=&#8221;1310&#8243; img_size=&#8221;full&#8221; alignment=&#8221;center&#8221; style=&#8221;vc_box_shadow_3d&#8221; css_animation=&#8221;slideInLeft&#8221; css=&#8221;&#8221;][vc_single_image image=&#8221;1145&#8243; img_size=&#8221;full&#8221; alignment=&#8221;center&#8221; css_animation=&#8221;slideInLeft&#8221; css=&#8221;.vc_custom_1706541284733{margin-top: 40px !important;}&#8221;][\/vc_column][vc_column width=&#8221;2\/3&#8243;][vc_column_text] Advogado Pedro Dearaujo O advogado Pedro Dearaujo se concentra em imigra\u00e7\u00e3o e direito penal. Dr. Pedro come\u00e7ou sua carreira jur\u00eddica na Defensoria P\u00fablica, onde lidou com milhares de casos e conduziu mais de vinte julgamentos com j\u00fari. Na pr\u00e1tica privada, o Dr. Pedro Dearaujo se concentra na imigra\u00e7\u00e3o familiar e empresarial, representando clientes perante os Servi\u00e7os de Cidadania e Imigra\u00e7\u00e3o dos EUA (USCIS), Tribunais de Imigra\u00e7\u00e3o e o Conselho Executivo de Revis\u00e3o de Imigra\u00e7\u00e3o, assim como em direito penal, onde j\u00e1 representou e representa v\u00e1rios clientes em casos criminais, incluindo furto, dirigir sem carteira v\u00e1lida e DUI. O Dr. Pedro Dearaujo tamb\u00e9m j\u00e1 representou clientes em transa\u00e7\u00f5es comerciais, tanto como autor quanto como r\u00e9u, incluindo transa\u00e7\u00f5es imobili\u00e1rias, disputas contratuais, danos materiais e casos trabalhistas. Dr. Pedro nasceu no Brasil e se mudou para os Estados Unidos com sua fam\u00edlia quando adolescente em 1996. Depois de se formar no ensino m\u00e9dio na Virg\u00ednia, ele frequentou a George Mason University na \u00e1rea de Washington D.C., onde obteve um B.A. em Governo e Pol\u00edtica Internacional. Ele se mudou para a Fl\u00f3rida em 2006 e se formou em Direito pela Florida State University. O advogado Pedro Dearaujo \u00e9 um profissional dedicado e comprometido com os casos de seus clientes. Ele entende que seus clientes v\u00eam at\u00e9 ele com problemas que afetam profundamente suas vidas e seu futuro. O Dr. Pedro defender\u00e1 fortemente seus clientes, mas acredita que a civilidade \u00e9 o caminho para os melhores resultados. Associa\u00e7\u00f5es: Florida Bar &#8211; Suprema Corte do Estado da Fl\u00f3rida AILA &#8211; American Immigration Lawyers Association OCBA \u2013 Orange County Bar Association [\/vc_column_text][\/vc_column][\/vc_row]<\/p>\n","protected":false},"author":1,"featured_media":602,"parent":0,"menu_order":0,"comment_status":"closed","ping_status":"closed","template":"","meta":{"_seopress_robots_primary_cat":"","_seopress_titles_title":"%%title%% Pedro Dearaujo %%page%% %%sep%% %%sitename%%","_seopress_titles_desc":"Pedro Dearaujo trabalha nas \u00e1reas da imigra\u00e7\u00e3o, direito penal e contencioso comercial. Propriet\u00e1rio de PD Law Attorneys In Orlando","_seopress_robots_index":"","footnotes":""},"class_list":["post-675","page","type-page","status-publish","has-post-thumbnail","hentry","entry","post-inner"],"_links":{"self":[{"href":"https:\/\/pdlaworlando.com\/pt-br\/wp-json\/wp\/v2\/pages\/675","targetHints":{"allow":["GET"]}}],"collection":[{"href":"https:\/\/pdlaworlando.com\/pt-br\/wp-json\/wp\/v2\/pages"}],"about":[{"href":"https:\/\/pdlaworlando.com\/pt-br\/wp-json\/wp\/v2\/types\/page"}],"author":[{"embeddable":true,"href":"https:\/\/pdlaworlando.com\/pt-br\/wp-json\/wp\/v2\/users\/1"}],"replies":[{"embeddable":true,"href":"https:\/\/pdlaworlando.com\/pt-br\/wp-json\/wp\/v2\/comments?post=675"}],"version-history":[{"count":10,"href":"https:\/\/pdlaworlando.com\/pt-br\/wp-json\/wp\/v2\/pages\/675\/revisions"}],"predecessor-version":[{"id":1324,"href":"https:\/\/pdlaworlando.com\/pt-br\/wp-json\/wp\/v2\/pages\/675\/revisions\/1324"}],"wp:featuredmedia":[{"embeddable":true,"href":"https:\/\/pdlaworlando.com\/pt-br\/wp-json\/wp\/v2\/media\/602"}],"wp:attachment":[{"href":"https:\/\/pdlaworlando.com\/pt-br\/wp-json\/wp\/v2\/media?parent=675"}],"curies":[{"name":"wp","href":"https:\/\/api.w.org\/{rel}","templated":true}]}}