{"id":678,"date":"2017-02-03T12:01:07","date_gmt":"2017-02-03T17:01:07","guid":{"rendered":"https:\/\/pdlaworlando.com\/negocios-comercial\/contencioso-empresarial-litigios\/"},"modified":"2024-06-29T13:36:28","modified_gmt":"2024-06-29T18:36:28","slug":"contencioso-empresarial-litigios","status":"publish","type":"page","link":"https:\/\/pdlaworlando.com\/pt-br\/contencioso-empresarial-litigios\/","title":{"rendered":"Contencioso empresarial \/ Lit\u00edgios"},"content":{"rendered":"<div class=\"wpb-content-wrapper\">[vc_row][vc_column][vc_column_text] <\/p>\n<h1> <\/h1>\n<p> Por vezes, os lit\u00edgios comerciais n\u00e3o podem ser evitados, apesar das melhores inten\u00e7\u00f5es das partes. Quando ocorrem lit\u00edgios e disputas comerciais, a PD Law Firm, P.A. pode ajudar a proteger os seus interesses ou os da sua empresa.<\/p>\n<p>Abordamos cada caso e cada cliente individualmente porque compreendemos que cada situa\u00e7\u00e3o \u00e9 \u00fanica. Na PD Law Firm, P.A. temos os conhecimentos e a experi\u00eancia para compreender os objectivos de cada cliente e a resolu\u00e7\u00e3o desejada de lit\u00edgios comerciais.<\/p>\n<p>Por favor, contacte-nos atrav\u00e9s do n\u00famero (407) 490-0696 ou utilizando o formul\u00e1rio \u00e0 direita para uma consulta sobre disputas comerciais e lit\u00edgios.[\/vc_column_text][\/vc_column][\/vc_row]\n<\/div>","protected":false},"excerpt":{"rendered":"<p>[vc_row][vc_column][vc_column_text] Por vezes, os lit\u00edgios comerciais n\u00e3o podem ser evitados, apesar das melhores inten\u00e7\u00f5es das partes. Quando ocorrem lit\u00edgios e disputas comerciais, a PD Law Firm, P.A. pode ajudar a proteger os seus interesses ou os da sua empresa. Abordamos cada caso e cada cliente individualmente porque compreendemos que cada situa\u00e7\u00e3o \u00e9 \u00fanica. Na PD Law Firm, P.A. temos os conhecimentos e a experi\u00eancia para compreender os objectivos de cada cliente e a resolu\u00e7\u00e3o desejada de lit\u00edgios comerciais. Por favor, contacte-nos atrav\u00e9s do n\u00famero (407) 490-0696 ou utilizando o formul\u00e1rio \u00e0 direita para uma consulta sobre disputas comerciais e lit\u00edgios.[\/vc_column_text][\/vc_column][\/vc_row]<\/p>\n","protected":false},"author":1,"featured_media":604,"parent":0,"menu_order":0,"comment_status":"closed","ping_status":"closed","template":"","meta":{"_seopress_robots_primary_cat":"","_seopress_titles_title":"Contencioso e lit\u00edgios empresariais %%sep%% %%sitename%%","_seopress_titles_desc":"Os lit\u00edgios comerciais n\u00e3o podem ser evitados, apesar das melhores inten\u00e7\u00f5es. Quando ocorrem lit\u00edgios e disputas comerciais, a PD Law Firm, P.A. pode ajudar","_seopress_robots_index":"","footnotes":""},"class_list":["post-678","page","type-page","status-publish","has-post-thumbnail","hentry","entry","post-inner"],"_links":{"self":[{"href":"https:\/\/pdlaworlando.com\/pt-br\/wp-json\/wp\/v2\/pages\/678","targetHints":{"allow":["GET"]}}],"collection":[{"href":"https:\/\/pdlaworlando.com\/pt-br\/wp-json\/wp\/v2\/pages"}],"about":[{"href":"https:\/\/pdlaworlando.com\/pt-br\/wp-json\/wp\/v2\/types\/page"}],"author":[{"embeddable":true,"href":"https:\/\/pdlaworlando.com\/pt-br\/wp-json\/wp\/v2\/users\/1"}],"replies":[{"embeddable":true,"href":"https:\/\/pdlaworlando.com\/pt-br\/wp-json\/wp\/v2\/comments?post=678"}],"version-history":[{"count":3,"href":"https:\/\/pdlaworlando.com\/pt-br\/wp-json\/wp\/v2\/pages\/678\/revisions"}],"predecessor-version":[{"id":1275,"href":"https:\/\/pdlaworlando.com\/pt-br\/wp-json\/wp\/v2\/pages\/678\/revisions\/1275"}],"wp:featuredmedia":[{"embeddable":true,"href":"https:\/\/pdlaworlando.com\/pt-br\/wp-json\/wp\/v2\/media\/604"}],"wp:attachment":[{"href":"https:\/\/pdlaworlando.com\/pt-br\/wp-json\/wp\/v2\/media?parent=678"}],"curies":[{"name":"wp","href":"https:\/\/api.w.org\/{rel}","templated":true}]}}