{"id":697,"date":"2017-01-31T17:16:40","date_gmt":"2017-01-31T22:16:40","guid":{"rendered":"https:\/\/pdlaworlando.com\/inicio\/"},"modified":"2024-06-30T11:50:51","modified_gmt":"2024-06-30T16:50:51","slug":"inicio","status":"publish","type":"page","link":"https:\/\/pdlaworlando.com\/pt-br\/","title":{"rendered":"In\u00edcio"},"content":{"rendered":"<div class=\"wpb-content-wrapper\">[vc_row][vc_column][vc_column_text css=&#8221;.vc_custom_1671815313807{margin-bottom: 50px !important;padding-right: 20px !important;padding-left: 20px !important;}&#8221;]\n<p>O escrit\u00f3rio de advocacia <strong>PD Law Firm<\/strong> est\u00e1 habilitado para lidar com seus assuntos de imigra\u00e7\u00e3o, civil ou criminal. Voc\u00ea se beneficiar\u00e1 da nossa experi\u00eancia e pr\u00e1tica em v\u00e1rias \u00e1reas do Direito.<\/p>\n<p>Se voc\u00ea tem alguma quest\u00e3o relacionada a imigra\u00e7\u00e3o, a um caso criminal ou acidentes de carro, a PD Law Firm poder\u00e1 lhe dar o suporte necess\u00e1rio durante o processo e ajud\u00e1-lo na defesa dos seus direitos.<\/p>\n<h2>Advogado de Imigra\u00e7\u00e3o em Orlando<\/h2>\n<p>Existem muitas complexidades no procedimento de imigra\u00e7\u00e3o, especialmente para aqueles com baixo n\u00edvel de ingl\u00eas ou que est\u00e3o apenas chegando em um novo pa\u00eds. Muitas pessoas acham dif\u00edcil entender e frustrante. Se voc\u00ea \u00e9 um imigrante sem documentos, trabalhar nos Estados Unidos pode coloc\u00e1-lo em risco de deporta\u00e7\u00e3o. Jogar o que voc\u00ea pode e n\u00e3o pode fazer nos Estados Unidos \u00e9, na melhor das hip\u00f3teses, arriscado. Pessoas com problemas de imigra\u00e7\u00e3o est\u00e3o passando por um momento muito estressante agora, especialmente se voc\u00ea estiver tentando navegar no complicado sistema de imigra\u00e7\u00e3o por conta pr\u00f3pria. Para a PD Law, \u00e9 nossa miss\u00e3o n\u00e3o apenas informar nossos clientes sobre sua situa\u00e7\u00e3o legal neste momento de incerteza, mas tamb\u00e9m ajud\u00e1-los em seus esfor\u00e7os para obter um status de imigra\u00e7\u00e3o de sua escolha por meio do processo de inscri\u00e7\u00e3o.<\/p>\n<p>Ligue agora mesmo para agendar uma consulta e saber como o PD Law Firm, P.A. pode ajud\u00e1-lo.<\/p>\n<div dir=\"ltr\" style=\"font-size: 18px; line-height: 36px;\">\n<p><strong>A PD Law Firm, P.A.<\/strong> est\u00e1 pronta para tratar dos seus <a href=\"https:\/\/pdlaworlando.com\/pt-br\/acidentes-de-viacao\/\">casos<\/a> de <a href=\"https:\/\/pdlaworlando.com\/pt-br\/imigracao\/peticoes-familiares\/\">imigra\u00e7\u00e3o<\/a>, <a href=\"https:\/\/pdlaworlando.com\/pt-br\/penal\/\">criminais<\/a> ou de <a href=\"https:\/\/pdlaworlando.com\/pt-br\/direito-da-familia\/\">direito de fam\u00edlia<\/a>. Beneficiar\u00e1 da nossa experi\u00eancia e pr\u00e1tica em v\u00e1rias \u00e1reas do direito.<\/p>\n<p>Quer tenha uma quest\u00e3o de imigra\u00e7\u00e3o, um assunto criminal ou tenha sofrido um acidente de via\u00e7\u00e3o, a PD Law Firm, P.A. pode gui\u00e1-lo atrav\u00e9s do processo e ajudar a proteger os seus direitos.<\/p>\n<h2>Servi\u00e7os de imigra\u00e7\u00e3o em Orlando<\/h2>\n<p><img loading=\"lazy\" decoding=\"async\" class=\"wp-image-461 alignleft\" src=\"https:\/\/pdlaworlando.com\/wp-content\/uploads\/Brazilian-Immigration-Attorney-in-Kissimmee-300x200.jpg\" alt=\"Advogado de Imigra\u00e7\u00e3o Brasileiro em Kissimmee\" width=\"362\" height=\"241\" srcset=\"https:\/\/pdlaworlando.com\/wp-content\/uploads\/Brazilian-Immigration-Attorney-in-Kissimmee-300x200.jpg 300w, https:\/\/pdlaworlando.com\/wp-content\/uploads\/Brazilian-Immigration-Attorney-in-Kissimmee-768x512.jpg 768w, https:\/\/pdlaworlando.com\/wp-content\/uploads\/Brazilian-Immigration-Attorney-in-Kissimmee.jpg 1000w\" sizes=\"auto, (max-width: 362px) 100vw, 362px\" \/><\/p>\n<p>Existem muitas complexidades no processo de imigra\u00e7\u00e3o, especialmente para as pessoas com baixos conhecimentos de ingl\u00eas ou que acabam de chegar a um novo pa\u00eds. Muitas pessoas consideram-no dif\u00edcil de compreender e frustrante. Se for um imigrante sem documentos, trabalhar nos Estados Unidos pode coloc\u00e1-lo em risco de deporta\u00e7\u00e3o. Apostar no que se pode ou n\u00e3o fazer nos Estados Unidos \u00e9, no m\u00ednimo, arriscado. As pessoas com problemas de imigra\u00e7\u00e3o est\u00e3o a passar por um momento muito stressante neste momento, especialmente se estiverem a tentar navegar sozinhas no complicado sistema de imigra\u00e7\u00e3o. Para a <strong>PD Law<\/strong>, a nossa miss\u00e3o \u00e9 n\u00e3o s\u00f3 informar os nossos clientes sobre o seu estatuto legal neste per\u00edodo de incerteza, mas tamb\u00e9m ajud\u00e1-los nos seus esfor\u00e7os para obter um estatuto de imigra\u00e7\u00e3o da sua escolha atrav\u00e9s do processo de candidatura.<\/p>\n<p>Imigrar para os EUA pode ser um processo complicado, e muitas pessoas n\u00e3o t\u00eam a certeza dos passos que devem dar para se tornarem residentes legais. O advogado de imigra\u00e7\u00e3o Pedro Dearaujo tem vindo a ajudar indiv\u00edduos e fam\u00edlias a imigrar com sucesso do Brasil e de outros pa\u00edses da Am\u00e9rica do Sul h\u00e1 mais de dez anos. Quer necessite de um visto tempor\u00e1rio, de um cart\u00e3o verde ou de uma cidadania completa, os nossos profissionais de confian\u00e7a da <a href=\"https:\/\/pdlaworlando.com\/pt-br\/\">The PD Law Firm, P.A<\/a>. pode ajud\u00e1-lo no processo do in\u00edcio ao fim.<\/p>\n<p>Depois de obter um B.A. em Governo e Pol\u00edtica Internacional na \u00e1rea de Washington D.C., <a href=\"https:\/\/pdlaworlando.com\/pt-br\/sobre\/\">Pedro Dearaujo<\/a> mudou-se para a Fl\u00f3rida em 2006 e formou-se na Florida State University College of Law. Como advogado de imigra\u00e7\u00e3o brasileira em Orlando, Pedro Dearaujo oferece aten\u00e7\u00e3o e cuidados personalizados aos clientes. Saiba mais explorando o nosso s\u00edtio Web e contactando-o para quaisquer quest\u00f5es que possa ter.<\/p>\n<h2><strong>Imigra\u00e7\u00e3o baseada no casamento<\/strong><\/h2>\n<p>O casamento com um cidad\u00e3o americano ou residente permanente \u00e9 um dos caminhos mais comuns para a cidadania, mas navegar pelo processo pode ser complicado sem orienta\u00e7\u00e3o profissional. Pedro Dearaujo dedica-se a ajudar os casais que desejam viver juntos a construir uma base s\u00f3lida. Tamb\u00e9m ajud\u00e1mos muitas fam\u00edlias a trazer com sucesso os seus entes queridos para Orlando e teremos todo o gosto em fazer o mesmo por si.<\/p>\n<h2><strong>Vistos tempor\u00e1rios e permanentes<\/strong><\/h2>\n<p>Pretende trabalhar, estudar ou viajar nos Estados Unidos? \u00c9 importante trabalhar com um advogado de imigra\u00e7\u00e3o brasileiro em Orlando. A PD Law Firm, P.A. assiste regularmente as pessoas na obten\u00e7\u00e3o de todos os vistos necess\u00e1rios. Estamos preparados para o ajudar nos seguintes aspectos:<\/p>\n<ul>\n<li><strong>Trabalho<\/strong>: Muitas empresas nos EUA est\u00e3o \u00e0 procura de pessoas trabalhadoras para se juntarem \u00e0s suas equipas, mas a contrata\u00e7\u00e3o de trabalhadores estrangeiros requer uma documenta\u00e7\u00e3o extensa. Ajudamos pessoas talentosas a obter vistos de trabalho que lhes permitem viver e trabalhar nos EUA.<\/li>\n<li><strong>Estudar<\/strong>: Muitos jovens sonham em frequentar uma universidade ou estudar no estrangeiro, mas \u00e9 necess\u00e1rio apresentar primeiro candidaturas completas para garantir a maior probabilidade de ser aceite. Depois de trabalhar com a nossa equipa, pode viver e estudar a tempo inteiro com sucesso.<\/li>\n<li><strong>Turismo<\/strong>: Viajar \u00e9 uma \u00f3ptima maneira de explorar novas culturas e interesses, mas tamb\u00e9m pode ser dif\u00edcil. Ajudamos regularmente turistas de todas as idades a navegar no processo de obten\u00e7\u00e3o de vistos para que possam desfrutar do seu tempo em Orlando e de todas as atrac\u00e7\u00f5es que esta \u00e1rea tem para oferecer.<\/li>\n<li><strong>Cuidados m\u00e9dicos<\/strong>: Muitas pessoas recorrem aos hospitais e centros m\u00e9dicos dos EUA para obter cuidados de classe mundial. O advogado de imigra\u00e7\u00e3o brasileiro Pedro Dearaujo pode gui\u00e1-lo atrav\u00e9s do complexo processo de pedido de visto para que a sua fam\u00edlia tenha acesso a todos os tratamentos m\u00e9dicos de que necessita.<\/li>\n<\/ul>\n<h2><strong>Imigrar com \u00eaxito<\/strong><\/h2>\n<p>Depois de ter sido residente permanente durante cinco anos consecutivos ou de ser casado com um cidad\u00e3o americano, pergunte ao The PD Law Firm, P.A. sobre<\/p>\n<p><img loading=\"lazy\" decoding=\"async\" class=\"size-medium wp-image-464 alignright\" src=\"https:\/\/pdlaworlando.com\/wp-content\/uploads\/Brazilian-Immigration-Attorney-in-Windermere-300x200.jpg\" alt=\"Advogado de Imigra\u00e7\u00e3o em Windermere\" width=\"300\" height=\"200\" srcset=\"https:\/\/pdlaworlando.com\/wp-content\/uploads\/Brazilian-Immigration-Attorney-in-Windermere-300x200.jpg 300w, https:\/\/pdlaworlando.com\/wp-content\/uploads\/Brazilian-Immigration-Attorney-in-Windermere-768x512.jpg 768w, https:\/\/pdlaworlando.com\/wp-content\/uploads\/Brazilian-Immigration-Attorney-in-Windermere.jpg 1000w\" sizes=\"auto, (max-width: 300px) 100vw, 300px\" \/><\/p>\n<p>passando pelo processo de naturaliza\u00e7\u00e3o. A nossa equipa orgulha-se de ter ajudado fam\u00edlias de toda a Am\u00e9rica Central e do Sul a atingir este objetivo. Se precisar de um visto tempor\u00e1rio ou de outro servi\u00e7o, tamb\u00e9m podemos trabalhar consigo.<\/p>\n<p>Pedro Dearaujo acredita que toda a gente tem o direito de viver e perseguir o sonho americano, e estamos preparados para o ajudar em tudo o que pudermos. Ligue para um advogado de imigra\u00e7\u00e3o brasileiro qualificado em Orlando para obter mais informa\u00e7\u00f5es hoje.<\/p>\n<\/div>\n[\/vc_column_text][vc_cta h2=&#8221;FALAMOS PORTUGU\u00caS &#8211; HABLAMOS ESPA\u00d1OL&#8221; txt_align=&#8221;center&#8221; shape=&#8221;square&#8221; add_icon=&#8221;left&#8221; i_icon_fontawesome=&#8221;fa fa-info-circle&#8221; i_color=&#8221;custom&#8221; i_background_style=&#8221;rounded&#8221; css_animation=&#8221;fadeInUp&#8221; i_custom_color=&#8221;#212121&#8243; css=&#8221;.vc_custom_1551485636080{margin-top: 40px !important;}&#8221;][\/vc_cta][\/vc_column][\/vc_row]\n<\/div>","protected":false},"excerpt":{"rendered":"<p>[vc_row][vc_column][vc_column_text css=&#8221;.vc_custom_1671815313807{margin-bottom: 50px !important;padding-right: 20px !important;padding-left: 20px !important;}&#8221;] O escrit\u00f3rio de advocacia PD Law Firm est\u00e1 habilitado para lidar com seus assuntos de imigra\u00e7\u00e3o, civil ou criminal. Voc\u00ea se beneficiar\u00e1 da nossa experi\u00eancia e pr\u00e1tica em v\u00e1rias \u00e1reas do Direito. Se voc\u00ea tem alguma quest\u00e3o relacionada a imigra\u00e7\u00e3o, a um caso criminal ou acidentes de carro, a PD Law Firm poder\u00e1 lhe dar o suporte necess\u00e1rio durante o processo e ajud\u00e1-lo na defesa dos seus direitos. Advogado de Imigra\u00e7\u00e3o em Orlando Existem muitas complexidades no procedimento de imigra\u00e7\u00e3o, especialmente para aqueles com baixo n\u00edvel de ingl\u00eas ou que est\u00e3o apenas chegando em um novo pa\u00eds. Muitas pessoas acham dif\u00edcil entender e frustrante. Se voc\u00ea \u00e9 um imigrante sem documentos, trabalhar nos Estados Unidos pode coloc\u00e1-lo em risco de deporta\u00e7\u00e3o. Jogar o que voc\u00ea pode e n\u00e3o pode fazer nos Estados Unidos \u00e9, na melhor das hip\u00f3teses, arriscado. Pessoas com problemas de imigra\u00e7\u00e3o est\u00e3o passando por um momento muito estressante agora, especialmente se voc\u00ea estiver tentando navegar no complicado sistema de imigra\u00e7\u00e3o por conta pr\u00f3pria. Para a PD Law, \u00e9 nossa miss\u00e3o n\u00e3o apenas informar nossos clientes sobre sua situa\u00e7\u00e3o legal neste momento de incerteza, mas tamb\u00e9m ajud\u00e1-los em seus esfor\u00e7os para obter um status de imigra\u00e7\u00e3o de sua escolha por meio do processo de inscri\u00e7\u00e3o. Ligue agora mesmo para agendar uma consulta e saber como o PD Law Firm, P.A. pode ajud\u00e1-lo. A PD Law Firm, P.A. est\u00e1 pronta para tratar dos seus casos de imigra\u00e7\u00e3o, criminais ou de direito de fam\u00edlia. Beneficiar\u00e1 da nossa experi\u00eancia e pr\u00e1tica em v\u00e1rias \u00e1reas do direito. Quer tenha uma quest\u00e3o de imigra\u00e7\u00e3o, um assunto criminal ou tenha sofrido um acidente de via\u00e7\u00e3o, a PD Law Firm, P.A. pode gui\u00e1-lo atrav\u00e9s do processo e ajudar a proteger os seus direitos. Servi\u00e7os de imigra\u00e7\u00e3o em Orlando Existem muitas complexidades no processo de imigra\u00e7\u00e3o, especialmente para as pessoas com baixos conhecimentos de ingl\u00eas ou que acabam de chegar a um novo pa\u00eds. Muitas pessoas consideram-no dif\u00edcil de compreender e frustrante. Se for um imigrante sem documentos, trabalhar nos Estados Unidos pode coloc\u00e1-lo em risco de deporta\u00e7\u00e3o. Apostar no que se pode ou n\u00e3o fazer nos Estados Unidos \u00e9, no m\u00ednimo, arriscado. As pessoas com problemas de imigra\u00e7\u00e3o est\u00e3o a passar por um momento muito stressante neste momento, especialmente se estiverem a tentar navegar sozinhas no complicado sistema de imigra\u00e7\u00e3o. Para a PD Law, a nossa miss\u00e3o \u00e9 n\u00e3o s\u00f3 informar os nossos clientes sobre o seu estatuto legal neste per\u00edodo de incerteza, mas tamb\u00e9m ajud\u00e1-los nos seus esfor\u00e7os para obter um estatuto de imigra\u00e7\u00e3o da sua escolha atrav\u00e9s do processo de candidatura. Imigrar para os EUA pode ser um processo complicado, e muitas pessoas n\u00e3o t\u00eam a certeza dos passos que devem dar para se tornarem residentes legais. O advogado de imigra\u00e7\u00e3o Pedro Dearaujo tem vindo a ajudar indiv\u00edduos e fam\u00edlias a imigrar com sucesso do Brasil e de outros pa\u00edses da Am\u00e9rica do Sul h\u00e1 mais de dez anos. Quer necessite de um visto tempor\u00e1rio, de um cart\u00e3o verde ou de uma cidadania completa, os nossos profissionais de confian\u00e7a da The PD Law Firm, P.A. pode ajud\u00e1-lo no processo do in\u00edcio ao fim. Depois de obter um B.A. em Governo e Pol\u00edtica Internacional na \u00e1rea de Washington D.C., Pedro Dearaujo mudou-se para a Fl\u00f3rida em 2006 e formou-se na Florida State University College of Law. Como advogado de imigra\u00e7\u00e3o brasileira em Orlando, Pedro Dearaujo oferece aten\u00e7\u00e3o e cuidados personalizados aos clientes. Saiba mais explorando o nosso s\u00edtio Web e contactando-o para quaisquer quest\u00f5es que possa ter. Imigra\u00e7\u00e3o baseada no casamento O casamento com um cidad\u00e3o americano ou residente permanente \u00e9 um dos caminhos mais comuns para a cidadania, mas navegar pelo processo pode ser complicado sem orienta\u00e7\u00e3o profissional. Pedro Dearaujo dedica-se a ajudar os casais que desejam viver juntos a construir uma base s\u00f3lida. Tamb\u00e9m ajud\u00e1mos muitas fam\u00edlias a trazer com sucesso os seus entes queridos para Orlando e teremos todo o gosto em fazer o mesmo por si. Vistos tempor\u00e1rios e permanentes Pretende trabalhar, estudar ou viajar nos Estados Unidos? \u00c9 importante trabalhar com um advogado de imigra\u00e7\u00e3o brasileiro em Orlando. A PD Law Firm, P.A. assiste regularmente as pessoas na obten\u00e7\u00e3o de todos os vistos necess\u00e1rios. Estamos preparados para o ajudar nos seguintes aspectos: Trabalho: Muitas empresas nos EUA est\u00e3o \u00e0 procura de pessoas trabalhadoras para se juntarem \u00e0s suas equipas, mas a contrata\u00e7\u00e3o de trabalhadores estrangeiros requer uma documenta\u00e7\u00e3o extensa. Ajudamos pessoas talentosas a obter vistos de trabalho que lhes permitem viver e trabalhar nos EUA. Estudar: Muitos jovens sonham em frequentar uma universidade ou estudar no estrangeiro, mas \u00e9 necess\u00e1rio apresentar primeiro candidaturas completas para garantir a maior probabilidade de ser aceite. Depois de trabalhar com a nossa equipa, pode viver e estudar a tempo inteiro com sucesso. Turismo: Viajar \u00e9 uma \u00f3ptima maneira de explorar novas culturas e interesses, mas tamb\u00e9m pode ser dif\u00edcil. Ajudamos regularmente turistas de todas as idades a navegar no processo de obten\u00e7\u00e3o de vistos para que possam desfrutar do seu tempo em Orlando e de todas as atrac\u00e7\u00f5es que esta \u00e1rea tem para oferecer. Cuidados m\u00e9dicos: Muitas pessoas recorrem aos hospitais e centros m\u00e9dicos dos EUA para obter cuidados de classe mundial. O advogado de imigra\u00e7\u00e3o brasileiro Pedro Dearaujo pode gui\u00e1-lo atrav\u00e9s do complexo processo de pedido de visto para que a sua fam\u00edlia tenha acesso a todos os tratamentos m\u00e9dicos de que necessita. Imigrar com \u00eaxito Depois de ter sido residente permanente durante cinco anos consecutivos ou de ser casado com um cidad\u00e3o americano, pergunte ao The PD Law Firm, P.A. sobre passando pelo processo de naturaliza\u00e7\u00e3o. A nossa equipa orgulha-se de ter ajudado fam\u00edlias de toda a Am\u00e9rica Central e do Sul a atingir este objetivo. Se precisar de um visto tempor\u00e1rio ou de outro servi\u00e7o, tamb\u00e9m podemos trabalhar consigo. Pedro Dearaujo acredita que toda a gente tem o direito de viver e perseguir o sonho americano, e estamos preparados para o ajudar em tudo o que pudermos. Ligue para um advogado de<\/p>\n","protected":false},"author":1,"featured_media":0,"parent":0,"menu_order":0,"comment_status":"closed","ping_status":"closed","template":"","meta":{"_seopress_robots_primary_cat":"","_seopress_titles_title":"Advogado de imigra\u00e7\u00e3o de Orlando - Criminal, Empresarial%%sep%% PD Law Firm","_seopress_titles_desc":"Advogado imigra\u00e7\u00e3o Orlando, criminal, comercial de advocacia PD, P.A. pode orient\u00e1-lo durante o processo e ajudar a proteger seus direitos.","_seopress_robots_index":"","footnotes":""},"class_list":["post-697","page","type-page","status-publish","hentry","entry","post-inner"],"_links":{"self":[{"href":"https:\/\/pdlaworlando.com\/pt-br\/wp-json\/wp\/v2\/pages\/697","targetHints":{"allow":["GET"]}}],"collection":[{"href":"https:\/\/pdlaworlando.com\/pt-br\/wp-json\/wp\/v2\/pages"}],"about":[{"href":"https:\/\/pdlaworlando.com\/pt-br\/wp-json\/wp\/v2\/types\/page"}],"author":[{"embeddable":true,"href":"https:\/\/pdlaworlando.com\/pt-br\/wp-json\/wp\/v2\/users\/1"}],"replies":[{"embeddable":true,"href":"https:\/\/pdlaworlando.com\/pt-br\/wp-json\/wp\/v2\/comments?post=697"}],"version-history":[{"count":6,"href":"https:\/\/pdlaworlando.com\/pt-br\/wp-json\/wp\/v2\/pages\/697\/revisions"}],"predecessor-version":[{"id":1284,"href":"https:\/\/pdlaworlando.com\/pt-br\/wp-json\/wp\/v2\/pages\/697\/revisions\/1284"}],"wp:attachment":[{"href":"https:\/\/pdlaworlando.com\/pt-br\/wp-json\/wp\/v2\/media?parent=697"}],"curies":[{"name":"wp","href":"https:\/\/api.w.org\/{rel}","templated":true}]}}